{"id":77988,"date":"2025-05-03T19:29:48","date_gmt":"2025-05-03T19:29:48","guid":{"rendered":"https:\/\/mavideniz.com.tr\/?page_id=77988"},"modified":"2025-10-05T00:07:28","modified_gmt":"2025-10-05T00:07:28","slug":"pacote-de-energia-hidraulica-acionado-eletrico","status":"publish","type":"page","link":"https:\/\/mavideniz.com.tr\/pt-pt\/produtos-industriais\/pacote-de-energia-hidraulica\/pacote-de-energia-hidraulica-acionado-eletrico\/","title":{"rendered":"Pacote de Energia Hidr\u00e1ulica &#8211; Acionado El\u00e9trico"},"content":{"rendered":"\n<p>O pacote de energia hidr\u00e1ulica acionado por motor el\u00e9trico da Mavi Deniz fornecer\u00e1 toda a energia hidr\u00e1ulica suave e confi\u00e1vel que voc\u00ea pode usar.<\/p>\n<p>O pacote de energia hidr\u00e1ulica acionada por motor el\u00e9trico \u00e9 uma unidade que fornece \u00f3leo pressurizado para acionar motores ou cilindros hidr\u00e1ulicos. O motor el\u00e9trico \u00e9 o motor principal.<\/p>\n<p>A maior parte das bombas hidr\u00e1ulicas acionadas por motores el\u00e9tricos fornece bombas hidr\u00e1ulicas \u2014 atrav\u00e9s de mangueiras ou tubos, o \u00f3leo pressurizado \u00e9 transportado para a bomba acionada por motores hidr\u00e1ulicos. Ao ajustar o fluxo do pacote de energia, a velocidade da bomba hidr\u00e1ulica pode se adaptar. Tamb\u00e9m \u00e9 poss\u00edvel acionar bombas m\u00faltiplas com um pacote de energia hidr\u00e1ulica. Nesse caso, \u00e9 necess\u00e1ria uma v\u00e1lvula proporcional para ajustar a velocidade das bombas individuais.<\/p>\n<p><strong>Opcional<\/strong><\/p>\n<p>V\u00e1rias op\u00e7\u00f5es de v\u00e1lvulas \/ diferentes press\u00f5es de trabalho \/ filtros, medidores, acoplamentos r\u00e1pidos \/ reservat\u00f3rios hidr\u00e1ulicos maiores \/ controles e ativadores el\u00e9tricos \/ motores magn\u00e9ticos \/ diferentes bombas, palhetas e estilos de pist\u00e3o \/ rodas e al\u00e7as de transporte, etc.<\/p>\n<p><strong>Recursos | Op\u00e7\u00f5es<\/strong><\/p>\n<ul>\n<li>O pacote de energia hidr\u00e1ulica tem motores el\u00e9tricos de alta qualidade, T.E.F.C.<\/li>\n<li>O pacote de energia hidr\u00e1ulico tem bombas de engrenagens de servi\u00e7o pesado.<\/li>\n<li>Reservat\u00f3rios hidr\u00e1ulicos resistentes<\/li>\n<li>Tampa de enchimento\/ventila\u00e7\u00e3o<\/li>\n<li>Porte Adicional Do Reservat\u00f3rio Para Adicionar Acess\u00f3rios<\/li>\n<li>El\u00e9trico | H\u00edbrido<\/li>\n<li>Padr\u00e3o | Port\u00e1til | Reboque | Montado sobre patins<\/li>\n<\/ul>\n<p>Os Mavi Deniz Power Packs s\u00e3o feitos usando os melhores componentes dispon\u00edveis, garantindo uma longa vida com servi\u00e7o mundial e entrega de pe\u00e7as de reposi\u00e7\u00e3o em curto prazo.<\/p>\n<p>[id de wptm=97]<\/p>\n","protected":false},"excerpt":{"rendered":"<p>O pacote de energia hidr\u00e1ulica acionado por motor el\u00e9trico da Mavi Deniz fornecer\u00e1 toda a energia hidr\u00e1ulica suave e confi\u00e1vel [&hellip;]<\/p>\n","protected":false},"author":1,"featured_media":0,"parent":77982,"menu_order":0,"comment_status":"closed","ping_status":"closed","template":"","meta":{"site-sidebar-layout":"default","site-content-layout":"","ast-site-content-layout":"default","site-content-style":"default","site-sidebar-style":"default","ast-global-header-display":"","ast-banner-title-visibility":"","ast-main-header-display":"","ast-hfb-above-header-display":"","ast-hfb-below-header-display":"","ast-hfb-mobile-header-display":"","site-post-title":"","ast-breadcrumbs-content":"","ast-featured-img":"","footer-sml-layout":"","ast-disable-related-posts":"","theme-transparent-header-meta":"","adv-header-id-meta":"","stick-header-meta":"","header-above-stick-meta":"","header-main-stick-meta":"","header-below-stick-meta":"","astra-migrate-meta-layouts":"default","ast-page-background-enabled":"default","ast-page-background-meta":{"desktop":{"background-color":"var(--ast-global-color-5)","background-image":"","background-repeat":"repeat","background-position":"center center","background-size":"auto","background-attachment":"scroll","background-type":"","background-media":"","overlay-type":"","overlay-color":"","overlay-opacity":"","overlay-gradient":""},"tablet":{"background-color":"","background-image":"","background-repeat":"repeat","background-position":"center center","background-size":"auto","background-attachment":"scroll","background-type":"","background-media":"","overlay-type":"","overlay-color":"","overlay-opacity":"","overlay-gradient":""},"mobile":{"background-color":"","background-image":"","background-repeat":"repeat","background-position":"center center","background-size":"auto","background-attachment":"scroll","background-type":"","background-media":"","overlay-type":"","overlay-color":"","overlay-opacity":"","overlay-gradient":""}},"ast-content-background-meta":{"desktop":{"background-color":"var(--ast-global-color-4)","background-image":"","background-repeat":"repeat","background-position":"center center","background-size":"auto","background-attachment":"scroll","background-type":"","background-media":"","overlay-type":"","overlay-color":"","overlay-opacity":"","overlay-gradient":""},"tablet":{"background-color":"var(--ast-global-color-4)","background-image":"","background-repeat":"repeat","background-position":"center center","background-size":"auto","background-attachment":"scroll","background-type":"","background-media":"","overlay-type":"","overlay-color":"","overlay-opacity":"","overlay-gradient":""},"mobile":{"background-color":"var(--ast-global-color-4)","background-image":"","background-repeat":"repeat","background-position":"center center","background-size":"auto","background-attachment":"scroll","background-type":"","background-media":"","overlay-type":"","overlay-color":"","overlay-opacity":"","overlay-gradient":""}},"footnotes":""},"class_list":["post-77988","page","type-page","status-publish","hentry"],"_links":{"self":[{"href":"https:\/\/mavideniz.com.tr\/pt-pt\/wp-json\/wp\/v2\/pages\/77988","targetHints":{"allow":["GET"]}}],"collection":[{"href":"https:\/\/mavideniz.com.tr\/pt-pt\/wp-json\/wp\/v2\/pages"}],"about":[{"href":"https:\/\/mavideniz.com.tr\/pt-pt\/wp-json\/wp\/v2\/types\/page"}],"author":[{"embeddable":true,"href":"https:\/\/mavideniz.com.tr\/pt-pt\/wp-json\/wp\/v2\/users\/1"}],"replies":[{"embeddable":true,"href":"https:\/\/mavideniz.com.tr\/pt-pt\/wp-json\/wp\/v2\/comments?post=77988"}],"version-history":[{"count":0,"href":"https:\/\/mavideniz.com.tr\/pt-pt\/wp-json\/wp\/v2\/pages\/77988\/revisions"}],"up":[{"embeddable":true,"href":"https:\/\/mavideniz.com.tr\/pt-pt\/wp-json\/wp\/v2\/pages\/77982"}],"wp:attachment":[{"href":"https:\/\/mavideniz.com.tr\/pt-pt\/wp-json\/wp\/v2\/media?parent=77988"}],"curies":[{"name":"wp","href":"https:\/\/api.w.org\/{rel}","templated":true}]}}