{"id":77992,"date":"2025-05-03T19:54:01","date_gmt":"2025-05-03T19:54:01","guid":{"rendered":"https:\/\/mavideniz.com.tr\/?page_id=77992"},"modified":"2025-10-05T00:07:28","modified_gmt":"2025-10-05T00:07:28","slug":"draga-de-barragem-a-frame","status":"publish","type":"page","link":"https:\/\/mavideniz.com.tr\/pt-pt\/produtos-industriais\/barragem-limpador-de-rio\/limpador-de-barragens\/draga-de-barragem-a-frame\/","title":{"rendered":"Draga de Barragem A-Frame"},"content":{"rendered":"\n<p>A-Frame Dam Dredger \u00e9 projetado para minera\u00e7\u00e3o hidrel\u00e9trica e remove sedimentos, lodos e detritos do fundo de lagos, rios, represas e outros corpos de \u00e1gua. \u00c9 uma necessidade rotineira em cursos d&#8217;\u00e1gua em todo o mundo porque a sedimenta\u00e7\u00e3o \u2014 o processo natural de lavagem de areia e lodo a jusante \u2014 gradualmente preenche canais, portos e represas.<\/p>\n<p>A-Frame Dam Dredger pode operar remotamente por uma pessoa. A unidade de draga pode ser facilmente transportada em um reboque rodovi\u00e1rio padr\u00e3o, tornando a unidade simples de mover de lagoa para lagoa em um local de mina. As bombas da unidade de dragagem podem ser alteradas de acordo com os requisitos ou aplica\u00e7\u00f5es do cliente.<\/p>\n<p><strong>Recursos<\/strong><\/p>\n<ul>\n<li>Desidrata\u00e7\u00e3o de Minas<\/li>\n<li>Dragagem de barragens<\/li>\n<li>Extra\u00e7\u00e3o de Areia e Cascalho<\/li>\n<li>Design compacto com alto desempenho<\/li>\n<li>Remo\u00e7\u00e3o de lodo e sedimento<\/li>\n<li>Controle remoto<\/li>\n<li>Sistemas el\u00e9tricos ou hidr\u00e1ulicos<\/li>\n<\/ul>\n<p>[id de wptm=114]<\/p>\n","protected":false},"excerpt":{"rendered":"<p>A-Frame Dam Dredger \u00e9 projetado para minera\u00e7\u00e3o hidrel\u00e9trica e remove sedimentos, lodos e detritos do fundo de lagos, rios, represas [&hellip;]<\/p>\n","protected":false},"author":1,"featured_media":0,"parent":78436,"menu_order":0,"comment_status":"closed","ping_status":"closed","template":"","meta":{"site-sidebar-layout":"default","site-content-layout":"","ast-site-content-layout":"default","site-content-style":"default","site-sidebar-style":"default","ast-global-header-display":"","ast-banner-title-visibility":"","ast-main-header-display":"","ast-hfb-above-header-display":"","ast-hfb-below-header-display":"","ast-hfb-mobile-header-display":"","site-post-title":"","ast-breadcrumbs-content":"","ast-featured-img":"","footer-sml-layout":"","ast-disable-related-posts":"","theme-transparent-header-meta":"","adv-header-id-meta":"","stick-header-meta":"","header-above-stick-meta":"","header-main-stick-meta":"","header-below-stick-meta":"","astra-migrate-meta-layouts":"default","ast-page-background-enabled":"default","ast-page-background-meta":{"desktop":{"background-color":"var(--ast-global-color-5)","background-image":"","background-repeat":"repeat","background-position":"center center","background-size":"auto","background-attachment":"scroll","background-type":"","background-media":"","overlay-type":"","overlay-color":"","overlay-opacity":"","overlay-gradient":""},"tablet":{"background-color":"","background-image":"","background-repeat":"repeat","background-position":"center center","background-size":"auto","background-attachment":"scroll","background-type":"","background-media":"","overlay-type":"","overlay-color":"","overlay-opacity":"","overlay-gradient":""},"mobile":{"background-color":"","background-image":"","background-repeat":"repeat","background-position":"center center","background-size":"auto","background-attachment":"scroll","background-type":"","background-media":"","overlay-type":"","overlay-color":"","overlay-opacity":"","overlay-gradient":""}},"ast-content-background-meta":{"desktop":{"background-color":"var(--ast-global-color-4)","background-image":"","background-repeat":"repeat","background-position":"center center","background-size":"auto","background-attachment":"scroll","background-type":"","background-media":"","overlay-type":"","overlay-color":"","overlay-opacity":"","overlay-gradient":""},"tablet":{"background-color":"var(--ast-global-color-4)","background-image":"","background-repeat":"repeat","background-position":"center center","background-size":"auto","background-attachment":"scroll","background-type":"","background-media":"","overlay-type":"","overlay-color":"","overlay-opacity":"","overlay-gradient":""},"mobile":{"background-color":"var(--ast-global-color-4)","background-image":"","background-repeat":"repeat","background-position":"center center","background-size":"auto","background-attachment":"scroll","background-type":"","background-media":"","overlay-type":"","overlay-color":"","overlay-opacity":"","overlay-gradient":""}},"footnotes":""},"class_list":["post-77992","page","type-page","status-publish","hentry"],"_links":{"self":[{"href":"https:\/\/mavideniz.com.tr\/pt-pt\/wp-json\/wp\/v2\/pages\/77992","targetHints":{"allow":["GET"]}}],"collection":[{"href":"https:\/\/mavideniz.com.tr\/pt-pt\/wp-json\/wp\/v2\/pages"}],"about":[{"href":"https:\/\/mavideniz.com.tr\/pt-pt\/wp-json\/wp\/v2\/types\/page"}],"author":[{"embeddable":true,"href":"https:\/\/mavideniz.com.tr\/pt-pt\/wp-json\/wp\/v2\/users\/1"}],"replies":[{"embeddable":true,"href":"https:\/\/mavideniz.com.tr\/pt-pt\/wp-json\/wp\/v2\/comments?post=77992"}],"version-history":[{"count":0,"href":"https:\/\/mavideniz.com.tr\/pt-pt\/wp-json\/wp\/v2\/pages\/77992\/revisions"}],"up":[{"embeddable":true,"href":"https:\/\/mavideniz.com.tr\/pt-pt\/wp-json\/wp\/v2\/pages\/78436"}],"wp:attachment":[{"href":"https:\/\/mavideniz.com.tr\/pt-pt\/wp-json\/wp\/v2\/media?parent=77992"}],"curies":[{"name":"wp","href":"https:\/\/api.w.org\/{rel}","templated":true}]}}