{"id":77994,"date":"2025-05-03T19:55:29","date_gmt":"2025-05-03T19:55:29","guid":{"rendered":"https:\/\/mavideniz.com.tr\/?page_id=77994"},"modified":"2025-10-05T00:07:28","modified_gmt":"2025-10-05T00:07:28","slug":"limpador-de-cesto-de-lixo-maquina-de-limpeza-de-tela","status":"publish","type":"page","link":"https:\/\/mavideniz.com.tr\/pt-pt\/produtos-industriais\/barragem-limpador-de-rio\/limpador-de-barragens\/limpador-de-cesto-de-lixo-maquina-de-limpeza-de-tela\/","title":{"rendered":"Limpador de cesto de lixo &#8211; M\u00e1quina de limpeza de tela"},"content":{"rendered":"\n<p>Mavi Deniz \u00e9 projetado para ser usado em todos os tipos de aplica\u00e7\u00f5es onde o ac\u00famulo de detritos nas telas de bar \u00e9 t\u00edpico, e a prote\u00e7\u00e3o de equipamentos downstream \u00e9 essencial. Ideal para uso em esta\u00e7\u00f5es de tratamento de \u00e1guas residuais, esta\u00e7\u00f5es de tratamento de \u00e1gua pot\u00e1vel, esta\u00e7\u00f5es de bombeamento, usinas de alimenta\u00e7\u00e3o, trabalhos de recupera\u00e7\u00e3o de \u00e1guas interiores<\/p>\n<p>A cabe\u00e7a do limpador de raquete de lixo compreende um perfil de a\u00e7o angular, ao qual uma borda de limpador \u00e9 presa, garantindo a limpeza completa do Rack de Lixo e removendo at\u00e9 mesmo as partes mais pequenas de detritos. O alinhamento perfeito das barras do rack de lixo n\u00e3o \u00e9 essencial, uma vez que o ancinho de limpeza n\u00e3o se envolve entre as barras de a\u00e7o.<\/p>\n<p>A lan\u00e7a mais limpa conecta-se ao suporte de suporte por dois eixos com mancais de flange para permitir a rota\u00e7\u00e3o necess\u00e1ria, apesar da lubrifica\u00e7\u00e3o por toda a vida \u00fatil, e esses mancais de flange tamb\u00e9m s\u00e3o fornecidos com mamilos de graxa. Ambos os bra\u00e7os s\u00e3o fabricados de tubos de a\u00e7o de parede pesada, que oferece resist\u00eancia \u00e0 tor\u00e7\u00e3o excepcionalmente alta.<\/p>\n<p><strong>Limpador De Rack De Lixo Operado Por;<\/strong><\/p>\n<ul>\n<li>M\u00e1quina de Racking Operada por Cabo<\/li>\n<li>M\u00e1quina hidr\u00e1ulica de racking<\/li>\n<\/ul>\n<p>As m\u00e1quinas de classifica\u00e7\u00e3o por cabo podem ser operadas manual e automaticamente sem um operador. A m\u00e1quina de trilhos montados no conv\u00e9s atravessa a estrutura para limpar todos os dep\u00f3sitos de lixo, uma se\u00e7\u00e3o de cada vez. A limpeza \u00e9 realizada abaixando e controlando a pin\u00e7a de detritos com cabos. Os detritos podem invadir um vag\u00e3o de lixo ou uma lixeira que se move com o ancinho ou um sistema de transporte de detritos (transportador).<\/p>\n<p>As m\u00e1quinas de posicionamento hidr\u00e1ulicas podem ser operadas manual e automaticamente sem um operador. Os detritos s\u00e3o transportados para o rack de lixo por meio de um ancinho hidr\u00e1ulico e despejados no conv\u00e9s para remo\u00e7\u00e3o manual ou em um sistema de transporte de detritos. Este tipo de rastelo de lixo \u00e9 projetado para operar tanto autom\u00e1tica como manualmente. O sistema de energia hidr\u00e1ulica usa \u00f3leo hidr\u00e1ulico especialmente formulado ambientalmente seguro que fornece a press\u00e3o do \u00f3leo necess\u00e1ria para realizar os servomotores com v\u00e1lvulas de al\u00edvio de press\u00e3o fornecendo prote\u00e7\u00e3o contra sobrecarga.<\/p>\n<p><strong>Lixo Rake Boom Design<\/strong><\/p>\n<ul>\n<li>M\u00e1quina de limpeza de coluna de bra\u00e7o \u00fanico<\/li>\n<li>M\u00e1quina de limpeza de bra\u00e7o \u00fanico<\/li>\n<li>M\u00e1quina de limpeza de bra\u00e7o duplo<\/li>\n<li>M\u00e1quina de limpeza telesc\u00f3pica de bra\u00e7o duplo<\/li>\n<li>Bra\u00e7o duplo, m\u00e1quina de limpeza de pist\u00e3o duplo<\/li>\n<\/ul>\n<p><strong>Recursos | Facultativo<\/strong><\/p>\n<ul>\n<li>guindaste guindaste guindaste com garra de aperto,<\/li>\n<li>Controles hidr\u00e1ulicos e el\u00e9tricos s\u00e3o todos acomodados dentro da cabine de controle \u00e0 prova de intemp\u00e9ries.<\/li>\n<li>N\u00e3o requer transportadores. Pode despejar os detritos em um caminh\u00e3o.<\/li>\n<li>Limpeza autom\u00e1tica e cont\u00ednua do Rack de Lixo, se necess\u00e1rio<\/li>\n<li>O aparelho Drive n\u00e3o \u00e9 instalado debaixo d&#8217;\u00e1gua e \u00e9 f\u00e1cil de manter.<\/li>\n<li>A tela cobre toda a largura do canal de \u00e1gua, proporcionando uma largura de triagem mais ampla e desempenho de alta efici\u00eancia.<\/li>\n<li>O tipo de viagem tamb\u00e9m est\u00e1 dispon\u00edvel para cobrir um canal de \u00e1gua plural a pedido do cliente.<\/li>\n<li>O bra\u00e7o telesc\u00f3pico \u00e9 de estrutura r\u00edgida. Essa configura\u00e7\u00e3o r\u00edgida tamb\u00e9m permite o uso de telas de malha menores.<\/li>\n<li>O ponto de inclina\u00e7\u00e3o pode ser regulado a qualquer profundidade desejada para raspar o res\u00edduo.<\/li>\n<li>Um mecanismo deslizante de bra\u00e7o \u00fanico com um peso de equil\u00edbrio oferece opera\u00e7\u00e3o mais silenciosa e de baixa energia.<\/li>\n<li>O aparelho de acionamento \u00e9 instalado sobre o canal de \u00e1gua, e o bra\u00e7o com um ancinho tamb\u00e9m pode ser posicionado acima da \u00e1gua para permitir f\u00e1cil verifica\u00e7\u00e3o e manuten\u00e7\u00e3o.<\/li>\n<li>Controle PLC<\/li>\n<\/ul>\n<p>[id de wptm=115]<\/p>\n","protected":false},"excerpt":{"rendered":"<p>Mavi Deniz \u00e9 projetado para ser usado em todos os tipos de aplica\u00e7\u00f5es onde o ac\u00famulo de detritos nas telas [&hellip;]<\/p>\n","protected":false},"author":1,"featured_media":0,"parent":78436,"menu_order":0,"comment_status":"closed","ping_status":"closed","template":"","meta":{"site-sidebar-layout":"default","site-content-layout":"","ast-site-content-layout":"default","site-content-style":"default","site-sidebar-style":"default","ast-global-header-display":"","ast-banner-title-visibility":"","ast-main-header-display":"","ast-hfb-above-header-display":"","ast-hfb-below-header-display":"","ast-hfb-mobile-header-display":"","site-post-title":"","ast-breadcrumbs-content":"","ast-featured-img":"","footer-sml-layout":"","ast-disable-related-posts":"","theme-transparent-header-meta":"","adv-header-id-meta":"","stick-header-meta":"","header-above-stick-meta":"","header-main-stick-meta":"","header-below-stick-meta":"","astra-migrate-meta-layouts":"default","ast-page-background-enabled":"default","ast-page-background-meta":{"desktop":{"background-color":"var(--ast-global-color-5)","background-image":"","background-repeat":"repeat","background-position":"center center","background-size":"auto","background-attachment":"scroll","background-type":"","background-media":"","overlay-type":"","overlay-color":"","overlay-opacity":"","overlay-gradient":""},"tablet":{"background-color":"","background-image":"","background-repeat":"repeat","background-position":"center center","background-size":"auto","background-attachment":"scroll","background-type":"","background-media":"","overlay-type":"","overlay-color":"","overlay-opacity":"","overlay-gradient":""},"mobile":{"background-color":"","background-image":"","background-repeat":"repeat","background-position":"center center","background-size":"auto","background-attachment":"scroll","background-type":"","background-media":"","overlay-type":"","overlay-color":"","overlay-opacity":"","overlay-gradient":""}},"ast-content-background-meta":{"desktop":{"background-color":"var(--ast-global-color-4)","background-image":"","background-repeat":"repeat","background-position":"center center","background-size":"auto","background-attachment":"scroll","background-type":"","background-media":"","overlay-type":"","overlay-color":"","overlay-opacity":"","overlay-gradient":""},"tablet":{"background-color":"var(--ast-global-color-4)","background-image":"","background-repeat":"repeat","background-position":"center center","background-size":"auto","background-attachment":"scroll","background-type":"","background-media":"","overlay-type":"","overlay-color":"","overlay-opacity":"","overlay-gradient":""},"mobile":{"background-color":"var(--ast-global-color-4)","background-image":"","background-repeat":"repeat","background-position":"center center","background-size":"auto","background-attachment":"scroll","background-type":"","background-media":"","overlay-type":"","overlay-color":"","overlay-opacity":"","overlay-gradient":""}},"footnotes":""},"class_list":["post-77994","page","type-page","status-publish","hentry"],"_links":{"self":[{"href":"https:\/\/mavideniz.com.tr\/pt-pt\/wp-json\/wp\/v2\/pages\/77994","targetHints":{"allow":["GET"]}}],"collection":[{"href":"https:\/\/mavideniz.com.tr\/pt-pt\/wp-json\/wp\/v2\/pages"}],"about":[{"href":"https:\/\/mavideniz.com.tr\/pt-pt\/wp-json\/wp\/v2\/types\/page"}],"author":[{"embeddable":true,"href":"https:\/\/mavideniz.com.tr\/pt-pt\/wp-json\/wp\/v2\/users\/1"}],"replies":[{"embeddable":true,"href":"https:\/\/mavideniz.com.tr\/pt-pt\/wp-json\/wp\/v2\/comments?post=77994"}],"version-history":[{"count":0,"href":"https:\/\/mavideniz.com.tr\/pt-pt\/wp-json\/wp\/v2\/pages\/77994\/revisions"}],"up":[{"embeddable":true,"href":"https:\/\/mavideniz.com.tr\/pt-pt\/wp-json\/wp\/v2\/pages\/78436"}],"wp:attachment":[{"href":"https:\/\/mavideniz.com.tr\/pt-pt\/wp-json\/wp\/v2\/media?parent=77994"}],"curies":[{"name":"wp","href":"https:\/\/api.w.org\/{rel}","templated":true}]}}