{"id":77996,"date":"2025-05-03T19:56:10","date_gmt":"2025-05-03T19:56:10","guid":{"rendered":"https:\/\/mavideniz.com.tr\/?page_id=77996"},"modified":"2025-10-05T00:07:28","modified_gmt":"2025-10-05T00:07:28","slug":"tela-de-agua-viajante","status":"publish","type":"page","link":"https:\/\/mavideniz.com.tr\/pt-pt\/produtos-industriais\/barragem-limpador-de-rio\/limpador-de-barragens\/tela-de-agua-viajante\/","title":{"rendered":"Tela de \u00c1gua Viajante"},"content":{"rendered":"\n<p>As telas de \u00e1gua itinerantes Mavi Deniz foram projetadas para funcionar em usinas hidrel\u00e9tricas, servi\u00e7os de \u00e1gua, abstratores industriais, pescas, pain\u00e9is de drenagem interna, petr\u00f3leo e g\u00e1s, petroqu\u00edmica e reguladores de \u00e1gua.<\/p>\n<p>Bloqueios de tela e fluxo reduzido s\u00e3o a principal causa de tempo ocioso da turbina ou mau desempenho na maioria das usinas hidrel\u00e9tricas. A tela de \u00e1gua itinerante Mavi Deniz pode aumentar a produ\u00e7\u00e3o de energia e reduzir o tempo gasto limpando bloqueios, reduzindo os custos operacionais e um maior retorno sobre o investimento.<\/p>\n<p>Travelling Water Screen \u00e9 um sistema de autolimpeza em sistemas hidrel\u00e9tricos, e as entradas de \u00e1gua recebem o fluxo m\u00e1ximo dispon\u00edvel todo o tempo. O Travelling Water Screen manipula o lixo ou os detritos da superf\u00edcie da \u00e1gua e o joga para a cesta de lixo ou superf\u00edcie, e todo o trabalho pode ser feito totalmente autom\u00e1tico ou semiautom\u00e1tico.<\/p>\n<p><strong>Aplicativos t\u00edpicos:<\/strong><\/p>\n<ul>\n<li>Tela de \u00e1gua de viagem para bacias de torre de resfriamento.<\/li>\n<li>Tela de \u00e1gua de viagem para as telas verticais ou horizontais<\/li>\n<li>Tela de \u00e1gua itinerante para remo\u00e7\u00e3o de detritos.<\/li>\n<li>Triagem de \u00e1gua de viagem para telas de peixes.<\/li>\n<li>Travelling Water Screen para aplica\u00e7\u00f5es de \u00e1gua naturais, como rios, lagos, etc.<\/li>\n<li>Tela de \u00e1gua de viagem para \u00e1guas pluviais<\/li>\n<li>Tela de \u00e1gua de viagem para prote\u00e7\u00e3o da esta\u00e7\u00e3o de tratamento<\/li>\n<li>Tela de \u00e1gua de viagem para prote\u00e7\u00e3o da bomba\/turbina<\/li>\n<li>Tela de \u00e1gua de viagem para separa\u00e7\u00e3o de l\u00edquidos\/s\u00f3lidos<\/li>\n<li>Travelling Water Screen para usina de energia nuclear<\/li>\n<li>Tela de \u00e1gua de viagem para entrada de \u00e1gua<\/li>\n<li>Trilha de \u00e1gua de viagem para barragem<\/li>\n<\/ul>\n<p><strong>Recursos | Op\u00e7\u00f5es<\/strong><\/p>\n<ul>\n<li>Tamanho personalizado e capacidade para a tela de \u00e1gua de viagem para suas necessidades.<\/li>\n<li>Os servi\u00e7os incluem o projeto e a instala\u00e7\u00e3o de telas de \u00e1gua itinerantes de grande escala.<\/li>\n<li>Cumprir requisitos de rastreio de peixes e enguias<\/li>\n<li>Sem rolamentos ou rodas dentadas subaqu\u00e1ticas<\/li>\n<li>Monitoramento e controle em tempo real no painel PLC ou remotamente est\u00e1 dispon\u00edvel a pedido do cliente para corresponder \u00e0s suas especifica\u00e7\u00f5es necess\u00e1rias, fornecendo tanto controle central e sistema de controle local, incluindo o controle autom\u00e1tico da velocidade operacional do ecr\u00e3, interfaceando com o detector de diferen\u00e7a de n\u00edvel de \u00e1gua entre o lado de entrada e o lado de r\u00e9.<\/li>\n<li>Suporte a v\u00e1rios fluxos<\/li>\n<li>Pode permanecer sem uso por longos per\u00edodos, mas iniciar a opera\u00e7\u00e3o de forma confi\u00e1vel durante um evento de tempestade ou chuva<\/li>\n<li>Mecanismo de tela de \u00e1gua de viagem permite lidar com lixo muito grande ou volumoso.<\/li>\n<li>Sem polui\u00e7\u00e3o por \u00f3leo na \u00e1gua<\/li>\n<li>Acionado por energia el\u00e9trica ou pot\u00eancia do motor<\/li>\n<li>\u00c9 fornecido e acionado um dispositivo de seguran\u00e7a para parar imediatamente o funcionamento quando uma sobrecarga anormal \u00e9 suportada mais do que a carga projetada.<\/li>\n<li>S\u00e3o adotados bicos de pulveriza\u00e7\u00e3o dedicados, ajustados em um \u00e2ngulo de inje\u00e7\u00e3o vari\u00e1vel sem passos para lavar a malha do filtro praticamente com uma \u00e1rea menos sobreposta de cada bico.<\/li>\n<li>A instala\u00e7\u00e3o vertical ou horizontal \u00e9 poss\u00edvel.<\/li>\n<li>Maior desempenho em aplica\u00e7\u00f5es de entrada novas ou existentes<\/li>\n<li>F\u00e1cil de instalar, manter e operar<\/li>\n<\/ul>\n<p>[id de wptm=116]<\/p>\n","protected":false},"excerpt":{"rendered":"<p>As telas de \u00e1gua itinerantes Mavi Deniz foram projetadas para funcionar em usinas hidrel\u00e9tricas, servi\u00e7os de \u00e1gua, abstratores industriais, pescas, [&hellip;]<\/p>\n","protected":false},"author":1,"featured_media":0,"parent":78436,"menu_order":0,"comment_status":"closed","ping_status":"closed","template":"","meta":{"site-sidebar-layout":"default","site-content-layout":"","ast-site-content-layout":"default","site-content-style":"default","site-sidebar-style":"default","ast-global-header-display":"","ast-banner-title-visibility":"","ast-main-header-display":"","ast-hfb-above-header-display":"","ast-hfb-below-header-display":"","ast-hfb-mobile-header-display":"","site-post-title":"","ast-breadcrumbs-content":"","ast-featured-img":"","footer-sml-layout":"","ast-disable-related-posts":"","theme-transparent-header-meta":"","adv-header-id-meta":"","stick-header-meta":"","header-above-stick-meta":"","header-main-stick-meta":"","header-below-stick-meta":"","astra-migrate-meta-layouts":"default","ast-page-background-enabled":"default","ast-page-background-meta":{"desktop":{"background-color":"var(--ast-global-color-5)","background-image":"","background-repeat":"repeat","background-position":"center center","background-size":"auto","background-attachment":"scroll","background-type":"","background-media":"","overlay-type":"","overlay-color":"","overlay-opacity":"","overlay-gradient":""},"tablet":{"background-color":"","background-image":"","background-repeat":"repeat","background-position":"center center","background-size":"auto","background-attachment":"scroll","background-type":"","background-media":"","overlay-type":"","overlay-color":"","overlay-opacity":"","overlay-gradient":""},"mobile":{"background-color":"","background-image":"","background-repeat":"repeat","background-position":"center center","background-size":"auto","background-attachment":"scroll","background-type":"","background-media":"","overlay-type":"","overlay-color":"","overlay-opacity":"","overlay-gradient":""}},"ast-content-background-meta":{"desktop":{"background-color":"var(--ast-global-color-4)","background-image":"","background-repeat":"repeat","background-position":"center center","background-size":"auto","background-attachment":"scroll","background-type":"","background-media":"","overlay-type":"","overlay-color":"","overlay-opacity":"","overlay-gradient":""},"tablet":{"background-color":"var(--ast-global-color-4)","background-image":"","background-repeat":"repeat","background-position":"center center","background-size":"auto","background-attachment":"scroll","background-type":"","background-media":"","overlay-type":"","overlay-color":"","overlay-opacity":"","overlay-gradient":""},"mobile":{"background-color":"var(--ast-global-color-4)","background-image":"","background-repeat":"repeat","background-position":"center center","background-size":"auto","background-attachment":"scroll","background-type":"","background-media":"","overlay-type":"","overlay-color":"","overlay-opacity":"","overlay-gradient":""}},"footnotes":""},"class_list":["post-77996","page","type-page","status-publish","hentry"],"_links":{"self":[{"href":"https:\/\/mavideniz.com.tr\/pt-pt\/wp-json\/wp\/v2\/pages\/77996","targetHints":{"allow":["GET"]}}],"collection":[{"href":"https:\/\/mavideniz.com.tr\/pt-pt\/wp-json\/wp\/v2\/pages"}],"about":[{"href":"https:\/\/mavideniz.com.tr\/pt-pt\/wp-json\/wp\/v2\/types\/page"}],"author":[{"embeddable":true,"href":"https:\/\/mavideniz.com.tr\/pt-pt\/wp-json\/wp\/v2\/users\/1"}],"replies":[{"embeddable":true,"href":"https:\/\/mavideniz.com.tr\/pt-pt\/wp-json\/wp\/v2\/comments?post=77996"}],"version-history":[{"count":0,"href":"https:\/\/mavideniz.com.tr\/pt-pt\/wp-json\/wp\/v2\/pages\/77996\/revisions"}],"up":[{"embeddable":true,"href":"https:\/\/mavideniz.com.tr\/pt-pt\/wp-json\/wp\/v2\/pages\/78436"}],"wp:attachment":[{"href":"https:\/\/mavideniz.com.tr\/pt-pt\/wp-json\/wp\/v2\/media?parent=77996"}],"curies":[{"name":"wp","href":"https:\/\/api.w.org\/{rel}","templated":true}]}}