{"id":77998,"date":"2025-05-03T19:57:49","date_gmt":"2025-05-03T19:57:49","guid":{"rendered":"https:\/\/mavideniz.com.tr\/?page_id=77998"},"modified":"2025-10-05T00:07:28","modified_gmt":"2025-10-05T00:07:28","slug":"barreira-de-borracha-inflavel","status":"publish","type":"page","link":"https:\/\/mavideniz.com.tr\/pt-pt\/produtos-industriais\/barragem-limpador-de-rio\/barreira-de-borracha-inflavel\/","title":{"rendered":"Barreira de borracha infl\u00e1vel"},"content":{"rendered":"\n<p>Mavi Deniz; Barreira infl\u00e1vel de barragem de borracha projeta para resolver o fornecimento de \u00e1gua pot\u00e1vel, energia hidrel\u00e9trica, irriga\u00e7\u00e3o, controle de inunda\u00e7\u00f5es, resfriamento de \u00e1gua, recrea\u00e7\u00e3o, recarga de \u00e1guas subterr\u00e2neas, canais de navega\u00e7\u00e3o, agricultura, ind\u00fastria, \u00e1guas residuais, separa\u00e7\u00e3o de \u00e1gua doce &#8211; do mar e problemas de mar\u00e9 do mar.<\/p>\n<p>A barreira da barragem de borracha parece vi\u00e1vel nas plan\u00edcies centrais para o manejo e manuten\u00e7\u00e3o de rios, aumento da capacidade de armazenamento de barragens de concreto e desvio e armazenamento de \u00e1gua. Devido ao estado \u00fanico e \u00e0s circunst\u00e2ncias da zona montanhosa, as barragens de borracha s\u00e3o um substituto adequado para outros sistemas de gest\u00e3o da \u00e1gua.<\/p>\n<p>O painel de controle da barreira infl\u00e1vel da barragem de borracha \u00e9 essencial para cada barragem de borracha. Nossa barragem de borracha infl\u00e1vel pode ser um sistema totalmente autom\u00e1tico ou manual que pode modificar de acordo com os requisitos do cliente ou do projeto e usar o sensor ultrass\u00f4nico para detectar a infla\u00e7\u00e3o e a defla\u00e7\u00e3o do n\u00edvel da \u00e1gua. A altura da barragem infl\u00e1vel pode ser de at\u00e9 6m.<\/p>\n<p><strong>Recursos<\/strong><\/p>\n<ul>\n<li>Baixo custo de aquisi\u00e7\u00e3o<\/li>\n<li>A barragem de borracha \u00e9 uma opera\u00e7\u00e3o segura e de f\u00e1cil utiliza\u00e7\u00e3o<\/li>\n<li>A EPDM de alta qualidade tratada com UV resiste ao gelo e a climas dif\u00edceis.<\/li>\n<li>A resist\u00eancia dessas barragens a fatores ambientais como \u00e1gua, poluentes, \u00e1guas salinas e alcalinas, res\u00edduos t\u00f3xicos, esgotos e \u00e1cidos<\/li>\n<li>Baixos requisitos de manuten\u00e7\u00e3o e servi\u00e7o e baixo custo operacional<\/li>\n<li>A expectativa de vida de 30 a 40 anos com base em v\u00e1rias aplica\u00e7\u00f5es internacionais<\/li>\n<li>Aus\u00eancia de impactos adversos no ambiente devido ao seu funcionamento sem \u00f3leos e lubrificantes<\/li>\n<li>Ilumina\u00e7\u00e3o Led<\/li>\n<li>Alta resist\u00eancia contra vibra\u00e7\u00f5es na \u00e1gua transbordante \u00e9 aumentada se necess\u00e1rio por defletores n\u00e3o vulcanizados.<\/li>\n<\/ul>\n","protected":false},"excerpt":{"rendered":"<p>Mavi Deniz; Barreira infl\u00e1vel de barragem de borracha projeta para resolver o fornecimento de \u00e1gua pot\u00e1vel, energia hidrel\u00e9trica, irriga\u00e7\u00e3o, controle [&hellip;]<\/p>\n","protected":false},"author":1,"featured_media":0,"parent":77990,"menu_order":0,"comment_status":"closed","ping_status":"closed","template":"","meta":{"site-sidebar-layout":"default","site-content-layout":"","ast-site-content-layout":"default","site-content-style":"default","site-sidebar-style":"default","ast-global-header-display":"","ast-banner-title-visibility":"","ast-main-header-display":"","ast-hfb-above-header-display":"","ast-hfb-below-header-display":"","ast-hfb-mobile-header-display":"","site-post-title":"","ast-breadcrumbs-content":"","ast-featured-img":"","footer-sml-layout":"","ast-disable-related-posts":"","theme-transparent-header-meta":"","adv-header-id-meta":"","stick-header-meta":"","header-above-stick-meta":"","header-main-stick-meta":"","header-below-stick-meta":"","astra-migrate-meta-layouts":"default","ast-page-background-enabled":"default","ast-page-background-meta":{"desktop":{"background-color":"var(--ast-global-color-5)","background-image":"","background-repeat":"repeat","background-position":"center center","background-size":"auto","background-attachment":"scroll","background-type":"","background-media":"","overlay-type":"","overlay-color":"","overlay-opacity":"","overlay-gradient":""},"tablet":{"background-color":"","background-image":"","background-repeat":"repeat","background-position":"center center","background-size":"auto","background-attachment":"scroll","background-type":"","background-media":"","overlay-type":"","overlay-color":"","overlay-opacity":"","overlay-gradient":""},"mobile":{"background-color":"","background-image":"","background-repeat":"repeat","background-position":"center center","background-size":"auto","background-attachment":"scroll","background-type":"","background-media":"","overlay-type":"","overlay-color":"","overlay-opacity":"","overlay-gradient":""}},"ast-content-background-meta":{"desktop":{"background-color":"var(--ast-global-color-4)","background-image":"","background-repeat":"repeat","background-position":"center center","background-size":"auto","background-attachment":"scroll","background-type":"","background-media":"","overlay-type":"","overlay-color":"","overlay-opacity":"","overlay-gradient":""},"tablet":{"background-color":"var(--ast-global-color-4)","background-image":"","background-repeat":"repeat","background-position":"center center","background-size":"auto","background-attachment":"scroll","background-type":"","background-media":"","overlay-type":"","overlay-color":"","overlay-opacity":"","overlay-gradient":""},"mobile":{"background-color":"var(--ast-global-color-4)","background-image":"","background-repeat":"repeat","background-position":"center center","background-size":"auto","background-attachment":"scroll","background-type":"","background-media":"","overlay-type":"","overlay-color":"","overlay-opacity":"","overlay-gradient":""}},"footnotes":""},"class_list":["post-77998","page","type-page","status-publish","hentry"],"_links":{"self":[{"href":"https:\/\/mavideniz.com.tr\/pt-pt\/wp-json\/wp\/v2\/pages\/77998","targetHints":{"allow":["GET"]}}],"collection":[{"href":"https:\/\/mavideniz.com.tr\/pt-pt\/wp-json\/wp\/v2\/pages"}],"about":[{"href":"https:\/\/mavideniz.com.tr\/pt-pt\/wp-json\/wp\/v2\/types\/page"}],"author":[{"embeddable":true,"href":"https:\/\/mavideniz.com.tr\/pt-pt\/wp-json\/wp\/v2\/users\/1"}],"replies":[{"embeddable":true,"href":"https:\/\/mavideniz.com.tr\/pt-pt\/wp-json\/wp\/v2\/comments?post=77998"}],"version-history":[{"count":0,"href":"https:\/\/mavideniz.com.tr\/pt-pt\/wp-json\/wp\/v2\/pages\/77998\/revisions"}],"up":[{"embeddable":true,"href":"https:\/\/mavideniz.com.tr\/pt-pt\/wp-json\/wp\/v2\/pages\/77990"}],"wp:attachment":[{"href":"https:\/\/mavideniz.com.tr\/pt-pt\/wp-json\/wp\/v2\/media?parent=77998"}],"curies":[{"name":"wp","href":"https:\/\/api.w.org\/{rel}","templated":true}]}}