{"id":78002,"date":"2025-05-03T19:59:20","date_gmt":"2025-05-03T19:59:20","guid":{"rendered":"https:\/\/mavideniz.com.tr\/?page_id=78002"},"modified":"2025-10-05T00:07:28","modified_gmt":"2025-10-05T00:07:28","slug":"maquina-de-dragagem-de-rio","status":"publish","type":"page","link":"https:\/\/mavideniz.com.tr\/pt-pt\/produtos-industriais\/barragem-limpador-de-rio\/maquina-de-dragagem-de-rio\/","title":{"rendered":"M\u00e1quina de dragagem de rio"},"content":{"rendered":"\n<p>Nossa m\u00e1quina de dragagem de rio multiuso \u00e9 projetada e embutida em Istambul, e o Crocodile \u00e9 adequado para uma ampla gama de trabalhos em todos os tipos de corpos de \u00e1gua:<\/p>\n<p>A versatilidade da m\u00e1quina de dragagem de rio na \u00e1gua faz com que seja ideal para usos que v\u00e3o desde trabalho pesado a resposta de emerg\u00eancia r\u00e1pida. Seu potente motor, sistema de propuls\u00e3o e bombas, mobilidade superior e sofisticados equipamentos de posicionamento o colocam em uma classe por si s\u00f3. Outra caracter\u00edstica ambiental cr\u00edtica da M\u00e1quina de Dragagem Fluvial \u00e9 sua capacidade de operar com baixos n\u00edveis de ru\u00eddo e equip\u00e1-la com um silenciador supercr\u00edtico que reduz o ru\u00eddo a n\u00edveis rasos.<\/p>\n<p>Limpeza e restaura\u00e7\u00e3o de rios e canais contaminados e outras vias naveg\u00e1veis \/ Reconstru\u00e7\u00e3o de costas \/ Cria\u00e7\u00e3o de habitats de vida selvagem \/ Controle de vegeta\u00e7\u00e3o \/ Instala\u00e7\u00e3o de tubula\u00e7\u00f5es de \u00e1gua, dutos e cabos submarinos \/ Controle de inunda\u00e7\u00f5es, Instala\u00e7\u00e3o de tubula\u00e7\u00f5es de \u00e1gua, canais e cabos submarinos com a tecnologia da M\u00e1quina de Dragagem do Rio \u00e9 poss\u00edvel para impulsionar pilhas da \u00e1gua. Isso protege as costas e permite a pilotagem a uma dist\u00e2ncia consider\u00e1vel da costa. M\u00e1quina de dragagem de rio move-se independentemente na \u00e1gua com seu sistema de propuls\u00e3o e montagem de escavadora. A m\u00e1quina de dragagem de rios ancora com seus spuds e n\u00e3o precisa de cabos de a\u00e7o para dragagem, o que pode perturbar o tr\u00e1fego de \u00e1gua que passa.<\/p>\n<p>A m\u00e1quina chega como uma unidade completa em um caminh\u00e3o ou cruza sozinho na \u00e1gua. A draga do rio pode caminhar sobre a terra e a \u00e1gua.<\/p>\n<p>A draga do rio pode remover vegeta\u00e7\u00e3o flutuante ou enraizada, pedras nocivas e lixo do fundo atrav\u00e9s do rastelo.<\/p>\n<p>A draga do rio pode bombear o solo atrav\u00e9s de um gasoduto para uma \u00e1rea de descarga at\u00e9 1 km de dist\u00e2ncia por meio de dragagem por su\u00e7\u00e3o. Neste processo, o solo \u00e9 misturado com abundantes quantidades de \u00e1gua, 80-90 % do volume total.<\/p>\n<p>Dragagem em locais onde \u00e9 dif\u00edcil ou imposs\u00edvel trabalhar com outras m\u00e1quinas<\/p>\n<p>(lagos, rios, zonas \u00famidas, \u00e1guas pouco profundas, portos, canais, linhas costeiras, piscinas industriais, debaixo de pontes, t\u00faneis, etc.)<\/p>\n<p>Onde \u00e9 necess\u00e1ria uma draga \u00fanica\/vers\u00e1til, que pode bombear e escavar<\/p>\n<p>Quando n\u00e3o for poss\u00edvel mobilizar v\u00e1rias m\u00e1quinas de uso \u00fanico<\/p>\n<p>( draga de su\u00e7\u00e3o, draga de retroescavadora, escavadora, rebocador, gruas de montagem, ou navios de assist\u00eancia para ancorar no local )<\/p>\n<p>Dragagem em locais onde h\u00e1 engarrafamento de \u00e1gua<\/p>\n<p>Sempre que sejam necess\u00e1rias condutas\/cabos submarinos\/empilhamento na \u00e1gua ou no litoral<\/p>\n<p>Quando a vegeta\u00e7\u00e3o n\u00e3o permite a dragagem convencional<\/p>\n<p>Onde a planta flutuante ou enraizada tem de ser removida\/controlada do fundo<\/p>\n<p>Sempre que seja necess\u00e1ria dragagem ambiental<\/p>\n<p><strong>Estabilizadores<\/strong><\/p>\n<p>Os movimentos de dragagem e ancoragem da draga do rio podem ser feitos com estabilizadores hidr\u00e1ulicos. Dois estabilizadores traseiros, equipados com cilindros de inclina\u00e7\u00e3o hidr\u00e1ulica. O controle de profundidade atrav\u00e9s da draga hidr\u00e1ulica do rio tem dois estabilizadores frontais com flutuadores destac\u00e1veis e spuds remov\u00edveis. O sistema de propuls\u00e3o da M\u00e1quina de Dragagem de Rio fornece pot\u00eancia m\u00e1xima com interrup\u00e7\u00e3o m\u00ednima. A velocidade m\u00e1xima \u00e9 de 8 n\u00f3s. O<\/p>\n<p>a h\u00e9lice pode subir em \u00e1guas rasas para proteger a vegeta\u00e7\u00e3o aqu\u00e1tica e evitar perturbar os sedimentos do leito do rio. Dragagem ambiental em um clima tropical e \u00e1rtico.<\/p>\n<p><strong>Cabina<\/strong><\/p>\n<p>A cabine da M\u00e1quina de Dragagem do Rio atende aos mais altos padr\u00f5es de conforto e ergonomia com excelente visibilidade. O piloto controla todas as fun\u00e7\u00f5es hidr\u00e1ulicas da cabine e est\u00e1 equipado com assentos deluxe totalmente ajust\u00e1veis, controles de f\u00e1cil alcance, janelas laterais que podem abrir, e uma gama de acess\u00f3rios padr\u00e3o e opcionais, como portinhola de teto solar e sistema de r\u00e1dio, e gabarito hidr\u00e1ulico \/ motor.<\/p>\n<p><strong>Mecanismo<\/strong><\/p>\n<p>M\u00e1quina de draga equipada com uma luz, compacta, de baixa polui\u00e7\u00e3o Cummins \/ Caterpillar vs. motor. A escavadora Crocodile tem o poder de reserva (250 a 375 hp &#8211; modelo padr\u00e3o: 250 hp).<\/p>\n<p><strong>Casco<\/strong><\/p>\n<p>O corpo de uma pe\u00e7a \u00e9 dividido em sete compartimentos estanques para prote\u00e7\u00e3o. Sistema de pintura resistente \u00e0 corros\u00e3o por um m\u00ednimo de tr\u00eas anos de garantia. Barras derrapantes protetoras na parte inferior. Conv\u00e9s \u00e0 prova de derrapagem. Corrim\u00e3os.<\/p>\n<p><strong>Escavadora<\/strong><\/p>\n<p>Alcance m\u00e1ximo do balde: 6,5 m a 7,85 m a 180\u00ba Profundidade m\u00e1xima: 6,5 m<\/p>\n<p>For\u00e7a de ruptura (do ciclo do balde): 77 kN ( depende da op\u00e7\u00e3o selecionada )<\/p>\n<p>For\u00e7a de escava\u00e7\u00e3o (do ciclo do balde): 40 kN ( depende da op\u00e7\u00e3o selecionada )<\/p>\n<p>Capacidade de eleva\u00e7\u00e3o no m\u00e1ximo Alcance: 16 kN ( depende da op\u00e7\u00e3o selecionada )<\/p>\n<p><strong>Sistema de Bucket<\/strong><\/p>\n<p>V\u00e1rias ferramentas est\u00e3o dispon\u00edveis para dragagem em retroescavadeira; um balde de 400l com dentes para o trabalho di\u00e1rio, um balde de 800l para locais mais significativos, e um balde de concha de clamp para dragagem ambiental. O material dragado pode ser depositado em batel\u00f5es ou, em canais estreitos, diretamente na orla costeira com o balde. A remo\u00e7\u00e3o da pedra e do lixo pode ser feita com o balde retroescavadeira e o balde de concha. Pedras maiores podem ser movidas para a costa, mais fundo na \u00e1gua, enterradas, ou podem, por exemplo, ser usadas para fazer um quebra-mar.<\/p>\n<p>[id de wptm=58]<\/p>\n","protected":false},"excerpt":{"rendered":"<p>Nossa m\u00e1quina de dragagem de rio multiuso \u00e9 projetada e embutida em Istambul, e o Crocodile \u00e9 adequado para uma [&hellip;]<\/p>\n","protected":false},"author":1,"featured_media":0,"parent":77990,"menu_order":0,"comment_status":"closed","ping_status":"closed","template":"","meta":{"site-sidebar-layout":"default","site-content-layout":"","ast-site-content-layout":"default","site-content-style":"default","site-sidebar-style":"default","ast-global-header-display":"","ast-banner-title-visibility":"","ast-main-header-display":"","ast-hfb-above-header-display":"","ast-hfb-below-header-display":"","ast-hfb-mobile-header-display":"","site-post-title":"","ast-breadcrumbs-content":"","ast-featured-img":"","footer-sml-layout":"","ast-disable-related-posts":"","theme-transparent-header-meta":"","adv-header-id-meta":"","stick-header-meta":"","header-above-stick-meta":"","header-main-stick-meta":"","header-below-stick-meta":"","astra-migrate-meta-layouts":"default","ast-page-background-enabled":"default","ast-page-background-meta":{"desktop":{"background-color":"var(--ast-global-color-5)","background-image":"","background-repeat":"repeat","background-position":"center center","background-size":"auto","background-attachment":"scroll","background-type":"","background-media":"","overlay-type":"","overlay-color":"","overlay-opacity":"","overlay-gradient":""},"tablet":{"background-color":"","background-image":"","background-repeat":"repeat","background-position":"center center","background-size":"auto","background-attachment":"scroll","background-type":"","background-media":"","overlay-type":"","overlay-color":"","overlay-opacity":"","overlay-gradient":""},"mobile":{"background-color":"","background-image":"","background-repeat":"repeat","background-position":"center center","background-size":"auto","background-attachment":"scroll","background-type":"","background-media":"","overlay-type":"","overlay-color":"","overlay-opacity":"","overlay-gradient":""}},"ast-content-background-meta":{"desktop":{"background-color":"var(--ast-global-color-4)","background-image":"","background-repeat":"repeat","background-position":"center center","background-size":"auto","background-attachment":"scroll","background-type":"","background-media":"","overlay-type":"","overlay-color":"","overlay-opacity":"","overlay-gradient":""},"tablet":{"background-color":"var(--ast-global-color-4)","background-image":"","background-repeat":"repeat","background-position":"center center","background-size":"auto","background-attachment":"scroll","background-type":"","background-media":"","overlay-type":"","overlay-color":"","overlay-opacity":"","overlay-gradient":""},"mobile":{"background-color":"var(--ast-global-color-4)","background-image":"","background-repeat":"repeat","background-position":"center center","background-size":"auto","background-attachment":"scroll","background-type":"","background-media":"","overlay-type":"","overlay-color":"","overlay-opacity":"","overlay-gradient":""}},"footnotes":""},"class_list":["post-78002","page","type-page","status-publish","hentry"],"_links":{"self":[{"href":"https:\/\/mavideniz.com.tr\/pt-pt\/wp-json\/wp\/v2\/pages\/78002","targetHints":{"allow":["GET"]}}],"collection":[{"href":"https:\/\/mavideniz.com.tr\/pt-pt\/wp-json\/wp\/v2\/pages"}],"about":[{"href":"https:\/\/mavideniz.com.tr\/pt-pt\/wp-json\/wp\/v2\/types\/page"}],"author":[{"embeddable":true,"href":"https:\/\/mavideniz.com.tr\/pt-pt\/wp-json\/wp\/v2\/users\/1"}],"replies":[{"embeddable":true,"href":"https:\/\/mavideniz.com.tr\/pt-pt\/wp-json\/wp\/v2\/comments?post=78002"}],"version-history":[{"count":0,"href":"https:\/\/mavideniz.com.tr\/pt-pt\/wp-json\/wp\/v2\/pages\/78002\/revisions"}],"up":[{"embeddable":true,"href":"https:\/\/mavideniz.com.tr\/pt-pt\/wp-json\/wp\/v2\/pages\/77990"}],"wp:attachment":[{"href":"https:\/\/mavideniz.com.tr\/pt-pt\/wp-json\/wp\/v2\/media?parent=78002"}],"curies":[{"name":"wp","href":"https:\/\/api.w.org\/{rel}","templated":true}]}}