{"id":78004,"date":"2025-05-03T20:00:04","date_gmt":"2025-05-03T20:00:04","guid":{"rendered":"https:\/\/mavideniz.com.tr\/?page_id=78004"},"modified":"2025-10-05T00:07:28","modified_gmt":"2025-10-05T00:07:28","slug":"coletor-de-lixo-em-terra","status":"publish","type":"page","link":"https:\/\/mavideniz.com.tr\/pt-pt\/produtos-industriais\/barragem-limpador-de-rio\/coletor-de-lixo-em-terra\/","title":{"rendered":"Coletor de lixo em terra"},"content":{"rendered":"\n<p>Os transportadores terrestres projetam descarregar a colheita entre a \u00e1gua, o mar, a costa e a terra. Pier Conveyor projetado para esvaziar o lixo entre o mar, a costa e a terra sobre locais altos, costeiros ou de aterro.<\/p>\n<p>Conjunto de transportadores terrestres para descarregar ervas daninhas da ceifeira-debulhadora aqu\u00e1tica ou da barca\u00e7a de transporte aqu\u00e1tico para o transportador terrestre e tamb\u00e9m do transportador terrestre para um caminh\u00e3o ou lixeira de espera para elimina\u00e7\u00e3o.<\/p>\n<p>Conjunto Pier Conveyor para descarregar o lixo do escumador de lixo ou da barca\u00e7a de transporte de lixo para o transportador de p\u00eder e tamb\u00e9m do transportador de p\u00eder carregar em um caminh\u00e3o de despejo de espera ou dumpster para elimina\u00e7\u00e3o.<\/p>\n<p><strong>Recursos<\/strong><\/p>\n<ul>\n<li>Acoplamentos de conex\u00e3o especiais para colheitadeira de ervas daninhas, barca\u00e7a de transporte e escumadeira de lixo.<\/li>\n<li>Liga\u00e7\u00f5es de liga\u00e7\u00e3o especiais para montagem em terra e montagem de transportadores em terra.<\/li>\n<li>Descarregamento r\u00e1pido do escumador de lixo, barca\u00e7a de transporte e carregamento das ervas daninhas colhidas em um caminh\u00e3o ou em uma pilha<\/li>\n<li>Suporte para segundo ou mais transportadores.<\/li>\n<li>O transporte de rodas dispon\u00edvel pode ser facilmente puxado por um caminh\u00e3o ou trator.<\/li>\n<li>\u00c9 equipado com acoplamentos r\u00e1pidos e hidr\u00e1ulicos para extrair energia do colhedor, barca\u00e7a de transporte ou escumadeira de lixo como descarregamentos.<\/li>\n<li>Equipado com pacote de energia hidr\u00e1ulica<\/li>\n<li>Tamanhos personalizados e especifica\u00e7\u00f5es est\u00e3o dispon\u00edveis para suas necessidades.<\/li>\n<\/ul>\n<p>[id de wptm=66]<\/p>\n","protected":false},"excerpt":{"rendered":"<p>Os transportadores terrestres projetam descarregar a colheita entre a \u00e1gua, o mar, a costa e a terra. Pier Conveyor projetado [&hellip;]<\/p>\n","protected":false},"author":1,"featured_media":0,"parent":77990,"menu_order":0,"comment_status":"closed","ping_status":"closed","template":"","meta":{"site-sidebar-layout":"default","site-content-layout":"","ast-site-content-layout":"default","site-content-style":"default","site-sidebar-style":"default","ast-global-header-display":"","ast-banner-title-visibility":"","ast-main-header-display":"","ast-hfb-above-header-display":"","ast-hfb-below-header-display":"","ast-hfb-mobile-header-display":"","site-post-title":"","ast-breadcrumbs-content":"","ast-featured-img":"","footer-sml-layout":"","ast-disable-related-posts":"","theme-transparent-header-meta":"","adv-header-id-meta":"","stick-header-meta":"","header-above-stick-meta":"","header-main-stick-meta":"","header-below-stick-meta":"","astra-migrate-meta-layouts":"default","ast-page-background-enabled":"default","ast-page-background-meta":{"desktop":{"background-color":"var(--ast-global-color-5)","background-image":"","background-repeat":"repeat","background-position":"center center","background-size":"auto","background-attachment":"scroll","background-type":"","background-media":"","overlay-type":"","overlay-color":"","overlay-opacity":"","overlay-gradient":""},"tablet":{"background-color":"","background-image":"","background-repeat":"repeat","background-position":"center center","background-size":"auto","background-attachment":"scroll","background-type":"","background-media":"","overlay-type":"","overlay-color":"","overlay-opacity":"","overlay-gradient":""},"mobile":{"background-color":"","background-image":"","background-repeat":"repeat","background-position":"center center","background-size":"auto","background-attachment":"scroll","background-type":"","background-media":"","overlay-type":"","overlay-color":"","overlay-opacity":"","overlay-gradient":""}},"ast-content-background-meta":{"desktop":{"background-color":"var(--ast-global-color-4)","background-image":"","background-repeat":"repeat","background-position":"center center","background-size":"auto","background-attachment":"scroll","background-type":"","background-media":"","overlay-type":"","overlay-color":"","overlay-opacity":"","overlay-gradient":""},"tablet":{"background-color":"var(--ast-global-color-4)","background-image":"","background-repeat":"repeat","background-position":"center center","background-size":"auto","background-attachment":"scroll","background-type":"","background-media":"","overlay-type":"","overlay-color":"","overlay-opacity":"","overlay-gradient":""},"mobile":{"background-color":"var(--ast-global-color-4)","background-image":"","background-repeat":"repeat","background-position":"center center","background-size":"auto","background-attachment":"scroll","background-type":"","background-media":"","overlay-type":"","overlay-color":"","overlay-opacity":"","overlay-gradient":""}},"footnotes":""},"class_list":["post-78004","page","type-page","status-publish","hentry"],"_links":{"self":[{"href":"https:\/\/mavideniz.com.tr\/pt-pt\/wp-json\/wp\/v2\/pages\/78004","targetHints":{"allow":["GET"]}}],"collection":[{"href":"https:\/\/mavideniz.com.tr\/pt-pt\/wp-json\/wp\/v2\/pages"}],"about":[{"href":"https:\/\/mavideniz.com.tr\/pt-pt\/wp-json\/wp\/v2\/types\/page"}],"author":[{"embeddable":true,"href":"https:\/\/mavideniz.com.tr\/pt-pt\/wp-json\/wp\/v2\/users\/1"}],"replies":[{"embeddable":true,"href":"https:\/\/mavideniz.com.tr\/pt-pt\/wp-json\/wp\/v2\/comments?post=78004"}],"version-history":[{"count":0,"href":"https:\/\/mavideniz.com.tr\/pt-pt\/wp-json\/wp\/v2\/pages\/78004\/revisions"}],"up":[{"embeddable":true,"href":"https:\/\/mavideniz.com.tr\/pt-pt\/wp-json\/wp\/v2\/pages\/77990"}],"wp:attachment":[{"href":"https:\/\/mavideniz.com.tr\/pt-pt\/wp-json\/wp\/v2\/media?parent=78004"}],"curies":[{"name":"wp","href":"https:\/\/api.w.org\/{rel}","templated":true}]}}