{"id":78010,"date":"2025-05-03T20:01:51","date_gmt":"2025-05-03T20:01:51","guid":{"rendered":"https:\/\/mavideniz.com.tr\/?page_id=78010"},"modified":"2025-10-05T00:07:27","modified_gmt":"2025-10-05T00:07:27","slug":"lanca-de-plantas-aquaticas","status":"publish","type":"page","link":"https:\/\/mavideniz.com.tr\/pt-pt\/produtos-industriais\/barra-de-petroleo-barreira\/lanca-de-plantas-aquaticas\/","title":{"rendered":"Lan\u00e7a de plantas aqu\u00e1ticas"},"content":{"rendered":"\n<p>Mavi Deniz projetou um boom de plantas aqu\u00e1ticas \u00fanico para impedir a migra\u00e7\u00e3o aqui abaixo para praias costeiras ou tur\u00edsticas ;<\/p>\n<ul>\n<li>Sarga\u00e7o (tamb\u00e9m conhecido como Sarga\u00e7o),<\/li>\n<li>Algas,<\/li>\n<li>Algas azul-esverdeadas,<\/li>\n<li>Mar\u00e9s castanhas vermelhas,<\/li>\n<li>Detritos,<\/li>\n<\/ul>\n<p>O projeto do Aquatic Plant Boom permite o movimento da \u00e1gua, mas a malha da cortina impede a invas\u00e3o de algas marinhas por sarga\u00e7o nas praias do Mar Mediterr\u00e2neo, Fl\u00f3rida, Caribe e Golfo do M\u00e9xico. A Mavi Deniz fabrica a Barreira de Plantas Aqu\u00e1ticas para instalar junto com as \u00e1reas costeiras e de \u00e1guas interiores para resorts de praia, hot\u00e9is e parques para conter, excluir ou desviar Sargassum, algas e detritos antes de chegar \u00e0 costa.<\/p>\n<p>O sarga\u00e7o, uma alga marinha marrom e fedorenta, invade resorts e praias privadas no Caribe, Mar Mediterr\u00e2neo, M\u00e9xico e Fl\u00f3rida durante a primavera e o ver\u00e3o. Normalmente, um clima mais frio retarda o crescimento das algas. Ainda assim, \u00e0 medida que a temperatura da \u00e1gua sobe, \u00e9 mais prov\u00e1vel que as algas flores\u00e7am, e inundem as costas e um aumento no desperd\u00edcio de esgoto sendo lavado no oceano alimenta a prolifera\u00e7\u00e3o de algas.<\/p>\n<p>Essa planta aqu\u00e1tica flutuante, tamb\u00e9m conhecida como ravina ou azevinho, deriva do Mar dos Sarga\u00e7os em correntes oce\u00e2nicas. Embora proporcione abrigo para muitas formas de vida marinha, tornou-se um pesadelo para a ind\u00fastria do turismo.<\/p>\n<p>O Sarga\u00e7o marrom lava-se para a costa e empilha-se, \u00e0s vezes t\u00e3o alto quanto 3 a 4 p\u00e9s. Esse \u00e9 geralmente um problema sazonal. Uma vez que a planta aqu\u00e1tica invasiva chega \u00e0 praia, ela come\u00e7a a se decompor, emitindo um odor terr\u00edvel. A limpeza do Sargassum a partir da praia \u00e9 dispendiosa e perturbadora para a ind\u00fastria do turismo e para o nidifica\u00e7\u00e3o de tartarugas marinhas. Das 18h \u00e0s 6h, barulhento<\/p>\n<p>caminh\u00f5es de lixo transportam o fedorento Sargassum dos resorts para limpar as praias para os frequentadores da praia do dia seguinte. Retirar o Sarga\u00e7o das praias \u00e9 uma batalha constante. A situa\u00e7\u00e3o resulta em turistas infelizes e propriet\u00e1rios de resorts devastados devido a cancelamentos.<\/p>\n<p><strong>Boom flutuante sazonal &#8211; Prote\u00e7\u00e3o sazonal (n\u00e3o permanente) da praia<\/strong><\/p>\n<p>Se voc\u00ea estiver procurando por uma solu\u00e7\u00e3o sazonal (n\u00e3o permanente) para manter as praias limpas de Sarga\u00e7o, mar\u00e9s vermelhas, algas azul-esverdeadas (cianobact\u00e9rias), mar\u00e9 marrom, ou outras plantas e detritos. Nosso processo de design e fabrica\u00e7\u00e3o fornece uma barreira flutuante de algas marinhas que oferece resultados superiores e supera os concorrentes.<\/p>\n<p><strong>Os modelos \u00c1gua calma, \u00c1gua em movimento e \u00c1gua r\u00e1pida est\u00e3o dispon\u00edveis.<\/strong><\/p>\n<p><strong>Tipo I:<\/strong> \u00c1guas calmas com poucas correntes, como lagos, lagoas, canais e \u00e1reas costeiras<\/p>\n<p><strong>Tipo II:<\/strong> Rios, c\u00f3rregos, lagos abertos e linhas costeiras moderam a corrente movendo-se em uma dire\u00e7\u00e3o<\/p>\n<p><strong>Tipo III:<\/strong> \u00c1reas expostas sujeitas a corrente, vento e mar\u00e9s.<\/p>\n<p><strong>Boom flutuante semipermanente &#8211; aplica\u00e7\u00e3o de \u00e1gua mais longa ou \u00e1spera + \u00e1gua aberta, \u00e1reas oce\u00e2nicas<\/strong><\/p>\n<p>Se voc\u00ea tem condi\u00e7\u00f5es de \u00e1gua \u00e1speras ou precisa de uma solu\u00e7\u00e3o de longo prazo, recomendamos o Boca Permanente de Algas Marinhas para detritos flutuantes ou problemas de algas marinhas. Constru\u00eddo a partir de materiais robustos de qualidade marinha; nosso boom \u00e9 explicitamente projetado para uso prolongado. Um boom permanente de algas fornece uma barreira confi\u00e1vel e eficaz para proteger sua \u00e1rea de praia de lixo ou lixo flutuante, sarga\u00e7o<\/p>\n<p>algas marinhas, mar\u00e9s castanhas ou vermelhas e outros detritos. O boom de conten\u00e7\u00e3o mant\u00e9m os detritos flutuantes indesejados longe, agindo como um escudo, interceptando as algas e detritos antes de chegar \u00e0 sua praia.<\/p>\n<p>[id de wptm=29]<\/p>\n","protected":false},"excerpt":{"rendered":"<p>Mavi Deniz projetou um boom de plantas aqu\u00e1ticas \u00fanico para impedir a migra\u00e7\u00e3o aqui abaixo para praias costeiras ou tur\u00edsticas [&hellip;]<\/p>\n","protected":false},"author":1,"featured_media":0,"parent":78006,"menu_order":0,"comment_status":"closed","ping_status":"closed","template":"","meta":{"site-sidebar-layout":"default","site-content-layout":"","ast-site-content-layout":"default","site-content-style":"default","site-sidebar-style":"default","ast-global-header-display":"","ast-banner-title-visibility":"","ast-main-header-display":"","ast-hfb-above-header-display":"","ast-hfb-below-header-display":"","ast-hfb-mobile-header-display":"","site-post-title":"","ast-breadcrumbs-content":"","ast-featured-img":"","footer-sml-layout":"","ast-disable-related-posts":"","theme-transparent-header-meta":"","adv-header-id-meta":"","stick-header-meta":"","header-above-stick-meta":"","header-main-stick-meta":"","header-below-stick-meta":"","astra-migrate-meta-layouts":"default","ast-page-background-enabled":"default","ast-page-background-meta":{"desktop":{"background-color":"var(--ast-global-color-5)","background-image":"","background-repeat":"repeat","background-position":"center center","background-size":"auto","background-attachment":"scroll","background-type":"","background-media":"","overlay-type":"","overlay-color":"","overlay-opacity":"","overlay-gradient":""},"tablet":{"background-color":"","background-image":"","background-repeat":"repeat","background-position":"center center","background-size":"auto","background-attachment":"scroll","background-type":"","background-media":"","overlay-type":"","overlay-color":"","overlay-opacity":"","overlay-gradient":""},"mobile":{"background-color":"","background-image":"","background-repeat":"repeat","background-position":"center center","background-size":"auto","background-attachment":"scroll","background-type":"","background-media":"","overlay-type":"","overlay-color":"","overlay-opacity":"","overlay-gradient":""}},"ast-content-background-meta":{"desktop":{"background-color":"var(--ast-global-color-4)","background-image":"","background-repeat":"repeat","background-position":"center center","background-size":"auto","background-attachment":"scroll","background-type":"","background-media":"","overlay-type":"","overlay-color":"","overlay-opacity":"","overlay-gradient":""},"tablet":{"background-color":"var(--ast-global-color-4)","background-image":"","background-repeat":"repeat","background-position":"center center","background-size":"auto","background-attachment":"scroll","background-type":"","background-media":"","overlay-type":"","overlay-color":"","overlay-opacity":"","overlay-gradient":""},"mobile":{"background-color":"var(--ast-global-color-4)","background-image":"","background-repeat":"repeat","background-position":"center center","background-size":"auto","background-attachment":"scroll","background-type":"","background-media":"","overlay-type":"","overlay-color":"","overlay-opacity":"","overlay-gradient":""}},"footnotes":""},"class_list":["post-78010","page","type-page","status-publish","hentry"],"_links":{"self":[{"href":"https:\/\/mavideniz.com.tr\/pt-pt\/wp-json\/wp\/v2\/pages\/78010","targetHints":{"allow":["GET"]}}],"collection":[{"href":"https:\/\/mavideniz.com.tr\/pt-pt\/wp-json\/wp\/v2\/pages"}],"about":[{"href":"https:\/\/mavideniz.com.tr\/pt-pt\/wp-json\/wp\/v2\/types\/page"}],"author":[{"embeddable":true,"href":"https:\/\/mavideniz.com.tr\/pt-pt\/wp-json\/wp\/v2\/users\/1"}],"replies":[{"embeddable":true,"href":"https:\/\/mavideniz.com.tr\/pt-pt\/wp-json\/wp\/v2\/comments?post=78010"}],"version-history":[{"count":0,"href":"https:\/\/mavideniz.com.tr\/pt-pt\/wp-json\/wp\/v2\/pages\/78010\/revisions"}],"up":[{"embeddable":true,"href":"https:\/\/mavideniz.com.tr\/pt-pt\/wp-json\/wp\/v2\/pages\/78006"}],"wp:attachment":[{"href":"https:\/\/mavideniz.com.tr\/pt-pt\/wp-json\/wp\/v2\/media?parent=78010"}],"curies":[{"name":"wp","href":"https:\/\/api.w.org\/{rel}","templated":true}]}}