{"id":78012,"date":"2025-05-03T20:27:39","date_gmt":"2025-05-03T20:27:39","guid":{"rendered":"https:\/\/mavideniz.com.tr\/?page_id=78012"},"modified":"2025-10-05T00:07:27","modified_gmt":"2025-10-05T00:07:27","slug":"carretel-de-lanca","status":"publish","type":"page","link":"https:\/\/mavideniz.com.tr\/pt-pt\/produtos-industriais\/barra-de-petroleo-barreira\/carretel-de-lanca\/","title":{"rendered":"Carretel de Lan\u00e7a"},"content":{"rendered":"\n<p>Mavi Deniz Boom Reel foi projetado para armazenar, implantar e recuperar um boom de conten\u00e7\u00e3o de petr\u00f3leo + boom de petr\u00f3leo infl\u00e1vel. Dependendo do tipo de lan\u00e7a, o rolo da lan\u00e7a pode suportar at\u00e9 1200m e protege a lan\u00e7a de \u00f3leo. Boom Storage Reel \u00e9 o sistema mais r\u00e1pido e mais eficiente para armazenar ou implantar flutuadores s\u00f3lidos e booms infl\u00e1veis de petr\u00f3leo. Boom Reel est\u00e1 dispon\u00edvel em v\u00e1rios tamanhos, como rolos de armazenamento manual ou acionado a energia.<\/p>\n<p>Os modelos de bobinas de armazenamento de boom variam de unidades operadas Manuais, El\u00e9tricas ou Hidr\u00e1ulicas a um eficiente, livre de manuten\u00e7\u00e3o, armazenamento econ\u00f4mico, transporte, implanta\u00e7\u00e3o e m\u00e9todo de recupera\u00e7\u00e3o. Com as op\u00e7\u00f5es integradas ou adicionais, voc\u00ea pode maximizar a seguran\u00e7a, a velocidade e o sucesso da opera\u00e7\u00e3o.<\/p>\n<p>Fabricado em a\u00e7o suave, jateado de tiro e galvanizado a quente. Vers\u00f5es de baixo perfil dispon\u00edveis para o transporte de aeronaves e Alum\u00ednio s\u00e3o op\u00e7\u00f5es em que a economia de peso \u00e9 significativa equipar pontos de eleva\u00e7\u00e3o e empilhadeira projeto leve para opera\u00e7\u00e3o e implanta\u00e7\u00e3o por um ou dois homens. A constru\u00e7\u00e3o robusta garante uma vida longa e sem problemas.<\/p>\n<p><strong>Recursos<\/strong><\/p>\n<ul>\n<li>Seguro e f\u00e1cil de operar<\/li>\n<li>Constru\u00e7\u00e3o dur\u00e1vel<\/li>\n<li>Design leve e compacto<\/li>\n<li>Boom Reel tem um design compacto e robusto<\/li>\n<li>Excelente poder de tra\u00e7\u00e3o<\/li>\n<li>Opera\u00e7\u00e3o de velocidade vari\u00e1vel cont\u00ednua<\/li>\n<li>Base de a\u00e7o com bolsos de empilhadeira<\/li>\n<li>Trav\u00f5es hidr\u00e1ulicos\/el\u00e9tricos<\/li>\n<li>Opera\u00e7\u00e3o simples com alavanca \u00fanica<\/li>\n<li>Controle de velocidade para frente e para tr\u00e1s<\/li>\n<li>DNV 2.7-3 e EN 12079-1<\/li>\n<li>Certifica\u00e7\u00e3o de Inspe\u00e7\u00e3o de Terceiros<\/li>\n<li>Design personalizado + tamanho poss\u00edvel<\/li>\n<\/ul>\n<p>Os suprimentos de bobina hidr\u00e1ulica s\u00e3o completos com uma mangueira hidr\u00e1ulica com acoplamentos de ajuste r\u00e1pido.<\/p>\n<p>Os Bobinas de Boom Mavi Deniz s\u00e3o projetados por modelagem 3D e an\u00e1lise de elementos finitos em pe\u00e7as estruturais para otimizar sua constru\u00e7\u00e3o.<\/p>\n<p>[id de wptm=107]<\/p>\n","protected":false},"excerpt":{"rendered":"<p>Mavi Deniz Boom Reel foi projetado para armazenar, implantar e recuperar um boom de conten\u00e7\u00e3o de petr\u00f3leo + boom de [&hellip;]<\/p>\n","protected":false},"author":1,"featured_media":0,"parent":78006,"menu_order":0,"comment_status":"closed","ping_status":"closed","template":"","meta":{"site-sidebar-layout":"default","site-content-layout":"","ast-site-content-layout":"default","site-content-style":"default","site-sidebar-style":"default","ast-global-header-display":"","ast-banner-title-visibility":"","ast-main-header-display":"","ast-hfb-above-header-display":"","ast-hfb-below-header-display":"","ast-hfb-mobile-header-display":"","site-post-title":"","ast-breadcrumbs-content":"","ast-featured-img":"","footer-sml-layout":"","ast-disable-related-posts":"","theme-transparent-header-meta":"","adv-header-id-meta":"","stick-header-meta":"","header-above-stick-meta":"","header-main-stick-meta":"","header-below-stick-meta":"","astra-migrate-meta-layouts":"default","ast-page-background-enabled":"default","ast-page-background-meta":{"desktop":{"background-color":"var(--ast-global-color-5)","background-image":"","background-repeat":"repeat","background-position":"center center","background-size":"auto","background-attachment":"scroll","background-type":"","background-media":"","overlay-type":"","overlay-color":"","overlay-opacity":"","overlay-gradient":""},"tablet":{"background-color":"","background-image":"","background-repeat":"repeat","background-position":"center center","background-size":"auto","background-attachment":"scroll","background-type":"","background-media":"","overlay-type":"","overlay-color":"","overlay-opacity":"","overlay-gradient":""},"mobile":{"background-color":"","background-image":"","background-repeat":"repeat","background-position":"center center","background-size":"auto","background-attachment":"scroll","background-type":"","background-media":"","overlay-type":"","overlay-color":"","overlay-opacity":"","overlay-gradient":""}},"ast-content-background-meta":{"desktop":{"background-color":"var(--ast-global-color-4)","background-image":"","background-repeat":"repeat","background-position":"center center","background-size":"auto","background-attachment":"scroll","background-type":"","background-media":"","overlay-type":"","overlay-color":"","overlay-opacity":"","overlay-gradient":""},"tablet":{"background-color":"var(--ast-global-color-4)","background-image":"","background-repeat":"repeat","background-position":"center center","background-size":"auto","background-attachment":"scroll","background-type":"","background-media":"","overlay-type":"","overlay-color":"","overlay-opacity":"","overlay-gradient":""},"mobile":{"background-color":"var(--ast-global-color-4)","background-image":"","background-repeat":"repeat","background-position":"center center","background-size":"auto","background-attachment":"scroll","background-type":"","background-media":"","overlay-type":"","overlay-color":"","overlay-opacity":"","overlay-gradient":""}},"footnotes":""},"class_list":["post-78012","page","type-page","status-publish","hentry"],"_links":{"self":[{"href":"https:\/\/mavideniz.com.tr\/pt-pt\/wp-json\/wp\/v2\/pages\/78012","targetHints":{"allow":["GET"]}}],"collection":[{"href":"https:\/\/mavideniz.com.tr\/pt-pt\/wp-json\/wp\/v2\/pages"}],"about":[{"href":"https:\/\/mavideniz.com.tr\/pt-pt\/wp-json\/wp\/v2\/types\/page"}],"author":[{"embeddable":true,"href":"https:\/\/mavideniz.com.tr\/pt-pt\/wp-json\/wp\/v2\/users\/1"}],"replies":[{"embeddable":true,"href":"https:\/\/mavideniz.com.tr\/pt-pt\/wp-json\/wp\/v2\/comments?post=78012"}],"version-history":[{"count":0,"href":"https:\/\/mavideniz.com.tr\/pt-pt\/wp-json\/wp\/v2\/pages\/78012\/revisions"}],"up":[{"embeddable":true,"href":"https:\/\/mavideniz.com.tr\/pt-pt\/wp-json\/wp\/v2\/pages\/78006"}],"wp:attachment":[{"href":"https:\/\/mavideniz.com.tr\/pt-pt\/wp-json\/wp\/v2\/media?parent=78012"}],"curies":[{"name":"wp","href":"https:\/\/api.w.org\/{rel}","templated":true}]}}