{"id":78015,"date":"2025-05-03T20:28:46","date_gmt":"2025-05-03T20:28:46","guid":{"rendered":"https:\/\/mavideniz.com.tr\/?page_id=78015"},"modified":"2025-10-05T00:07:27","modified_gmt":"2025-10-05T00:07:27","slug":"barreira-de-seguranca-flutuante","status":"publish","type":"page","link":"https:\/\/mavideniz.com.tr\/pt-pt\/produtos-industriais\/barra-de-petroleo-barreira\/barreira-de-seguranca-flutuante\/","title":{"rendered":"Barreira de Seguran\u00e7a Flutuante"},"content":{"rendered":"\n<p>Nossa Barreira de Seguran\u00e7a Flutuante projeta e cria prote\u00e7\u00e3o contra uma grande, pequena ou r\u00e1pida embarca\u00e7\u00e3o mar\u00edtima. Nossa Barreira Flutuante \u00e9 a solu\u00e7\u00e3o ideal para todos os locais marinhos que precisam de seguran\u00e7a. A Mavi Deniz oferece tr\u00eas tipos de Barreiras de Seguran\u00e7a Flutuantes: Barreira de Seguran\u00e7a Portu\u00e1ria, Barreira de Demarca\u00e7\u00e3o Flutuante, Barreira de Embarque e Barreira de Esqui a Jato, evitando amea\u00e7as mar\u00edtimas. Desenvolvemos o projeto para moldar as demandas dos clientes, incluir solu\u00e7\u00f5es flex\u00edveis e econ\u00f4micas e evitar ataques terroristas, especialmente barcos de alta velocidade.<\/p>\n<p><strong>Instala\u00e7\u00f5es militares<\/strong><\/p>\n<p>A Necessidade: Ap\u00f3s o ataque terrorista, a Marinha ordenou a barreira de seguran\u00e7a flutuante marinha para estabelecer um per\u00edmetro de defesa em bases navais em todo o mundo.<\/p>\n<p>O que fizemos: A equipe Harbour Offshore Barriers instalou e continua a manter sistemas de barreiras da Marinha na Turquia continental, Guam, Hava\u00ed, Jap\u00e3o, Iraque, Paquist\u00e3o, It\u00e1lia e Espanha. A Marinha classifica consistentemente o desempenho da Harbour Offshore Barriers como Excelente ou Muito Bom, resultando em um b\u00f4nus para 95% das 26 ordens de tarefas de 2003 a 2015.<\/p>\n<p><strong>Instala\u00e7\u00f5es de GNL, produ\u00e7\u00e3o de petr\u00f3leo e transporte<\/strong><\/p>\n<p>Necessidade: as instala\u00e7\u00f5es offshore e costeiras de petr\u00f3leo e g\u00e1s exigem um investimento significativo na constru\u00e7\u00e3o e na explora\u00e7\u00e3o. Proteger esses ativos contra ataques maliciosos e destrutivos com a instala\u00e7\u00e3o de uma barreira de seguran\u00e7a flutuante marinha mostra aos investidores e seguradoras que o propriet\u00e1rio operacional \u00e9 uma empresa confi\u00e1vel que lida diretamente com altos riscos \u00e0 estabilidade operacional. A tecnologia que impulsiona a expans\u00e3o de unidades flutuantes de produ\u00e7\u00e3o, armazenamento e descarga (FPSO) e unidades flutuantes, de armazenamento e regaseifica\u00e7\u00e3o (FSRU) sozinha aumenta a demanda para atender aos mais altos padr\u00f5es de seguran\u00e7a flutuante marinha.<\/p>\n<p>N\u00f3s fizemos: os especialistas da Harbour Offshore Barrier usam modelagem de computador de alto desempenho para examinar a confiabilidade e a efici\u00eancia da barreira sob condi\u00e7\u00f5es simuladas para projetar um sistema offshore. Estes incluem condi\u00e7\u00f5es do mar e do tempo, profundidades da \u00e1gua e a\u00e7\u00e3o de onda para replicar requisitos de engenharia do &#8220;mundo real&#8221;.<\/p>\n<p><strong>Portos e Marinas<\/strong><\/p>\n<p>A Necessidade: As opera\u00e7\u00f5es portu\u00e1rias, seja para carga em cont\u00eaineres, a granel, ou a granel, navios de cruzeiro, navios de pesca e barcos de recreio, ocorrem em \u00e1reas urbanas das cidades do mundo. Uma veda\u00e7\u00e3o flutuante vis\u00edvel deve impedir as amea\u00e7as de sabotagem, roubo, contrabando e explos\u00f5es fatais para evitar intrusos, permitindo que as opera\u00e7\u00f5es de tr\u00e1fego de navios prossigam conforme programado.<\/p>\n<p>O que fizemos: Enquanto os navios de patrulha se deslocam rapidamente para uma \u00e1rea sob amea\u00e7a, os sistemas de seguran\u00e7a flutuante mar\u00edtima da Harbour Offshore Barriers s\u00e3o barreiras de demarca\u00e7\u00e3o al\u00e9m das quais ningu\u00e9m deve passar. Preveem que medidas de seguran\u00e7a suplementares dissuadam mesmo a ideia de atacar um navio num porto ou canal de tr\u00e1fego, complementando simultaneamente as patrulhas marinhas.<\/p>\n<p><strong>Central nuclear<\/strong><\/p>\n<p>A Necessidade: as ag\u00eancias governamentais s\u00e3o solicitadas aos propriet\u00e1rios de usinas nucleares nos lagos a instalar barreiras subaqu\u00e1ticas para impedir o acesso \u00e0s tubula\u00e7\u00f5es de admiss\u00e3o.<\/p>\n<p>N\u00f3s fizemos: Harbour Offshore Barriers&#8217; site equipe de visita determinou que o fundo do lago e as condi\u00e7\u00f5es ambientais exigiam uma estrutura personalizada de 152 m. O sistema inclu\u00eda uma \u00fanica unidade de envergadura de ponte de 30,5 m e uma porta. O cliente descobriu que \u00e9ramos a \u00fanica empresa que poderia atender \u00e0s suas necessidades de usinas nucleares.<\/p>\n<p><strong>Barragens<\/strong><\/p>\n<p>Necessidade: o governo descobriu que proteger barragens de ataques terroristas dom\u00e9sticos e estrangeiros \u00e9 do interesse p\u00fablico. Um ataque causaria inunda\u00e7\u00f5es maci\u00e7as, perda de vidas e propriedades, e destruiria instala\u00e7\u00f5es de energia hidrel\u00e9trica.<\/p>\n<p><strong>\u00c1reas de Nata\u00e7\u00e3o<\/strong><\/p>\n<p>Barreiras fisicamente mant\u00eam embarca\u00e7\u00f5es, barcos e jet skis fora, fornecendo uma &#8220;cerca&#8221; acima da \u00e1gua. Linhas flutuantes fornecem uma delinea\u00e7\u00e3o visual, e boias fornecem sinaliza\u00e7\u00e3o para impedir a entrada. As boias utilizadas para excluir a navega\u00e7\u00e3o de uma zona devem ser em n\u00famero suficiente para criar a impress\u00e3o de que as embarca\u00e7\u00f5es n\u00e3o devem passar por uma fronteira. As boias est\u00e3o todas amarradas numa linha de fronteira razoavelmente reconhec\u00edvel.<\/p>\n<p>O que fizemos: O Bureau of Reclamation contratou a Harbour Offshore Barriers para instalar sistemas de barreira \u00e0 beira-mar para v\u00e1rias barragens e vias naveg\u00e1veis. Nosso gerente de projeto projetou e executou com \u00eaxito uma estrat\u00e9gia de log\u00edstica para transportar componentes e equipamentos significativos para locais remotos.<\/p>\n<p>O poder mar\u00edtimo \u00e9, antes de mais, um requisito da pol\u00edtica de defesa; no entanto, nenhuma economia pode sobreviver sem o apoio do com\u00e9rcio internacional e sem os s\u00e9culos do mundo global de hoje. O transporte mar\u00edtimo constitui a rede comercial dominante; a prote\u00e7\u00e3o destas rotas e bases e portos nas principais paragens d\u00e1 prioridade a todos os Estados. Portanto, dentro das estrat\u00e9gias de seguran\u00e7a moldadas com o slogan &#8220;um mundo melhor e mais seguro&#8221;, a primeira coisa recorrente se torna terrorismo. Prevenir esta amea\u00e7a aumenta a import\u00e2ncia da seguran\u00e7a mar\u00edtima e deste contexto para a defesa do porto de base.<\/p>\n<p>Fisicamente manter os vasos afastados.<\/p>\n<p><strong>Os alvos desses novos tipos de amea\u00e7as incluem:<\/strong><\/p>\n<ul>\n<li>Instala\u00e7\u00f5es militares<\/li>\n<li>Terminais offshore de petr\u00f3leo bruto e g\u00e1s natural<\/li>\n<li>Instala\u00e7\u00f5es nucleares<\/li>\n<li>Instala\u00e7\u00f5es de dessaliniza\u00e7\u00e3o<\/li>\n<li>Instala\u00e7\u00f5es portu\u00e1rias para navios de carga<\/li>\n<li>Instala\u00e7\u00f5es portu\u00e1rias para navios de cruzeiro<\/li>\n<li>Barragens de centrais hidroel\u00e9tricas<\/li>\n<li>\u00c1reas de Nata\u00e7\u00e3o<\/li>\n<\/ul>\n<h2><strong>Barreira de seguran\u00e7a de porta<\/strong><\/h2>\n\n<p>[id de wptm=42]<\/p>\n<h2><strong>Barreira Flutuante de Demarca\u00e7\u00e3o<\/strong><\/h2>\n\n<p>[id de wptm=43]<\/p>\n<h2><strong>Barreira da Zona de Nata\u00e7\u00e3o<\/strong><\/h2>\n\n<p>[id de wptm=41]<\/p>\n","protected":false},"excerpt":{"rendered":"<p>Nossa Barreira de Seguran\u00e7a Flutuante projeta e cria prote\u00e7\u00e3o contra uma grande, pequena ou r\u00e1pida embarca\u00e7\u00e3o mar\u00edtima. Nossa Barreira Flutuante [&hellip;]<\/p>\n","protected":false},"author":1,"featured_media":0,"parent":78006,"menu_order":0,"comment_status":"closed","ping_status":"closed","template":"","meta":{"site-sidebar-layout":"default","site-content-layout":"","ast-site-content-layout":"default","site-content-style":"default","site-sidebar-style":"default","ast-global-header-display":"","ast-banner-title-visibility":"","ast-main-header-display":"","ast-hfb-above-header-display":"","ast-hfb-below-header-display":"","ast-hfb-mobile-header-display":"","site-post-title":"","ast-breadcrumbs-content":"","ast-featured-img":"","footer-sml-layout":"","ast-disable-related-posts":"","theme-transparent-header-meta":"","adv-header-id-meta":"","stick-header-meta":"","header-above-stick-meta":"","header-main-stick-meta":"","header-below-stick-meta":"","astra-migrate-meta-layouts":"default","ast-page-background-enabled":"default","ast-page-background-meta":{"desktop":{"background-color":"var(--ast-global-color-5)","background-image":"","background-repeat":"repeat","background-position":"center center","background-size":"auto","background-attachment":"scroll","background-type":"","background-media":"","overlay-type":"","overlay-color":"","overlay-opacity":"","overlay-gradient":""},"tablet":{"background-color":"","background-image":"","background-repeat":"repeat","background-position":"center center","background-size":"auto","background-attachment":"scroll","background-type":"","background-media":"","overlay-type":"","overlay-color":"","overlay-opacity":"","overlay-gradient":""},"mobile":{"background-color":"","background-image":"","background-repeat":"repeat","background-position":"center center","background-size":"auto","background-attachment":"scroll","background-type":"","background-media":"","overlay-type":"","overlay-color":"","overlay-opacity":"","overlay-gradient":""}},"ast-content-background-meta":{"desktop":{"background-color":"var(--ast-global-color-4)","background-image":"","background-repeat":"repeat","background-position":"center center","background-size":"auto","background-attachment":"scroll","background-type":"","background-media":"","overlay-type":"","overlay-color":"","overlay-opacity":"","overlay-gradient":""},"tablet":{"background-color":"var(--ast-global-color-4)","background-image":"","background-repeat":"repeat","background-position":"center center","background-size":"auto","background-attachment":"scroll","background-type":"","background-media":"","overlay-type":"","overlay-color":"","overlay-opacity":"","overlay-gradient":""},"mobile":{"background-color":"var(--ast-global-color-4)","background-image":"","background-repeat":"repeat","background-position":"center center","background-size":"auto","background-attachment":"scroll","background-type":"","background-media":"","overlay-type":"","overlay-color":"","overlay-opacity":"","overlay-gradient":""}},"footnotes":""},"class_list":["post-78015","page","type-page","status-publish","hentry"],"_links":{"self":[{"href":"https:\/\/mavideniz.com.tr\/pt-pt\/wp-json\/wp\/v2\/pages\/78015","targetHints":{"allow":["GET"]}}],"collection":[{"href":"https:\/\/mavideniz.com.tr\/pt-pt\/wp-json\/wp\/v2\/pages"}],"about":[{"href":"https:\/\/mavideniz.com.tr\/pt-pt\/wp-json\/wp\/v2\/types\/page"}],"author":[{"embeddable":true,"href":"https:\/\/mavideniz.com.tr\/pt-pt\/wp-json\/wp\/v2\/users\/1"}],"replies":[{"embeddable":true,"href":"https:\/\/mavideniz.com.tr\/pt-pt\/wp-json\/wp\/v2\/comments?post=78015"}],"version-history":[{"count":0,"href":"https:\/\/mavideniz.com.tr\/pt-pt\/wp-json\/wp\/v2\/pages\/78015\/revisions"}],"up":[{"embeddable":true,"href":"https:\/\/mavideniz.com.tr\/pt-pt\/wp-json\/wp\/v2\/pages\/78006"}],"wp:attachment":[{"href":"https:\/\/mavideniz.com.tr\/pt-pt\/wp-json\/wp\/v2\/media?parent=78015"}],"curies":[{"name":"wp","href":"https:\/\/api.w.org\/{rel}","templated":true}]}}