{"id":78017,"date":"2025-05-03T20:29:38","date_gmt":"2025-05-03T20:29:38","guid":{"rendered":"https:\/\/mavideniz.com.tr\/?page_id=78017"},"modified":"2025-10-05T00:07:27","modified_gmt":"2025-10-05T00:07:27","slug":"barreira-de-controle-de-inundacao","status":"publish","type":"page","link":"https:\/\/mavideniz.com.tr\/pt-pt\/produtos-industriais\/barra-de-petroleo-barreira\/barreira-de-controle-de-inundacao\/","title":{"rendered":"Barreira de Controle de Inunda\u00e7\u00e3o"},"content":{"rendered":"\n<p>A Barreira de Controle de Inunda\u00e7\u00e3o de Mavideniz consiste em tubos de PVC cheios de \u00e1gua. A Barreira de Controle de Inunda\u00e7\u00f5es de Mavideniz pode controlar inunda\u00e7\u00f5es de at\u00e9 2,5 m de altura. A Barreira de Controle de Inunda\u00e7\u00f5es \u00e9 projetada para desviar at\u00e9 100% das \u00e1guas de inunda\u00e7\u00e3o. A Barreira de Inunda\u00e7\u00e3o pode usar controle e preven\u00e7\u00e3o de inunda\u00e7\u00f5es, reabilita\u00e7\u00e3o de barragens, rampa de barco ( constru\u00e7\u00e3o e repara\u00e7\u00e3o), p\u00e9s ( ponte, p\u00eder, canal ), travessia de gasodutos, desvio de c\u00f3rregos, repara\u00e7\u00e3o do revestimento da lagoa, repara\u00e7\u00e3o, Haz-Mat, restaura\u00e7\u00e3o de zonas \u00famidas, projetos de constru\u00e7\u00e3o, restaura\u00e7\u00e3o de lagos.<\/p>\n<p>A Barreira de Controle de Enchentes de Mavideniz \u00e9 muito mais eficiente do que os sacos de areia; portanto, n\u00e3o \u00e9 necess\u00e1rio nenhum equipamento pesado para proteger o nosso meio ambiente e sem danos ambientais, totalmente ecol\u00f3gico. A barreira de controle de inunda\u00e7\u00f5es pode ser instalada muito mais rapidamente, por uma fra\u00e7\u00e3o do custo. Al\u00e9m disso, a Barreira de Controle de Inunda\u00e7\u00e3o \u00e9 flex\u00edvel e rapidamente implantada, tornando-a ideal como uma barreira de inunda\u00e7\u00e3o para resposta r\u00e1pida a amea\u00e7as de inunda\u00e7\u00e3o ou preven\u00e7\u00e3o. A instala\u00e7\u00e3o de uma barreira de controle de enchentes requer apenas bombas port\u00e1teis, um suprimento de \u00e1gua no local e dois ou mais trabalhadores, dependendo do tamanho do projeto. Se\u00e7\u00f5es da Barreira de Inunda\u00e7\u00e3o podem se unir rapidamente para criar partes mais longas da barreira protetora. O comprimento da se\u00e7\u00e3o pode ser organizado at\u00e9 50m para suas necessidades. A se\u00e7\u00e3o de 15 metros de comprimento \u00e9 de apenas 25 kg quando vazia. Uma barreira de inunda\u00e7\u00e3o pode estar pronta para ser implantada em 90 segundos.<\/p>\n<p><strong>Recursos<\/strong><\/p>\n<ul>\n<li>Prote\u00e7\u00e3o m\u00f3vel contra enchentes<\/li>\n<li>Flex\u00edvel e f\u00e1cil de usar<\/li>\n<li>F\u00e1cil de limpar e reutiliz\u00e1vel<\/li>\n<li>O baixo custo de opera\u00e7\u00e3o, armazenamento e log\u00edstica<\/li>\n<li>A altura e o comprimento da prote\u00e7\u00e3o podem atender \u00e0s suas necessidades<\/li>\n<li>Aplic\u00e1vel \u00e0s normas ISO<\/li>\n<li>Resistente a UV + resistente a qu\u00edmicos<\/li>\n<\/ul>\n<p>[id de wptm=30]<\/p>\n","protected":false},"excerpt":{"rendered":"<p>A Barreira de Controle de Inunda\u00e7\u00e3o de Mavideniz consiste em tubos de PVC cheios de \u00e1gua. A Barreira de Controle [&hellip;]<\/p>\n","protected":false},"author":1,"featured_media":0,"parent":78006,"menu_order":0,"comment_status":"closed","ping_status":"closed","template":"","meta":{"site-sidebar-layout":"default","site-content-layout":"","ast-site-content-layout":"default","site-content-style":"default","site-sidebar-style":"default","ast-global-header-display":"","ast-banner-title-visibility":"","ast-main-header-display":"","ast-hfb-above-header-display":"","ast-hfb-below-header-display":"","ast-hfb-mobile-header-display":"","site-post-title":"","ast-breadcrumbs-content":"","ast-featured-img":"","footer-sml-layout":"","ast-disable-related-posts":"","theme-transparent-header-meta":"","adv-header-id-meta":"","stick-header-meta":"","header-above-stick-meta":"","header-main-stick-meta":"","header-below-stick-meta":"","astra-migrate-meta-layouts":"default","ast-page-background-enabled":"default","ast-page-background-meta":{"desktop":{"background-color":"var(--ast-global-color-5)","background-image":"","background-repeat":"repeat","background-position":"center center","background-size":"auto","background-attachment":"scroll","background-type":"","background-media":"","overlay-type":"","overlay-color":"","overlay-opacity":"","overlay-gradient":""},"tablet":{"background-color":"","background-image":"","background-repeat":"repeat","background-position":"center center","background-size":"auto","background-attachment":"scroll","background-type":"","background-media":"","overlay-type":"","overlay-color":"","overlay-opacity":"","overlay-gradient":""},"mobile":{"background-color":"","background-image":"","background-repeat":"repeat","background-position":"center center","background-size":"auto","background-attachment":"scroll","background-type":"","background-media":"","overlay-type":"","overlay-color":"","overlay-opacity":"","overlay-gradient":""}},"ast-content-background-meta":{"desktop":{"background-color":"var(--ast-global-color-4)","background-image":"","background-repeat":"repeat","background-position":"center center","background-size":"auto","background-attachment":"scroll","background-type":"","background-media":"","overlay-type":"","overlay-color":"","overlay-opacity":"","overlay-gradient":""},"tablet":{"background-color":"var(--ast-global-color-4)","background-image":"","background-repeat":"repeat","background-position":"center center","background-size":"auto","background-attachment":"scroll","background-type":"","background-media":"","overlay-type":"","overlay-color":"","overlay-opacity":"","overlay-gradient":""},"mobile":{"background-color":"var(--ast-global-color-4)","background-image":"","background-repeat":"repeat","background-position":"center center","background-size":"auto","background-attachment":"scroll","background-type":"","background-media":"","overlay-type":"","overlay-color":"","overlay-opacity":"","overlay-gradient":""}},"footnotes":""},"class_list":["post-78017","page","type-page","status-publish","hentry"],"_links":{"self":[{"href":"https:\/\/mavideniz.com.tr\/pt-pt\/wp-json\/wp\/v2\/pages\/78017","targetHints":{"allow":["GET"]}}],"collection":[{"href":"https:\/\/mavideniz.com.tr\/pt-pt\/wp-json\/wp\/v2\/pages"}],"about":[{"href":"https:\/\/mavideniz.com.tr\/pt-pt\/wp-json\/wp\/v2\/types\/page"}],"author":[{"embeddable":true,"href":"https:\/\/mavideniz.com.tr\/pt-pt\/wp-json\/wp\/v2\/users\/1"}],"replies":[{"embeddable":true,"href":"https:\/\/mavideniz.com.tr\/pt-pt\/wp-json\/wp\/v2\/comments?post=78017"}],"version-history":[{"count":0,"href":"https:\/\/mavideniz.com.tr\/pt-pt\/wp-json\/wp\/v2\/pages\/78017\/revisions"}],"up":[{"embeddable":true,"href":"https:\/\/mavideniz.com.tr\/pt-pt\/wp-json\/wp\/v2\/pages\/78006"}],"wp:attachment":[{"href":"https:\/\/mavideniz.com.tr\/pt-pt\/wp-json\/wp\/v2\/media?parent=78017"}],"curies":[{"name":"wp","href":"https:\/\/api.w.org\/{rel}","templated":true}]}}