{"id":78020,"date":"2025-05-03T20:30:37","date_gmt":"2025-05-03T20:30:37","guid":{"rendered":"https:\/\/mavideniz.com.tr\/?page_id=78020"},"modified":"2025-10-05T00:07:26","modified_gmt":"2025-10-05T00:07:26","slug":"rede-de-barreira-de-agua-viva","status":"publish","type":"page","link":"https:\/\/mavideniz.com.tr\/pt-pt\/produtos-industriais\/barra-de-petroleo-barreira\/rede-de-barreira-de-agua-viva\/","title":{"rendered":"Rede de barreira de \u00e1gua-viva"},"content":{"rendered":"\n<p><strong>REDE DE PROTE\u00c7\u00c3O CONTRA \u00c1GUAS-VIVAS<\/strong><\/p>\n<p>Mavi Deniz \u00e9 l\u00edder mundial na prote\u00e7\u00e3o dos ecossistemas dos habitats marinhos com o fornecimento de redes de barreira para \u00e1guas-vivas em todo o mundo. A utilidade de uma rede de \u00e1gua-viva \u00e9 reconhecida em v\u00e1rias \u00e1reas, incluindo a pesca e o banho.<\/p>\n<p>Percebe-se a prolifera\u00e7\u00e3o de v\u00e1rias esp\u00e9cies novas, ent\u00e3o ferramentas como a rede de \u00e1guas-vivas se tornam ainda mais necess\u00e1rias por algumas raz\u00f5es v\u00e1lidas. Os nossos dispositivos poderiam dificultar, de forma natural e direta, estas m\u00e1s reuni\u00f5es mar\u00edtimas.<\/p>\n<p><strong>Aqui est\u00e3o as especifica\u00e7\u00f5es da rede barreira de \u00e1guas-vivas;<\/strong><\/p>\n<ul>\n<li>Estrondo de conten\u00e7\u00e3o para \u00e1guas-vivas e algas.<\/li>\n<li>Sem impacto na vida marinha.<\/li>\n<li>Sem impacto qu\u00edmico<\/li>\n<li>A barreira reduz o custo do sistema de sa\u00fade do Estado por danos causados por uma \u00e1gua-viva ardente.<\/li>\n<li>Voc\u00ea n\u00e3o precisa de nenhuma ajuda: as barreiras est\u00e3o prontas para usar.<\/li>\n<li>Os sistemas de infla\u00e7\u00e3o durante a instala\u00e7\u00e3o ou a bordo do<\/li>\n<li>Para a barreira n\u00e3o h\u00e1 perigo de perfura\u00e7\u00e3o ou defla\u00e7\u00e3o<\/li>\n<li>M\u00f3dulos leves e f\u00e1ceis de manusear.<\/li>\n<\/ul>\n<p>Pelas raz\u00f5es acima mencionadas, \u00e9 necess\u00e1rio descobrir um sistema de barreira ecol\u00f3gica para \u00e1guas-vivas que n\u00e3o prejudique a vida marinha e n\u00e3o seja um obst\u00e1culo ou perigo para os protagonistas do mar. A rede de \u00e1guas-vivas \u00e9 a resposta correta a um requisito criado h\u00e1 muito tempo e que ningu\u00e9m tinha sido capaz de dar uma solu\u00e7\u00e3o.<\/p>\n<p><strong>Reconhecimentos de rede anti-\u00e1gua-viva<\/strong><\/p>\n<p>As barreiras de prote\u00e7\u00e3o contra algas e \u00e1guas-vivas s\u00e3o ecol\u00f3gicas e, ao mesmo tempo, t\u00eam funcionalidade e efici\u00eancia muito elevadas.<\/p>\n<p>Nossa barreira anti-\u00e1gua-viva obteve um reconhecimento internacional.<\/p>\n<p>Mavi Deniz inventou a rede de \u00e1guas-vivas, que projetou uma solu\u00e7\u00e3o para todos os problemas causados por \u00e1guas-vivas e algas, quest\u00f5es significativas que comprometem a pesca, o turismo e a sa\u00fade das pessoas.<\/p>\n<p>A rede de \u00e1guas-vivas \u00e9 um produto que protege o homem e as suas atividades, e tamb\u00e9m o protege de ataques perigosos e, por vezes, fatais.<\/p>\n<p><strong>TAMANHO DA NOSSA REDE DE \u00c1GUAS-VIVAS<\/strong><\/p>\n<p>M\u00f3dulos padr\u00e3o e personalizados s\u00e3o poss\u00edveis.<\/p>\n<p>O comprimento do m\u00f3dulo da rede anti-algas e \u00e1guas-vivas \u00e9 de at\u00e9 30 m de profundidade. No entanto, as necessidades podem ser diferentes e as \u00e1reas a serem protegidas podem ter um tamanho e uma forma que exijam o tamanho personalizado que pode cobrir a maior parte do espa\u00e7o a ser protegido.<\/p>\n<p>Tamb\u00e9m \u00e9 poss\u00edvel realizar m\u00f3dulos personalizados tanto em comprimento quanto profundidade.<\/p>\n<p>A personaliza\u00e7\u00e3o de nossos m\u00f3dulos \u00e9 significativa porque atendemos \u00e0s necessidades espec\u00edficas dos clientes.<\/p>\n<p>Estamos aqui para criar m\u00f3dulos anti-\u00e1gua-viva que podem atender e satisfazer suas necessidades espec\u00edficas. N\u00e3o ser\u00e1 uma interven\u00e7\u00e3o que ir\u00e1 danificar o seu territ\u00f3rio porque n\u00e3o \u00e9 permanente. Uma vez que n\u00e3o s\u00e3o necess\u00e1rios sistemas de infla\u00e7\u00e3o em terra, a rede de \u00e1guas-vivas n\u00e3o tem impacto na vida marinha e n\u00e3o envolve qualquer efeito qu\u00edmico.<\/p>\n<p>Al\u00e9m disso, todos os m\u00f3dulos s\u00e3o muito leves e f\u00e1ceis de manusear, e a instala\u00e7\u00e3o \u00e9 r\u00e1pida e direta e ocorre sem interven\u00e7\u00f5es externas.<\/p>\n<p>Uma barreira de \u00e1gua-viva \u00e9 uma ferramenta necess\u00e1ria criada excelentemente que garante apenas benef\u00edcios e solu\u00e7\u00f5es para todos os seus problemas.<\/p>\n<p>Testou a barreira das \u00e1guas-vivas como a melhor maneira de proteg\u00ea-lo contra \u00e1guas-vivas e algas.<\/p>\n<p><strong>Instala\u00e7\u00e3o<\/strong><\/p>\n<p>A rede anti-\u00e1gua-viva n\u00e3o impede de forma alguma a passagem dos navios. Os m\u00f3dulos podem se unir ou ser facilmente separados para permitir que as embarca\u00e7\u00f5es passem ou criem zonas protegidas.<\/p>\n<p>N\u00e3o ser\u00e1 uma barreira permanente, mas ter\u00e1 a flexibilidade e a adaptabilidade necess\u00e1rias para responder a necessidades e circunst\u00e2ncias espec\u00edficas.<\/p>\n<p>Uma seguran\u00e7a que n\u00e3o prejudique o meio ambiente nem interfira com as opera\u00e7\u00f5es normais e comuns.<\/p>\n<p><strong>COMO INSTALAR UMA REDE DE \u00c1GUAS-VIVAS?<\/strong><\/p>\n<p>A instala\u00e7\u00e3o da nossa rede \u00e9 simples e n\u00e3o requer uma opera\u00e7\u00e3o invasiva na \u00e1rea a ser protegida. \u00c9 uma ajuda indispens\u00e1vel, mas ao mesmo tempo, discreta e n\u00e3o permanente.<\/p>\n<p>A barreira tem uma instala\u00e7\u00e3o direta.<\/p>\n<p>H\u00e1 um painel lateral na rede para facilitar a fixa\u00e7\u00e3o das \u00e2ncoras.<\/p>\n<p>N\u00f3s fornecemos-lhe v\u00e1rios kits de ancoragem com base em um local espec\u00edfico onde a rede de \u00e1guas-vivas est\u00e1 instalada.<\/p>\n<p>Desta forma, voc\u00ea pode ter certeza de ter a prote\u00e7\u00e3o adequada e a instala\u00e7\u00e3o correta e ser totalmente protegido de \u00e1guas-vivas e algas.<\/p>\n<p>Al\u00e9m disso, temos o mergulhador para servi\u00e7o de instala\u00e7\u00e3o no fundo do mar para facilitar o seu trabalho.<\/p>\n<p>[id de wptm=44]<\/p>\n","protected":false},"excerpt":{"rendered":"<p>REDE DE PROTE\u00c7\u00c3O CONTRA \u00c1GUAS-VIVAS Mavi Deniz \u00e9 l\u00edder mundial na prote\u00e7\u00e3o dos ecossistemas dos habitats marinhos com o fornecimento [&hellip;]<\/p>\n","protected":false},"author":1,"featured_media":0,"parent":78006,"menu_order":0,"comment_status":"closed","ping_status":"closed","template":"","meta":{"site-sidebar-layout":"default","site-content-layout":"","ast-site-content-layout":"default","site-content-style":"default","site-sidebar-style":"default","ast-global-header-display":"","ast-banner-title-visibility":"","ast-main-header-display":"","ast-hfb-above-header-display":"","ast-hfb-below-header-display":"","ast-hfb-mobile-header-display":"","site-post-title":"","ast-breadcrumbs-content":"","ast-featured-img":"","footer-sml-layout":"","ast-disable-related-posts":"","theme-transparent-header-meta":"","adv-header-id-meta":"","stick-header-meta":"","header-above-stick-meta":"","header-main-stick-meta":"","header-below-stick-meta":"","astra-migrate-meta-layouts":"default","ast-page-background-enabled":"default","ast-page-background-meta":{"desktop":{"background-color":"var(--ast-global-color-5)","background-image":"","background-repeat":"repeat","background-position":"center center","background-size":"auto","background-attachment":"scroll","background-type":"","background-media":"","overlay-type":"","overlay-color":"","overlay-opacity":"","overlay-gradient":""},"tablet":{"background-color":"","background-image":"","background-repeat":"repeat","background-position":"center center","background-size":"auto","background-attachment":"scroll","background-type":"","background-media":"","overlay-type":"","overlay-color":"","overlay-opacity":"","overlay-gradient":""},"mobile":{"background-color":"","background-image":"","background-repeat":"repeat","background-position":"center center","background-size":"auto","background-attachment":"scroll","background-type":"","background-media":"","overlay-type":"","overlay-color":"","overlay-opacity":"","overlay-gradient":""}},"ast-content-background-meta":{"desktop":{"background-color":"var(--ast-global-color-4)","background-image":"","background-repeat":"repeat","background-position":"center center","background-size":"auto","background-attachment":"scroll","background-type":"","background-media":"","overlay-type":"","overlay-color":"","overlay-opacity":"","overlay-gradient":""},"tablet":{"background-color":"var(--ast-global-color-4)","background-image":"","background-repeat":"repeat","background-position":"center center","background-size":"auto","background-attachment":"scroll","background-type":"","background-media":"","overlay-type":"","overlay-color":"","overlay-opacity":"","overlay-gradient":""},"mobile":{"background-color":"var(--ast-global-color-4)","background-image":"","background-repeat":"repeat","background-position":"center center","background-size":"auto","background-attachment":"scroll","background-type":"","background-media":"","overlay-type":"","overlay-color":"","overlay-opacity":"","overlay-gradient":""}},"footnotes":""},"class_list":["post-78020","page","type-page","status-publish","hentry"],"_links":{"self":[{"href":"https:\/\/mavideniz.com.tr\/pt-pt\/wp-json\/wp\/v2\/pages\/78020","targetHints":{"allow":["GET"]}}],"collection":[{"href":"https:\/\/mavideniz.com.tr\/pt-pt\/wp-json\/wp\/v2\/pages"}],"about":[{"href":"https:\/\/mavideniz.com.tr\/pt-pt\/wp-json\/wp\/v2\/types\/page"}],"author":[{"embeddable":true,"href":"https:\/\/mavideniz.com.tr\/pt-pt\/wp-json\/wp\/v2\/users\/1"}],"replies":[{"embeddable":true,"href":"https:\/\/mavideniz.com.tr\/pt-pt\/wp-json\/wp\/v2\/comments?post=78020"}],"version-history":[{"count":0,"href":"https:\/\/mavideniz.com.tr\/pt-pt\/wp-json\/wp\/v2\/pages\/78020\/revisions"}],"up":[{"embeddable":true,"href":"https:\/\/mavideniz.com.tr\/pt-pt\/wp-json\/wp\/v2\/pages\/78006"}],"wp:attachment":[{"href":"https:\/\/mavideniz.com.tr\/pt-pt\/wp-json\/wp\/v2\/media?parent=78020"}],"curies":[{"name":"wp","href":"https:\/\/api.w.org\/{rel}","templated":true}]}}