{"id":78024,"date":"2025-05-03T20:32:15","date_gmt":"2025-05-03T20:32:15","guid":{"rendered":"https:\/\/mavideniz.com.tr\/?page_id=78024"},"modified":"2025-10-05T00:07:26","modified_gmt":"2025-10-05T00:07:26","slug":"lanca-de-selagem-de-praia-lanca-de-costa","status":"publish","type":"page","link":"https:\/\/mavideniz.com.tr\/pt-pt\/produtos-industriais\/barra-de-petroleo-barreira\/lanca-de-contencao-de-oleo\/lanca-de-selagem-de-praia-lanca-de-costa\/","title":{"rendered":"Lan\u00e7a de Selagem de Praia + Lan\u00e7a de Costa"},"content":{"rendered":"\n<p>Mavi Deniz Beach Sealing Boom \u00e9 um boom de conten\u00e7\u00e3o de derramamento de petr\u00f3leo que o torna adequado para ambientes de \u00e1guas rasas, costas, \u00e1reas costeiras pantanosas e praias. Beach Sealing Boom \u00e9 ben\u00e9fico em \u00e1reas sujeitas a flutua\u00e7\u00f5es de mar\u00e9.<\/p>\n<p>Beach Sealing Boom se encaixa com um \u00fanico tubo de ar ao longo do topo de cada se\u00e7\u00e3o. O bordo livre fornece uma c\u00e2mara de flutua\u00e7\u00e3o infl\u00e1vel ou cheia de espuma, o que permite que o Boom Shore funcione como booms de cortina convencionais em \u00e1guas mais profundas. Esta c\u00e2mara \u00e9 inflada, e o Shore Boom pode rebocar para o local de implanta\u00e7\u00e3o. Uma vez no local, os tubos de \u00e1gua s\u00e3o enchidos.<\/p>\n<p>Beach Barrier, Shore Boom, \u00e9 um boom de conten\u00e7\u00e3o de prop\u00f3sito \u00fanico que utiliza lastro de \u00e1gua. A \u00e1gua \u00e9 bombeada para dois tubos ao longo do fundo da lan\u00e7a. Esta \u00e1gua atua como lastro quando o boom est\u00e1 flutuando; uma vez que o boom est\u00e1 encalhado. Estes tubos sentam no ch\u00e3o e formam uma foca. O Shore Boom pode fazer a transi\u00e7\u00e3o entre a \u00e1gua e a terra e evitar a propaga\u00e7\u00e3o de petr\u00f3leo nessas regi\u00f5es.<\/p>\n<p>Uma gama completa de bobinas de lan\u00e7a, ventiladores de ar e bombas de \u00e1gua est\u00e3o dispon\u00edveis.<\/p>\n<p><strong>Recursos<\/strong><\/p>\n<ul>\n<li>O Shore Boom \u00e9 ideal para opera\u00e7\u00f5es em praias com ondas relativamente pequenas, p\u00e2ntanos, lagoas e outras \u00e1reas onde o n\u00edvel da \u00e1gua \u00e9 raso ou muda devido \u00e0 mar\u00e9, chuvas ou inunda\u00e7\u00f5es.<\/li>\n<li>O Shore Boom pode flutuar sobre a \u00e1gua e vedar para a costa para evitar a migra\u00e7\u00e3o de contaminantes flutuantes.<\/li>\n<li>Shore Boom tem excelente desempenho e funciona bem em \u00e1guas de mar\u00e9, rios din\u00e2micos ou lagos.<\/li>\n<li>Dispon\u00edvel em uma ampla gama de tecidos de PVC \/ PU \/ neoprene.<\/li>\n<li>Para m\u00e1xima confiabilidade, Beach Sealin Boom tem v\u00e1rias c\u00e2maras que s\u00e3o segmentadas para garantir que o boom continua a flutuar no caso de danos.<\/li>\n<li>A gasolina barata impulsionou o soprador de infla\u00e7\u00e3o, e a bomba de \u00e1gua movida a gasolina foi usada para encher as c\u00e2maras.<\/li>\n<li>Conectores de alum\u00ednio marinho resistentes \u00e0 corros\u00e3o estilo ASTM.<\/li>\n<li>Tamanhos personalizados dispon\u00edveis.<\/li>\n<\/ul>\n<p>[id de wptm=31]<\/p>\n","protected":false},"excerpt":{"rendered":"<p>Mavi Deniz Beach Sealing Boom \u00e9 um boom de conten\u00e7\u00e3o de derramamento de petr\u00f3leo que o torna adequado para ambientes [&hellip;]<\/p>\n","protected":false},"author":1,"featured_media":0,"parent":78022,"menu_order":0,"comment_status":"closed","ping_status":"closed","template":"","meta":{"site-sidebar-layout":"default","site-content-layout":"","ast-site-content-layout":"default","site-content-style":"default","site-sidebar-style":"default","ast-global-header-display":"","ast-banner-title-visibility":"","ast-main-header-display":"","ast-hfb-above-header-display":"","ast-hfb-below-header-display":"","ast-hfb-mobile-header-display":"","site-post-title":"","ast-breadcrumbs-content":"","ast-featured-img":"","footer-sml-layout":"","ast-disable-related-posts":"","theme-transparent-header-meta":"","adv-header-id-meta":"","stick-header-meta":"","header-above-stick-meta":"","header-main-stick-meta":"","header-below-stick-meta":"","astra-migrate-meta-layouts":"default","ast-page-background-enabled":"default","ast-page-background-meta":{"desktop":{"background-color":"var(--ast-global-color-5)","background-image":"","background-repeat":"repeat","background-position":"center center","background-size":"auto","background-attachment":"scroll","background-type":"","background-media":"","overlay-type":"","overlay-color":"","overlay-opacity":"","overlay-gradient":""},"tablet":{"background-color":"","background-image":"","background-repeat":"repeat","background-position":"center center","background-size":"auto","background-attachment":"scroll","background-type":"","background-media":"","overlay-type":"","overlay-color":"","overlay-opacity":"","overlay-gradient":""},"mobile":{"background-color":"","background-image":"","background-repeat":"repeat","background-position":"center center","background-size":"auto","background-attachment":"scroll","background-type":"","background-media":"","overlay-type":"","overlay-color":"","overlay-opacity":"","overlay-gradient":""}},"ast-content-background-meta":{"desktop":{"background-color":"var(--ast-global-color-4)","background-image":"","background-repeat":"repeat","background-position":"center center","background-size":"auto","background-attachment":"scroll","background-type":"","background-media":"","overlay-type":"","overlay-color":"","overlay-opacity":"","overlay-gradient":""},"tablet":{"background-color":"var(--ast-global-color-4)","background-image":"","background-repeat":"repeat","background-position":"center center","background-size":"auto","background-attachment":"scroll","background-type":"","background-media":"","overlay-type":"","overlay-color":"","overlay-opacity":"","overlay-gradient":""},"mobile":{"background-color":"var(--ast-global-color-4)","background-image":"","background-repeat":"repeat","background-position":"center center","background-size":"auto","background-attachment":"scroll","background-type":"","background-media":"","overlay-type":"","overlay-color":"","overlay-opacity":"","overlay-gradient":""}},"footnotes":""},"class_list":["post-78024","page","type-page","status-publish","hentry"],"_links":{"self":[{"href":"https:\/\/mavideniz.com.tr\/pt-pt\/wp-json\/wp\/v2\/pages\/78024","targetHints":{"allow":["GET"]}}],"collection":[{"href":"https:\/\/mavideniz.com.tr\/pt-pt\/wp-json\/wp\/v2\/pages"}],"about":[{"href":"https:\/\/mavideniz.com.tr\/pt-pt\/wp-json\/wp\/v2\/types\/page"}],"author":[{"embeddable":true,"href":"https:\/\/mavideniz.com.tr\/pt-pt\/wp-json\/wp\/v2\/users\/1"}],"replies":[{"embeddable":true,"href":"https:\/\/mavideniz.com.tr\/pt-pt\/wp-json\/wp\/v2\/comments?post=78024"}],"version-history":[{"count":0,"href":"https:\/\/mavideniz.com.tr\/pt-pt\/wp-json\/wp\/v2\/pages\/78024\/revisions"}],"up":[{"embeddable":true,"href":"https:\/\/mavideniz.com.tr\/pt-pt\/wp-json\/wp\/v2\/pages\/78022"}],"wp:attachment":[{"href":"https:\/\/mavideniz.com.tr\/pt-pt\/wp-json\/wp\/v2\/media?parent=78024"}],"curies":[{"name":"wp","href":"https:\/\/api.w.org\/{rel}","templated":true}]}}