{"id":78026,"date":"2025-05-03T20:32:56","date_gmt":"2025-05-03T20:32:56","guid":{"rendered":"https:\/\/mavideniz.com.tr\/?page_id=78026"},"modified":"2025-10-05T00:07:25","modified_gmt":"2025-10-05T00:07:25","slug":"lanca-de-oleo-inflavel-pvc-pu-inflacao-de-ponto-unico","status":"publish","type":"page","link":"https:\/\/mavideniz.com.tr\/pt-pt\/produtos-industriais\/barra-de-petroleo-barreira\/lanca-de-contencao-de-oleo\/lanca-de-oleo-inflavel-pvc-pu-inflacao-de-ponto-unico\/","title":{"rendered":"Lan\u00e7a de \u00f3leo infl\u00e1vel, PVC + PU + infla\u00e7\u00e3o de ponto \u00fanico"},"content":{"rendered":"\n<p>A alta flutuabilidade do Boom infl\u00e1vel do \u00f3leo do pvc da Mavi Deniz + Boom infl\u00e1vel do \u00f3leo do plut\u00f4nio o torna adequado para uso em v\u00e1rias condi\u00e7\u00f5es, desde \u00e1gua abrigada a ondas de oceano aberto. O Boom infl\u00e1vel do \u00f3leo \u00e9 projetado para fornecer conten\u00e7\u00e3o de \u00f3leo flutuante segura, r\u00e1pida e eficiente. O Boom infl\u00e1vel do \u00f3leo tem excelente resist\u00eancia ao \u00f3leo, luz solar, desgaste, \u00e1gua do mar, perfura\u00e7\u00e3o, abras\u00e3o e rasgamento.<\/p>\n<p><strong>Boom infl\u00e1vel do \u00f3leo de ponto \u00fanico<\/strong><\/p>\n<p>Cada se\u00e7\u00e3o tem c\u00e2maras de ar individuais, e cada c\u00e2mara \u00e9 conectada ao sistema de enchimento de ar do trilho padr\u00e3o atrav\u00e9s de uma v\u00e1lvula de reten\u00e7\u00e3o. As c\u00e2maras t\u00eam uma v\u00e1lvula de alta capacidade montada para defla\u00e7\u00e3o ao recuperar a lan\u00e7a. No caso improv\u00e1vel de que o sistema de infla\u00e7\u00e3o de ponto \u00fanico falhe, esta v\u00e1lvula de ar oferece uma solu\u00e7\u00e3o de infla\u00e7\u00e3o de reserva semelhante \u00e0s boias de \u00f3leo infladas a ar comuns.<\/p>\n<p><strong>Boom infl\u00e1vel padr\u00e3o do \u00f3leo<\/strong><\/p>\n<p>As c\u00e2maras de ar s\u00e3o infladas se\u00e7\u00e3o por se\u00e7\u00e3o atrav\u00e9s de uma mochila \/ soprador padr\u00e3o.<\/p>\n<p>Air Boom \u00e9 um Boom de \u00f3leo infl\u00e1vel de press\u00e3o que usa o ar para flutuabilidade. Cada comprimento de se\u00e7\u00e3o infl\u00e1vel do boom do \u00f3leo do PVC + do boom infl\u00e1vel do \u00f3leo do PU \u00e9 segmentado em c\u00e2maras infl\u00e1veis individuais atrav\u00e9s de anteparas internas. Isso garante que a lan\u00e7a manter\u00e1 a flutuabilidade positiva e continuar\u00e1 a flutuar em caso de qualquer dano. Booms apresentam infla\u00e7\u00e3o pura, r\u00e1pida e alta flutuabilidade para as taxas de peso em ondas e condi\u00e7\u00f5es exigentes.<\/p>\n<p>O Boom infl\u00e1vel do \u00f3leo do PVC + Boom infl\u00e1vel do \u00f3leo do plut\u00f4nio tamb\u00e9m est\u00e1 dispon\u00edvel com se\u00e7\u00f5es substanciais da flutua\u00e7\u00e3o da espuma ao longo do topo do boom para mant\u00ea-lo flutuando caso uma das c\u00e2maras danifique ou esvazie. Nosso projeto infl\u00e1vel mais popular da lan\u00e7a.<\/p>\n<p>O Boom infl\u00e1vel do \u00f3leo do PVC + Boom infl\u00e1vel do \u00f3leo do PU \u00e9 compacto para o armazenamento excelente em bobinas da lan\u00e7a, tornando-o f\u00e1cil e r\u00e1pido de implantar e recuperar com uma for\u00e7a de trabalho m\u00ednima.<\/p>\n<p>O Boom infl\u00e1vel do \u00f3leo do PVC + Boom infl\u00e1vel do \u00f3leo do PU pode ser inflado usando ventiladores de infla\u00e7\u00e3o de m\u00e3o ou de mochila ou ventiladores hidr\u00e1ulicos integrados aut\u00f4nomos ou montados no armazenamento da lan\u00e7a e no rolo de implanta\u00e7\u00e3o.<\/p>\n<p><strong>Recursos<\/strong><\/p>\n<ul>\n<li>Ponto \u00fanico Infla\u00e7\u00e3o com cada se\u00e7\u00e3o que fornece flutua\u00e7\u00e3o antes da infla\u00e7\u00e3o ou em caso de dano<\/li>\n<li>Boom infl\u00e1vel do \u00f3leo do PVC + Boom infl\u00e1vel do \u00f3leo do PU \u00e9 ideal para opera\u00e7\u00f5es em terminais marinhos, portos, portos, offshore e oceano.<\/li>\n<li>Boom infl\u00e1vel do PVC + Boom infl\u00e1vel do PU est\u00e1 dispon\u00edvel em uma ampla gama de tecidos revestidos do PVC e do PU.<\/li>\n<li>Boom infl\u00e1vel tem m\u00faltiplas c\u00e2maras para a m\u00e1xima confiabilidade.<\/li>\n<li>Resistente a \u00f3leo, resistente ao desgaste, resistente \u00e0 \u00e1gua do mar e resistente a UV<\/li>\n<li>C\u00e2maras segmentadas garantem que o boom continue a flutuar em caso de danos.<\/li>\n<li>Conectores de alum\u00ednio marinho resistentes \u00e0 corros\u00e3o estilo ASTM.<\/li>\n<li>Corrente de balastro de a\u00e7o galvanizado resistente.<\/li>\n<li>Tamanhos personalizados dispon\u00edveis<\/li>\n<\/ul>\n<p><strong>Boom infl\u00e1vel padr\u00e3o do \u00f3leo<\/strong><\/p>\n<p>[id de wptm=33]<\/p>\n<p><strong>Boom infl\u00e1vel do \u00f3leo de ponto \u00fanico<\/strong><\/p>\n<p>[id de wptm=37]<\/p>\n","protected":false},"excerpt":{"rendered":"<p>A alta flutuabilidade do Boom infl\u00e1vel do \u00f3leo do pvc da Mavi Deniz + Boom infl\u00e1vel do \u00f3leo do plut\u00f4nio [&hellip;]<\/p>\n","protected":false},"author":1,"featured_media":0,"parent":78022,"menu_order":0,"comment_status":"closed","ping_status":"closed","template":"","meta":{"site-sidebar-layout":"default","site-content-layout":"","ast-site-content-layout":"default","site-content-style":"default","site-sidebar-style":"default","ast-global-header-display":"","ast-banner-title-visibility":"","ast-main-header-display":"","ast-hfb-above-header-display":"","ast-hfb-below-header-display":"","ast-hfb-mobile-header-display":"","site-post-title":"","ast-breadcrumbs-content":"","ast-featured-img":"","footer-sml-layout":"","ast-disable-related-posts":"","theme-transparent-header-meta":"","adv-header-id-meta":"","stick-header-meta":"","header-above-stick-meta":"","header-main-stick-meta":"","header-below-stick-meta":"","astra-migrate-meta-layouts":"default","ast-page-background-enabled":"default","ast-page-background-meta":{"desktop":{"background-color":"var(--ast-global-color-5)","background-image":"","background-repeat":"repeat","background-position":"center center","background-size":"auto","background-attachment":"scroll","background-type":"","background-media":"","overlay-type":"","overlay-color":"","overlay-opacity":"","overlay-gradient":""},"tablet":{"background-color":"","background-image":"","background-repeat":"repeat","background-position":"center center","background-size":"auto","background-attachment":"scroll","background-type":"","background-media":"","overlay-type":"","overlay-color":"","overlay-opacity":"","overlay-gradient":""},"mobile":{"background-color":"","background-image":"","background-repeat":"repeat","background-position":"center center","background-size":"auto","background-attachment":"scroll","background-type":"","background-media":"","overlay-type":"","overlay-color":"","overlay-opacity":"","overlay-gradient":""}},"ast-content-background-meta":{"desktop":{"background-color":"var(--ast-global-color-4)","background-image":"","background-repeat":"repeat","background-position":"center center","background-size":"auto","background-attachment":"scroll","background-type":"","background-media":"","overlay-type":"","overlay-color":"","overlay-opacity":"","overlay-gradient":""},"tablet":{"background-color":"var(--ast-global-color-4)","background-image":"","background-repeat":"repeat","background-position":"center center","background-size":"auto","background-attachment":"scroll","background-type":"","background-media":"","overlay-type":"","overlay-color":"","overlay-opacity":"","overlay-gradient":""},"mobile":{"background-color":"var(--ast-global-color-4)","background-image":"","background-repeat":"repeat","background-position":"center center","background-size":"auto","background-attachment":"scroll","background-type":"","background-media":"","overlay-type":"","overlay-color":"","overlay-opacity":"","overlay-gradient":""}},"footnotes":""},"class_list":["post-78026","page","type-page","status-publish","hentry"],"_links":{"self":[{"href":"https:\/\/mavideniz.com.tr\/pt-pt\/wp-json\/wp\/v2\/pages\/78026","targetHints":{"allow":["GET"]}}],"collection":[{"href":"https:\/\/mavideniz.com.tr\/pt-pt\/wp-json\/wp\/v2\/pages"}],"about":[{"href":"https:\/\/mavideniz.com.tr\/pt-pt\/wp-json\/wp\/v2\/types\/page"}],"author":[{"embeddable":true,"href":"https:\/\/mavideniz.com.tr\/pt-pt\/wp-json\/wp\/v2\/users\/1"}],"replies":[{"embeddable":true,"href":"https:\/\/mavideniz.com.tr\/pt-pt\/wp-json\/wp\/v2\/comments?post=78026"}],"version-history":[{"count":0,"href":"https:\/\/mavideniz.com.tr\/pt-pt\/wp-json\/wp\/v2\/pages\/78026\/revisions"}],"up":[{"embeddable":true,"href":"https:\/\/mavideniz.com.tr\/pt-pt\/wp-json\/wp\/v2\/pages\/78022"}],"wp:attachment":[{"href":"https:\/\/mavideniz.com.tr\/pt-pt\/wp-json\/wp\/v2\/media?parent=78026"}],"curies":[{"name":"wp","href":"https:\/\/api.w.org\/{rel}","templated":true}]}}