{"id":78028,"date":"2025-05-03T20:33:39","date_gmt":"2025-05-03T20:33:39","guid":{"rendered":"https:\/\/mavideniz.com.tr\/?page_id=78028"},"modified":"2025-10-05T00:07:25","modified_gmt":"2025-10-05T00:07:25","slug":"lanca-de-barreira-de-oleo-_-lanca-permanente","status":"publish","type":"page","link":"https:\/\/mavideniz.com.tr\/pt-pt\/produtos-industriais\/barra-de-petroleo-barreira\/lanca-de-contencao-de-oleo\/lanca-de-barreira-de-oleo-_-lanca-permanente\/","title":{"rendered":"Lan\u00e7a de Barreira de \u00d3leo _ Lan\u00e7a Permanente"},"content":{"rendered":"\n<p>A Barreira de \u00f3leo tem uma constru\u00e7\u00e3o robusta e um boom de alta tecnologia projetado para uma vida longa. Uma Barreira de Petr\u00f3leo \u00e9 um boom de derramamento de petr\u00f3leo projetado para instala\u00e7\u00e3o permanente em refinarias, portos, portos, lagoas, docas, cais, plataformas de petr\u00f3leo, navios, fazendas de pesca e outras instala\u00e7\u00f5es onde os derramamentos s\u00e3o poss\u00edveis.<\/p>\n<p>Barreira de \u00f3leo tem excelente UV, impacto e flutuadores HDPE resistentes \u00e0 abras\u00e3o. Estes flutuadores de polietileno de alta densidade moldados pesados s\u00e3o ligados ao tecido de base resistente.<\/p>\n<p>Barreira de \u00f3leo tem um sistema de pinos de \u00e2ncora como padr\u00e3o. Barreira de \u00f3leo tem um sistema de lastro com a cadeia galvanizada ou pesos de deriva\u00e7\u00f5es sob cada par de flutuadores.<\/p>\n<p>Oferecemos uma escolha de conectores de bra\u00e7o de conten\u00e7\u00e3o, incluindo o conector universal ASTM ou o conector Z. Outros tipos de conectores podem ser ajustados mediante solicita\u00e7\u00e3o.<\/p>\n<p>Barreira de \u00f3leo Boom tem durabilidade de longo prazo, excelente resist\u00eancia ao ultravioleta, a\u00e7\u00e3o de ondas e crescimento marinho com pouca manuten\u00e7\u00e3o.<\/p>\n<p>Barreira de \u00f3leo fornece alternativamente uma vers\u00e3o hemisf\u00e9rica de soft-float para armazenamento de bobina de lan\u00e7a. (baixo volume de armazenamento)<\/p>\n<p>Barreira de \u00f3leo fornece alternativamente os flutuadores para encher com espuma como uma op\u00e7\u00e3o para fornecer confiabilidade final e maior flutuabilidade.<\/p>\n<p>Acess\u00f3rios Opcionais: Conjuntos de \u00e2ncoras, Compensadores de mar\u00e9, Fortes Costas, Ponta de reboque, Luzes de marcador, Unidades Stand-Off, Tether de pilha, Conectores alternativos e tecido, Comprimentos de se\u00e7\u00e3o personalizada.<\/p>\n<p><strong>Recursos<\/strong><\/p>\n<ul>\n<li>Barreira de \u00f3leo Boom \u00e9 de alta qualidade, uso a longo prazo em um razo\u00e1vel e pode ficar na \u00e1gua por muitos anos longos.<\/li>\n<li>Barreira de \u00f3leo Boom \u00e9 altamente dur\u00e1vel, baixa manuten\u00e7\u00e3o<\/li>\n<li>Melhor boom dur\u00e1vel para a conten\u00e7\u00e3o de detritos e petr\u00f3leo e outros poluentes flutuantes<\/li>\n<li>Constru\u00eddas com materiais autoextingu\u00edveis e n\u00e3o corrosivos<\/li>\n<li>Excelente resist\u00eancia ao ultravioleta<\/li>\n<li>Excelente resist\u00eancia \u00e0 a\u00e7\u00e3o das ondas e ao crescimento marinho com baixa manuten\u00e7\u00e3o<\/li>\n<li>Facilidade de utiliza\u00e7\u00e3o de um sistema aberto\/fechado que permita a entrada e sa\u00edda de embarca\u00e7\u00f5es da zona protegida<\/li>\n<li>Instala\u00e7\u00f5es de doca, porta e instala\u00e7\u00f5es projetadas<\/li>\n<\/ul>\n<p>[id de wptm=34]<\/p>\n","protected":false},"excerpt":{"rendered":"<p>A Barreira de \u00f3leo tem uma constru\u00e7\u00e3o robusta e um boom de alta tecnologia projetado para uma vida longa. Uma [&hellip;]<\/p>\n","protected":false},"author":1,"featured_media":0,"parent":78022,"menu_order":0,"comment_status":"closed","ping_status":"closed","template":"","meta":{"site-sidebar-layout":"default","site-content-layout":"","ast-site-content-layout":"default","site-content-style":"default","site-sidebar-style":"default","ast-global-header-display":"","ast-banner-title-visibility":"","ast-main-header-display":"","ast-hfb-above-header-display":"","ast-hfb-below-header-display":"","ast-hfb-mobile-header-display":"","site-post-title":"","ast-breadcrumbs-content":"","ast-featured-img":"","footer-sml-layout":"","ast-disable-related-posts":"","theme-transparent-header-meta":"","adv-header-id-meta":"","stick-header-meta":"","header-above-stick-meta":"","header-main-stick-meta":"","header-below-stick-meta":"","astra-migrate-meta-layouts":"default","ast-page-background-enabled":"default","ast-page-background-meta":{"desktop":{"background-color":"var(--ast-global-color-5)","background-image":"","background-repeat":"repeat","background-position":"center center","background-size":"auto","background-attachment":"scroll","background-type":"","background-media":"","overlay-type":"","overlay-color":"","overlay-opacity":"","overlay-gradient":""},"tablet":{"background-color":"","background-image":"","background-repeat":"repeat","background-position":"center center","background-size":"auto","background-attachment":"scroll","background-type":"","background-media":"","overlay-type":"","overlay-color":"","overlay-opacity":"","overlay-gradient":""},"mobile":{"background-color":"","background-image":"","background-repeat":"repeat","background-position":"center center","background-size":"auto","background-attachment":"scroll","background-type":"","background-media":"","overlay-type":"","overlay-color":"","overlay-opacity":"","overlay-gradient":""}},"ast-content-background-meta":{"desktop":{"background-color":"var(--ast-global-color-4)","background-image":"","background-repeat":"repeat","background-position":"center center","background-size":"auto","background-attachment":"scroll","background-type":"","background-media":"","overlay-type":"","overlay-color":"","overlay-opacity":"","overlay-gradient":""},"tablet":{"background-color":"var(--ast-global-color-4)","background-image":"","background-repeat":"repeat","background-position":"center center","background-size":"auto","background-attachment":"scroll","background-type":"","background-media":"","overlay-type":"","overlay-color":"","overlay-opacity":"","overlay-gradient":""},"mobile":{"background-color":"var(--ast-global-color-4)","background-image":"","background-repeat":"repeat","background-position":"center center","background-size":"auto","background-attachment":"scroll","background-type":"","background-media":"","overlay-type":"","overlay-color":"","overlay-opacity":"","overlay-gradient":""}},"footnotes":""},"class_list":["post-78028","page","type-page","status-publish","hentry"],"_links":{"self":[{"href":"https:\/\/mavideniz.com.tr\/pt-pt\/wp-json\/wp\/v2\/pages\/78028","targetHints":{"allow":["GET"]}}],"collection":[{"href":"https:\/\/mavideniz.com.tr\/pt-pt\/wp-json\/wp\/v2\/pages"}],"about":[{"href":"https:\/\/mavideniz.com.tr\/pt-pt\/wp-json\/wp\/v2\/types\/page"}],"author":[{"embeddable":true,"href":"https:\/\/mavideniz.com.tr\/pt-pt\/wp-json\/wp\/v2\/users\/1"}],"replies":[{"embeddable":true,"href":"https:\/\/mavideniz.com.tr\/pt-pt\/wp-json\/wp\/v2\/comments?post=78028"}],"version-history":[{"count":0,"href":"https:\/\/mavideniz.com.tr\/pt-pt\/wp-json\/wp\/v2\/pages\/78028\/revisions"}],"up":[{"embeddable":true,"href":"https:\/\/mavideniz.com.tr\/pt-pt\/wp-json\/wp\/v2\/pages\/78022"}],"wp:attachment":[{"href":"https:\/\/mavideniz.com.tr\/pt-pt\/wp-json\/wp\/v2\/media?parent=78028"}],"curies":[{"name":"wp","href":"https:\/\/api.w.org\/{rel}","templated":true}]}}