{"id":78030,"date":"2025-05-03T20:34:39","date_gmt":"2025-05-03T20:34:39","guid":{"rendered":"https:\/\/mavideniz.com.tr\/?page_id=78030"},"modified":"2025-10-05T00:07:25","modified_gmt":"2025-10-05T00:07:25","slug":"lanca-de-vedacao-de-oleo","status":"publish","type":"page","link":"https:\/\/mavideniz.com.tr\/pt-pt\/produtos-industriais\/barra-de-petroleo-barreira\/lanca-de-contencao-de-oleo\/lanca-de-vedacao-de-oleo\/","title":{"rendered":"Lan\u00e7a de veda\u00e7\u00e3o de \u00f3leo"},"content":{"rendered":"\n<p>Mavi Deniz&#8217;s Oil Fence Boom \u00e9 um boom de flutua\u00e7\u00e3o robusto que oferece conten\u00e7\u00e3o de petr\u00f3leo econ\u00f4mica e bem comprovada. O modelo do Boom de Cerca de \u00d3leo varia de \u00e1guas abrigadas\/calmas e condi\u00e7\u00f5es de baixa corrente para conten\u00e7\u00e3o de \u00f3leo em \u00e1gua aberta.<\/p>\n<p>Boom de cerca de \u00f3leo \u00e9 uma flutuabilidade s\u00f3lida. O boom do tipo veda\u00e7\u00e3o de \u00f3leo consiste em uma saia flex\u00edvel, flutua\u00e7\u00e3o plana para conten\u00e7\u00e3o de derramamento e opera\u00e7\u00e3o de recupera\u00e7\u00e3o em \u00e1guas relativamente protegidas e calmas. O Oil Fence Boom pode ser implantado a partir de barca\u00e7as, barcos, docas, reboques ou uma pessoa batendo e tem conectores universais de alum\u00ednio leves e sem ferramentas que se interconectam com outros conectores ASTM.<\/p>\n<p>Oil Fence Boom \u00e9 um dos mais econ\u00f4micos booms dispon\u00edveis, proporcionando excelente desempenho e durabilidade.<\/p>\n<p>O Boom de Cerca de \u00d3leo oferece o menor volume de armazenamento de tipos de boom de flutua\u00e7\u00e3o s\u00f3lida e pode ser armazenado em paletes, cont\u00eaineres ou bobinas de lan\u00e7a. Os sistemas incorporam caixas de armazenamento\/implanta\u00e7\u00e3o, al\u00e7as de reboque, sistemas de \u00e2ncora e kits de reparo.<\/p>\n<p><strong>Recursos<\/strong><\/p>\n<ul>\n<li>O Oil Fence Boom \u00e9 ideal para opera\u00e7\u00f5es em portos, portos, interior e costeiros, onde uma resposta r\u00e1pida \u00e9 necess\u00e1ria.<\/li>\n<li>Oil Fence Boom est\u00e1 dispon\u00edvel em uma ampla gama de tecidos revestidos de poli\u00e9ster \/ PU revestidos de vinil pesados.<\/li>\n<li>Os floats sim\u00e9tricos de espuma de c\u00e9lulas fechadas ( HDPE ) garantem um perfil externo suave para uma conten\u00e7\u00e3o de \u00f3leo superior.<\/li>\n<li>Conectores de alum\u00ednio de qualidade mar\u00edtima com padr\u00f5es ASTM<\/li>\n<li>Correntes de a\u00e7o galvanizado para trabalhos pesados\/blocos de chumbo<\/li>\n<li>Tamanhos personalizados dispon\u00edveis<\/li>\n<\/ul>\n<p>[id de wptm=35]<\/p>\n","protected":false},"excerpt":{"rendered":"<p>Mavi Deniz&#8217;s Oil Fence Boom \u00e9 um boom de flutua\u00e7\u00e3o robusto que oferece conten\u00e7\u00e3o de petr\u00f3leo econ\u00f4mica e bem comprovada. [&hellip;]<\/p>\n","protected":false},"author":1,"featured_media":0,"parent":78022,"menu_order":0,"comment_status":"closed","ping_status":"closed","template":"","meta":{"site-sidebar-layout":"default","site-content-layout":"","ast-site-content-layout":"default","site-content-style":"default","site-sidebar-style":"default","ast-global-header-display":"","ast-banner-title-visibility":"","ast-main-header-display":"","ast-hfb-above-header-display":"","ast-hfb-below-header-display":"","ast-hfb-mobile-header-display":"","site-post-title":"","ast-breadcrumbs-content":"","ast-featured-img":"","footer-sml-layout":"","ast-disable-related-posts":"","theme-transparent-header-meta":"","adv-header-id-meta":"","stick-header-meta":"","header-above-stick-meta":"","header-main-stick-meta":"","header-below-stick-meta":"","astra-migrate-meta-layouts":"default","ast-page-background-enabled":"default","ast-page-background-meta":{"desktop":{"background-color":"var(--ast-global-color-5)","background-image":"","background-repeat":"repeat","background-position":"center center","background-size":"auto","background-attachment":"scroll","background-type":"","background-media":"","overlay-type":"","overlay-color":"","overlay-opacity":"","overlay-gradient":""},"tablet":{"background-color":"","background-image":"","background-repeat":"repeat","background-position":"center center","background-size":"auto","background-attachment":"scroll","background-type":"","background-media":"","overlay-type":"","overlay-color":"","overlay-opacity":"","overlay-gradient":""},"mobile":{"background-color":"","background-image":"","background-repeat":"repeat","background-position":"center center","background-size":"auto","background-attachment":"scroll","background-type":"","background-media":"","overlay-type":"","overlay-color":"","overlay-opacity":"","overlay-gradient":""}},"ast-content-background-meta":{"desktop":{"background-color":"var(--ast-global-color-4)","background-image":"","background-repeat":"repeat","background-position":"center center","background-size":"auto","background-attachment":"scroll","background-type":"","background-media":"","overlay-type":"","overlay-color":"","overlay-opacity":"","overlay-gradient":""},"tablet":{"background-color":"var(--ast-global-color-4)","background-image":"","background-repeat":"repeat","background-position":"center center","background-size":"auto","background-attachment":"scroll","background-type":"","background-media":"","overlay-type":"","overlay-color":"","overlay-opacity":"","overlay-gradient":""},"mobile":{"background-color":"var(--ast-global-color-4)","background-image":"","background-repeat":"repeat","background-position":"center center","background-size":"auto","background-attachment":"scroll","background-type":"","background-media":"","overlay-type":"","overlay-color":"","overlay-opacity":"","overlay-gradient":""}},"footnotes":""},"class_list":["post-78030","page","type-page","status-publish","hentry"],"_links":{"self":[{"href":"https:\/\/mavideniz.com.tr\/pt-pt\/wp-json\/wp\/v2\/pages\/78030","targetHints":{"allow":["GET"]}}],"collection":[{"href":"https:\/\/mavideniz.com.tr\/pt-pt\/wp-json\/wp\/v2\/pages"}],"about":[{"href":"https:\/\/mavideniz.com.tr\/pt-pt\/wp-json\/wp\/v2\/types\/page"}],"author":[{"embeddable":true,"href":"https:\/\/mavideniz.com.tr\/pt-pt\/wp-json\/wp\/v2\/users\/1"}],"replies":[{"embeddable":true,"href":"https:\/\/mavideniz.com.tr\/pt-pt\/wp-json\/wp\/v2\/comments?post=78030"}],"version-history":[{"count":0,"href":"https:\/\/mavideniz.com.tr\/pt-pt\/wp-json\/wp\/v2\/pages\/78030\/revisions"}],"up":[{"embeddable":true,"href":"https:\/\/mavideniz.com.tr\/pt-pt\/wp-json\/wp\/v2\/pages\/78022"}],"wp:attachment":[{"href":"https:\/\/mavideniz.com.tr\/pt-pt\/wp-json\/wp\/v2\/media?parent=78030"}],"curies":[{"name":"wp","href":"https:\/\/api.w.org\/{rel}","templated":true}]}}