{"id":78032,"date":"2025-05-03T20:35:17","date_gmt":"2025-05-03T20:35:17","guid":{"rendered":"https:\/\/mavideniz.com.tr\/?page_id=78032"},"modified":"2025-10-05T00:07:25","modified_gmt":"2025-10-05T00:07:25","slug":"barragem-de-petroleo-do-rio-_-barragem-do-empreiteiro","status":"publish","type":"page","link":"https:\/\/mavideniz.com.tr\/pt-pt\/produtos-industriais\/barra-de-petroleo-barreira\/lanca-de-contencao-de-oleo\/barragem-de-petroleo-do-rio-_-barragem-do-empreiteiro\/","title":{"rendered":"barreira de \u00f3leo do rio"},"content":{"rendered":"\n<p>O Boom do Rio de Mavi Deniz \u00e9 um boom de flutua\u00e7\u00e3o robusto, uma conten\u00e7\u00e3o de petr\u00f3leo econ\u00f4mica e bem comprovada. O modelo River Boom varia de \u00e1guas calmas abrigadas e condi\u00e7\u00f5es de baixa corrente a conten\u00e7\u00e3o de petr\u00f3leo em \u00e1guas abertas de alta corrente.<\/p>\n<p>O Mavi Deniz River Boom \u00e9 um Boom Especial de Contratantes vers\u00e1til e de uso geral projetado para diferentes aplica\u00e7\u00f5es de resposta a derramamentos em \u00e1guas interiores. O bordo livre do Rio Boom \u00e9 mantido com flutuadores de espuma cil\u00edndrica. A flutua\u00e7\u00e3o de espuma cil\u00edndrica tem um feixe de linha de \u00e1gua mais alto, \u00e9 mais est\u00e1vel e oferece mais flutuabilidade e maior desempenho em condi\u00e7\u00f5es mais dif\u00edceis do que as boias do tipo veda\u00e7\u00e3o. O Boom cil\u00edndrico tem uma alta flutuabilidade para rela\u00e7\u00e3o de peso, e at\u00e9 mesmo a forma do boom de \u00f3leo fornece excelente estabilidade em condi\u00e7\u00f5es de onda e vento.<\/p>\n<p>River Boom est\u00e1 dispon\u00edvel em cinco tamanhos diferentes. ( 1.000 mm \/ 900 mm \/ 750 mm \/ 600 mm \/ 500 mm \/ 250 mm )<\/p>\n<p>Um membro de tens\u00e3o superior adicional opcional oferece resist\u00eancia \u00e0 tra\u00e7\u00e3o adicional e torna a lan\u00e7a mais est\u00e1vel em correntes r\u00e1pidas. Uma cadeia pesada de lastro garante que a saia n\u00e3o se erga em correntes r\u00e1pidas.<\/p>\n<p>River Boom tem tecidos revestidos de PVC ou PU resistentes a hidrocarbonetos, produtos qu\u00edmicos e condi\u00e7\u00f5es clim\u00e1ticas. A lan\u00e7a cil\u00edndrica est\u00e1 equipada com conectores ASTM.<\/p>\n<p><strong>Recursos<\/strong><\/p>\n<ul>\n<li>River Boom \u00e9 ideal para opera\u00e7\u00f5es em portos, portos, lagos, rios, c\u00f3rregos, interior e costeiros, onde uma resposta r\u00e1pida \u00e9 necess\u00e1ria.<\/li>\n<li>River Boom est\u00e1 dispon\u00edvel em uma ampla gama de tecidos pesados \/ PU.<\/li>\n<li>Com flutua\u00e7\u00e3o de espuma cil\u00edndrica (HDPE) para caracter\u00edsticas m\u00e1ximas de mem\u00f3ria.<\/li>\n<li>Ele manter\u00e1 a forma e n\u00e3o esmagar\u00e1 ou quebrar\u00e1 em peda\u00e7os.<\/li>\n<li>Conectores de alum\u00ednio marinho resistentes \u00e0 corros\u00e3o estilo ASTM.<\/li>\n<li>Blocos de a\u00e7o galvanizado de cadeia de lastro\/chumbo.<\/li>\n<li>Tamanhos personalizados dispon\u00edveis.<\/li>\n<\/ul>\n<p>[id de wptm=45]<\/p>\n","protected":false},"excerpt":{"rendered":"<p>O Boom do Rio de Mavi Deniz \u00e9 um boom de flutua\u00e7\u00e3o robusto, uma conten\u00e7\u00e3o de petr\u00f3leo econ\u00f4mica e bem [&hellip;]<\/p>\n","protected":false},"author":1,"featured_media":0,"parent":78022,"menu_order":0,"comment_status":"closed","ping_status":"closed","template":"","meta":{"site-sidebar-layout":"default","site-content-layout":"","ast-site-content-layout":"default","site-content-style":"default","site-sidebar-style":"default","ast-global-header-display":"","ast-banner-title-visibility":"","ast-main-header-display":"","ast-hfb-above-header-display":"","ast-hfb-below-header-display":"","ast-hfb-mobile-header-display":"","site-post-title":"","ast-breadcrumbs-content":"","ast-featured-img":"","footer-sml-layout":"","ast-disable-related-posts":"","theme-transparent-header-meta":"","adv-header-id-meta":"","stick-header-meta":"","header-above-stick-meta":"","header-main-stick-meta":"","header-below-stick-meta":"","astra-migrate-meta-layouts":"default","ast-page-background-enabled":"default","ast-page-background-meta":{"desktop":{"background-color":"var(--ast-global-color-5)","background-image":"","background-repeat":"repeat","background-position":"center center","background-size":"auto","background-attachment":"scroll","background-type":"","background-media":"","overlay-type":"","overlay-color":"","overlay-opacity":"","overlay-gradient":""},"tablet":{"background-color":"","background-image":"","background-repeat":"repeat","background-position":"center center","background-size":"auto","background-attachment":"scroll","background-type":"","background-media":"","overlay-type":"","overlay-color":"","overlay-opacity":"","overlay-gradient":""},"mobile":{"background-color":"","background-image":"","background-repeat":"repeat","background-position":"center center","background-size":"auto","background-attachment":"scroll","background-type":"","background-media":"","overlay-type":"","overlay-color":"","overlay-opacity":"","overlay-gradient":""}},"ast-content-background-meta":{"desktop":{"background-color":"var(--ast-global-color-4)","background-image":"","background-repeat":"repeat","background-position":"center center","background-size":"auto","background-attachment":"scroll","background-type":"","background-media":"","overlay-type":"","overlay-color":"","overlay-opacity":"","overlay-gradient":""},"tablet":{"background-color":"var(--ast-global-color-4)","background-image":"","background-repeat":"repeat","background-position":"center center","background-size":"auto","background-attachment":"scroll","background-type":"","background-media":"","overlay-type":"","overlay-color":"","overlay-opacity":"","overlay-gradient":""},"mobile":{"background-color":"var(--ast-global-color-4)","background-image":"","background-repeat":"repeat","background-position":"center center","background-size":"auto","background-attachment":"scroll","background-type":"","background-media":"","overlay-type":"","overlay-color":"","overlay-opacity":"","overlay-gradient":""}},"footnotes":""},"class_list":["post-78032","page","type-page","status-publish","hentry"],"_links":{"self":[{"href":"https:\/\/mavideniz.com.tr\/pt-pt\/wp-json\/wp\/v2\/pages\/78032","targetHints":{"allow":["GET"]}}],"collection":[{"href":"https:\/\/mavideniz.com.tr\/pt-pt\/wp-json\/wp\/v2\/pages"}],"about":[{"href":"https:\/\/mavideniz.com.tr\/pt-pt\/wp-json\/wp\/v2\/types\/page"}],"author":[{"embeddable":true,"href":"https:\/\/mavideniz.com.tr\/pt-pt\/wp-json\/wp\/v2\/users\/1"}],"replies":[{"embeddable":true,"href":"https:\/\/mavideniz.com.tr\/pt-pt\/wp-json\/wp\/v2\/comments?post=78032"}],"version-history":[{"count":0,"href":"https:\/\/mavideniz.com.tr\/pt-pt\/wp-json\/wp\/v2\/pages\/78032\/revisions"}],"up":[{"embeddable":true,"href":"https:\/\/mavideniz.com.tr\/pt-pt\/wp-json\/wp\/v2\/pages\/78022"}],"wp:attachment":[{"href":"https:\/\/mavideniz.com.tr\/pt-pt\/wp-json\/wp\/v2\/media?parent=78032"}],"curies":[{"name":"wp","href":"https:\/\/api.w.org\/{rel}","templated":true}]}}