{"id":78034,"date":"2025-05-03T20:36:10","date_gmt":"2025-05-03T20:36:10","guid":{"rendered":"https:\/\/mavideniz.com.tr\/?page_id=78034"},"modified":"2025-10-05T00:07:25","modified_gmt":"2025-10-05T00:07:25","slug":"lanca-de-oleo-inflavel-de-borracha-inflacao-de-ponto-unico","status":"publish","type":"page","link":"https:\/\/mavideniz.com.tr\/pt-pt\/produtos-industriais\/barra-de-petroleo-barreira\/lanca-de-contencao-de-oleo\/lanca-de-oleo-inflavel-de-borracha-inflacao-de-ponto-unico\/","title":{"rendered":"Lan\u00e7a de \u00f3leo infl\u00e1vel de borracha + infla\u00e7\u00e3o de ponto \u00fanico"},"content":{"rendered":"\n<p>Mavi Deniz Borracha infl\u00e1vel Petr\u00f3leo Boom \u00e9 projetado para opera\u00e7\u00f5es de derramamento de petr\u00f3leo para usar v\u00e1rias condi\u00e7\u00f5es de \u00e1gua abrigada para abrir ondas oce\u00e2nicas.<\/p>\n<p>Borracha Air Boom \u00e9 um boom de \u00f3leo inflado com todos os benef\u00edcios do AirBoom convencional mais resist\u00eancia UV aumentada e excelentes caracter\u00edsticas de infla\u00e7\u00e3o. Borracha infl\u00e1vel Boom \u00e9 um boom resistente com \u00f3leo, desgaste, \u00e1gua do mar e resist\u00eancia UV.<\/p>\n<p>O Boom de \u00f3leo infl\u00e1vel de borracha \u00e9 fabricado a partir de neoprene vulcanizado ou Hypalon com uma ou duas camadas de \u00f3leo e resist\u00eancia UV ao tecido sint\u00e9tico. Borracha infl\u00e1vel Boom \u00e9 projetado com uma estrutura robusta de alta flutuabilidade, equita\u00e7\u00e3o de onda perfeita e implanta\u00e7\u00e3o est\u00e1vel em opera\u00e7\u00f5es de limpeza de \u00f3leo e caracter\u00edsticas de reten\u00e7\u00e3o de \u00f3leo em todas as condi\u00e7\u00f5es clim\u00e1ticas, incluindo condi\u00e7\u00f5es de gelo.<\/p>\n<p>O design segmentado da c\u00e2mara da lan\u00e7a infl\u00e1vel de borracha significa que o dano a uma \u00fanica se\u00e7\u00e3o da lan\u00e7a n\u00e3o resultar\u00e1 na perda da integridade da lan\u00e7a. O material de neoprene dur\u00e1vel pode ser rapidamente reparado no campo, caso ocorram danos.<\/p>\n<p><strong>Boom infl\u00e1vel do \u00f3leo da borracha do ponto \u00fanico<\/strong><\/p>\n<p>Cada se\u00e7\u00e3o tem c\u00e2maras de ar individuais, e cada c\u00e2mara \u00e9 conectada ao sistema de enchimento de ar do trilho padr\u00e3o atrav\u00e9s de uma v\u00e1lvula de reten\u00e7\u00e3o. As c\u00e2maras t\u00eam uma v\u00e1lvula de alta capacidade montada para defla\u00e7\u00e3o ao recuperar a lan\u00e7a. No caso improv\u00e1vel de que o sistema de infla\u00e7\u00e3o de ponto \u00fanico falhe, esta v\u00e1lvula de ar oferece uma solu\u00e7\u00e3o de infla\u00e7\u00e3o de reserva semelhante \u00e0s boias de \u00f3leo infladas a ar comuns.<\/p>\n<p><strong>Boom infl\u00e1vel de borracha padr\u00e3o do \u00f3leo<\/strong><\/p>\n<p>As c\u00e2maras de ar s\u00e3o infladas se\u00e7\u00e3o por se\u00e7\u00e3o atrav\u00e9s de uma mochila \/ soprador padr\u00e3o.<\/p>\n<p><strong>Recursos<\/strong><\/p>\n<ul>\n<li>Borracha infl\u00e1vel Boom do \u00f3leo \u00e9 ideal para opera\u00e7\u00f5es em ba\u00edas, portos, portos interiores mais calmos, e oceano moderado para abrir ondas do oceano.<\/li>\n<li>Borracha infl\u00e1vel Boom \u00f3leo est\u00e1 dispon\u00edvel em uma ampla gama de neoprene vulcanizado ou Hypalon com uma ou duas camadas de tecidos de refor\u00e7o.<\/li>\n<li>Alta flutuabilidade<\/li>\n<li>Infla\u00e7\u00e3o r\u00e1pida, c\u00e2maras de flutua\u00e7\u00e3o herm\u00e9ticas.<\/li>\n<li>C\u00e2maras de flutuabilidade independentes e segmentadas.<\/li>\n<li>O boom \u00e9 resistente ao \u00f3leo, resistente ao desgaste, resistente \u00e0 \u00e1gua do mar e resistente aos raios UV.<\/li>\n<li>Conectores de alum\u00ednio marinho resistentes \u00e0 corros\u00e3o estilo ASTM.<\/li>\n<li>Corrente de balastro de a\u00e7o galvanizado resistente fechada.<\/li>\n<li>Tamanhos personalizados dispon\u00edveis<\/li>\n<\/ul>\n<p><strong>Boom infl\u00e1vel de borracha padr\u00e3o do \u00f3leo<\/strong><\/p>\n<p>[id de wptm=46]<\/p>\n<p><strong>Boom infl\u00e1vel do \u00f3leo da borracha do ponto \u00fanico<\/strong><\/p>\n<p>[id de wptm=37]<\/p>\n","protected":false},"excerpt":{"rendered":"<p>Mavi Deniz Borracha infl\u00e1vel Petr\u00f3leo Boom \u00e9 projetado para opera\u00e7\u00f5es de derramamento de petr\u00f3leo para usar v\u00e1rias condi\u00e7\u00f5es de \u00e1gua [&hellip;]<\/p>\n","protected":false},"author":1,"featured_media":0,"parent":78022,"menu_order":0,"comment_status":"closed","ping_status":"closed","template":"","meta":{"site-sidebar-layout":"default","site-content-layout":"","ast-site-content-layout":"default","site-content-style":"default","site-sidebar-style":"default","ast-global-header-display":"","ast-banner-title-visibility":"","ast-main-header-display":"","ast-hfb-above-header-display":"","ast-hfb-below-header-display":"","ast-hfb-mobile-header-display":"","site-post-title":"","ast-breadcrumbs-content":"","ast-featured-img":"","footer-sml-layout":"","ast-disable-related-posts":"","theme-transparent-header-meta":"","adv-header-id-meta":"","stick-header-meta":"","header-above-stick-meta":"","header-main-stick-meta":"","header-below-stick-meta":"","astra-migrate-meta-layouts":"default","ast-page-background-enabled":"default","ast-page-background-meta":{"desktop":{"background-color":"var(--ast-global-color-5)","background-image":"","background-repeat":"repeat","background-position":"center center","background-size":"auto","background-attachment":"scroll","background-type":"","background-media":"","overlay-type":"","overlay-color":"","overlay-opacity":"","overlay-gradient":""},"tablet":{"background-color":"","background-image":"","background-repeat":"repeat","background-position":"center center","background-size":"auto","background-attachment":"scroll","background-type":"","background-media":"","overlay-type":"","overlay-color":"","overlay-opacity":"","overlay-gradient":""},"mobile":{"background-color":"","background-image":"","background-repeat":"repeat","background-position":"center center","background-size":"auto","background-attachment":"scroll","background-type":"","background-media":"","overlay-type":"","overlay-color":"","overlay-opacity":"","overlay-gradient":""}},"ast-content-background-meta":{"desktop":{"background-color":"var(--ast-global-color-4)","background-image":"","background-repeat":"repeat","background-position":"center center","background-size":"auto","background-attachment":"scroll","background-type":"","background-media":"","overlay-type":"","overlay-color":"","overlay-opacity":"","overlay-gradient":""},"tablet":{"background-color":"var(--ast-global-color-4)","background-image":"","background-repeat":"repeat","background-position":"center center","background-size":"auto","background-attachment":"scroll","background-type":"","background-media":"","overlay-type":"","overlay-color":"","overlay-opacity":"","overlay-gradient":""},"mobile":{"background-color":"var(--ast-global-color-4)","background-image":"","background-repeat":"repeat","background-position":"center center","background-size":"auto","background-attachment":"scroll","background-type":"","background-media":"","overlay-type":"","overlay-color":"","overlay-opacity":"","overlay-gradient":""}},"footnotes":""},"class_list":["post-78034","page","type-page","status-publish","hentry"],"_links":{"self":[{"href":"https:\/\/mavideniz.com.tr\/pt-pt\/wp-json\/wp\/v2\/pages\/78034","targetHints":{"allow":["GET"]}}],"collection":[{"href":"https:\/\/mavideniz.com.tr\/pt-pt\/wp-json\/wp\/v2\/pages"}],"about":[{"href":"https:\/\/mavideniz.com.tr\/pt-pt\/wp-json\/wp\/v2\/types\/page"}],"author":[{"embeddable":true,"href":"https:\/\/mavideniz.com.tr\/pt-pt\/wp-json\/wp\/v2\/users\/1"}],"replies":[{"embeddable":true,"href":"https:\/\/mavideniz.com.tr\/pt-pt\/wp-json\/wp\/v2\/comments?post=78034"}],"version-history":[{"count":0,"href":"https:\/\/mavideniz.com.tr\/pt-pt\/wp-json\/wp\/v2\/pages\/78034\/revisions"}],"up":[{"embeddable":true,"href":"https:\/\/mavideniz.com.tr\/pt-pt\/wp-json\/wp\/v2\/pages\/78022"}],"wp:attachment":[{"href":"https:\/\/mavideniz.com.tr\/pt-pt\/wp-json\/wp\/v2\/media?parent=78034"}],"curies":[{"name":"wp","href":"https:\/\/api.w.org\/{rel}","templated":true}]}}