{"id":78036,"date":"2025-05-03T20:36:54","date_gmt":"2025-05-03T20:36:54","guid":{"rendered":"https:\/\/mavideniz.com.tr\/?page_id=78036"},"modified":"2025-10-05T00:07:25","modified_gmt":"2025-10-05T00:07:25","slug":"lanca-de-oleo-autoinflavel","status":"publish","type":"page","link":"https:\/\/mavideniz.com.tr\/pt-pt\/produtos-industriais\/barra-de-petroleo-barreira\/lanca-de-contencao-de-oleo\/lanca-de-oleo-autoinflavel\/","title":{"rendered":"Lan\u00e7a de \u00f3leo autoinfl\u00e1vel"},"content":{"rendered":"\n<p>O Boom de \u00f3leo autoinfl\u00e1vel de Mavi Deniz \u00e9 um boom de implanta\u00e7\u00e3o r\u00e1pida que o torna adequado para uso em v\u00e1rias condi\u00e7\u00f5es, desde \u00e1gua protegida at\u00e9 oceano moderado.<\/p>\n<p>O boom de \u00f3leo autoinfl\u00e1vel \u00e9 um boom do tipo cortina de implanta\u00e7\u00e3o de emerg\u00eancia de resposta r\u00e1pida e rapidamente autoinfl\u00e1vel. A c\u00e2mara de flutua\u00e7\u00e3o \u00e9 cil\u00edndrica e mant\u00e9m a sua forma e estabilidade, incorporando uma s\u00e9rie de aros semirr\u00edgidos e leves, espa\u00e7ados em intervalos iguais ao longo de todo o comprimento da lan\u00e7a.<\/p>\n<p>Boom de \u00f3leo autoinfl\u00e1vel \u00e9 implantado a partir de cont\u00eaineres ou um conv\u00e9s de barco. O boom Flash autoinflante ser\u00e1 usado mais r\u00e1pido do que qualquer outro boom infl\u00e1vel do ar em todo o mundo.<\/p>\n<p>V\u00e1lvulas de verifica\u00e7\u00e3o de insufla\u00e7\u00e3o unidirecional robustas s\u00e3o espa\u00e7adas ao longo do topo da c\u00e2mara de flutua\u00e7\u00e3o. A tens\u00e3o pura durante a implanta\u00e7\u00e3o faz com que o boom se expanda e se autoinflar automaticamente.<\/p>\n<p><strong>Recursos<\/strong><\/p>\n<ul>\n<li>Boom de \u00f3leo autoinfl\u00e1vel \u00e9 ideal para opera\u00e7\u00f5es em portos, portos, \u00e1guas interiores e costeiras para o oceano moderado para resposta de emerg\u00eancia.<\/li>\n<li>A infla\u00e7\u00e3o de um \u00fanico ponto \u00e9 f\u00e1cil e r\u00e1pida. (300 metros podem ser utilizados em menos de cinco minutos. )<\/li>\n<li>Dispon\u00edvel em uma ampla gama de tecidos revestidos de PVC e PU<\/li>\n<li>A exclusiva tecnologia de autoinsufla\u00e7\u00e3o n\u00e3o requer o uso de bombas, ventiladores ou compressores.<\/li>\n<li>Implanta\u00e7\u00e3o de boom, totalmente autom\u00e1tica. Basta puxar a \u00e1gua para conten\u00e7\u00e3o imediata de vazamentos.<\/li>\n<li>Sem partes m\u00f3veis para quebrar. Sem molas para corroer.<\/li>\n<li>As anteparas internas garantem que a lan\u00e7a n\u00e3o afunde em caso de perfura\u00e7\u00e3o.<\/li>\n<li>Conectores de alum\u00ednio marinho resistentes \u00e0 corros\u00e3o estilo ASTM<\/li>\n<li>Corrente de balastro de a\u00e7o galvanizado resistente<\/li>\n<li>Tamanhos personalizados dispon\u00edveis<\/li>\n<\/ul>\n<p>[id de wptm=36]<\/p>\n","protected":false},"excerpt":{"rendered":"<p>O Boom de \u00f3leo autoinfl\u00e1vel de Mavi Deniz \u00e9 um boom de implanta\u00e7\u00e3o r\u00e1pida que o torna adequado para uso [&hellip;]<\/p>\n","protected":false},"author":1,"featured_media":0,"parent":78022,"menu_order":0,"comment_status":"closed","ping_status":"closed","template":"","meta":{"site-sidebar-layout":"default","site-content-layout":"","ast-site-content-layout":"default","site-content-style":"default","site-sidebar-style":"default","ast-global-header-display":"","ast-banner-title-visibility":"","ast-main-header-display":"","ast-hfb-above-header-display":"","ast-hfb-below-header-display":"","ast-hfb-mobile-header-display":"","site-post-title":"","ast-breadcrumbs-content":"","ast-featured-img":"","footer-sml-layout":"","ast-disable-related-posts":"","theme-transparent-header-meta":"","adv-header-id-meta":"","stick-header-meta":"","header-above-stick-meta":"","header-main-stick-meta":"","header-below-stick-meta":"","astra-migrate-meta-layouts":"default","ast-page-background-enabled":"default","ast-page-background-meta":{"desktop":{"background-color":"var(--ast-global-color-5)","background-image":"","background-repeat":"repeat","background-position":"center center","background-size":"auto","background-attachment":"scroll","background-type":"","background-media":"","overlay-type":"","overlay-color":"","overlay-opacity":"","overlay-gradient":""},"tablet":{"background-color":"","background-image":"","background-repeat":"repeat","background-position":"center center","background-size":"auto","background-attachment":"scroll","background-type":"","background-media":"","overlay-type":"","overlay-color":"","overlay-opacity":"","overlay-gradient":""},"mobile":{"background-color":"","background-image":"","background-repeat":"repeat","background-position":"center center","background-size":"auto","background-attachment":"scroll","background-type":"","background-media":"","overlay-type":"","overlay-color":"","overlay-opacity":"","overlay-gradient":""}},"ast-content-background-meta":{"desktop":{"background-color":"var(--ast-global-color-4)","background-image":"","background-repeat":"repeat","background-position":"center center","background-size":"auto","background-attachment":"scroll","background-type":"","background-media":"","overlay-type":"","overlay-color":"","overlay-opacity":"","overlay-gradient":""},"tablet":{"background-color":"var(--ast-global-color-4)","background-image":"","background-repeat":"repeat","background-position":"center center","background-size":"auto","background-attachment":"scroll","background-type":"","background-media":"","overlay-type":"","overlay-color":"","overlay-opacity":"","overlay-gradient":""},"mobile":{"background-color":"var(--ast-global-color-4)","background-image":"","background-repeat":"repeat","background-position":"center center","background-size":"auto","background-attachment":"scroll","background-type":"","background-media":"","overlay-type":"","overlay-color":"","overlay-opacity":"","overlay-gradient":""}},"footnotes":""},"class_list":["post-78036","page","type-page","status-publish","hentry"],"_links":{"self":[{"href":"https:\/\/mavideniz.com.tr\/pt-pt\/wp-json\/wp\/v2\/pages\/78036","targetHints":{"allow":["GET"]}}],"collection":[{"href":"https:\/\/mavideniz.com.tr\/pt-pt\/wp-json\/wp\/v2\/pages"}],"about":[{"href":"https:\/\/mavideniz.com.tr\/pt-pt\/wp-json\/wp\/v2\/types\/page"}],"author":[{"embeddable":true,"href":"https:\/\/mavideniz.com.tr\/pt-pt\/wp-json\/wp\/v2\/users\/1"}],"replies":[{"embeddable":true,"href":"https:\/\/mavideniz.com.tr\/pt-pt\/wp-json\/wp\/v2\/comments?post=78036"}],"version-history":[{"count":0,"href":"https:\/\/mavideniz.com.tr\/pt-pt\/wp-json\/wp\/v2\/pages\/78036\/revisions"}],"up":[{"embeddable":true,"href":"https:\/\/mavideniz.com.tr\/pt-pt\/wp-json\/wp\/v2\/pages\/78022"}],"wp:attachment":[{"href":"https:\/\/mavideniz.com.tr\/pt-pt\/wp-json\/wp\/v2\/media?parent=78036"}],"curies":[{"name":"wp","href":"https:\/\/api.w.org\/{rel}","templated":true}]}}