{"id":78038,"date":"2025-05-03T20:37:52","date_gmt":"2025-05-03T20:37:52","guid":{"rendered":"https:\/\/mavideniz.com.tr\/?page_id=78038"},"modified":"2025-10-05T00:07:25","modified_gmt":"2025-10-05T00:07:25","slug":"cortina-de-silte-_-cortina-de-turbidez","status":"publish","type":"page","link":"https:\/\/mavideniz.com.tr\/pt-pt\/produtos-industriais\/barra-de-petroleo-barreira\/cortina-de-silte-_-cortina-de-turbidez\/","title":{"rendered":"Cortina de Silte _ Cortina de Turbidez"},"content":{"rendered":"\n<p>A Cortina de Silte e a Cortina de Turbidade da MaviDeniz \u00e9 explicitamente concebida para conter e controlar a dispers\u00e3o da turbidez e do lodo e sedimentos na \u00e1gua ou perto de atividades de constru\u00e7\u00e3o marinha e por opera\u00e7\u00f5es de dragagem. Nossos especialistas em controle de turbidez e lodo ajudar\u00e3o voc\u00ea a se conformar a todos os regulamentos e requisitos que possam se aplicar ao seu projeto.<\/p>\n<p><strong>Tipos de Projeto<\/strong><\/p>\n<p>MAVI DENIZ Silt Curtain e Turbidity Curtain \u00e9 a solu\u00e7\u00e3o ideal para qualquer projeto de constru\u00e7\u00e3o, incluindo:<\/p>\n<ul>\n<li>Dragagem<\/li>\n<li>Constru\u00e7\u00e3o de ponte<\/li>\n<li>Remo\u00e7\u00e3o e restaura\u00e7\u00e3o de barragens<\/li>\n<li>Projetos de marinas\/portos (anteparas, cais, muros de conten\u00e7\u00e3o)<\/li>\n<li>Projetos portu\u00e1rios e terminais (virilhas, diques, quebra-mares)<\/li>\n<li>Desembarques em balsa<\/li>\n<li>Passagens de condutas<\/li>\n<li>Restaura\u00e7\u00e3o e reabilita\u00e7\u00e3o costeiras e costeiras<\/li>\n<li>Constru\u00e7\u00e3o de entrada<\/li>\n<\/ul>\n<p>O Silt Curtain and Turbidity Curtain da MaviDeniz oferece o menor volume de armazenamento de tipos de boia de flutuador s\u00f3lido e pode ser armazenado em racks, paletes e cont\u00eaineres. Os sistemas incorporam caixas de armazenamento\/implanta\u00e7\u00e3o, al\u00e7as de reboque, sistemas de \u00e2ncora e kits de reparo.<\/p>\n<p>A cortina de silte e a cortina de turbidez fabricam em se\u00e7\u00f5es padr\u00e3o de 25 m, conectando-se com U-parafusos de a\u00e7o galvanizado ou ASTM. MAVI DENIZ<strong> Silt Curtain e Turbidity Curtain <\/strong>est\u00e3o dispon\u00edveis em tr\u00eas tamanhos e modelos diferentes.<\/p>\n<p><strong>Crit\u00e9rios de concep\u00e7\u00e3o das cortinas de liso e de turbidez;<\/strong><\/p>\n<p><strong>TIPO I<\/strong> &#8211; Deve ser usado em \u00e1reas protegidas sem corrente e a \u00e1rea est\u00e1 protegida do vento e das ondas.<\/p>\n<p><strong>TIPO II<\/strong> &#8211; Deve ser usado em \u00e1reas com corrente de funcionamento lenta a moderada ( at\u00e9 2 n\u00f3s ou 3,5 p\u00e9s por segundo ) ou a\u00e7\u00e3o de vento e onda que afete a cortina.<\/p>\n<p><strong>TIPO III<\/strong> &#8211; Deve ser utilizado em \u00e1reas onde possa haver uma corrente consider\u00e1vel (at\u00e9 3 n\u00f3s ou 5 p\u00e9s por segundo), onde a a\u00e7\u00e3o das mar\u00e9s possa estar presente, ou onde a cortina esteja potencialmente sujeita \u00e0 a\u00e7\u00e3o do vento e das ondas.<\/p>\n<p><strong>Nossa cortina de lodo e sedimento \u00e9 usada para<\/strong><\/p>\n<ul>\n<li>Controlo dos sedimentos em opera\u00e7\u00f5es de constru\u00e7\u00e3o aquosa (ou adjacentes)<\/li>\n<li>Controlo dos sedimentos resultantes de opera\u00e7\u00f5es de dragagem e da deposi\u00e7\u00e3o de dragas<\/li>\n<li>Barragens de rejeitos de minas para reduzir o n\u00famero de s\u00f3lidos suspensos em decantes<\/li>\n<li>Pr\u00e9-filtragem da \u00e1gua pot\u00e1vel para remo\u00e7\u00e3o do lixo foliar e dos detritos resultantes do fogo ( cinzas )<\/li>\n<li>Controlo de algas t\u00f3xicas Controlo de plantas aqu\u00e1ticas<\/li>\n<li>Triagem de s\u00f3lidos grandes em lagoas de tratamento de efluentes<\/li>\n<li>Triagem de estouro de rejeitos de minas<\/li>\n<\/ul>\n<p>[id de wptm=47]<\/p>\n","protected":false},"excerpt":{"rendered":"<p>A Cortina de Silte e a Cortina de Turbidade da MaviDeniz \u00e9 explicitamente concebida para conter e controlar a dispers\u00e3o [&hellip;]<\/p>\n","protected":false},"author":1,"featured_media":0,"parent":78006,"menu_order":0,"comment_status":"closed","ping_status":"closed","template":"","meta":{"site-sidebar-layout":"default","site-content-layout":"","ast-site-content-layout":"default","site-content-style":"default","site-sidebar-style":"default","ast-global-header-display":"","ast-banner-title-visibility":"","ast-main-header-display":"","ast-hfb-above-header-display":"","ast-hfb-below-header-display":"","ast-hfb-mobile-header-display":"","site-post-title":"","ast-breadcrumbs-content":"","ast-featured-img":"","footer-sml-layout":"","ast-disable-related-posts":"","theme-transparent-header-meta":"","adv-header-id-meta":"","stick-header-meta":"","header-above-stick-meta":"","header-main-stick-meta":"","header-below-stick-meta":"","astra-migrate-meta-layouts":"default","ast-page-background-enabled":"default","ast-page-background-meta":{"desktop":{"background-color":"var(--ast-global-color-5)","background-image":"","background-repeat":"repeat","background-position":"center center","background-size":"auto","background-attachment":"scroll","background-type":"","background-media":"","overlay-type":"","overlay-color":"","overlay-opacity":"","overlay-gradient":""},"tablet":{"background-color":"","background-image":"","background-repeat":"repeat","background-position":"center center","background-size":"auto","background-attachment":"scroll","background-type":"","background-media":"","overlay-type":"","overlay-color":"","overlay-opacity":"","overlay-gradient":""},"mobile":{"background-color":"","background-image":"","background-repeat":"repeat","background-position":"center center","background-size":"auto","background-attachment":"scroll","background-type":"","background-media":"","overlay-type":"","overlay-color":"","overlay-opacity":"","overlay-gradient":""}},"ast-content-background-meta":{"desktop":{"background-color":"var(--ast-global-color-4)","background-image":"","background-repeat":"repeat","background-position":"center center","background-size":"auto","background-attachment":"scroll","background-type":"","background-media":"","overlay-type":"","overlay-color":"","overlay-opacity":"","overlay-gradient":""},"tablet":{"background-color":"var(--ast-global-color-4)","background-image":"","background-repeat":"repeat","background-position":"center center","background-size":"auto","background-attachment":"scroll","background-type":"","background-media":"","overlay-type":"","overlay-color":"","overlay-opacity":"","overlay-gradient":""},"mobile":{"background-color":"var(--ast-global-color-4)","background-image":"","background-repeat":"repeat","background-position":"center center","background-size":"auto","background-attachment":"scroll","background-type":"","background-media":"","overlay-type":"","overlay-color":"","overlay-opacity":"","overlay-gradient":""}},"footnotes":""},"class_list":["post-78038","page","type-page","status-publish","hentry"],"_links":{"self":[{"href":"https:\/\/mavideniz.com.tr\/pt-pt\/wp-json\/wp\/v2\/pages\/78038","targetHints":{"allow":["GET"]}}],"collection":[{"href":"https:\/\/mavideniz.com.tr\/pt-pt\/wp-json\/wp\/v2\/pages"}],"about":[{"href":"https:\/\/mavideniz.com.tr\/pt-pt\/wp-json\/wp\/v2\/types\/page"}],"author":[{"embeddable":true,"href":"https:\/\/mavideniz.com.tr\/pt-pt\/wp-json\/wp\/v2\/users\/1"}],"replies":[{"embeddable":true,"href":"https:\/\/mavideniz.com.tr\/pt-pt\/wp-json\/wp\/v2\/comments?post=78038"}],"version-history":[{"count":0,"href":"https:\/\/mavideniz.com.tr\/pt-pt\/wp-json\/wp\/v2\/pages\/78038\/revisions"}],"up":[{"embeddable":true,"href":"https:\/\/mavideniz.com.tr\/pt-pt\/wp-json\/wp\/v2\/pages\/78006"}],"wp:attachment":[{"href":"https:\/\/mavideniz.com.tr\/pt-pt\/wp-json\/wp\/v2\/media?parent=78038"}],"curies":[{"name":"wp","href":"https:\/\/api.w.org\/{rel}","templated":true}]}}