{"id":78040,"date":"2025-05-03T20:38:43","date_gmt":"2025-05-03T20:38:43","guid":{"rendered":"https:\/\/mavideniz.com.tr\/?page_id=78040"},"modified":"2025-10-05T00:07:25","modified_gmt":"2025-10-05T00:07:25","slug":"berm-de-contencao-de-derramamento","status":"publish","type":"page","link":"https:\/\/mavideniz.com.tr\/pt-pt\/produtos-industriais\/barra-de-petroleo-barreira\/berm-de-contencao-de-derramamento\/","title":{"rendered":"Berm de conten\u00e7\u00e3o de derramamento"},"content":{"rendered":"\n<p>MAVI DENIZ fabrica berma de conten\u00e7\u00e3o de derramamento que vem em qualquer tamanho que voc\u00ea quiser. Temos uma berma de derramamento para tambores de um gal\u00e3o para bermas de tamanho primariamente sob caminh\u00f5es-cisterna ou cont\u00eaineres de roll-off. Temos tr\u00eas tipos de bermas de derramamento;<\/p>\n<p>1) <strong>Pequeno &amp; port\u00e1til<\/strong> &#8211; Feito para tambores e pequenos recipientes. Essa borda de conten\u00e7\u00e3o de derramamento tem paredes laterais flex\u00edveis, facilitando sua implanta\u00e7\u00e3o e armazenamento. Compacto, leve e dur\u00e1vel. A berma tem paredes laterais flex\u00edveis, facilitando sua implanta\u00e7\u00e3o e armazenamento \u2014 compacta, leve e dur\u00e1vel.<\/p>\n<p>2) <strong>Montagem necess\u00e1ria<\/strong> &#8211; A berma de suporte L \u00e9 a mais econ\u00f4mica que vendemos. A montagem \u00e9 f\u00e1cil e r\u00e1pida. Tamanhos personalizados dispon\u00edveis.<\/p>\n<p>3) <strong>No Assembly<\/strong> &#8211; Voc\u00ea colocar este berm para fora e colocar o seu equipamento sobre o berm. Um tipo se encaixou de cabe\u00e7a para baixo, e temos dois lados que se elevam automaticamente para formar uma bacia se houver um vazamento. Tamanhos personalizados poss\u00edveis para o Spill Containment Berm.<\/p>\n<p><strong>1) Descontamina\u00e7\u00e3o dobr\u00e1vel pequena e port\u00e1til ligada<\/strong><\/p>\n<p>Possui uma solu\u00e7\u00e3o de snap-lock exclusiva que permite aos operadores criar rapidamente uma \u00e1rea segura para abrigar tambores, tanques, plantas, m\u00e1quinas ou lidar com poss\u00edveis derrames. Ideal para emerg\u00eancias, necessidades tempor\u00e1rias e uso para projetos de curto prazo. Ideal para laborat\u00f3rios e canteiros de obras. Captura de vazamentos em caminh\u00f5es e outros ve\u00edculos no local. Spill Berm Containment para transfer\u00eancias de combust\u00edvel do tanque para o ve\u00edculo. Leve e muito f\u00e1cil de configurar. Cada modelo dobra-se para que voc\u00ea possa coloc\u00e1-lo em uma prateleira. Libera espa\u00e7o quando n\u00e3o est\u00e1 em uso. Essas barreiras desmont\u00e1veis s\u00e3o especialmente adequadas para armazenamento de materiais perigosos, chuveiros de emerg\u00eancia, esta\u00e7\u00f5es de bombeamento, lavagem corporal ou esta\u00e7\u00f5es de lavagem ocular para capturar o escoamento de quaisquer contaminantes.<\/p>\n<ul>\n<li>Use essas tampas dobr\u00e1veis como uma \u00e1rea de descontamina\u00e7\u00e3o para capturar res\u00edduos ou \u00e1gua de lavagem.<\/li>\n<li>Reutiliz\u00e1vel<\/li>\n<li>Uma berma de conten\u00e7\u00e3o de derramamento \u00e9 ideal para locais de constru\u00e7\u00e3o ou necessidades de curto prazo.<\/li>\n<li>F\u00e1cil de configurar e dobrar.<\/li>\n<li>Qu\u00edmico e resistente \u00e0 ferrugem<\/li>\n<li>Espuma ou paredes laterais suportadas. Apenas levante a parede verticalmente.<\/li>\n<li>As bra\u00e7adeiras de suporte internas s\u00e3o ideais para condi\u00e7\u00f5es de vento ou mais resistentes.<\/li>\n<li>Limites de descontamina\u00e7\u00e3o desmont\u00e1veis s\u00e3o f\u00e1ceis de transportar e compactos para transportar.<\/li>\n<li>A berma \u00e9 fornecida em um saco de transporte.<\/li>\n<li>A berma \u00e9 feita de PVC de servi\u00e7o padr\u00e3o (750gsm).<\/li>\n<\/ul>\n<p>O armazenamento, manuseio e transporte seguros de tambores, tanques de GRG, geradores, baterias, compressores e pe\u00e7as de m\u00e1quinas no local de trabalho s\u00e3o essenciais para proteger os trabalhadores e o meio ambiente de vazamentos, vazamentos e gotejamento acidentais.<\/p>\n<p>Tamb\u00e9m est\u00e3o dispon\u00edveis PVC resistente (1350gsm), XR5 de dever qu\u00edmico (para resist\u00eancia qu\u00edmica adicional ou \u00e0 abras\u00e3o) e outros materiais especializados para uma durabilidade mais excelente. Est\u00e3o dispon\u00edveis op\u00e7\u00f5es de esteira e esteira.<\/p>\n<p>As esteiras de lagartas s\u00e3o usadas na parte superior do piso da berma para mover o equipamento frequentemente para dentro e para fora. Os tapetes t\u00e9rreos s\u00e3o usados sob o pavimento da berma se voc\u00ea os estiver usando em terra ou cascalho. Uma esteira de ch\u00e3o n\u00e3o \u00e9 necess\u00e1ria se a berma for usada em asfalto ou concreto. Berm floor se o estiver a utilizar em terra ou cascalho. N\u00e3o \u00e9 necess\u00e1ria uma manta de ch\u00e3o se a berma for utilizada em asfalto ou bet\u00e3o.<\/p>\n<p>[id de wptm=103]<\/p>\n<p><strong>2) Montagem necess\u00e1ria para o derramamento de berma<\/strong><\/p>\n<p>Esta berma de derramamento fornece um meio econ\u00f4mico e eficiente de conten\u00e7\u00e3o. Ao utilizar suportes de suporte &#8220;L&#8221; externos, voc\u00ea obt\u00e9m uma parede lateral resistente que oferece excelente conten\u00e7\u00e3o. Esta berma port\u00e1til fornece 100% de espa\u00e7o interior utiliz\u00e1vel. A configura\u00e7\u00e3o \u00e9 f\u00e1cil e pode ser feita na maioria das \u00e1reas. Berm de conten\u00e7\u00e3o de derramamento de l\u00edquidos est\u00e1 em conformidade com os regulamentos federais e militares. O material \u00e9 rasgado, rasgado, perfurado e resistente a produtos qu\u00edmicos. O material polietileno \u00e9 apropriado para l\u00edquidos \u00e0 base de petr\u00f3leo, combust\u00edvel, \u00e1gua, produtos qu\u00edmicos e outros. Espa\u00e7o. A configura\u00e7\u00e3o \u00e9 f\u00e1cil e pode ser feita na maioria das \u00e1reas: rasgar, rasgar, puncionar e resist\u00eancia qu\u00edmica. O material polietileno \u00e9 apropriado para l\u00edquidos \u00e0 base de petr\u00f3leo, combust\u00edvel, \u00e1gua, produtos qu\u00edmicos e outros.<\/p>\n<ul>\n<li>Use essas bermas de derramamento como uma \u00e1rea de descontamina\u00e7\u00e3o para capturar res\u00edduos oleosos, produtos qu\u00edmicos ou \u00e1gua de lavagem.<\/li>\n<li>Berm de conten\u00e7\u00e3o de derramamento secund\u00e1rio econ\u00f4mico para qualquer equipamento ou ve\u00edculos.<\/li>\n<li>A configura\u00e7\u00e3o \u00e9 f\u00e1cil.<\/li>\n<li>Pode ser limpo e armazenado para uso repetido.<\/li>\n<li>Qu\u00edmico e resistente a UV<\/li>\n<li>Paredes laterais padr\u00e3o de espuma ou suportadas opcionais. Suportes De Parede Laterais De Suporte Em &#8220;L&#8221;.<\/li>\n<li>\u00c9 feito de PVC de direito padr\u00e3o (900gsm).<\/li>\n<\/ul>\n<p>Tamb\u00e9m est\u00e3o dispon\u00edveis PVC resistente (1350gsm), XR5 de dever qu\u00edmico (para resist\u00eancia qu\u00edmica adicional ou \u00e0 abras\u00e3o) e outros materiais especializados para uma durabilidade mais excelente. Est\u00e3o dispon\u00edveis op\u00e7\u00f5es de esteira e esteira.<\/p>\n<p>Esteira ao solo e esteira de via opcionais (prote\u00e7\u00e3o contra o piso dos pneus) poss\u00edveis mediante pedido. As esteiras de lagartas s\u00e3o usadas na parte superior do piso da berma para mover o equipamento frequentemente para dentro e para fora. Os tapetes t\u00e9rreos s\u00e3o usados sob o pavimento da berma se voc\u00ea os estiver usando em terra ou cascalho. Uma esteira de ch\u00e3o n\u00e3o \u00e9 necess\u00e1ria se a berma de derramamento for usada em asfalto ou concreto. Berm floor se o estiver a utilizar em terra ou cascalho. N\u00e3o \u00e9 necess\u00e1ria uma manta de ch\u00e3o se a berma for utilizada em asfalto ou bet\u00e3o.<\/p>\n<p><strong>Voc\u00ea Precisa De Uma Esteira Terrestre Ou Esteira De Trilha Opcional Para Seu Berm?<\/strong><\/p>\n<p>Voc\u00ea pode encomendar uma op\u00e7\u00e3o, um tapete de ch\u00e3o ou esteira de pista para sua berma. Os tapetes t\u00e9rreos s\u00e3o colocados sob a berma de derramamento no ch\u00e3o como uma camada adicional de prote\u00e7\u00e3o para o piso da berma. Se voc\u00ea estiver colocando a berma em terra ou cascalho, comprar um tapete de ch\u00e3o \u00e9 uma boa ideia para evitar que pedras ou paus funcionem pelo ch\u00e3o da sua berma de derramamento. Uma esteira de ch\u00e3o geralmente n\u00e3o \u00e9 necess\u00e1ria em concreto ou asfalto se a berma de conten\u00e7\u00e3o for usada.<\/p>\n<p>Um tapete de via \u00e9 um material de borracha grosso colocado no lado superior do assoalho da berma. Se voc\u00ea conduzir ve\u00edculos ou equipamentos diariamente ou semanalmente dentro e fora da berma de conten\u00e7\u00e3o de derramamento, adquirir essa op\u00e7\u00e3o \u00e9 um bom investimento. Spill Berm \u00c9 um material de borracha grossa colocado no lado superior do piso da berma. Se voc\u00ea conduzir ve\u00edculos ou equipamentos diariamente ou semanalmente dentro e fora da berma de conten\u00e7\u00e3o de derramamento, adquirir essa op\u00e7\u00e3o \u00e9 um bom investimento.<\/p>\n<p>[id de wptm=104]<\/p>\n<p><strong>3) Sem protetor de derramamento de montagem<\/strong><\/p>\n<p>Esta berma de derramamento \u00e9 a mais r\u00e1pida e f\u00e1cil berma de conten\u00e7\u00e3o de derramamento no mercado. Nenhum assembly \u00e9 necess\u00e1rio. Ela s\u00f3 precisa ser desdobrada e est\u00e1 pronta para uso. A constru\u00e7\u00e3o de muro lateral permite que as paredes permane\u00e7am planas para que possam ser inseridas ou sa\u00eddas de qualquer lado! As paredes se erguer\u00e3o automaticamente quando cheias de l\u00edquido. N\u00e3o h\u00e1 paredes laterais para colocar ou dobradi\u00e7as para quebrar manualmente. Essa berma de conten\u00e7\u00e3o de derramamento secund\u00e1ria \u00e9 resistente e pode ser rapidamente implantada de um local para outro durante todo o dia.<\/p>\n<p>Voc\u00ea coloca essas bermas para fora e colocar seu equipamento na berma. Um tipo se encaixou de cabe\u00e7a para baixo, e temos dois lados que se elevam automaticamente para formar uma bacia se houver um vazamento. As paredes sobem automaticamente quando cheias de l\u00edquido.<\/p>\n<p>Ele permite acesso de entrada e sa\u00edda sem as m\u00e3os, sem o risco de rasgar os cantos. Em caso de derramamento, as paredes se erguer\u00e3o automaticamente \u00e0 medida que a berma come\u00e7ar a se encher.<\/p>\n<p>As op\u00e7\u00f5es dispon\u00edveis incluem lonas de aterramento e esteiras de trilho. As lonas mo\u00eddas s\u00e3o geralmente compradas se a berma estiver em terra ou cascalho. Os tapetes de lagartas s\u00e3o comprados se o equipamento \u00e9 acionado para dentro e para fora frequentemente. Incluir lonas de aterramento e esteiras de trilho. As lonas mo\u00eddas s\u00e3o geralmente compradas se a berma estiver em terra ou cascalho. Os tapetes de lagartas s\u00e3o comprados se o equipamento \u00e9 acionado para dentro e para fora frequentemente.<\/p>\n<ul>\n<li>Use essas bermas de derramamento como uma \u00e1rea de descontamina\u00e7\u00e3o para capturar res\u00edduos oleosos, produtos qu\u00edmicos ou \u00e1gua de lavagem.<\/li>\n<li>Berm de conten\u00e7\u00e3o de derramamento secund\u00e1rio econ\u00f4mico para qualquer equipamento ou ve\u00edculos.<\/li>\n<li>Desdobrar, Dirigir Para Dentro, Dirigir Para Fora, Dobrar Para Cima<\/li>\n<li>Drive-In e Drive-Out sem as M\u00e3os<\/li>\n<li>Pode ser limpo e armazenado para uso repetido.<\/li>\n<li>Qu\u00edmico e resistente a UV<\/li>\n<li>As paredes sobem automaticamente quando cheias de l\u00edquido.<\/li>\n<li>Nenhum assembly \u00e9 necess\u00e1rio.<\/li>\n<li>As paredes ficaram planas.<\/li>\n<li>A instala\u00e7\u00e3o leva menos de 1 minuto.<\/li>\n<li>Eles podem ser acionados em qualquer \u00e2ngulo.<\/li>\n<li>A parede lateral de espuma macia facilmente comprime para carregar e descarregar convenientemente.<\/li>\n<li>\u00c9 feito de tecido de PU resistente para \u00e1gua, hidrocarbonetos e a maioria dos produtos qu\u00edmicos.<\/li>\n<\/ul>\n<p>[id de wptm=105]<\/p>\n","protected":false},"excerpt":{"rendered":"<p>MAVI DENIZ fabrica berma de conten\u00e7\u00e3o de derramamento que vem em qualquer tamanho que voc\u00ea quiser. Temos uma berma de [&hellip;]<\/p>\n","protected":false},"author":1,"featured_media":0,"parent":78006,"menu_order":0,"comment_status":"closed","ping_status":"closed","template":"","meta":{"site-sidebar-layout":"default","site-content-layout":"","ast-site-content-layout":"default","site-content-style":"default","site-sidebar-style":"default","ast-global-header-display":"","ast-banner-title-visibility":"","ast-main-header-display":"","ast-hfb-above-header-display":"","ast-hfb-below-header-display":"","ast-hfb-mobile-header-display":"","site-post-title":"","ast-breadcrumbs-content":"","ast-featured-img":"","footer-sml-layout":"","ast-disable-related-posts":"","theme-transparent-header-meta":"","adv-header-id-meta":"","stick-header-meta":"","header-above-stick-meta":"","header-main-stick-meta":"","header-below-stick-meta":"","astra-migrate-meta-layouts":"default","ast-page-background-enabled":"default","ast-page-background-meta":{"desktop":{"background-color":"var(--ast-global-color-5)","background-image":"","background-repeat":"repeat","background-position":"center center","background-size":"auto","background-attachment":"scroll","background-type":"","background-media":"","overlay-type":"","overlay-color":"","overlay-opacity":"","overlay-gradient":""},"tablet":{"background-color":"","background-image":"","background-repeat":"repeat","background-position":"center center","background-size":"auto","background-attachment":"scroll","background-type":"","background-media":"","overlay-type":"","overlay-color":"","overlay-opacity":"","overlay-gradient":""},"mobile":{"background-color":"","background-image":"","background-repeat":"repeat","background-position":"center center","background-size":"auto","background-attachment":"scroll","background-type":"","background-media":"","overlay-type":"","overlay-color":"","overlay-opacity":"","overlay-gradient":""}},"ast-content-background-meta":{"desktop":{"background-color":"var(--ast-global-color-4)","background-image":"","background-repeat":"repeat","background-position":"center center","background-size":"auto","background-attachment":"scroll","background-type":"","background-media":"","overlay-type":"","overlay-color":"","overlay-opacity":"","overlay-gradient":""},"tablet":{"background-color":"var(--ast-global-color-4)","background-image":"","background-repeat":"repeat","background-position":"center center","background-size":"auto","background-attachment":"scroll","background-type":"","background-media":"","overlay-type":"","overlay-color":"","overlay-opacity":"","overlay-gradient":""},"mobile":{"background-color":"var(--ast-global-color-4)","background-image":"","background-repeat":"repeat","background-position":"center center","background-size":"auto","background-attachment":"scroll","background-type":"","background-media":"","overlay-type":"","overlay-color":"","overlay-opacity":"","overlay-gradient":""}},"footnotes":""},"class_list":["post-78040","page","type-page","status-publish","hentry"],"_links":{"self":[{"href":"https:\/\/mavideniz.com.tr\/pt-pt\/wp-json\/wp\/v2\/pages\/78040","targetHints":{"allow":["GET"]}}],"collection":[{"href":"https:\/\/mavideniz.com.tr\/pt-pt\/wp-json\/wp\/v2\/pages"}],"about":[{"href":"https:\/\/mavideniz.com.tr\/pt-pt\/wp-json\/wp\/v2\/types\/page"}],"author":[{"embeddable":true,"href":"https:\/\/mavideniz.com.tr\/pt-pt\/wp-json\/wp\/v2\/users\/1"}],"replies":[{"embeddable":true,"href":"https:\/\/mavideniz.com.tr\/pt-pt\/wp-json\/wp\/v2\/comments?post=78040"}],"version-history":[{"count":0,"href":"https:\/\/mavideniz.com.tr\/pt-pt\/wp-json\/wp\/v2\/pages\/78040\/revisions"}],"up":[{"embeddable":true,"href":"https:\/\/mavideniz.com.tr\/pt-pt\/wp-json\/wp\/v2\/pages\/78006"}],"wp:attachment":[{"href":"https:\/\/mavideniz.com.tr\/pt-pt\/wp-json\/wp\/v2\/media?parent=78040"}],"curies":[{"name":"wp","href":"https:\/\/api.w.org\/{rel}","templated":true}]}}