{"id":78046,"date":"2025-05-03T20:49:09","date_gmt":"2025-05-03T20:49:09","guid":{"rendered":"https:\/\/mavideniz.com.tr\/?page_id=78046"},"modified":"2025-10-05T00:07:25","modified_gmt":"2025-10-05T00:07:25","slug":"log-boom-e-barreira-de-detritos","status":"publish","type":"page","link":"https:\/\/mavideniz.com.tr\/pt-pt\/produtos-industriais\/barra-de-petroleo-barreira\/lanca-de-lixo-lanca-de-detritos\/log-boom-e-barreira-de-detritos\/","title":{"rendered":"Log Boom e Barreira de Detritos"},"content":{"rendered":"\n<p>O Log Boom and Debris Barrier da Mavi Deniz \u00e9 um sistema de controle de detritos pesados projetado para controlar e recuperar lixo flutuante.<\/p>\n<p>A Barreira de Res\u00edduos e o Boom de Log de Mavi Deniz s\u00e3o ideais para ambientes marinhos, usinas de energia, rios, barragens, lixo flutuante, troncos flutuantes e outros<\/p>\n<p>detritos.<\/p>\n<p>Log Boom e Barreira de detritos s\u00e3o f\u00e1ceis de instalar + manter + servi\u00e7o; nenhum equipamento especial \u00e9 necess\u00e1rio para manuten\u00e7\u00e3o,<\/p>\n<p><strong>Recursos<\/strong><\/p>\n<ul>\n<li>Todas as pe\u00e7as da Barreira est\u00e3o em padr\u00f5es internacionais ASTM-Z.<\/li>\n<li>A Barreira \u00e9 altamente dur\u00e1vel para a \u00e1gua e a luz solar.<\/li>\n<li>Barreira de detritos Os tamanhos, componentes e comprimentos da boia podem ser organizados de acordo com suas necessidades.<\/li>\n<li>Pesos de chumbo est\u00e3o sob a Barreira.<\/li>\n<li>A Barreira pode mover-se Devido \u00e0 Mar\u00e9 Alta e Mar\u00e9 Baixa da \u00e1gua.<\/li>\n<li>Barreira Material construir de borracha.<\/li>\n<li>A resist\u00eancia \u00e0 tra\u00e7\u00e3o do material da barreira \u00e9 de 400 kg\/cm e tamb\u00e9m pode ser organizada para suas necessidades.<\/li>\n<li>Rede Circular<\/li>\n<li>As cores s\u00e3o amarelo e preto<\/li>\n<li>Para situa\u00e7\u00f5es extremas, podemos adicionar fio de a\u00e7o especial de alta tens\u00e3o.<\/li>\n<\/ul>\n<p>[id de wptm=39]<\/p>\n","protected":false},"excerpt":{"rendered":"<p>O Log Boom and Debris Barrier da Mavi Deniz \u00e9 um sistema de controle de detritos pesados projetado para controlar [&hellip;]<\/p>\n","protected":false},"author":1,"featured_media":0,"parent":78042,"menu_order":0,"comment_status":"closed","ping_status":"closed","template":"","meta":{"site-sidebar-layout":"default","site-content-layout":"","ast-site-content-layout":"default","site-content-style":"default","site-sidebar-style":"default","ast-global-header-display":"","ast-banner-title-visibility":"","ast-main-header-display":"","ast-hfb-above-header-display":"","ast-hfb-below-header-display":"","ast-hfb-mobile-header-display":"","site-post-title":"","ast-breadcrumbs-content":"","ast-featured-img":"","footer-sml-layout":"","ast-disable-related-posts":"","theme-transparent-header-meta":"","adv-header-id-meta":"","stick-header-meta":"","header-above-stick-meta":"","header-main-stick-meta":"","header-below-stick-meta":"","astra-migrate-meta-layouts":"default","ast-page-background-enabled":"default","ast-page-background-meta":{"desktop":{"background-color":"var(--ast-global-color-5)","background-image":"","background-repeat":"repeat","background-position":"center center","background-size":"auto","background-attachment":"scroll","background-type":"","background-media":"","overlay-type":"","overlay-color":"","overlay-opacity":"","overlay-gradient":""},"tablet":{"background-color":"","background-image":"","background-repeat":"repeat","background-position":"center center","background-size":"auto","background-attachment":"scroll","background-type":"","background-media":"","overlay-type":"","overlay-color":"","overlay-opacity":"","overlay-gradient":""},"mobile":{"background-color":"","background-image":"","background-repeat":"repeat","background-position":"center center","background-size":"auto","background-attachment":"scroll","background-type":"","background-media":"","overlay-type":"","overlay-color":"","overlay-opacity":"","overlay-gradient":""}},"ast-content-background-meta":{"desktop":{"background-color":"var(--ast-global-color-4)","background-image":"","background-repeat":"repeat","background-position":"center center","background-size":"auto","background-attachment":"scroll","background-type":"","background-media":"","overlay-type":"","overlay-color":"","overlay-opacity":"","overlay-gradient":""},"tablet":{"background-color":"var(--ast-global-color-4)","background-image":"","background-repeat":"repeat","background-position":"center center","background-size":"auto","background-attachment":"scroll","background-type":"","background-media":"","overlay-type":"","overlay-color":"","overlay-opacity":"","overlay-gradient":""},"mobile":{"background-color":"var(--ast-global-color-4)","background-image":"","background-repeat":"repeat","background-position":"center center","background-size":"auto","background-attachment":"scroll","background-type":"","background-media":"","overlay-type":"","overlay-color":"","overlay-opacity":"","overlay-gradient":""}},"footnotes":""},"class_list":["post-78046","page","type-page","status-publish","hentry"],"_links":{"self":[{"href":"https:\/\/mavideniz.com.tr\/pt-pt\/wp-json\/wp\/v2\/pages\/78046","targetHints":{"allow":["GET"]}}],"collection":[{"href":"https:\/\/mavideniz.com.tr\/pt-pt\/wp-json\/wp\/v2\/pages"}],"about":[{"href":"https:\/\/mavideniz.com.tr\/pt-pt\/wp-json\/wp\/v2\/types\/page"}],"author":[{"embeddable":true,"href":"https:\/\/mavideniz.com.tr\/pt-pt\/wp-json\/wp\/v2\/users\/1"}],"replies":[{"embeddable":true,"href":"https:\/\/mavideniz.com.tr\/pt-pt\/wp-json\/wp\/v2\/comments?post=78046"}],"version-history":[{"count":0,"href":"https:\/\/mavideniz.com.tr\/pt-pt\/wp-json\/wp\/v2\/pages\/78046\/revisions"}],"up":[{"embeddable":true,"href":"https:\/\/mavideniz.com.tr\/pt-pt\/wp-json\/wp\/v2\/pages\/78042"}],"wp:attachment":[{"href":"https:\/\/mavideniz.com.tr\/pt-pt\/wp-json\/wp\/v2\/media?parent=78046"}],"curies":[{"name":"wp","href":"https:\/\/api.w.org\/{rel}","templated":true}]}}