{"id":78048,"date":"2025-05-03T20:50:29","date_gmt":"2025-05-03T20:50:29","guid":{"rendered":"https:\/\/mavideniz.com.tr\/?page_id=78048"},"modified":"2025-10-05T00:07:24","modified_gmt":"2025-10-05T00:07:24","slug":"rio-armadilha-de-lixo-flutuante","status":"publish","type":"page","link":"https:\/\/mavideniz.com.tr\/pt-pt\/produtos-industriais\/barra-de-petroleo-barreira\/lanca-de-lixo-lanca-de-detritos\/rio-armadilha-de-lixo-flutuante\/","title":{"rendered":"Rio &#8211; Armadilha de Lixo Flutuante"},"content":{"rendered":"\n<p>A Armadilha de lixo flutuante do rio foi projetada para funcionar em qualquer rio, \u00e1gua em movimento ou canal. A Armadilha de Lixo consiste em duas boias flutuantes, um quadro flutuante e uma gaiola de coleta.<\/p>\n<p>Especialmente os rios s\u00e3o o principal vetor de lixo, lixo, lixo e pl\u00e1stico para os nossos mares e oceanos, o que se tornou um grave problema ambiental. Mais de 95% do lixo dos rios flutua no primeiro metro abaixo da superf\u00edcie, e a maior parte do lixo \u00e9 usada apenas 5o cm abaixo da superf\u00edcie. Al\u00e9m disso, os detritos n\u00e3o podem passar a armadilha de lixo do rio com a explos\u00e3o de lixo flutuante. Isso faz com que as armadilhas de lixo coletem os res\u00edduos na gaiola dos rios antes de chegar aos mares e oceanos.<\/p>\n<p><strong>Recursos<\/strong><\/p>\n<ul>\n<li>Simples, f\u00e1cil de instalar e manter, econ\u00f4mico<\/li>\n<li>Pl\u00e1sticos pequenos ou mais significativos podem coletar<\/li>\n<li>Quadro r\u00edgido com booms flutuantes<\/li>\n<li>Tamanhos personalizados e especifica\u00e7\u00f5es est\u00e3o dispon\u00edveis para suas necessidades.<\/li>\n<\/ul>\n<p>[id de wptm=113]<\/p>\n","protected":false},"excerpt":{"rendered":"<p>A Armadilha de lixo flutuante do rio foi projetada para funcionar em qualquer rio, \u00e1gua em movimento ou canal. A [&hellip;]<\/p>\n","protected":false},"author":1,"featured_media":0,"parent":78042,"menu_order":0,"comment_status":"closed","ping_status":"closed","template":"","meta":{"site-sidebar-layout":"default","site-content-layout":"","ast-site-content-layout":"default","site-content-style":"default","site-sidebar-style":"default","ast-global-header-display":"","ast-banner-title-visibility":"","ast-main-header-display":"","ast-hfb-above-header-display":"","ast-hfb-below-header-display":"","ast-hfb-mobile-header-display":"","site-post-title":"","ast-breadcrumbs-content":"","ast-featured-img":"","footer-sml-layout":"","ast-disable-related-posts":"","theme-transparent-header-meta":"","adv-header-id-meta":"","stick-header-meta":"","header-above-stick-meta":"","header-main-stick-meta":"","header-below-stick-meta":"","astra-migrate-meta-layouts":"default","ast-page-background-enabled":"default","ast-page-background-meta":{"desktop":{"background-color":"var(--ast-global-color-5)","background-image":"","background-repeat":"repeat","background-position":"center center","background-size":"auto","background-attachment":"scroll","background-type":"","background-media":"","overlay-type":"","overlay-color":"","overlay-opacity":"","overlay-gradient":""},"tablet":{"background-color":"","background-image":"","background-repeat":"repeat","background-position":"center center","background-size":"auto","background-attachment":"scroll","background-type":"","background-media":"","overlay-type":"","overlay-color":"","overlay-opacity":"","overlay-gradient":""},"mobile":{"background-color":"","background-image":"","background-repeat":"repeat","background-position":"center center","background-size":"auto","background-attachment":"scroll","background-type":"","background-media":"","overlay-type":"","overlay-color":"","overlay-opacity":"","overlay-gradient":""}},"ast-content-background-meta":{"desktop":{"background-color":"var(--ast-global-color-4)","background-image":"","background-repeat":"repeat","background-position":"center center","background-size":"auto","background-attachment":"scroll","background-type":"","background-media":"","overlay-type":"","overlay-color":"","overlay-opacity":"","overlay-gradient":""},"tablet":{"background-color":"var(--ast-global-color-4)","background-image":"","background-repeat":"repeat","background-position":"center center","background-size":"auto","background-attachment":"scroll","background-type":"","background-media":"","overlay-type":"","overlay-color":"","overlay-opacity":"","overlay-gradient":""},"mobile":{"background-color":"var(--ast-global-color-4)","background-image":"","background-repeat":"repeat","background-position":"center center","background-size":"auto","background-attachment":"scroll","background-type":"","background-media":"","overlay-type":"","overlay-color":"","overlay-opacity":"","overlay-gradient":""}},"footnotes":""},"class_list":["post-78048","page","type-page","status-publish","hentry"],"_links":{"self":[{"href":"https:\/\/mavideniz.com.tr\/pt-pt\/wp-json\/wp\/v2\/pages\/78048","targetHints":{"allow":["GET"]}}],"collection":[{"href":"https:\/\/mavideniz.com.tr\/pt-pt\/wp-json\/wp\/v2\/pages"}],"about":[{"href":"https:\/\/mavideniz.com.tr\/pt-pt\/wp-json\/wp\/v2\/types\/page"}],"author":[{"embeddable":true,"href":"https:\/\/mavideniz.com.tr\/pt-pt\/wp-json\/wp\/v2\/users\/1"}],"replies":[{"embeddable":true,"href":"https:\/\/mavideniz.com.tr\/pt-pt\/wp-json\/wp\/v2\/comments?post=78048"}],"version-history":[{"count":0,"href":"https:\/\/mavideniz.com.tr\/pt-pt\/wp-json\/wp\/v2\/pages\/78048\/revisions"}],"up":[{"embeddable":true,"href":"https:\/\/mavideniz.com.tr\/pt-pt\/wp-json\/wp\/v2\/pages\/78042"}],"wp:attachment":[{"href":"https:\/\/mavideniz.com.tr\/pt-pt\/wp-json\/wp\/v2\/media?parent=78048"}],"curies":[{"name":"wp","href":"https:\/\/api.w.org\/{rel}","templated":true}]}}