{"id":78050,"date":"2025-05-03T20:51:07","date_gmt":"2025-05-03T20:51:07","guid":{"rendered":"https:\/\/mavideniz.com.tr\/?page_id=78050"},"modified":"2025-10-05T00:07:24","modified_gmt":"2025-10-05T00:07:24","slug":"barreira-de-lixo-do-rio","status":"publish","type":"page","link":"https:\/\/mavideniz.com.tr\/pt-pt\/produtos-industriais\/barra-de-petroleo-barreira\/lanca-de-lixo-lanca-de-detritos\/barreira-de-lixo-do-rio\/","title":{"rendered":"Barreira de Lixo do Rio"},"content":{"rendered":"\n<p>A Barreira de Lixo de Mavideniz foi projetada para evitar a polui\u00e7\u00e3o da \u00e1gua. A Barreira de Lixo cont\u00e9m todo o lixo e detritos flutuantes que param, controlam e coletam lixo e detritos. A Barreira de Lixo \u00e9 ideal para instala\u00e7\u00e3o permanente em HES (usinas hidrel\u00e9tricas), entradas de mar\u00e9, rios, portos mar\u00edtimos e barragens.<\/p>\n<p>Barreira de lixo Boom \u00e9 uma barreira altamente dur\u00e1vel, de baixa manuten\u00e7\u00e3o. Fabrique materiais robustos para suportar os efeitos adversos da abras\u00e3o, UV, \u00f3leo e degrada\u00e7\u00e3o marinha. As redes HDPE pesadas podem acrescentar-se abaixo para fornecer a parada final de trastes e altura aumentada sob o n\u00edvel da \u00e1gua. Pesos de chumbo lastro lixo Barreira ou uma corrente galvanizada pode ser colocado sob cada par de flutuadores. Os conectores ASTM s\u00e3o fornecidos como padr\u00e3o no final de cada se\u00e7\u00e3o.<\/p>\n<p>Barreira de Lixo Boom moldado de polietileno resistente flutuadores que se ligam ao tecido base de borracha por acess\u00f3rios resistentes \u00e0 corros\u00e3o. Os flutuadores pesados podem ser preenchidos com espuma como uma op\u00e7\u00e3o para fornecer confiabilidade m\u00e1xima e aumentar a flutuabilidade. Os flutuadores podem desparafusar do tecido base para limpeza e, se necessariamente danificados, os flutuadores podem ser substitu\u00eddos. Os olhais de ancoragem podem ser fornecidos em intervalos regulares adjacentes aos flutuadores ou aos conectores de extremidade.<\/p>\n<p><strong>Recursos<\/strong><\/p>\n<ul>\n<li>Todas as pe\u00e7as da Barreira de Lixo e do Boom de Detritos est\u00e3o em padr\u00f5es internacionais ASTM-Z.<\/li>\n<li>A Barreira de Lixo \u00e9 altamente dur\u00e1vel para a \u00e1gua e a luz solar.<\/li>\n<li>Pesos de chumbo est\u00e3o sob a Barreira.<\/li>\n<li>Barreiras de lixo podem se mover Devido \u00e0 mar\u00e9 alta e mar\u00e9 baixa da \u00e1gua.<\/li>\n<li>Barreira Material constru\u00eddo a partir de borracha<\/li>\n<li>A resist\u00eancia \u00e0 tra\u00e7\u00e3o do material da barreira \u00e9 de 400 kg\/cm.<\/li>\n<li>Para situa\u00e7\u00f5es de detritos extremos, fio de a\u00e7o especial de alta tens\u00e3o<\/li>\n<\/ul>\n<p>[id de wptm=40]<\/p>\n","protected":false},"excerpt":{"rendered":"<p>A Barreira de Lixo de Mavideniz foi projetada para evitar a polui\u00e7\u00e3o da \u00e1gua. A Barreira de Lixo cont\u00e9m todo [&hellip;]<\/p>\n","protected":false},"author":1,"featured_media":0,"parent":78042,"menu_order":0,"comment_status":"closed","ping_status":"closed","template":"","meta":{"site-sidebar-layout":"default","site-content-layout":"","ast-site-content-layout":"default","site-content-style":"default","site-sidebar-style":"default","ast-global-header-display":"","ast-banner-title-visibility":"","ast-main-header-display":"","ast-hfb-above-header-display":"","ast-hfb-below-header-display":"","ast-hfb-mobile-header-display":"","site-post-title":"","ast-breadcrumbs-content":"","ast-featured-img":"","footer-sml-layout":"","ast-disable-related-posts":"","theme-transparent-header-meta":"","adv-header-id-meta":"","stick-header-meta":"","header-above-stick-meta":"","header-main-stick-meta":"","header-below-stick-meta":"","astra-migrate-meta-layouts":"default","ast-page-background-enabled":"default","ast-page-background-meta":{"desktop":{"background-color":"var(--ast-global-color-5)","background-image":"","background-repeat":"repeat","background-position":"center center","background-size":"auto","background-attachment":"scroll","background-type":"","background-media":"","overlay-type":"","overlay-color":"","overlay-opacity":"","overlay-gradient":""},"tablet":{"background-color":"","background-image":"","background-repeat":"repeat","background-position":"center center","background-size":"auto","background-attachment":"scroll","background-type":"","background-media":"","overlay-type":"","overlay-color":"","overlay-opacity":"","overlay-gradient":""},"mobile":{"background-color":"","background-image":"","background-repeat":"repeat","background-position":"center center","background-size":"auto","background-attachment":"scroll","background-type":"","background-media":"","overlay-type":"","overlay-color":"","overlay-opacity":"","overlay-gradient":""}},"ast-content-background-meta":{"desktop":{"background-color":"var(--ast-global-color-4)","background-image":"","background-repeat":"repeat","background-position":"center center","background-size":"auto","background-attachment":"scroll","background-type":"","background-media":"","overlay-type":"","overlay-color":"","overlay-opacity":"","overlay-gradient":""},"tablet":{"background-color":"var(--ast-global-color-4)","background-image":"","background-repeat":"repeat","background-position":"center center","background-size":"auto","background-attachment":"scroll","background-type":"","background-media":"","overlay-type":"","overlay-color":"","overlay-opacity":"","overlay-gradient":""},"mobile":{"background-color":"var(--ast-global-color-4)","background-image":"","background-repeat":"repeat","background-position":"center center","background-size":"auto","background-attachment":"scroll","background-type":"","background-media":"","overlay-type":"","overlay-color":"","overlay-opacity":"","overlay-gradient":""}},"footnotes":""},"class_list":["post-78050","page","type-page","status-publish","hentry"],"_links":{"self":[{"href":"https:\/\/mavideniz.com.tr\/pt-pt\/wp-json\/wp\/v2\/pages\/78050","targetHints":{"allow":["GET"]}}],"collection":[{"href":"https:\/\/mavideniz.com.tr\/pt-pt\/wp-json\/wp\/v2\/pages"}],"about":[{"href":"https:\/\/mavideniz.com.tr\/pt-pt\/wp-json\/wp\/v2\/types\/page"}],"author":[{"embeddable":true,"href":"https:\/\/mavideniz.com.tr\/pt-pt\/wp-json\/wp\/v2\/users\/1"}],"replies":[{"embeddable":true,"href":"https:\/\/mavideniz.com.tr\/pt-pt\/wp-json\/wp\/v2\/comments?post=78050"}],"version-history":[{"count":0,"href":"https:\/\/mavideniz.com.tr\/pt-pt\/wp-json\/wp\/v2\/pages\/78050\/revisions"}],"up":[{"embeddable":true,"href":"https:\/\/mavideniz.com.tr\/pt-pt\/wp-json\/wp\/v2\/pages\/78042"}],"wp:attachment":[{"href":"https:\/\/mavideniz.com.tr\/pt-pt\/wp-json\/wp\/v2\/media?parent=78050"}],"curies":[{"name":"wp","href":"https:\/\/api.w.org\/{rel}","templated":true}]}}