{"id":78052,"date":"2025-05-03T20:52:12","date_gmt":"2025-05-03T20:52:12","guid":{"rendered":"https:\/\/mavideniz.com.tr\/?page_id=78052"},"modified":"2025-10-05T00:07:23","modified_gmt":"2025-10-05T00:07:23","slug":"piscina-de-protecao-de-aguas-vivas-de-iate","status":"publish","type":"page","link":"https:\/\/mavideniz.com.tr\/pt-pt\/produtos-industriais\/barra-de-petroleo-barreira\/piscina-de-protecao-de-aguas-vivas-de-iate\/","title":{"rendered":"Piscina de prote\u00e7\u00e3o de \u00e1guas-vivas de iate"},"content":{"rendered":"\n<p>Mavi Deniz Yacht Jellyfish Protection Pool \u00e9 uma \u00e1rea segura para crian\u00e7as e adultos nadarem longe de \u00e1guas-vivas e outras criaturas mar\u00edtimas indesejadas.<\/p>\n<p>Yacht Jellyfish Protection Pool \u00e9 uma barreira de PVC infl\u00e1vel n\u00e3o deslizante ideal para barcos, iates, veleiros e catamar\u00e3s. As dimens\u00f5es se ajustam \u00e0s suas necessidades.<\/p>\n<p>A piscina de \u00e1guas-vivas \u00e9 r\u00e1pida, segura e f\u00e1cil de configurar, ocupando o m\u00ednimo de espa\u00e7o a bordo para armazenamento.<\/p>\n<p><strong>Hora da Configura\u00e7\u00e3o<\/strong><\/p>\n<ul>\n<li>Infla\u00e7\u00e3o Inferior a 2 minutos<\/li>\n<li>Deflacionado em menos de 3 minutos<\/li>\n<li>Dobrado em menos de 2 minutos.<\/li>\n<\/ul>\n<p><strong>Recursos<\/strong><\/p>\n<ul>\n<li>Peso aproximadamente 20 kg.<\/li>\n<li>Mar e UV resistentes<\/li>\n<li>O tamanho pode ser personalizado at\u00e9 64 m2 para oito pessoas.<\/li>\n<li>Profundidade personaliz\u00e1vel at\u00e9 3 mt.<\/li>\n<li>Pode caminhar na piscina<\/li>\n<li>Cor personalizada para voc\u00ea.<\/li>\n<li>Garantia 3 anos.<\/li>\n<\/ul>\n<p>[id de wptm=134]<\/p>\n","protected":false},"excerpt":{"rendered":"<p>Mavi Deniz Yacht Jellyfish Protection Pool \u00e9 uma \u00e1rea segura para crian\u00e7as e adultos nadarem longe de \u00e1guas-vivas e outras [&hellip;]<\/p>\n","protected":false},"author":1,"featured_media":0,"parent":78006,"menu_order":0,"comment_status":"closed","ping_status":"closed","template":"","meta":{"site-sidebar-layout":"default","site-content-layout":"","ast-site-content-layout":"default","site-content-style":"default","site-sidebar-style":"default","ast-global-header-display":"","ast-banner-title-visibility":"","ast-main-header-display":"","ast-hfb-above-header-display":"","ast-hfb-below-header-display":"","ast-hfb-mobile-header-display":"","site-post-title":"","ast-breadcrumbs-content":"","ast-featured-img":"","footer-sml-layout":"","ast-disable-related-posts":"","theme-transparent-header-meta":"","adv-header-id-meta":"","stick-header-meta":"","header-above-stick-meta":"","header-main-stick-meta":"","header-below-stick-meta":"","astra-migrate-meta-layouts":"default","ast-page-background-enabled":"default","ast-page-background-meta":{"desktop":{"background-color":"var(--ast-global-color-5)","background-image":"","background-repeat":"repeat","background-position":"center center","background-size":"auto","background-attachment":"scroll","background-type":"","background-media":"","overlay-type":"","overlay-color":"","overlay-opacity":"","overlay-gradient":""},"tablet":{"background-color":"","background-image":"","background-repeat":"repeat","background-position":"center center","background-size":"auto","background-attachment":"scroll","background-type":"","background-media":"","overlay-type":"","overlay-color":"","overlay-opacity":"","overlay-gradient":""},"mobile":{"background-color":"","background-image":"","background-repeat":"repeat","background-position":"center center","background-size":"auto","background-attachment":"scroll","background-type":"","background-media":"","overlay-type":"","overlay-color":"","overlay-opacity":"","overlay-gradient":""}},"ast-content-background-meta":{"desktop":{"background-color":"var(--ast-global-color-4)","background-image":"","background-repeat":"repeat","background-position":"center center","background-size":"auto","background-attachment":"scroll","background-type":"","background-media":"","overlay-type":"","overlay-color":"","overlay-opacity":"","overlay-gradient":""},"tablet":{"background-color":"var(--ast-global-color-4)","background-image":"","background-repeat":"repeat","background-position":"center center","background-size":"auto","background-attachment":"scroll","background-type":"","background-media":"","overlay-type":"","overlay-color":"","overlay-opacity":"","overlay-gradient":""},"mobile":{"background-color":"var(--ast-global-color-4)","background-image":"","background-repeat":"repeat","background-position":"center center","background-size":"auto","background-attachment":"scroll","background-type":"","background-media":"","overlay-type":"","overlay-color":"","overlay-opacity":"","overlay-gradient":""}},"footnotes":""},"class_list":["post-78052","page","type-page","status-publish","hentry"],"_links":{"self":[{"href":"https:\/\/mavideniz.com.tr\/pt-pt\/wp-json\/wp\/v2\/pages\/78052","targetHints":{"allow":["GET"]}}],"collection":[{"href":"https:\/\/mavideniz.com.tr\/pt-pt\/wp-json\/wp\/v2\/pages"}],"about":[{"href":"https:\/\/mavideniz.com.tr\/pt-pt\/wp-json\/wp\/v2\/types\/page"}],"author":[{"embeddable":true,"href":"https:\/\/mavideniz.com.tr\/pt-pt\/wp-json\/wp\/v2\/users\/1"}],"replies":[{"embeddable":true,"href":"https:\/\/mavideniz.com.tr\/pt-pt\/wp-json\/wp\/v2\/comments?post=78052"}],"version-history":[{"count":0,"href":"https:\/\/mavideniz.com.tr\/pt-pt\/wp-json\/wp\/v2\/pages\/78052\/revisions"}],"up":[{"embeddable":true,"href":"https:\/\/mavideniz.com.tr\/pt-pt\/wp-json\/wp\/v2\/pages\/78006"}],"wp:attachment":[{"href":"https:\/\/mavideniz.com.tr\/pt-pt\/wp-json\/wp\/v2\/media?parent=78052"}],"curies":[{"name":"wp","href":"https:\/\/api.w.org\/{rel}","templated":true}]}}