{"id":78060,"date":"2025-05-03T21:38:33","date_gmt":"2025-05-03T21:38:33","guid":{"rendered":"https:\/\/mavideniz.com.tr\/?page_id=78060"},"modified":"2025-10-05T00:07:23","modified_gmt":"2025-10-05T00:07:23","slug":"escumadeira-de-oleo-de-esfregao-de-corda","status":"publish","type":"page","link":"https:\/\/mavideniz.com.tr\/pt-pt\/produtos-industriais\/escumadeira-de-oleo\/escumadeira-de-oleo-de-esfregao-de-corda\/","title":{"rendered":"Escumadeira de \u00f3leo de esfreg\u00e3o de corda"},"content":{"rendered":"\n<p>Rope-Mop Oil Skimmer \u00e9 oleof\u00edlico, hidrof\u00f3bico, e um fio de polipropileno fibrilado. Rope-Mop Oil Skimmer rejeita a absor\u00e7\u00e3o de \u00e1gua, e atrai todos os \u00f3leos e produtos qu\u00edmicos flutuantes.<\/p>\n<p>O tecido do Rope Mop Oil Skimmer cria e uma \u00e1rea de superf\u00edcie m\u00e1xima, tornando uma enorme capacidade de recupera\u00e7\u00e3o atrav\u00e9s da adsor\u00e7\u00e3o e reten\u00e7\u00e3o de \u00f3leo e produtos qu\u00edmicos flutuantes.<\/p>\n<p>O E-Series Rope Mop Oil Skimmer \u00e9 ideal para a recupera\u00e7\u00e3o de \u00f3leos leves, m\u00e9dios e emulsionados em rios, p\u00e2ntanos e outras \u00e1guas interiores.<\/p>\n<p>Comprimentos de aparador de \u00f3leo de esfreg\u00e3o de corda longa podem ser usados, permitindo que o \u00f3leo a alguma dist\u00e2ncia da unidade do dedo seja coletado. Como o sistema de esfreg\u00f5es \u00e9 um sistema oleof\u00edlico (que atrai \u00f3leo), apenas uma pequena porcentagem da \u00e1gua \u00e9 recolhida com o \u00f3leo.<\/p>\n<p><strong>ESFREG\u00c3O<\/strong><\/p>\n<p>Mop Skimmer pode atrair todos os \u00f3leos e produtos qu\u00edmicos flutuantes. Rejeita a \u00e1gua n\u00e3o \u00e9 afetada por detritos flutuantes na superf\u00edcie da \u00e1gua. O escumador de \u00f3leo de esfreg\u00e3o pode ser feito em qualquer comprimento necess\u00e1rio. O escumador de esfreg\u00e3o de corda pode ser feito em loop pronto ou aberto. Ele est\u00e1 dispon\u00edvel em 4&#8243;, 6&#8243; 9&#8243; Largura, ou uma vers\u00e3o completa \u00e9 feita para produzir o mop net. Rope Mop Oil Skimmer tem dois tipos: preto mop para \u00f3leos pesados e branco mop para \u00f3leos leves e \u00f3leos de viscosidade m\u00e9dia. \u00c9 extremamente diversificada em seu uso.<\/p>\n<p><strong>Recursos<\/strong><\/p>\n<ul>\n<li>Rope Mop Oil Skimmer, Ideal para opera\u00e7\u00f5es em portos, portos, interior e costeiros, onde uma resposta r\u00e1pida \u00e9 necess\u00e1ria.<\/li>\n<li>Pegue muito pouca \u00e1gua livre mesmo em espessuras de pel\u00edcula de \u00f3leo abaixo de 5mm.<\/li>\n<li>Incorporar um \u00fanico separador de \u00f3leo \/ \u00e1gua e tanque de coleta de \u00f3leo, evitando a necessidade de armazenar \u00e1gua livre indesejada.<\/li>\n<li>A pequena quantidade de \u00e1gua livre recolhida \u00e9 imediatamente devolvida \u00e0 zona contaminada com petr\u00f3leo.<\/li>\n<li>N\u00e3o precisam de bombas; o \u00f3leo recuperado \u00e9 alimentado por gravidade normal.<\/li>\n<li>Mop skimmer pode ficar correndo 24 horas por dia, sete dias por semana, se necess\u00e1rio.<\/li>\n<li>Mop skimmer pode ficar por longos per\u00edodos sem assist\u00eancia.<\/li>\n<\/ul>\n<p><strong>Opcional<\/strong><\/p>\n<ul>\n<li>Polia de guia flutuante<\/li>\n<li>Reboque<\/li>\n<li>Caixas de \u00f3leo maiores<\/li>\n<li>Bombas de descarga autom\u00e1ticas<\/li>\n<li>Interruptores dos sensores das alavancas<\/li>\n<li>Desligamentos autom\u00e1ticos<\/li>\n<\/ul>\n<p>[id de wptm=26]<\/p>\n","protected":false},"excerpt":{"rendered":"<p>Rope-Mop Oil Skimmer \u00e9 oleof\u00edlico, hidrof\u00f3bico, e um fio de polipropileno fibrilado. Rope-Mop Oil Skimmer rejeita a absor\u00e7\u00e3o de \u00e1gua, [&hellip;]<\/p>\n","protected":false},"author":1,"featured_media":0,"parent":78054,"menu_order":0,"comment_status":"closed","ping_status":"closed","template":"","meta":{"site-sidebar-layout":"default","site-content-layout":"","ast-site-content-layout":"default","site-content-style":"default","site-sidebar-style":"default","ast-global-header-display":"","ast-banner-title-visibility":"","ast-main-header-display":"","ast-hfb-above-header-display":"","ast-hfb-below-header-display":"","ast-hfb-mobile-header-display":"","site-post-title":"","ast-breadcrumbs-content":"","ast-featured-img":"","footer-sml-layout":"","ast-disable-related-posts":"","theme-transparent-header-meta":"","adv-header-id-meta":"","stick-header-meta":"","header-above-stick-meta":"","header-main-stick-meta":"","header-below-stick-meta":"","astra-migrate-meta-layouts":"default","ast-page-background-enabled":"default","ast-page-background-meta":{"desktop":{"background-color":"var(--ast-global-color-5)","background-image":"","background-repeat":"repeat","background-position":"center center","background-size":"auto","background-attachment":"scroll","background-type":"","background-media":"","overlay-type":"","overlay-color":"","overlay-opacity":"","overlay-gradient":""},"tablet":{"background-color":"","background-image":"","background-repeat":"repeat","background-position":"center center","background-size":"auto","background-attachment":"scroll","background-type":"","background-media":"","overlay-type":"","overlay-color":"","overlay-opacity":"","overlay-gradient":""},"mobile":{"background-color":"","background-image":"","background-repeat":"repeat","background-position":"center center","background-size":"auto","background-attachment":"scroll","background-type":"","background-media":"","overlay-type":"","overlay-color":"","overlay-opacity":"","overlay-gradient":""}},"ast-content-background-meta":{"desktop":{"background-color":"var(--ast-global-color-4)","background-image":"","background-repeat":"repeat","background-position":"center center","background-size":"auto","background-attachment":"scroll","background-type":"","background-media":"","overlay-type":"","overlay-color":"","overlay-opacity":"","overlay-gradient":""},"tablet":{"background-color":"var(--ast-global-color-4)","background-image":"","background-repeat":"repeat","background-position":"center center","background-size":"auto","background-attachment":"scroll","background-type":"","background-media":"","overlay-type":"","overlay-color":"","overlay-opacity":"","overlay-gradient":""},"mobile":{"background-color":"var(--ast-global-color-4)","background-image":"","background-repeat":"repeat","background-position":"center center","background-size":"auto","background-attachment":"scroll","background-type":"","background-media":"","overlay-type":"","overlay-color":"","overlay-opacity":"","overlay-gradient":""}},"footnotes":""},"class_list":["post-78060","page","type-page","status-publish","hentry"],"_links":{"self":[{"href":"https:\/\/mavideniz.com.tr\/pt-pt\/wp-json\/wp\/v2\/pages\/78060","targetHints":{"allow":["GET"]}}],"collection":[{"href":"https:\/\/mavideniz.com.tr\/pt-pt\/wp-json\/wp\/v2\/pages"}],"about":[{"href":"https:\/\/mavideniz.com.tr\/pt-pt\/wp-json\/wp\/v2\/types\/page"}],"author":[{"embeddable":true,"href":"https:\/\/mavideniz.com.tr\/pt-pt\/wp-json\/wp\/v2\/users\/1"}],"replies":[{"embeddable":true,"href":"https:\/\/mavideniz.com.tr\/pt-pt\/wp-json\/wp\/v2\/comments?post=78060"}],"version-history":[{"count":0,"href":"https:\/\/mavideniz.com.tr\/pt-pt\/wp-json\/wp\/v2\/pages\/78060\/revisions"}],"up":[{"embeddable":true,"href":"https:\/\/mavideniz.com.tr\/pt-pt\/wp-json\/wp\/v2\/pages\/78054"}],"wp:attachment":[{"href":"https:\/\/mavideniz.com.tr\/pt-pt\/wp-json\/wp\/v2\/media?parent=78060"}],"curies":[{"name":"wp","href":"https:\/\/api.w.org\/{rel}","templated":true}]}}