{"id":78062,"date":"2025-05-03T21:39:22","date_gmt":"2025-05-03T21:39:22","guid":{"rendered":"https:\/\/mavideniz.com.tr\/?page_id=78062"},"modified":"2025-10-05T00:07:23","modified_gmt":"2025-10-05T00:07:23","slug":"escumadeira-de-oleo-de-succao","status":"publish","type":"page","link":"https:\/\/mavideniz.com.tr\/pt-pt\/produtos-industriais\/escumadeira-de-oleo\/escumadeira-de-oleo-de-succao\/","title":{"rendered":"Escumadeira de \u00f3leo de suc\u00e7\u00e3o"},"content":{"rendered":"\n<p>O Mavi Deniz Shallow Water Oil Suction Skimmer \u00e9 uma cabe\u00e7a robusta e leve do Skimmer, ideal para \u00e1guas rasas ou \u00e1reas onde grandes skimmers seriam imposs\u00edveis.<\/p>\n<p>Shallow Water Suction Oil Skimmer \u00e9 uma cabe\u00e7a de su\u00e7\u00e3o flutuante que recuperar\u00e1 at\u00e9 30 toneladas por hora, dependendo do tipo de bomba\/\u00f3leo e viscosidade.<\/p>\n<p>O Mavi Deniz Suction Skimmer \u00e9 uma cabe\u00e7a de su\u00e7\u00e3o de a\u00e7ude \u00fanica com um ajuste leve para qualquer bomba de su\u00e7\u00e3o ou unidade de v\u00e1cuo, como nossas unidades de v\u00e1cuo m\u00f3veis montadas \u00e0 direita Mini Vac ou Mavi Vac. F\u00e1cil de manobrar e simples de usar, al\u00e9m de sua forma plana, o skimmer pode operar em \u00e1reas inacess\u00edveis, como debaixo de p\u00eders e em torno de molhes.<\/p>\n<p>Cabe\u00e7as Skimmer podem operar em t\u00e3o pouco como 7cm de \u00e1gua.<\/p>\n<p>A constru\u00e7\u00e3o leve torna o Shallow Water Suction Oil Skimmer particularmente valioso para a limpeza de praias, opera\u00e7\u00f5es de litoral, em torno de cais e molhes, bem como em lagos, lagoas, portos, portos, rios e \u00e1guas interiores,<\/p>\n<p><strong>Recursos<\/strong><\/p>\n<ul>\n<li>Suction Oil Skimmer Ideal para opera\u00e7\u00f5es em portos, portos, interior e costeiros, onde uma resposta r\u00e1pida \u00e9 necess\u00e1ria<\/li>\n<li>Suction Oil Skimmer pode operar em apenas 3 polegadas de \u00e1gua rasa. Facilmente montado, operado e mantido<\/li>\n<li>Sistemas de bomba a diesel, g\u00e1s, pneum\u00e1tica ou el\u00e9trica est\u00e3o dispon\u00edveis<\/li>\n<\/ul>\n<p><strong>Opcional<\/strong><\/p>\n<ul>\n<li>Tubo de extens\u00e3o de 122 x 5 cm<\/li>\n<li>Mangueira De Su\u00e7\u00e3o<\/li>\n<li>Bomba<\/li>\n<li>Pacote de energia<\/li>\n<\/ul>\n<p>[id de wptm=27]<\/p>\n","protected":false},"excerpt":{"rendered":"<p>O Mavi Deniz Shallow Water Oil Suction Skimmer \u00e9 uma cabe\u00e7a robusta e leve do Skimmer, ideal para \u00e1guas rasas [&hellip;]<\/p>\n","protected":false},"author":1,"featured_media":0,"parent":78054,"menu_order":0,"comment_status":"closed","ping_status":"closed","template":"","meta":{"site-sidebar-layout":"default","site-content-layout":"","ast-site-content-layout":"default","site-content-style":"default","site-sidebar-style":"default","ast-global-header-display":"","ast-banner-title-visibility":"","ast-main-header-display":"","ast-hfb-above-header-display":"","ast-hfb-below-header-display":"","ast-hfb-mobile-header-display":"","site-post-title":"","ast-breadcrumbs-content":"","ast-featured-img":"","footer-sml-layout":"","ast-disable-related-posts":"","theme-transparent-header-meta":"","adv-header-id-meta":"","stick-header-meta":"","header-above-stick-meta":"","header-main-stick-meta":"","header-below-stick-meta":"","astra-migrate-meta-layouts":"default","ast-page-background-enabled":"default","ast-page-background-meta":{"desktop":{"background-color":"var(--ast-global-color-5)","background-image":"","background-repeat":"repeat","background-position":"center center","background-size":"auto","background-attachment":"scroll","background-type":"","background-media":"","overlay-type":"","overlay-color":"","overlay-opacity":"","overlay-gradient":""},"tablet":{"background-color":"","background-image":"","background-repeat":"repeat","background-position":"center center","background-size":"auto","background-attachment":"scroll","background-type":"","background-media":"","overlay-type":"","overlay-color":"","overlay-opacity":"","overlay-gradient":""},"mobile":{"background-color":"","background-image":"","background-repeat":"repeat","background-position":"center center","background-size":"auto","background-attachment":"scroll","background-type":"","background-media":"","overlay-type":"","overlay-color":"","overlay-opacity":"","overlay-gradient":""}},"ast-content-background-meta":{"desktop":{"background-color":"var(--ast-global-color-4)","background-image":"","background-repeat":"repeat","background-position":"center center","background-size":"auto","background-attachment":"scroll","background-type":"","background-media":"","overlay-type":"","overlay-color":"","overlay-opacity":"","overlay-gradient":""},"tablet":{"background-color":"var(--ast-global-color-4)","background-image":"","background-repeat":"repeat","background-position":"center center","background-size":"auto","background-attachment":"scroll","background-type":"","background-media":"","overlay-type":"","overlay-color":"","overlay-opacity":"","overlay-gradient":""},"mobile":{"background-color":"var(--ast-global-color-4)","background-image":"","background-repeat":"repeat","background-position":"center center","background-size":"auto","background-attachment":"scroll","background-type":"","background-media":"","overlay-type":"","overlay-color":"","overlay-opacity":"","overlay-gradient":""}},"footnotes":""},"class_list":["post-78062","page","type-page","status-publish","hentry"],"_links":{"self":[{"href":"https:\/\/mavideniz.com.tr\/pt-pt\/wp-json\/wp\/v2\/pages\/78062","targetHints":{"allow":["GET"]}}],"collection":[{"href":"https:\/\/mavideniz.com.tr\/pt-pt\/wp-json\/wp\/v2\/pages"}],"about":[{"href":"https:\/\/mavideniz.com.tr\/pt-pt\/wp-json\/wp\/v2\/types\/page"}],"author":[{"embeddable":true,"href":"https:\/\/mavideniz.com.tr\/pt-pt\/wp-json\/wp\/v2\/users\/1"}],"replies":[{"embeddable":true,"href":"https:\/\/mavideniz.com.tr\/pt-pt\/wp-json\/wp\/v2\/comments?post=78062"}],"version-history":[{"count":0,"href":"https:\/\/mavideniz.com.tr\/pt-pt\/wp-json\/wp\/v2\/pages\/78062\/revisions"}],"up":[{"embeddable":true,"href":"https:\/\/mavideniz.com.tr\/pt-pt\/wp-json\/wp\/v2\/pages\/78054"}],"wp:attachment":[{"href":"https:\/\/mavideniz.com.tr\/pt-pt\/wp-json\/wp\/v2\/media?parent=78062"}],"curies":[{"name":"wp","href":"https:\/\/api.w.org\/{rel}","templated":true}]}}