{"id":78064,"date":"2025-05-03T21:40:10","date_gmt":"2025-05-03T21:40:10","guid":{"rendered":"https:\/\/mavideniz.com.tr\/?page_id=78064"},"modified":"2025-10-05T00:07:23","modified_gmt":"2025-10-05T00:07:23","slug":"carretel-de-mangueira-umbilical","status":"publish","type":"page","link":"https:\/\/mavideniz.com.tr\/pt-pt\/produtos-industriais\/escumadeira-de-oleo\/carretel-de-mangueira-umbilical\/","title":{"rendered":"Carretel de Mangueira Umbilical"},"content":{"rendered":"\n<p>O carretel de mangueira umbilical \u00e9 projetado para atender \u00e0s demandas de aplica\u00e7\u00f5es est\u00e1ticas + din\u00e2micas + fun\u00e7\u00e3o em opera\u00e7\u00f5es submarinas, no mar ou em terra. A bobina umbilical permite o manuseio e a implanta\u00e7\u00e3o do skimmer sobre o lado de um navio ou outras barreiras.<\/p>\n<p>O carretel de mangueira umbilical \u00e9 equipado com um bra\u00e7o de guindaste telesc\u00f3pico ou guindaste telesc\u00f3pico ford\u00e1vel com um alcance m\u00e1ximo de 6 m e uma capacidade de eleva\u00e7\u00e3o de 3t. A unidade inteira pode ser montada em um rack plano de 10 ou 20 p\u00e9s com uma mesa girat\u00f3ria e girada em 360\u00b0. O sistema de mangueiras \u00e9 um umbilical flutuante cont\u00ednuo at\u00e9 100 metros com mangueiras de carga de at\u00e9 6&#8243;, uma para linhas de energia hidr\u00e1ulica e uma para carga.<\/p>\n<p>O sistema de mangueiras da Umbilical Reel fornece um m\u00e9todo seguro e eficiente para distribuir fluidos hidr\u00e1ulicos, \u00f3leo combust\u00edvel e produtos qu\u00edmicos, apoiando a inje\u00e7\u00e3o qu\u00edmica e o controle hidr\u00e1ulico. As fun\u00e7\u00f5es de alimenta\u00e7\u00e3o e comunica\u00e7\u00e3o podem se integrar com a inclus\u00e3o de cabos el\u00e9tricos e de fibra \u00f3ptica. Capacidades do rolo umbilical organizar para suas necessidades.<\/p>\n<p><strong>Recursos<\/strong><\/p>\n<ul>\n<li>Punho para Skimmers de \u00f3leo tipo Offshore<\/li>\n<li>Cord\u00e3o umbilical flutuante cont\u00ednuo<\/li>\n<li>Design modular<\/li>\n<li>Ex zona 02<\/li>\n<li>Adequado para \u00d8150mm x 600m submar umbilical.<\/li>\n<li>Controle remoto por r\u00e1dio<\/li>\n<li>Mangueiras hidr\u00e1ulicas e de transfer\u00eancia de \u00f3leo podem fornecer em v\u00e1rios comprimentos<\/li>\n<li>Design compacto<\/li>\n<li>Baixa manuten\u00e7\u00e3o<\/li>\n<li>F\u00e1cil conex\u00e3o com a estrutura existente<\/li>\n<li>Certifica\u00e7\u00e3o de Inspe\u00e7\u00e3o de Terceiros<\/li>\n<li>Descarregamento de emerg\u00eancia<\/li>\n<li>Transfer\u00eancia de carga navio para navio &#8211; navio para terra<\/li>\n<li>DNV 2.7-3 e EN 12079-1<\/li>\n<\/ul>\n<p>[id de wptm=108]<\/p>\n","protected":false},"excerpt":{"rendered":"<p>O carretel de mangueira umbilical \u00e9 projetado para atender \u00e0s demandas de aplica\u00e7\u00f5es est\u00e1ticas + din\u00e2micas + fun\u00e7\u00e3o em opera\u00e7\u00f5es [&hellip;]<\/p>\n","protected":false},"author":1,"featured_media":0,"parent":78054,"menu_order":0,"comment_status":"closed","ping_status":"closed","template":"","meta":{"site-sidebar-layout":"default","site-content-layout":"","ast-site-content-layout":"default","site-content-style":"default","site-sidebar-style":"default","ast-global-header-display":"","ast-banner-title-visibility":"","ast-main-header-display":"","ast-hfb-above-header-display":"","ast-hfb-below-header-display":"","ast-hfb-mobile-header-display":"","site-post-title":"","ast-breadcrumbs-content":"","ast-featured-img":"","footer-sml-layout":"","ast-disable-related-posts":"","theme-transparent-header-meta":"","adv-header-id-meta":"","stick-header-meta":"","header-above-stick-meta":"","header-main-stick-meta":"","header-below-stick-meta":"","astra-migrate-meta-layouts":"default","ast-page-background-enabled":"default","ast-page-background-meta":{"desktop":{"background-color":"var(--ast-global-color-5)","background-image":"","background-repeat":"repeat","background-position":"center center","background-size":"auto","background-attachment":"scroll","background-type":"","background-media":"","overlay-type":"","overlay-color":"","overlay-opacity":"","overlay-gradient":""},"tablet":{"background-color":"","background-image":"","background-repeat":"repeat","background-position":"center center","background-size":"auto","background-attachment":"scroll","background-type":"","background-media":"","overlay-type":"","overlay-color":"","overlay-opacity":"","overlay-gradient":""},"mobile":{"background-color":"","background-image":"","background-repeat":"repeat","background-position":"center center","background-size":"auto","background-attachment":"scroll","background-type":"","background-media":"","overlay-type":"","overlay-color":"","overlay-opacity":"","overlay-gradient":""}},"ast-content-background-meta":{"desktop":{"background-color":"var(--ast-global-color-4)","background-image":"","background-repeat":"repeat","background-position":"center center","background-size":"auto","background-attachment":"scroll","background-type":"","background-media":"","overlay-type":"","overlay-color":"","overlay-opacity":"","overlay-gradient":""},"tablet":{"background-color":"var(--ast-global-color-4)","background-image":"","background-repeat":"repeat","background-position":"center center","background-size":"auto","background-attachment":"scroll","background-type":"","background-media":"","overlay-type":"","overlay-color":"","overlay-opacity":"","overlay-gradient":""},"mobile":{"background-color":"var(--ast-global-color-4)","background-image":"","background-repeat":"repeat","background-position":"center center","background-size":"auto","background-attachment":"scroll","background-type":"","background-media":"","overlay-type":"","overlay-color":"","overlay-opacity":"","overlay-gradient":""}},"footnotes":""},"class_list":["post-78064","page","type-page","status-publish","hentry"],"_links":{"self":[{"href":"https:\/\/mavideniz.com.tr\/pt-pt\/wp-json\/wp\/v2\/pages\/78064","targetHints":{"allow":["GET"]}}],"collection":[{"href":"https:\/\/mavideniz.com.tr\/pt-pt\/wp-json\/wp\/v2\/pages"}],"about":[{"href":"https:\/\/mavideniz.com.tr\/pt-pt\/wp-json\/wp\/v2\/types\/page"}],"author":[{"embeddable":true,"href":"https:\/\/mavideniz.com.tr\/pt-pt\/wp-json\/wp\/v2\/users\/1"}],"replies":[{"embeddable":true,"href":"https:\/\/mavideniz.com.tr\/pt-pt\/wp-json\/wp\/v2\/comments?post=78064"}],"version-history":[{"count":0,"href":"https:\/\/mavideniz.com.tr\/pt-pt\/wp-json\/wp\/v2\/pages\/78064\/revisions"}],"up":[{"embeddable":true,"href":"https:\/\/mavideniz.com.tr\/pt-pt\/wp-json\/wp\/v2\/pages\/78054"}],"wp:attachment":[{"href":"https:\/\/mavideniz.com.tr\/pt-pt\/wp-json\/wp\/v2\/media?parent=78064"}],"curies":[{"name":"wp","href":"https:\/\/api.w.org\/{rel}","templated":true}]}}