{"id":78066,"date":"2025-05-03T21:41:01","date_gmt":"2025-05-03T21:41:01","guid":{"rendered":"https:\/\/mavideniz.com.tr\/?page_id=78066"},"modified":"2025-10-05T00:07:23","modified_gmt":"2025-10-05T00:07:23","slug":"escumadeira-de-oleo-de-acude","status":"publish","type":"page","link":"https:\/\/mavideniz.com.tr\/pt-pt\/produtos-industriais\/escumadeira-de-oleo\/escumadeira-de-oleo-de-acude\/","title":{"rendered":"Escumadeira de \u00f3leo de a\u00e7ude"},"content":{"rendered":"\n<p>O skimmer de a\u00e7ude \u00e9 projetado para recuperar derramamento de \u00f3leo, \u00f3leo e emuls\u00f5es de \u00f3leo com uma gama de viscosidade m\u00e9dia a alta de 70 &#8211; 350 m3\/h de \u00f3leo flutuante na \u00e1gua sob condi\u00e7\u00f5es calmas a condi\u00e7\u00f5es clim\u00e1ticas adversas. O skimmer de a\u00e7ude seletivamente recupera \u00f3leo sobre o topo do a\u00e7ude central localizado logo abaixo da superf\u00edcie superior da mancha pela for\u00e7a da gravidade em um reservat\u00f3rio prim\u00e1rio onde \u00e9 bombeado para armazenamento. O sistema Weir Oil Skimmer consiste em uma bomba + sistema flutuante + powerpack + bobina de mangueira + controle remoto.<\/p>\n<p>Com um a\u00e7ude autoajust\u00e1vel, o movimento para a frente do sistema de escuma\u00e7\u00e3o fornece o fluxo para o skimmer. Dependendo do tamanho da abertura do a\u00e7ude, o skimmer aceitar\u00e1 a maioria do que encontrar, permitindo-lhe lidar com \u00f3leos altamente viscosos. O Advancing Weir Skimmer normalmente recupera grandes volumes de \u00e1gua; a separa\u00e7\u00e3o \u00f3leo\/\u00e1gua deve ser considerada para aumentar a efici\u00eancia geral. O skimmer de a\u00e7ude cria uma corrente que induz o fluxo de \u00f3leo do a\u00e7ude, e este efeito concentrador aumenta a efici\u00eancia de recupera\u00e7\u00e3o.<\/p>\n<p>O sistema Weir Oil Skimmer \u00e9 geralmente todo operado hidraulicamente; diesel, g\u00e1s ou energia el\u00e9trica hidr\u00e1ulica opcional, energia pneum\u00e1tica ou el\u00e9trica e opera\u00e7\u00e3o manual ou remota s\u00e3o poss\u00edveis. Com o sistema de propulsor e umbilical flutuante cont\u00ednuo, a Weir Oil Skimmer obt\u00e9m a capacidade de movimento de at\u00e9 150 metros.<\/p>\n<p>A bomba pode ser integrada ou externa para Weir Skimmer, removida do skimmer, e usada como uma bomba de descarga de tanque.<\/p>\n<p>A bomba de parafuso centr\u00edfuga integrada n\u00e3o requer escorvamento, lida com \u00f3leo viscoso, \u00e9 tolerante \u00e0 maioria dos tipos de detritos e n\u00e3o forma emuls\u00f5es de \u00f3leo\/\u00e1gua.<\/p>\n<p>Uma bomba externa pode ser instalada no skimmer do a\u00e7ude. A cabe\u00e7a de skimming do skimmer de a\u00e7ude \u00e9 tipicamente pequena e manobr\u00e1vel, permitindo seu uso em espa\u00e7os confinados, como entre as estacas de amarra\u00e7\u00e3o.<\/p>\n<p>O skimmer lida com todos os tipos de petr\u00f3leo, desde diesel leve a petr\u00f3leo bruto pesado misturado com detritos. A tela de prote\u00e7\u00e3o protege o skimmer, e tamb\u00e9m, facas de corte especiais s\u00e3o instaladas na entrada e sa\u00edda da bomba.<\/p>\n<p><strong>Weir Oil Skimmer &#8211; Aplica\u00e7\u00f5es de desnata\u00e7\u00e3o de \u00f3leo s\u00e3o divididas em tr\u00eas grupos;<\/strong><\/p>\n<ul>\n<li><strong>Offshore Oil <\/strong><br \/>\nSkimmingEscumadeira flutuante de alta capacidade que desenha e separa o petr\u00f3leo do mar aberto e do mar alto<\/li>\n<li><strong>\u00c1guas Interiores + \u00c1guas Costeiras \u00d3leo <\/strong><br \/>\nSkimmingEscumador de \u00f3leo flutuante de alta ou baixa capacidade que desnate e separe o petr\u00f3leo das \u00e1guas interiores e costeiras<\/li>\n<li><strong>Industrial Oil <\/strong><br \/>\nSkimmingEscumadeira de \u00f3leo flutuante de alta ou baixa capacidade que desnate e se separa dentro de v\u00e1rios ambientes industriais, desde atividades de fabrica\u00e7\u00e3o e processamento at\u00e9 gest\u00e3o de \u00e1guas residuais em ambientes perigosos e corrosivos, como<br \/>\n(\u00c1guas residuais + processamento de alimentos + Refinarias + sider\u00fargicas &#8211; Escamas + Planta de processamento de \u00f3leo vegetal+ Planta qu\u00edmica + processamento de \u00f3leo)<\/li>\n<\/ul>\n<p>[id de wptm=28]<\/p>\n","protected":false},"excerpt":{"rendered":"<p>O skimmer de a\u00e7ude \u00e9 projetado para recuperar derramamento de \u00f3leo, \u00f3leo e emuls\u00f5es de \u00f3leo com uma gama de [&hellip;]<\/p>\n","protected":false},"author":1,"featured_media":0,"parent":78054,"menu_order":0,"comment_status":"closed","ping_status":"closed","template":"","meta":{"site-sidebar-layout":"default","site-content-layout":"","ast-site-content-layout":"default","site-content-style":"default","site-sidebar-style":"default","ast-global-header-display":"","ast-banner-title-visibility":"","ast-main-header-display":"","ast-hfb-above-header-display":"","ast-hfb-below-header-display":"","ast-hfb-mobile-header-display":"","site-post-title":"","ast-breadcrumbs-content":"","ast-featured-img":"","footer-sml-layout":"","ast-disable-related-posts":"","theme-transparent-header-meta":"","adv-header-id-meta":"","stick-header-meta":"","header-above-stick-meta":"","header-main-stick-meta":"","header-below-stick-meta":"","astra-migrate-meta-layouts":"default","ast-page-background-enabled":"default","ast-page-background-meta":{"desktop":{"background-color":"var(--ast-global-color-5)","background-image":"","background-repeat":"repeat","background-position":"center center","background-size":"auto","background-attachment":"scroll","background-type":"","background-media":"","overlay-type":"","overlay-color":"","overlay-opacity":"","overlay-gradient":""},"tablet":{"background-color":"","background-image":"","background-repeat":"repeat","background-position":"center center","background-size":"auto","background-attachment":"scroll","background-type":"","background-media":"","overlay-type":"","overlay-color":"","overlay-opacity":"","overlay-gradient":""},"mobile":{"background-color":"","background-image":"","background-repeat":"repeat","background-position":"center center","background-size":"auto","background-attachment":"scroll","background-type":"","background-media":"","overlay-type":"","overlay-color":"","overlay-opacity":"","overlay-gradient":""}},"ast-content-background-meta":{"desktop":{"background-color":"var(--ast-global-color-4)","background-image":"","background-repeat":"repeat","background-position":"center center","background-size":"auto","background-attachment":"scroll","background-type":"","background-media":"","overlay-type":"","overlay-color":"","overlay-opacity":"","overlay-gradient":""},"tablet":{"background-color":"var(--ast-global-color-4)","background-image":"","background-repeat":"repeat","background-position":"center center","background-size":"auto","background-attachment":"scroll","background-type":"","background-media":"","overlay-type":"","overlay-color":"","overlay-opacity":"","overlay-gradient":""},"mobile":{"background-color":"var(--ast-global-color-4)","background-image":"","background-repeat":"repeat","background-position":"center center","background-size":"auto","background-attachment":"scroll","background-type":"","background-media":"","overlay-type":"","overlay-color":"","overlay-opacity":"","overlay-gradient":""}},"footnotes":""},"class_list":["post-78066","page","type-page","status-publish","hentry"],"_links":{"self":[{"href":"https:\/\/mavideniz.com.tr\/pt-pt\/wp-json\/wp\/v2\/pages\/78066","targetHints":{"allow":["GET"]}}],"collection":[{"href":"https:\/\/mavideniz.com.tr\/pt-pt\/wp-json\/wp\/v2\/pages"}],"about":[{"href":"https:\/\/mavideniz.com.tr\/pt-pt\/wp-json\/wp\/v2\/types\/page"}],"author":[{"embeddable":true,"href":"https:\/\/mavideniz.com.tr\/pt-pt\/wp-json\/wp\/v2\/users\/1"}],"replies":[{"embeddable":true,"href":"https:\/\/mavideniz.com.tr\/pt-pt\/wp-json\/wp\/v2\/comments?post=78066"}],"version-history":[{"count":0,"href":"https:\/\/mavideniz.com.tr\/pt-pt\/wp-json\/wp\/v2\/pages\/78066\/revisions"}],"up":[{"embeddable":true,"href":"https:\/\/mavideniz.com.tr\/pt-pt\/wp-json\/wp\/v2\/pages\/78054"}],"wp:attachment":[{"href":"https:\/\/mavideniz.com.tr\/pt-pt\/wp-json\/wp\/v2\/media?parent=78066"}],"curies":[{"name":"wp","href":"https:\/\/api.w.org\/{rel}","templated":true}]}}