{"id":78070,"date":"2025-05-03T21:42:05","date_gmt":"2025-05-03T21:42:05","guid":{"rendered":"https:\/\/mavideniz.com.tr\/?page_id=78070"},"modified":"2025-10-05T00:07:22","modified_gmt":"2025-10-05T00:07:22","slug":"catamara-coletor-de-oleo-skimmer","status":"publish","type":"page","link":"https:\/\/mavideniz.com.tr\/pt-pt\/produtos-industriais\/escumadeira-de-oleo\/escumadeira-de-oleo-montada-em-embarcacao\/catamara-coletor-de-oleo-skimmer\/","title":{"rendered":"Catamar\u00e3 Coletor de \u00d3leo Skimmer"},"content":{"rendered":"\n<p>A unidade Catamaran Collector Oil Skimmer atrai seletivamente emuls\u00f5es de \u00f3leo e \u00e1gua em \u00f3leo, garantindo a recupera\u00e7\u00e3o completa do \u00f3leo derramado que entra entre os cascos. A escova oleof\u00edlica, esfreg\u00e3o, tambor ou disco s\u00e3o impulsionados entre os cascos do catamar\u00e3 na velocidade do navio sobre a \u00e1gua, passando para a \u00e1gua na proa do navio e recuperado para o armazenamento do navio. Catamaran Collector \u00e9 um skimmer de alta efici\u00eancia para recuperar \u00f3leo flutuante na \u00e1gua.<\/p>\n<p>O sucesso do Catamaran Oil Skimming System est\u00e1 no alt\u00edssimo desempenho da capacidade de recupera\u00e7\u00e3o de petr\u00f3leo, que pode coletar uma ampla gama de tipos de petr\u00f3leo e uma ampla gama de condi\u00e7\u00f5es de opera\u00e7\u00e3o. A chave de recurso do Sistema Skimmer convertido gerencia e separa o \u00f3leo em uma \u00fanica opera\u00e7\u00e3o. O alto desempenho do Sistema Skimmer mant\u00e9m espessas manchas de \u00f3leo e brilha entre os cascos do catamar\u00e3 na unidade. O projeto do Catamaran Oil Recovery System funciona em um vaso petrol\u00edfero integrado, permitindo uma implanta\u00e7\u00e3o f\u00e1cil e segura.<\/p>\n<p><strong>Recursos<\/strong><\/p>\n<ul>\n<li>V\u00e1rios m\u00f3dulos ou apenas um modelo pode integrar entre o casco do catamar\u00e3<\/li>\n<li>Os m\u00f3dulos t\u00eam skimmer de \u00f3leo altamente eficiente, at\u00e9 95% de recupera\u00e7\u00e3o.<\/li>\n<li>Catamaran Oil Skimmer Ideal para usar Near Shore, porto, litoral ou offshore, instalados dentro das embarca\u00e7\u00f5es de combate \u00e0 polui\u00e7\u00e3o ou navios de recupera\u00e7\u00e3o de derramamento de petr\u00f3leo.<\/li>\n<li>Todos os tipos de viscosidades de \u00f3leo (\u00f3leos leves e pesados)<\/li>\n<li>Taxa de recupera\u00e7\u00e3o de petr\u00f3leo at\u00e9 200 m3\/hora<\/li>\n<li>Pode recuperar \u00f3leos em at\u00e9 5 n\u00f3s na velocidade do navio<\/li>\n<li>Implanta\u00e7\u00e3o e opera\u00e7\u00f5es r\u00e1pidas e simples<\/li>\n<li>Novos projetos de constru\u00e7\u00e3o de embarca\u00e7\u00f5es ou de transforma\u00e7\u00e3o de embarca\u00e7\u00f5es<\/li>\n<\/ul>\n<p><strong>Catamaran Collector &#8211; M\u00f3dulos de \u00f3leo Skimmer<\/strong><\/p>\n<ul>\n<li><strong>M\u00f3dulo <\/strong><br \/>\nde<strong> escova<\/strong> Os pinc\u00e9is giraram atrav\u00e9s da mancha de \u00f3leo, o \u00f3leo coletado nos discos foi removido usando raspadores, e o \u00f3leo fluiu para um tanque. Uma bomba descarregou o \u00f3leo at\u00e9 os tanques de coleta.<\/li>\n<li><strong>M\u00f3dulo <\/strong><br \/>\nde<strong> disco<\/strong> Os discos giraram atrav\u00e9s da mancha de \u00f3leo e o \u00f3leo coletado nos discos foi removido usando raspadores entre os discos. O \u00f3leo flu\u00eda dos discos, pelos raspadores, e para um tanque, onde uma bomba descarregava o \u00f3leo para os tanques de coleta.<\/li>\n<li><strong>M\u00f3dulo <\/strong><br \/>\nde<strong> tambor<\/strong> Os tambores giraram para baixo atrav\u00e9s da mancha de \u00f3leo, e o \u00f3leo recolhido nos tambores foi removido usando raspadores. O \u00f3leo flu\u00eda dos limpadores para um tanque, onde uma bomba descarregava o \u00f3leo para os tanques de coleta.<\/li>\n<li><strong>Mop <\/strong><br \/>\nModuleMop Module atrai seletivamente emuls\u00f5es de \u00f3leo e \u00e1gua em \u00f3leo, garantindo a recupera\u00e7\u00e3o completa do \u00f3leo derramado entrando entre os cascos. Os esfreg\u00f5es de cordas oleof\u00edlicos s\u00e3o propulsionados entre os cascos laterais \u00e0 velocidade da embarca\u00e7\u00e3o sobre a \u00e1gua, passando para a \u00e1gua na proa da embarca\u00e7\u00e3o e recuperado sobre um rolo montado a meio-navio. O \u00f3leo \u00e9 ent\u00e3o completamente removido da corda quando pressionado enquanto passa por um diafragma perto da proa do skimmer. O \u00f3leo recuperado \u00e9 recolhido num c\u00e1rter por baixo da unidade do diafragma e, em seguida, transferido atrav\u00e9s de uma bomba a bordo para os tanques de armazenamento integrados ou armazenamento alternativo, como um tanque flutuante.<\/li>\n<\/ul>\n<p>Os Catamaran Oil Skimming Systems incorporam sistemas de remo\u00e7\u00e3o e manuseio de \u00f3leo para permitir a opera\u00e7\u00e3o em quaisquer condi\u00e7\u00f5es. Unidades de \u00f3leo Skimmer vem completo com uma unidade skimmer, unidade de bomba, hidr\u00e1ulica e unidade de transfer\u00eancia de energia hidr\u00e1ulica. O n\u00famero de m\u00f3dulos pode variar em conformidade, dependendo da largura do canal de recupera\u00e7\u00e3o do navio. Devido \u00e0 orienta\u00e7\u00e3o entre os cascos dos navios, a capacidade de recupera\u00e7\u00e3o do sistema de escovas n\u00e3o ser\u00e1 afetada pelas condi\u00e7\u00f5es do mar.<\/p>\n<p>Os m\u00f3dulos Brush Skimmer &#8211; Disk Skimmer &#8211; Drum Skimmer Mop Skimmer podem elevar e baixar para o n\u00edvel funcional por bra\u00e7os hidr\u00e1ulicos, minimizando assim a interven\u00e7\u00e3o do operador e permitindo que a embarca\u00e7\u00e3o viaje a uma velocidade mais alta quando n\u00e3o estiver recuperando \u00f3leo.<\/p>\n<p>[id de wptm=19]<\/p>\n","protected":false},"excerpt":{"rendered":"<p>A unidade Catamaran Collector Oil Skimmer atrai seletivamente emuls\u00f5es de \u00f3leo e \u00e1gua em \u00f3leo, garantindo a recupera\u00e7\u00e3o completa do [&hellip;]<\/p>\n","protected":false},"author":1,"featured_media":0,"parent":78068,"menu_order":0,"comment_status":"closed","ping_status":"closed","template":"","meta":{"site-sidebar-layout":"default","site-content-layout":"","ast-site-content-layout":"default","site-content-style":"default","site-sidebar-style":"default","ast-global-header-display":"","ast-banner-title-visibility":"","ast-main-header-display":"","ast-hfb-above-header-display":"","ast-hfb-below-header-display":"","ast-hfb-mobile-header-display":"","site-post-title":"","ast-breadcrumbs-content":"","ast-featured-img":"","footer-sml-layout":"","ast-disable-related-posts":"","theme-transparent-header-meta":"","adv-header-id-meta":"","stick-header-meta":"","header-above-stick-meta":"","header-main-stick-meta":"","header-below-stick-meta":"","astra-migrate-meta-layouts":"default","ast-page-background-enabled":"default","ast-page-background-meta":{"desktop":{"background-color":"var(--ast-global-color-5)","background-image":"","background-repeat":"repeat","background-position":"center center","background-size":"auto","background-attachment":"scroll","background-type":"","background-media":"","overlay-type":"","overlay-color":"","overlay-opacity":"","overlay-gradient":""},"tablet":{"background-color":"","background-image":"","background-repeat":"repeat","background-position":"center center","background-size":"auto","background-attachment":"scroll","background-type":"","background-media":"","overlay-type":"","overlay-color":"","overlay-opacity":"","overlay-gradient":""},"mobile":{"background-color":"","background-image":"","background-repeat":"repeat","background-position":"center center","background-size":"auto","background-attachment":"scroll","background-type":"","background-media":"","overlay-type":"","overlay-color":"","overlay-opacity":"","overlay-gradient":""}},"ast-content-background-meta":{"desktop":{"background-color":"var(--ast-global-color-4)","background-image":"","background-repeat":"repeat","background-position":"center center","background-size":"auto","background-attachment":"scroll","background-type":"","background-media":"","overlay-type":"","overlay-color":"","overlay-opacity":"","overlay-gradient":""},"tablet":{"background-color":"var(--ast-global-color-4)","background-image":"","background-repeat":"repeat","background-position":"center center","background-size":"auto","background-attachment":"scroll","background-type":"","background-media":"","overlay-type":"","overlay-color":"","overlay-opacity":"","overlay-gradient":""},"mobile":{"background-color":"var(--ast-global-color-4)","background-image":"","background-repeat":"repeat","background-position":"center center","background-size":"auto","background-attachment":"scroll","background-type":"","background-media":"","overlay-type":"","overlay-color":"","overlay-opacity":"","overlay-gradient":""}},"footnotes":""},"class_list":["post-78070","page","type-page","status-publish","hentry"],"_links":{"self":[{"href":"https:\/\/mavideniz.com.tr\/pt-pt\/wp-json\/wp\/v2\/pages\/78070","targetHints":{"allow":["GET"]}}],"collection":[{"href":"https:\/\/mavideniz.com.tr\/pt-pt\/wp-json\/wp\/v2\/pages"}],"about":[{"href":"https:\/\/mavideniz.com.tr\/pt-pt\/wp-json\/wp\/v2\/types\/page"}],"author":[{"embeddable":true,"href":"https:\/\/mavideniz.com.tr\/pt-pt\/wp-json\/wp\/v2\/users\/1"}],"replies":[{"embeddable":true,"href":"https:\/\/mavideniz.com.tr\/pt-pt\/wp-json\/wp\/v2\/comments?post=78070"}],"version-history":[{"count":0,"href":"https:\/\/mavideniz.com.tr\/pt-pt\/wp-json\/wp\/v2\/pages\/78070\/revisions"}],"up":[{"embeddable":true,"href":"https:\/\/mavideniz.com.tr\/pt-pt\/wp-json\/wp\/v2\/pages\/78068"}],"wp:attachment":[{"href":"https:\/\/mavideniz.com.tr\/pt-pt\/wp-json\/wp\/v2\/media?parent=78070"}],"curies":[{"name":"wp","href":"https:\/\/api.w.org\/{rel}","templated":true}]}}