{"id":78072,"date":"2025-05-03T21:42:38","date_gmt":"2025-05-03T21:42:38","guid":{"rendered":"https:\/\/mavideniz.com.tr\/?page_id=78072"},"modified":"2025-10-05T00:07:22","modified_gmt":"2025-10-05T00:07:22","slug":"escumadeira-de-oleo-coletor-lateral","status":"publish","type":"page","link":"https:\/\/mavideniz.com.tr\/pt-pt\/produtos-industriais\/escumadeira-de-oleo\/escumadeira-de-oleo-montada-em-embarcacao\/escumadeira-de-oleo-coletor-lateral\/","title":{"rendered":"Escumadeira de \u00f3leo coletor lateral"},"content":{"rendered":"\n<p>O Mavi Deniz Side Collector Oil Skimmer \u00e9 um sistema de desnata\u00e7\u00e3o lateral para rebocadores, barcos de trabalho e navios de abastecimento offshore de grande porte. Al\u00e9m da unidade skimmer em um ou dois lados da balsa, o sistema coletor lateral total normalmente consiste em bra\u00e7os de jib autom\u00e1ticos ou manuais e booms de varredura.<\/p>\n<p>Com a comprovada tecnologia de escova r\u00edgida, o Side Collector Oil Skimmer oferece alto desempenho e seguran\u00e7a para opera\u00e7\u00f5es de recupera\u00e7\u00e3o de derramamento de petr\u00f3leo em \u00e1guas offshore, onshore e interiores. O Coletor Lateral opera eficientemente a velocidades de navio de at\u00e9 4 n\u00f3s, resultando em excelente manobrabilidade do navio e uma taxa muito alta de encontro de \u00f3leo.<\/p>\n<p>A nova gera\u00e7\u00e3o de correia transportadora de escova \u00e9 um sistema de dupla a\u00e7\u00e3o skimming para o Coletor Lateral Skimmer \u00d3leo. A correia transportadora de escova de dupla a\u00e7\u00e3o pode ser girada em ambas as dire\u00e7\u00f5es e tem um raspador de escova duplo que permite a opera\u00e7\u00e3o bidirecional para todos os tipos de \u00f3leos, da luz ao mais pesado. Al\u00e9m disso, o sistema coletor lateral tem uma placa traseira ajust\u00e1vel para controlar o fluxo ao recuperar \u00f3leos viscosos leves, m\u00e9dios ou pesados, aumentando a seletividade para separar \u00f3leos.<\/p>\n<p>O \u00f3leo encontrado \u00e9 direcionado para o skimmer e raspado ainda mais para a bomba de transfer\u00eancia de \u00f3leo hidr\u00e1ulica integrada. O n\u00famero de correntes de pincel selecionadas baseia-se no tamanho do recipiente e na capacidade necess\u00e1ria.<\/p>\n<p>Com uma alta velocidade de recupera\u00e7\u00e3o, o sistema coletor lateral pode recuperar a maior \u00e1rea poss\u00edvel de uma mancha de \u00f3leo em expans\u00e3o no mar. A implanta\u00e7\u00e3o do sistema pode come\u00e7ar a derrapar o \u00f3leo poucos minutos ap\u00f3s a chegada no local e ser operado por uma pequena tripula\u00e7\u00e3o que requer muito pouco treinamento especializado.<\/p>\n<p>Desenhos detalhados e projeto do sistema coletor lateral s\u00e3o feitos sob medida para cada embarca\u00e7\u00e3o para otimizar a efici\u00eancia, opera\u00e7\u00e3o e seguran\u00e7a, considerando detalhes da embarca\u00e7\u00e3o, requisitos de capacidade e outros fatores.<\/p>\n<p>O sistema Coletor Lateral pode acomodar v\u00e1rios tipos e tamanhos de navios, servindo como unidades de recupera\u00e7\u00e3o de petr\u00f3leo instaladas em novos edif\u00edcios e navios existentes. Observe que as especifica\u00e7\u00f5es mostradas aqui s\u00e3o exemplos de um sistema de lado \u00fanico.<\/p>\n<p><strong>Opcional<\/strong><\/p>\n<ul>\n<li>Bomba de transfer\u00eancia hidr\u00e1ulica<\/li>\n<li>Power packs port\u00e1teis<\/li>\n<li>Guindaste hidr\u00e1ulico Jip<\/li>\n<\/ul>\n<p>[id de wptm=21]<\/p>\n","protected":false},"excerpt":{"rendered":"<p>O Mavi Deniz Side Collector Oil Skimmer \u00e9 um sistema de desnata\u00e7\u00e3o lateral para rebocadores, barcos de trabalho e navios [&hellip;]<\/p>\n","protected":false},"author":1,"featured_media":0,"parent":78068,"menu_order":0,"comment_status":"closed","ping_status":"closed","template":"","meta":{"site-sidebar-layout":"default","site-content-layout":"","ast-site-content-layout":"default","site-content-style":"default","site-sidebar-style":"default","ast-global-header-display":"","ast-banner-title-visibility":"","ast-main-header-display":"","ast-hfb-above-header-display":"","ast-hfb-below-header-display":"","ast-hfb-mobile-header-display":"","site-post-title":"","ast-breadcrumbs-content":"","ast-featured-img":"","footer-sml-layout":"","ast-disable-related-posts":"","theme-transparent-header-meta":"","adv-header-id-meta":"","stick-header-meta":"","header-above-stick-meta":"","header-main-stick-meta":"","header-below-stick-meta":"","astra-migrate-meta-layouts":"default","ast-page-background-enabled":"default","ast-page-background-meta":{"desktop":{"background-color":"var(--ast-global-color-5)","background-image":"","background-repeat":"repeat","background-position":"center center","background-size":"auto","background-attachment":"scroll","background-type":"","background-media":"","overlay-type":"","overlay-color":"","overlay-opacity":"","overlay-gradient":""},"tablet":{"background-color":"","background-image":"","background-repeat":"repeat","background-position":"center center","background-size":"auto","background-attachment":"scroll","background-type":"","background-media":"","overlay-type":"","overlay-color":"","overlay-opacity":"","overlay-gradient":""},"mobile":{"background-color":"","background-image":"","background-repeat":"repeat","background-position":"center center","background-size":"auto","background-attachment":"scroll","background-type":"","background-media":"","overlay-type":"","overlay-color":"","overlay-opacity":"","overlay-gradient":""}},"ast-content-background-meta":{"desktop":{"background-color":"var(--ast-global-color-4)","background-image":"","background-repeat":"repeat","background-position":"center center","background-size":"auto","background-attachment":"scroll","background-type":"","background-media":"","overlay-type":"","overlay-color":"","overlay-opacity":"","overlay-gradient":""},"tablet":{"background-color":"var(--ast-global-color-4)","background-image":"","background-repeat":"repeat","background-position":"center center","background-size":"auto","background-attachment":"scroll","background-type":"","background-media":"","overlay-type":"","overlay-color":"","overlay-opacity":"","overlay-gradient":""},"mobile":{"background-color":"var(--ast-global-color-4)","background-image":"","background-repeat":"repeat","background-position":"center center","background-size":"auto","background-attachment":"scroll","background-type":"","background-media":"","overlay-type":"","overlay-color":"","overlay-opacity":"","overlay-gradient":""}},"footnotes":""},"class_list":["post-78072","page","type-page","status-publish","hentry"],"_links":{"self":[{"href":"https:\/\/mavideniz.com.tr\/pt-pt\/wp-json\/wp\/v2\/pages\/78072","targetHints":{"allow":["GET"]}}],"collection":[{"href":"https:\/\/mavideniz.com.tr\/pt-pt\/wp-json\/wp\/v2\/pages"}],"about":[{"href":"https:\/\/mavideniz.com.tr\/pt-pt\/wp-json\/wp\/v2\/types\/page"}],"author":[{"embeddable":true,"href":"https:\/\/mavideniz.com.tr\/pt-pt\/wp-json\/wp\/v2\/users\/1"}],"replies":[{"embeddable":true,"href":"https:\/\/mavideniz.com.tr\/pt-pt\/wp-json\/wp\/v2\/comments?post=78072"}],"version-history":[{"count":0,"href":"https:\/\/mavideniz.com.tr\/pt-pt\/wp-json\/wp\/v2\/pages\/78072\/revisions"}],"up":[{"embeddable":true,"href":"https:\/\/mavideniz.com.tr\/pt-pt\/wp-json\/wp\/v2\/pages\/78068"}],"wp:attachment":[{"href":"https:\/\/mavideniz.com.tr\/pt-pt\/wp-json\/wp\/v2\/media?parent=78072"}],"curies":[{"name":"wp","href":"https:\/\/api.w.org\/{rel}","templated":true}]}}