{"id":78074,"date":"2025-05-03T21:43:18","date_gmt":"2025-05-03T21:43:18","guid":{"rendered":"https:\/\/mavideniz.com.tr\/?page_id=78074"},"modified":"2025-10-05T00:07:22","modified_gmt":"2025-10-05T00:07:22","slug":"escumadeira-de-oleo-de-braco-varredor","status":"publish","type":"page","link":"https:\/\/mavideniz.com.tr\/pt-pt\/produtos-industriais\/escumadeira-de-oleo\/escumadeira-de-oleo-montada-em-embarcacao\/escumadeira-de-oleo-de-braco-varredor\/","title":{"rendered":"Escumadeira de \u00f3leo de bra\u00e7o varredor"},"content":{"rendered":"\n<p>Apesar de todas as medidas de preven\u00e7\u00e3o mais recentes contra os derrames de petr\u00f3leo, estas continuam a ser um verdadeiro flagelo para o nosso ambiente. Para minimizar as consequ\u00eancias ambientais e econ\u00f4micas, temos de estar preparados para responder com os \u00faltimos recursos tecnol\u00f3gicos.<\/p>\n<p>At\u00e9 agora, a recupera\u00e7\u00e3o mec\u00e2nica \u00e9 o m\u00e9todo mais ecol\u00f3gico para os servi\u00e7os de recupera\u00e7\u00e3o de petr\u00f3leo no mar. Consequentemente, o MAVI DENIZ Sweeping Arm Skimmer System \u00e9 uma das ferramentas mais adequadas.<\/p>\n<p><strong>Sweeping Arm Oil Skimmer<\/strong>, Constru\u00e7\u00e3o r\u00edgida, MAVI DENIZ Sweeping Arm Skimmer emprega um bra\u00e7o de guia de concentra\u00e7\u00e3o r\u00edgido ligado ao navio de resposta. Um skimmer de a\u00e7ude ou escova skimmer pode construir no bra\u00e7o no \u00e1pice &#8220;V&#8221; ao lado do casco do navio. Uma bomba transfere \u00f3leo e \u00e1gua recuperados para os tanques a bordo, ent\u00e3o a separa\u00e7\u00e3o da mistura pode prosseguir.<\/p>\n<p><strong>\u00a0Sweeping Arm Oil Skimmer<\/strong>, de alto desempenho, equipado com as bombas de parafuso ativas submersas hidr\u00e1ulicas mais eficientes, o MAVI DENIZ Sweeping Arm Skimmer System pode recuperar qualquer poluente flutuante. Essas bruxas n\u00e3o passam pela entrada da bomba podem ser recuperadas a jusante da &#8220;porta de grade&#8221;. Um sistema de vapor de alta press\u00e3o pode se adaptar para liquefazer \u00f3leos grossos na entrada e sa\u00edda da bomba para \u00f3leo com alta viscosidade.<\/p>\n<p><strong>Varrer bra\u00e7o Skimmer \u00f3leo<\/strong>, f\u00e1cil de exibir, MAVI DENIZ sistema de varredura \u00e9 m\u00f3vel e facilmente armazenado e transportado. Apenas algumas pessoas s\u00e3o necess\u00e1rias para colocar o bra\u00e7o de varredura MAVI DENIZ em opera\u00e7\u00e3o. Uma vez que o sistema \u00e9 um dispositivo autosflutuante, quase qualquer embarca\u00e7\u00e3o de mar com capacidade de recupera\u00e7\u00e3o e pot\u00eancia suficientes pode hospedar o sistema. Experi\u00eancia em vasos de transforma\u00e7\u00e3o anti-polui\u00e7\u00e3o, o departamento de engenharia e design da MAVI DENIZ pode responder a qualquer solicita\u00e7\u00e3o opcional.<\/p>\n<p><strong>Opcional<\/strong><\/p>\n<ul>\n<li>Entrada da bomba de inje\u00e7\u00e3o de vapor<\/li>\n<li>A sa\u00edda da bomba de inje\u00e7\u00e3o de vapor<\/li>\n<li>Linhas de reboque<\/li>\n<li>Mangueiras flex\u00edveis hidr\u00e1ulicas<\/li>\n<li>Pe\u00e7as de reposi\u00e7\u00e3o<\/li>\n<li>Unidade hidr\u00e1ulica<\/li>\n<li>Grua multifuncional<\/li>\n<li>Sistema de controle remoto<\/li>\n<li>Escova transportadora skimmer cassete<\/li>\n<\/ul>\n<p>[id de wptm=22]<\/p>\n","protected":false},"excerpt":{"rendered":"<p>Apesar de todas as medidas de preven\u00e7\u00e3o mais recentes contra os derrames de petr\u00f3leo, estas continuam a ser um verdadeiro [&hellip;]<\/p>\n","protected":false},"author":1,"featured_media":0,"parent":78068,"menu_order":0,"comment_status":"closed","ping_status":"closed","template":"","meta":{"site-sidebar-layout":"default","site-content-layout":"","ast-site-content-layout":"default","site-content-style":"default","site-sidebar-style":"default","ast-global-header-display":"","ast-banner-title-visibility":"","ast-main-header-display":"","ast-hfb-above-header-display":"","ast-hfb-below-header-display":"","ast-hfb-mobile-header-display":"","site-post-title":"","ast-breadcrumbs-content":"","ast-featured-img":"","footer-sml-layout":"","ast-disable-related-posts":"","theme-transparent-header-meta":"","adv-header-id-meta":"","stick-header-meta":"","header-above-stick-meta":"","header-main-stick-meta":"","header-below-stick-meta":"","astra-migrate-meta-layouts":"default","ast-page-background-enabled":"default","ast-page-background-meta":{"desktop":{"background-color":"var(--ast-global-color-5)","background-image":"","background-repeat":"repeat","background-position":"center center","background-size":"auto","background-attachment":"scroll","background-type":"","background-media":"","overlay-type":"","overlay-color":"","overlay-opacity":"","overlay-gradient":""},"tablet":{"background-color":"","background-image":"","background-repeat":"repeat","background-position":"center center","background-size":"auto","background-attachment":"scroll","background-type":"","background-media":"","overlay-type":"","overlay-color":"","overlay-opacity":"","overlay-gradient":""},"mobile":{"background-color":"","background-image":"","background-repeat":"repeat","background-position":"center center","background-size":"auto","background-attachment":"scroll","background-type":"","background-media":"","overlay-type":"","overlay-color":"","overlay-opacity":"","overlay-gradient":""}},"ast-content-background-meta":{"desktop":{"background-color":"var(--ast-global-color-4)","background-image":"","background-repeat":"repeat","background-position":"center center","background-size":"auto","background-attachment":"scroll","background-type":"","background-media":"","overlay-type":"","overlay-color":"","overlay-opacity":"","overlay-gradient":""},"tablet":{"background-color":"var(--ast-global-color-4)","background-image":"","background-repeat":"repeat","background-position":"center center","background-size":"auto","background-attachment":"scroll","background-type":"","background-media":"","overlay-type":"","overlay-color":"","overlay-opacity":"","overlay-gradient":""},"mobile":{"background-color":"var(--ast-global-color-4)","background-image":"","background-repeat":"repeat","background-position":"center center","background-size":"auto","background-attachment":"scroll","background-type":"","background-media":"","overlay-type":"","overlay-color":"","overlay-opacity":"","overlay-gradient":""}},"footnotes":""},"class_list":["post-78074","page","type-page","status-publish","hentry"],"_links":{"self":[{"href":"https:\/\/mavideniz.com.tr\/pt-pt\/wp-json\/wp\/v2\/pages\/78074","targetHints":{"allow":["GET"]}}],"collection":[{"href":"https:\/\/mavideniz.com.tr\/pt-pt\/wp-json\/wp\/v2\/pages"}],"about":[{"href":"https:\/\/mavideniz.com.tr\/pt-pt\/wp-json\/wp\/v2\/types\/page"}],"author":[{"embeddable":true,"href":"https:\/\/mavideniz.com.tr\/pt-pt\/wp-json\/wp\/v2\/users\/1"}],"replies":[{"embeddable":true,"href":"https:\/\/mavideniz.com.tr\/pt-pt\/wp-json\/wp\/v2\/comments?post=78074"}],"version-history":[{"count":0,"href":"https:\/\/mavideniz.com.tr\/pt-pt\/wp-json\/wp\/v2\/pages\/78074\/revisions"}],"up":[{"embeddable":true,"href":"https:\/\/mavideniz.com.tr\/pt-pt\/wp-json\/wp\/v2\/pages\/78068"}],"wp:attachment":[{"href":"https:\/\/mavideniz.com.tr\/pt-pt\/wp-json\/wp\/v2\/media?parent=78074"}],"curies":[{"name":"wp","href":"https:\/\/api.w.org\/{rel}","templated":true}]}}