{"id":78080,"date":"2025-05-03T21:45:30","date_gmt":"2025-05-03T21:45:30","guid":{"rendered":"https:\/\/mavideniz.com.tr\/?page_id=78080"},"modified":"2025-10-05T00:07:22","modified_gmt":"2025-10-05T00:07:22","slug":"bomba-de-parafuso-de-arquimedes-de-deslocamento-positivo","status":"publish","type":"page","link":"https:\/\/mavideniz.com.tr\/pt-pt\/produtos-industriais\/bombas\/bomba-de-parafuso-de-arquimedes-de-deslocamento-positivo\/","title":{"rendered":"Bomba de parafuso de Arquimedes de deslocamento positivo"},"content":{"rendered":"\n<p>Deslocamento positivo Arquimedes Screw Pump projeta transferir l\u00edquidos complexos, tais como aqueles que cont\u00eam s\u00f3lidos ou fluidos altamente viscosos como betume frio, \u00f3leo pesado frio, petr\u00f3leo bruto emulsionado, al\u00e9m de produtos da ind\u00fastria do petr\u00f3leo, incluindo l\u00edquidos altamente viscosos. Devido \u00e0 veda\u00e7\u00e3o eficiente dentro da bomba, a Bomba de Parafuso de Arquimedes tamb\u00e9m pode lidar com l\u00edquidos de baixa viscosidade, como combust\u00edvel diesel ou \u00e1gua a altas press\u00f5es.<\/p>\n<p>Bomba de parafuso de Arquimedes, a taxa de fluxo diminui suavemente enquanto o cabe\u00e7ote de entrega aumenta; este \u00e9 o elemento diferenciador com bombas de parafuso centr\u00edfugas submers\u00edveis, em que a taxa de fluxo reduz drasticamente com o aumento da press\u00e3o. Al\u00e9m disso, press\u00e3o de descarga consider\u00e1vel permite bombeamento de longa dist\u00e2ncia.<\/p>\n<p>A Bomba de Parafuso de Arquimedes tem um Sistema de Inje\u00e7\u00e3o de \u00c1gua Anular, que melhora o influxo de press\u00e3o de descarga para o deslocamento positivo Bomba de Parafuso de Arquimedes e cria uma manga de \u00e1gua lubrificante entre o \u00f3leo viscoso e a parede da mangueira.<\/p>\n<p>A Bomba de Parafuso de Arquimedes tem essa tecnologia que pode bombear em tempo de congelamento, ambiente hostil ou locais remotos, complicando a resposta e totalmente compat\u00edvel com um invent\u00e1rio existente de pacotes de energia e mangueiras.<\/p>\n<p><strong>Aplica\u00e7\u00f5es<\/strong><\/p>\n<ul>\n<li>Desnata\u00e7\u00e3o de \u00f3leo<\/li>\n<li>Transfer\u00eancia de emerg\u00eancia<\/li>\n<li>Combust\u00e3o<\/li>\n<li>Bombeamento de esgoto<\/li>\n<li>Bombeamento de lamas<\/li>\n<li>Bombeamento de betume<\/li>\n<li>Descarregando<\/li>\n<li>Balastro<\/li>\n<li>Po\u00e7os pouco profundos ou \u00e0 superf\u00edcie<\/li>\n<li>Bomba de transfer\u00eancia em Oil Skimmer Systems<\/li>\n<li>Bombeamento de emerg\u00eancia de hidrocarbonetos de qualquer viscosidade e emuls\u00f5es<\/li>\n<li>Combate A Inc\u00eandios<\/li>\n<\/ul>\n<p><strong>Recursos<\/strong><\/p>\n<ul>\n<li>Prova qu\u00edmica<\/li>\n<li>Robusto e resistente \u00e0 \u00e1gua do mar<\/li>\n<li>Tamanho pequeno e port\u00e1til<\/li>\n<li>Bomba de parafuso de Arquimedes com disco de veda\u00e7\u00e3o<\/li>\n<li>Inteiramente fabricado em a\u00e7o inoxid\u00e1vel AISI-316<\/li>\n<li>Fluxo linear de deslocamento positivo.<\/li>\n<li>Pode funcionar submerso, encanado ou em escumadeiras<\/li>\n<li>Perfeito para bombeamento de l\u00edquidos viscosos e abrasivos<\/li>\n<li>N\u00e3o emulsiona<\/li>\n<li>Alta press\u00e3o de parto<\/li>\n<li>F\u00e1cil manuten\u00e7\u00e3o<\/li>\n<li>Disco de veda\u00e7\u00e3o de uma pe\u00e7a. Nenhum parafuso usado<\/li>\n<li>Corrida seca<\/li>\n<\/ul>\n<p>[id de wptm=90]<\/p>\n","protected":false},"excerpt":{"rendered":"<p>Deslocamento positivo Arquimedes Screw Pump projeta transferir l\u00edquidos complexos, tais como aqueles que cont\u00eam s\u00f3lidos ou fluidos altamente viscosos como [&hellip;]<\/p>\n","protected":false},"author":1,"featured_media":0,"parent":78076,"menu_order":0,"comment_status":"closed","ping_status":"closed","template":"","meta":{"site-sidebar-layout":"default","site-content-layout":"","ast-site-content-layout":"default","site-content-style":"default","site-sidebar-style":"default","ast-global-header-display":"","ast-banner-title-visibility":"","ast-main-header-display":"","ast-hfb-above-header-display":"","ast-hfb-below-header-display":"","ast-hfb-mobile-header-display":"","site-post-title":"","ast-breadcrumbs-content":"","ast-featured-img":"","footer-sml-layout":"","ast-disable-related-posts":"","theme-transparent-header-meta":"","adv-header-id-meta":"","stick-header-meta":"","header-above-stick-meta":"","header-main-stick-meta":"","header-below-stick-meta":"","astra-migrate-meta-layouts":"default","ast-page-background-enabled":"default","ast-page-background-meta":{"desktop":{"background-color":"var(--ast-global-color-5)","background-image":"","background-repeat":"repeat","background-position":"center center","background-size":"auto","background-attachment":"scroll","background-type":"","background-media":"","overlay-type":"","overlay-color":"","overlay-opacity":"","overlay-gradient":""},"tablet":{"background-color":"","background-image":"","background-repeat":"repeat","background-position":"center center","background-size":"auto","background-attachment":"scroll","background-type":"","background-media":"","overlay-type":"","overlay-color":"","overlay-opacity":"","overlay-gradient":""},"mobile":{"background-color":"","background-image":"","background-repeat":"repeat","background-position":"center center","background-size":"auto","background-attachment":"scroll","background-type":"","background-media":"","overlay-type":"","overlay-color":"","overlay-opacity":"","overlay-gradient":""}},"ast-content-background-meta":{"desktop":{"background-color":"var(--ast-global-color-4)","background-image":"","background-repeat":"repeat","background-position":"center center","background-size":"auto","background-attachment":"scroll","background-type":"","background-media":"","overlay-type":"","overlay-color":"","overlay-opacity":"","overlay-gradient":""},"tablet":{"background-color":"var(--ast-global-color-4)","background-image":"","background-repeat":"repeat","background-position":"center center","background-size":"auto","background-attachment":"scroll","background-type":"","background-media":"","overlay-type":"","overlay-color":"","overlay-opacity":"","overlay-gradient":""},"mobile":{"background-color":"var(--ast-global-color-4)","background-image":"","background-repeat":"repeat","background-position":"center center","background-size":"auto","background-attachment":"scroll","background-type":"","background-media":"","overlay-type":"","overlay-color":"","overlay-opacity":"","overlay-gradient":""}},"footnotes":""},"class_list":["post-78080","page","type-page","status-publish","hentry"],"_links":{"self":[{"href":"https:\/\/mavideniz.com.tr\/pt-pt\/wp-json\/wp\/v2\/pages\/78080","targetHints":{"allow":["GET"]}}],"collection":[{"href":"https:\/\/mavideniz.com.tr\/pt-pt\/wp-json\/wp\/v2\/pages"}],"about":[{"href":"https:\/\/mavideniz.com.tr\/pt-pt\/wp-json\/wp\/v2\/types\/page"}],"author":[{"embeddable":true,"href":"https:\/\/mavideniz.com.tr\/pt-pt\/wp-json\/wp\/v2\/users\/1"}],"replies":[{"embeddable":true,"href":"https:\/\/mavideniz.com.tr\/pt-pt\/wp-json\/wp\/v2\/comments?post=78080"}],"version-history":[{"count":0,"href":"https:\/\/mavideniz.com.tr\/pt-pt\/wp-json\/wp\/v2\/pages\/78080\/revisions"}],"up":[{"embeddable":true,"href":"https:\/\/mavideniz.com.tr\/pt-pt\/wp-json\/wp\/v2\/pages\/78076"}],"wp:attachment":[{"href":"https:\/\/mavideniz.com.tr\/pt-pt\/wp-json\/wp\/v2\/media?parent=78080"}],"curies":[{"name":"wp","href":"https:\/\/api.w.org\/{rel}","templated":true}]}}