{"id":78083,"date":"2025-05-03T21:46:23","date_gmt":"2025-05-03T21:46:23","guid":{"rendered":"https:\/\/mavideniz.com.tr\/?page_id=78083"},"modified":"2025-10-05T00:07:21","modified_gmt":"2025-10-05T00:07:21","slug":"bomba-de-lobulo-rotativo","status":"publish","type":"page","link":"https:\/\/mavideniz.com.tr\/pt-pt\/produtos-industriais\/bombas\/bomba-de-lobulo-rotativo\/","title":{"rendered":"Bomba de L\u00f3bulo Rotativo"},"content":{"rendered":"\n<p>A bomba de l\u00f3bulo rotativo de Mavideniz foi projetada para bombear vazamentos de \u00f3leo, recupera\u00e7\u00e3o de \u00f3leo, desnata\u00e7\u00e3o de \u00f3leo, lamas, limpeza de vazamentos qu\u00edmicos, lamas, esgoto com \u00e1gua do mar, res\u00edduos l\u00edquidos de navios, esgoto e lama. A bomba de l\u00f3bulo rotativo tem v\u00e1rias formas de rotor, incluindo op\u00e7\u00f5es de asa dupla e de m\u00faltiplos l\u00f3bulos. Ele usa engrenagens de temporiza\u00e7\u00e3o para eliminar o contato entre os rotores, permitindo o uso de l\u00edquidos n\u00e3o lubrificantes.<\/p>\n<p>A configura\u00e7\u00e3o do lobo rotativo pode ser o reboque montagem el\u00e9trica ou a diesel, caixa de velocidades vertical, overhead V-Belt Drive, caixa de engrenagens acionada por correia, motor de engrenagem em linha, motor hidr\u00e1ulico, em linha com redutor de engrenagem C-Face, unidade de acionamento a diesel ou lamparina a \u00f3leo.<\/p>\n<p>Bomba de l\u00f3bulo rotativo oferece baixo cisalhamento e manuseio suave de l\u00edquido para minimizar a degrada\u00e7\u00e3o do produto.<\/p>\n<p>A Bomba de L\u00f3bulo Rotativo pode ser montada em placas de alicerce, carrinhos, reboques e v\u00e1rias unidades, incluindo motores el\u00e9tricos, diesel e hidr\u00e1ulicos.<\/p>\n<p><strong>Recursos<\/strong><\/p>\n<ul>\n<li>Espa\u00e7o f\u00edsico inferior ao dos outros tipos de bomba<\/li>\n<li>Cisalhamento de baixo l\u00edquido &#8211; Emuls\u00e3o baixa &#8211; Manuten\u00e7\u00e3o baixa<\/li>\n<li>Excelente para separa\u00e7\u00e3o de \u00f3leo e \u00e1gua ou l\u00edquidos altamente viscosos<\/li>\n<li>Bomba eficientemente misturas de ar e l\u00edquido<\/li>\n<li>Pode ser operado para frente ou para tr\u00e1s<\/li>\n<li>Port\u00e1til<\/li>\n<li>Facilidade e confiabilidade de manuten\u00e7\u00e3o e menor tempo de reconstru\u00e7\u00e3o<\/li>\n<\/ul>\n<p>[id de wptm=92]<\/p>\n","protected":false},"excerpt":{"rendered":"<p>A bomba de l\u00f3bulo rotativo de Mavideniz foi projetada para bombear vazamentos de \u00f3leo, recupera\u00e7\u00e3o de \u00f3leo, desnata\u00e7\u00e3o de \u00f3leo, [&hellip;]<\/p>\n","protected":false},"author":1,"featured_media":0,"parent":78076,"menu_order":0,"comment_status":"closed","ping_status":"closed","template":"","meta":{"site-sidebar-layout":"default","site-content-layout":"","ast-site-content-layout":"default","site-content-style":"default","site-sidebar-style":"default","ast-global-header-display":"","ast-banner-title-visibility":"","ast-main-header-display":"","ast-hfb-above-header-display":"","ast-hfb-below-header-display":"","ast-hfb-mobile-header-display":"","site-post-title":"","ast-breadcrumbs-content":"","ast-featured-img":"","footer-sml-layout":"","ast-disable-related-posts":"","theme-transparent-header-meta":"","adv-header-id-meta":"","stick-header-meta":"","header-above-stick-meta":"","header-main-stick-meta":"","header-below-stick-meta":"","astra-migrate-meta-layouts":"default","ast-page-background-enabled":"default","ast-page-background-meta":{"desktop":{"background-color":"var(--ast-global-color-5)","background-image":"","background-repeat":"repeat","background-position":"center center","background-size":"auto","background-attachment":"scroll","background-type":"","background-media":"","overlay-type":"","overlay-color":"","overlay-opacity":"","overlay-gradient":""},"tablet":{"background-color":"","background-image":"","background-repeat":"repeat","background-position":"center center","background-size":"auto","background-attachment":"scroll","background-type":"","background-media":"","overlay-type":"","overlay-color":"","overlay-opacity":"","overlay-gradient":""},"mobile":{"background-color":"","background-image":"","background-repeat":"repeat","background-position":"center center","background-size":"auto","background-attachment":"scroll","background-type":"","background-media":"","overlay-type":"","overlay-color":"","overlay-opacity":"","overlay-gradient":""}},"ast-content-background-meta":{"desktop":{"background-color":"var(--ast-global-color-4)","background-image":"","background-repeat":"repeat","background-position":"center center","background-size":"auto","background-attachment":"scroll","background-type":"","background-media":"","overlay-type":"","overlay-color":"","overlay-opacity":"","overlay-gradient":""},"tablet":{"background-color":"var(--ast-global-color-4)","background-image":"","background-repeat":"repeat","background-position":"center center","background-size":"auto","background-attachment":"scroll","background-type":"","background-media":"","overlay-type":"","overlay-color":"","overlay-opacity":"","overlay-gradient":""},"mobile":{"background-color":"var(--ast-global-color-4)","background-image":"","background-repeat":"repeat","background-position":"center center","background-size":"auto","background-attachment":"scroll","background-type":"","background-media":"","overlay-type":"","overlay-color":"","overlay-opacity":"","overlay-gradient":""}},"footnotes":""},"class_list":["post-78083","page","type-page","status-publish","hentry"],"_links":{"self":[{"href":"https:\/\/mavideniz.com.tr\/pt-pt\/wp-json\/wp\/v2\/pages\/78083","targetHints":{"allow":["GET"]}}],"collection":[{"href":"https:\/\/mavideniz.com.tr\/pt-pt\/wp-json\/wp\/v2\/pages"}],"about":[{"href":"https:\/\/mavideniz.com.tr\/pt-pt\/wp-json\/wp\/v2\/types\/page"}],"author":[{"embeddable":true,"href":"https:\/\/mavideniz.com.tr\/pt-pt\/wp-json\/wp\/v2\/users\/1"}],"replies":[{"embeddable":true,"href":"https:\/\/mavideniz.com.tr\/pt-pt\/wp-json\/wp\/v2\/comments?post=78083"}],"version-history":[{"count":0,"href":"https:\/\/mavideniz.com.tr\/pt-pt\/wp-json\/wp\/v2\/pages\/78083\/revisions"}],"up":[{"embeddable":true,"href":"https:\/\/mavideniz.com.tr\/pt-pt\/wp-json\/wp\/v2\/pages\/78076"}],"wp:attachment":[{"href":"https:\/\/mavideniz.com.tr\/pt-pt\/wp-json\/wp\/v2\/media?parent=78083"}],"curies":[{"name":"wp","href":"https:\/\/api.w.org\/{rel}","templated":true}]}}