{"id":78085,"date":"2025-05-03T21:46:59","date_gmt":"2025-05-03T21:46:59","guid":{"rendered":"https:\/\/mavideniz.com.tr\/?page_id=78085"},"modified":"2025-10-05T00:07:20","modified_gmt":"2025-10-05T00:07:20","slug":"bomba-centrifuga-de-parafuso","status":"publish","type":"page","link":"https:\/\/mavideniz.com.tr\/pt-pt\/produtos-industriais\/bombas\/bomba-centrifuga-de-parafuso\/","title":{"rendered":"Bomba centr\u00edfuga de parafuso"},"content":{"rendered":"\n<p>O propulsor da bomba centr\u00edfuga de parafuso combina as propriedades de uma bomba de parafuso com as de uma bomba centr\u00edfuga. A baixa velocidade l\u00edquida na bomba resulta em uma for\u00e7a de cisalhamento relativamente baixa. Isso torna a Bomba de Parafuso Centr\u00edfuga adequada para l\u00edquidos que t\u00eam de lidar com cuidado e sem muito movimento e turbul\u00eancia para evitar a emulsifica\u00e7\u00e3o. A bomba centr\u00edfuga de parafuso Mavi Deniz \u00e9 ideal para bombear l\u00edquidos de alta viscosidade, como \u00f3leos brutos, l\u00e1tex, mela\u00e7os e res\u00edduos de refinaria usando um parafuso de deslocamento positivo. Ao bombear materiais mais leves, o rotor atua como um tipo centr\u00edfugo fornecendo alta capacidade\u2014Bomba centr\u00edfuga de parafuso \u00e9 usada para escumadeiras de \u00f3leo e bombeamento de carga.<\/p>\n<p>Os modelos Mavi Deniz MSP-100, MSP 150 e MSP 700 s\u00e3o bombas centr\u00edfugas de alta capacidade hidr\u00e1ulicas leves e compactas. Velocidades de l\u00edquido lentas e for\u00e7as de cisalhamento baixas na carga resultam diretamente da forma do rotor; isso torna a bomba adequada para l\u00edquidos que t\u00eam de lidar com cuidado e sem movimento excessivo e turbul\u00eancia. Esta qualidade \u00fanica da bomba torna-o perfeito para opera\u00e7\u00f5es de recupera\u00e7\u00e3o de \u00f3leo.<\/p>\n<p>Motores hidr\u00e1ulicos mais potentes est\u00e3o dispon\u00edveis para produtos muito densos, como mela\u00e7o e \u00f3leo combust\u00edvel pesado.<\/p>\n<p>O Mavi Deniz MSP-100, MSP 150 e MSP 700 s\u00e3o equipados padr\u00e3o com 0,5 mt. Engates r\u00e1pidos de fechamento autom\u00e1tico com um dispositivo de bloqueio impedem que os engates se separem acidentalmente para uma conex\u00e3o segura com o sistema hidr\u00e1ulico de um navio ou com uma bateria port\u00e1til Mavi Deniz.<\/p>\n<p><strong>APLICATIVOS<\/strong><\/p>\n<ul>\n<li>Remessa<\/li>\n<li>Ind\u00fastria<\/li>\n<li>Recupera\u00e7\u00e3o de petr\u00f3leo<\/li>\n<li>Limpeza dos tanques<\/li>\n<li>Salvamento<\/li>\n<li>Bombeamento de \u00e1guas residuais<\/li>\n<\/ul>\n<p><strong>RECURSOS<\/strong><\/p>\n<ul>\n<li>Um rotor de parafuso centr\u00edfugo exclusivo permite o bombeamento de l\u00edquidos com viscosidades at\u00e9 1.000.000 CST.<\/li>\n<li>Adequado para opera\u00e7\u00e3o em \u00e1reas perigosas.<\/li>\n<li>Propriedades de baixa emuls\u00e3o devido a for\u00e7as de cisalhamento baixas com baixas velocidades<\/li>\n<li>Caracter\u00edstica n\u00e3o obstrutiva. Sem risco de sobrecarga quando a bomba est\u00e1 bloqueada.<\/li>\n<li>Vedantes lubrificados com \u00f3leo (podem secar)<\/li>\n<li>Bomba centr\u00edfuga de parafuso tem a velocidade vari\u00e1vel de acionamento hidr\u00e1ulico<\/li>\n<li>Bomba centr\u00edfuga de parafuso tem uma ampla gama de desempenho<\/li>\n<li>O acionamento hidr\u00e1ulico seguro pode usar onde a energia el\u00e9trica \u00e9 perigosa ou impratic\u00e1vel<\/li>\n<li>Pode ser usado em linha como uma bomba de refor\u00e7o<\/li>\n<\/ul>\n<p>[id de wptm=93]<\/p>\n","protected":false},"excerpt":{"rendered":"<p>O propulsor da bomba centr\u00edfuga de parafuso combina as propriedades de uma bomba de parafuso com as de uma bomba [&hellip;]<\/p>\n","protected":false},"author":1,"featured_media":0,"parent":78076,"menu_order":0,"comment_status":"closed","ping_status":"closed","template":"","meta":{"site-sidebar-layout":"default","site-content-layout":"","ast-site-content-layout":"default","site-content-style":"default","site-sidebar-style":"default","ast-global-header-display":"","ast-banner-title-visibility":"","ast-main-header-display":"","ast-hfb-above-header-display":"","ast-hfb-below-header-display":"","ast-hfb-mobile-header-display":"","site-post-title":"","ast-breadcrumbs-content":"","ast-featured-img":"","footer-sml-layout":"","ast-disable-related-posts":"","theme-transparent-header-meta":"","adv-header-id-meta":"","stick-header-meta":"","header-above-stick-meta":"","header-main-stick-meta":"","header-below-stick-meta":"","astra-migrate-meta-layouts":"default","ast-page-background-enabled":"default","ast-page-background-meta":{"desktop":{"background-color":"var(--ast-global-color-5)","background-image":"","background-repeat":"repeat","background-position":"center center","background-size":"auto","background-attachment":"scroll","background-type":"","background-media":"","overlay-type":"","overlay-color":"","overlay-opacity":"","overlay-gradient":""},"tablet":{"background-color":"","background-image":"","background-repeat":"repeat","background-position":"center center","background-size":"auto","background-attachment":"scroll","background-type":"","background-media":"","overlay-type":"","overlay-color":"","overlay-opacity":"","overlay-gradient":""},"mobile":{"background-color":"","background-image":"","background-repeat":"repeat","background-position":"center center","background-size":"auto","background-attachment":"scroll","background-type":"","background-media":"","overlay-type":"","overlay-color":"","overlay-opacity":"","overlay-gradient":""}},"ast-content-background-meta":{"desktop":{"background-color":"var(--ast-global-color-4)","background-image":"","background-repeat":"repeat","background-position":"center center","background-size":"auto","background-attachment":"scroll","background-type":"","background-media":"","overlay-type":"","overlay-color":"","overlay-opacity":"","overlay-gradient":""},"tablet":{"background-color":"var(--ast-global-color-4)","background-image":"","background-repeat":"repeat","background-position":"center center","background-size":"auto","background-attachment":"scroll","background-type":"","background-media":"","overlay-type":"","overlay-color":"","overlay-opacity":"","overlay-gradient":""},"mobile":{"background-color":"var(--ast-global-color-4)","background-image":"","background-repeat":"repeat","background-position":"center center","background-size":"auto","background-attachment":"scroll","background-type":"","background-media":"","overlay-type":"","overlay-color":"","overlay-opacity":"","overlay-gradient":""}},"footnotes":""},"class_list":["post-78085","page","type-page","status-publish","hentry"],"_links":{"self":[{"href":"https:\/\/mavideniz.com.tr\/pt-pt\/wp-json\/wp\/v2\/pages\/78085","targetHints":{"allow":["GET"]}}],"collection":[{"href":"https:\/\/mavideniz.com.tr\/pt-pt\/wp-json\/wp\/v2\/pages"}],"about":[{"href":"https:\/\/mavideniz.com.tr\/pt-pt\/wp-json\/wp\/v2\/types\/page"}],"author":[{"embeddable":true,"href":"https:\/\/mavideniz.com.tr\/pt-pt\/wp-json\/wp\/v2\/users\/1"}],"replies":[{"embeddable":true,"href":"https:\/\/mavideniz.com.tr\/pt-pt\/wp-json\/wp\/v2\/comments?post=78085"}],"version-history":[{"count":0,"href":"https:\/\/mavideniz.com.tr\/pt-pt\/wp-json\/wp\/v2\/pages\/78085\/revisions"}],"up":[{"embeddable":true,"href":"https:\/\/mavideniz.com.tr\/pt-pt\/wp-json\/wp\/v2\/pages\/78076"}],"wp:attachment":[{"href":"https:\/\/mavideniz.com.tr\/pt-pt\/wp-json\/wp\/v2\/media?parent=78085"}],"curies":[{"name":"wp","href":"https:\/\/api.w.org\/{rel}","templated":true}]}}