{"id":78087,"date":"2025-05-03T21:47:38","date_gmt":"2025-05-03T21:47:38","guid":{"rendered":"https:\/\/mavideniz.com.tr\/?page_id=78087"},"modified":"2025-10-05T00:07:20","modified_gmt":"2025-10-05T00:07:20","slug":"bomba-centrifuga-autoescorvante","status":"publish","type":"page","link":"https:\/\/mavideniz.com.tr\/pt-pt\/produtos-industriais\/bombas\/bomba-centrifuga-autoescorvante\/","title":{"rendered":"Bomba centr\u00edfuga autoescorvante"},"content":{"rendered":"\n<p>A Bomba Centr\u00edfuga Auto Priming da Mavi Deniz foi projetada para bombear \u00e1gua contendo areia, lama, s\u00f3lidos, aplica\u00e7\u00f5es industriais de alto volume e suspens\u00e3o em locais de constru\u00e7\u00e3o.\u00a0\u00a0 Bomba centr\u00edfuga auto Priming pode ser montada alta e seca acima do coletor ao n\u00edvel do ch\u00e3o com apenas a linha de su\u00e7\u00e3o para baixo na bomba de l\u00edquido de bombeamento.<\/p>\n<p>Bomba auto escorvamento tem um eixo de a\u00e7o liga 9140 e um mec\u00e2nico, lubrificado a \u00f3leo, flutuante, autoalinhante, selo de carboneto de sil\u00edcio \u2014 a placa de desgaste substitu\u00edvel feita de ferro d\u00factil. Bomba SelPumping ir\u00e1 lidar com l\u00edquidos at\u00e9 80\u00b0 C. Bombas est\u00e3o dispon\u00edveis como unidades b\u00e1sicas para conex\u00e3o com a sua fonte de energia ou pode ser flex-acoplado ou v-correia \u00e9 conduzido por um motor el\u00e9trico.<\/p>\n<p>Bomba centr\u00edfuga de autoescorvamento de Mavi Deniz; n\u00e3o h\u00e1 necessidade de encher as mangueiras de su\u00e7\u00e3o e n\u00e3o h\u00e1 necessidade de v\u00e1lvulas de p\u00e9. Longa vida \u00fatil, tamanho compacto e manuten\u00e7\u00e3o m\u00ednima s\u00e3o facilmente e rapidamente operados. Impulsor aberto fez grande capacidade para lidar com res\u00edduos l\u00edquidos e s\u00f3lidos.<\/p>\n<p>O sistema de escorvamento elimina os vazamentos associados \u00e0s bombas tradicionais assistidas a v\u00e1cuo, tornando-as ideais para bombeamento de l\u00edquidos perigosos para o meio ambiente. As bombas de escorvamento t\u00eam um sistema auxiliar de escorvamento para garantir o reescorvamento autom\u00e1tico. As bombas t\u00eam uma bomba de veda\u00e7\u00e3o mec\u00e2nica de carboneto de sil\u00edcio lubrificada com \u00f3leo, de grandes dimens\u00f5es, que permite que a bomba seque sem danos \u2014 est\u00e3o dispon\u00edveis modelos de alto fluxo e cabe\u00e7ote alto.<\/p>\n<p>Bomba centr\u00edfuga autoescorvante perfeitamente bombeia l\u00edquidos viscosos e densos contendo s\u00f3lidos de grande porte e trabalha em condi\u00e7\u00f5es extremas bombeando a deriva\u00e7\u00e3o de esgoto em esta\u00e7\u00f5es elevat\u00f3rias de esgoto. Incluindo a transfer\u00eancia de fluidos viscosos com s\u00f3lidos em suspens\u00e3o.<\/p>\n<p>Vers\u00f5es assistidas por v\u00e1cuo tamb\u00e9m podem ser usadas na desidrata\u00e7\u00e3o de pontos de po\u00e7o. As bombas de v\u00e1cuo de alta capacidade do tipo lamel garantem o escorvamento do l\u00edquido com ar em suspens\u00e3o a partir de grande profundidade.<\/p>\n<p>Os modelos de Bomba centr\u00edfuga de auto escorvamento est\u00e3o dispon\u00edveis com motor el\u00e9trico ou diesel.<\/p>\n<p>As bombas centr\u00edfugas de autoescorvamento acionadas por motor da Mavi Deniz s\u00e3o ideais para aplica\u00e7\u00f5es de limpeza de espera e emerg\u00eancia. Dependendo do modelo, as bombas podem lidar com s\u00f3lidos de at\u00e9 3&#8243; de di\u00e2metro.<\/p>\n<p>Bombas para se adequar a outras aplica\u00e7\u00f5es tamb\u00e9m est\u00e3o dispon\u00edveis. O kit de rodas opcional oferece portabilidade para f\u00e1cil acesso ao local de trabalho. As bombas est\u00e3o dispon\u00edveis com motores a gasolina ou diesel.<\/p>\n<p><strong>Opera\u00e7\u00e3o<\/strong><\/p>\n<ul>\n<li>L\u00edquido n\u00e3o inflam\u00e1vel e n\u00e3o explosivo<\/li>\n<li>\u00c1guas pluviais e \u00e1guas residuais comuns<\/li>\n<li>Esta\u00e7\u00e3o de drenagem do sistema de defesa a\u00e9rea de pessoas<\/li>\n<li>\u00c1guas residuais industriais da ind\u00fastria leve, f\u00e1brica de papel, t\u00eaxtil, f\u00e1brica de processamento de alimentos, ind\u00fastria qu\u00edmica<\/li>\n<li>Descarga de \u00e1guas residuais na zona residencial<\/li>\n<li>Esgoto e dep\u00f3sito do sistema de purifica\u00e7\u00e3o de \u00e1gua<\/li>\n<li>Ind\u00fastria de curtumes, piscicultura no rio e lagoa<\/li>\n<li>Ind\u00fastria do vinho e do a\u00e7\u00facar<\/li>\n<li>Descarga de \u00e1guas residuais n\u00e3o fortemente corrosivas, mas seriamente polu\u00eddas<\/li>\n<\/ul>\n<p><strong>Recursos<\/strong><\/p>\n<ul>\n<li>Bomba centr\u00edfuga auto Priming pode lidar com s\u00f3lidos at\u00e9 3 polegadas.<\/li>\n<li>Bomba centr\u00edfuga auto Priming pode continuar bombeando fluido enquanto a bomba ainda est\u00e1 situada fora do po\u00e7o.<\/li>\n<li>Longa vida \u00fatil, tamanho compacto e manuten\u00e7\u00e3o m\u00ednima<\/li>\n<li>Desempenho est\u00e1vel, opera\u00e7\u00e3o confi\u00e1vel<\/li>\n<li>Cabe\u00e7a de su\u00e7\u00e3o alta e autoescorvamento r\u00e1pido<\/li>\n<li>Estrutura do rotor semiaberto e design n\u00e3o entupimento: forte capacidade de passagem.<\/li>\n<li>Uso conveniente: A bomba pode ser montada perto da fossa, com apenas o tubo de su\u00e7\u00e3o no l\u00edquido. (A bomba deve encher com \u00e1gua para o primeiro arranque.)<\/li>\n<\/ul>\n<p>[id de wptm=94]<\/p>\n","protected":false},"excerpt":{"rendered":"<p>A Bomba Centr\u00edfuga Auto Priming da Mavi Deniz foi projetada para bombear \u00e1gua contendo areia, lama, s\u00f3lidos, aplica\u00e7\u00f5es industriais de [&hellip;]<\/p>\n","protected":false},"author":1,"featured_media":0,"parent":78076,"menu_order":0,"comment_status":"closed","ping_status":"closed","template":"","meta":{"site-sidebar-layout":"default","site-content-layout":"","ast-site-content-layout":"default","site-content-style":"default","site-sidebar-style":"default","ast-global-header-display":"","ast-banner-title-visibility":"","ast-main-header-display":"","ast-hfb-above-header-display":"","ast-hfb-below-header-display":"","ast-hfb-mobile-header-display":"","site-post-title":"","ast-breadcrumbs-content":"","ast-featured-img":"","footer-sml-layout":"","ast-disable-related-posts":"","theme-transparent-header-meta":"","adv-header-id-meta":"","stick-header-meta":"","header-above-stick-meta":"","header-main-stick-meta":"","header-below-stick-meta":"","astra-migrate-meta-layouts":"default","ast-page-background-enabled":"default","ast-page-background-meta":{"desktop":{"background-color":"var(--ast-global-color-5)","background-image":"","background-repeat":"repeat","background-position":"center center","background-size":"auto","background-attachment":"scroll","background-type":"","background-media":"","overlay-type":"","overlay-color":"","overlay-opacity":"","overlay-gradient":""},"tablet":{"background-color":"","background-image":"","background-repeat":"repeat","background-position":"center center","background-size":"auto","background-attachment":"scroll","background-type":"","background-media":"","overlay-type":"","overlay-color":"","overlay-opacity":"","overlay-gradient":""},"mobile":{"background-color":"","background-image":"","background-repeat":"repeat","background-position":"center center","background-size":"auto","background-attachment":"scroll","background-type":"","background-media":"","overlay-type":"","overlay-color":"","overlay-opacity":"","overlay-gradient":""}},"ast-content-background-meta":{"desktop":{"background-color":"var(--ast-global-color-4)","background-image":"","background-repeat":"repeat","background-position":"center center","background-size":"auto","background-attachment":"scroll","background-type":"","background-media":"","overlay-type":"","overlay-color":"","overlay-opacity":"","overlay-gradient":""},"tablet":{"background-color":"var(--ast-global-color-4)","background-image":"","background-repeat":"repeat","background-position":"center center","background-size":"auto","background-attachment":"scroll","background-type":"","background-media":"","overlay-type":"","overlay-color":"","overlay-opacity":"","overlay-gradient":""},"mobile":{"background-color":"var(--ast-global-color-4)","background-image":"","background-repeat":"repeat","background-position":"center center","background-size":"auto","background-attachment":"scroll","background-type":"","background-media":"","overlay-type":"","overlay-color":"","overlay-opacity":"","overlay-gradient":""}},"footnotes":""},"class_list":["post-78087","page","type-page","status-publish","hentry"],"_links":{"self":[{"href":"https:\/\/mavideniz.com.tr\/pt-pt\/wp-json\/wp\/v2\/pages\/78087","targetHints":{"allow":["GET"]}}],"collection":[{"href":"https:\/\/mavideniz.com.tr\/pt-pt\/wp-json\/wp\/v2\/pages"}],"about":[{"href":"https:\/\/mavideniz.com.tr\/pt-pt\/wp-json\/wp\/v2\/types\/page"}],"author":[{"embeddable":true,"href":"https:\/\/mavideniz.com.tr\/pt-pt\/wp-json\/wp\/v2\/users\/1"}],"replies":[{"embeddable":true,"href":"https:\/\/mavideniz.com.tr\/pt-pt\/wp-json\/wp\/v2\/comments?post=78087"}],"version-history":[{"count":0,"href":"https:\/\/mavideniz.com.tr\/pt-pt\/wp-json\/wp\/v2\/pages\/78087\/revisions"}],"up":[{"embeddable":true,"href":"https:\/\/mavideniz.com.tr\/pt-pt\/wp-json\/wp\/v2\/pages\/78076"}],"wp:attachment":[{"href":"https:\/\/mavideniz.com.tr\/pt-pt\/wp-json\/wp\/v2\/media?parent=78087"}],"curies":[{"name":"wp","href":"https:\/\/api.w.org\/{rel}","templated":true}]}}