{"id":78089,"date":"2025-05-03T21:48:32","date_gmt":"2025-05-03T21:48:32","guid":{"rendered":"https:\/\/mavideniz.com.tr\/?page_id=78089"},"modified":"2025-10-05T00:07:20","modified_gmt":"2025-10-05T00:07:20","slug":"bomba-centrifuga-submersivel","status":"publish","type":"page","link":"https:\/\/mavideniz.com.tr\/pt-pt\/produtos-industriais\/bombas\/bomba-centrifuga-submersivel\/","title":{"rendered":"Bomba Centr\u00edfuga Submers\u00edvel"},"content":{"rendered":"\n<p>A Bomba Centr\u00edfuga Submers\u00edvel da Mavi Deniz \u00e9 uma bomba hidr\u00e1ulica centr\u00edfuga leve de uso geral para bombeamento de esgoto, desidrata\u00e7\u00e3o e bomba de transfer\u00eancia.<\/p>\n<p>Uma bomba centr\u00edfuga submers\u00edvel tem alta press\u00e3o de descarga para bombear longas dist\u00e2ncias. A Bomba Centr\u00edfuga Submers\u00edvel pode operar com uma retroescavadeira, caminh\u00f5es a v\u00e1cuo ou outros sistemas hidr\u00e1ulicos existentes.<\/p>\n<p>Mavi Deniz Submersible Centrifugal Pump \u00e9 uma bomba utilit\u00e1rio port\u00e1til e vers\u00e1til para todos os fins. Um impulsor de canal eficiente lida com s\u00f3lidos e oferece excelente desempenho geral.<\/p>\n<p>As bombas Mavi Deniz CP Models s\u00e3o leves centr\u00edfugas; bombas hidr\u00e1ulicas de uso geral para transfer\u00eancia de lamas de perfura\u00e7\u00e3o, controle de enchentes, bombeamento cont\u00ednuo de \u00e1gua para tarefas de combate a inc\u00eandios, \u00f3leo recuperado de escumadeiras de petr\u00f3leo, bombeamento de \u00e1gua de por\u00e3o, bombeamento de \u00e1gua oleosa, bombeamento de \u00e1gua suja, e ideal para descarga de caminh\u00e3o-tanque transport\u00e1vel, opera\u00e7\u00f5es de bombeamento profundo, desidrata\u00e7\u00e3o em edif\u00edcios ou locais de constru\u00e7\u00e3o, bombeamento de buraco de manuten\u00e7\u00e3o e transfer\u00eancia de petr\u00f3leo de barca\u00e7as, tanques de armazenamento tempor\u00e1rio ou tanques de armazenamento de petr\u00f3leo flutuante. Alta press\u00e3o de descarga para bombear o \u00f3leo para longas dist\u00e2ncias.<\/p>\n<p><strong>RECURSOS<\/strong><\/p>\n<ul>\n<li>A bomba centr\u00edfuga submers\u00edvel \u00e9 simples de operar<\/li>\n<li>Impulsor eficiente de dois canais<\/li>\n<li>Pode secar<\/li>\n<li>Bomba centr\u00edfuga submers\u00edvel tem velocidade vari\u00e1vel<\/li>\n<li>A bomba centr\u00edfuga submers\u00edvel pode ser aparafusada em uma tubula\u00e7\u00e3o ou estadiada<\/li>\n<li>O acionamento hidr\u00e1ulico seguro pode usar onde a energia el\u00e9trica \u00e9 perigosa ou impratic\u00e1vel<\/li>\n<li>Funciona com unidades de energia hidr\u00e1ulica a g\u00e1s, diesel ou de acionamento el\u00e9trico<\/li>\n<\/ul>\n<p>[id de wptm=95]<\/p>\n","protected":false},"excerpt":{"rendered":"<p>A Bomba Centr\u00edfuga Submers\u00edvel da Mavi Deniz \u00e9 uma bomba hidr\u00e1ulica centr\u00edfuga leve de uso geral para bombeamento de esgoto, [&hellip;]<\/p>\n","protected":false},"author":1,"featured_media":0,"parent":78076,"menu_order":0,"comment_status":"closed","ping_status":"closed","template":"","meta":{"site-sidebar-layout":"default","site-content-layout":"","ast-site-content-layout":"default","site-content-style":"default","site-sidebar-style":"default","ast-global-header-display":"","ast-banner-title-visibility":"","ast-main-header-display":"","ast-hfb-above-header-display":"","ast-hfb-below-header-display":"","ast-hfb-mobile-header-display":"","site-post-title":"","ast-breadcrumbs-content":"","ast-featured-img":"","footer-sml-layout":"","ast-disable-related-posts":"","theme-transparent-header-meta":"","adv-header-id-meta":"","stick-header-meta":"","header-above-stick-meta":"","header-main-stick-meta":"","header-below-stick-meta":"","astra-migrate-meta-layouts":"default","ast-page-background-enabled":"default","ast-page-background-meta":{"desktop":{"background-color":"var(--ast-global-color-5)","background-image":"","background-repeat":"repeat","background-position":"center center","background-size":"auto","background-attachment":"scroll","background-type":"","background-media":"","overlay-type":"","overlay-color":"","overlay-opacity":"","overlay-gradient":""},"tablet":{"background-color":"","background-image":"","background-repeat":"repeat","background-position":"center center","background-size":"auto","background-attachment":"scroll","background-type":"","background-media":"","overlay-type":"","overlay-color":"","overlay-opacity":"","overlay-gradient":""},"mobile":{"background-color":"","background-image":"","background-repeat":"repeat","background-position":"center center","background-size":"auto","background-attachment":"scroll","background-type":"","background-media":"","overlay-type":"","overlay-color":"","overlay-opacity":"","overlay-gradient":""}},"ast-content-background-meta":{"desktop":{"background-color":"var(--ast-global-color-4)","background-image":"","background-repeat":"repeat","background-position":"center center","background-size":"auto","background-attachment":"scroll","background-type":"","background-media":"","overlay-type":"","overlay-color":"","overlay-opacity":"","overlay-gradient":""},"tablet":{"background-color":"var(--ast-global-color-4)","background-image":"","background-repeat":"repeat","background-position":"center center","background-size":"auto","background-attachment":"scroll","background-type":"","background-media":"","overlay-type":"","overlay-color":"","overlay-opacity":"","overlay-gradient":""},"mobile":{"background-color":"var(--ast-global-color-4)","background-image":"","background-repeat":"repeat","background-position":"center center","background-size":"auto","background-attachment":"scroll","background-type":"","background-media":"","overlay-type":"","overlay-color":"","overlay-opacity":"","overlay-gradient":""}},"footnotes":""},"class_list":["post-78089","page","type-page","status-publish","hentry"],"_links":{"self":[{"href":"https:\/\/mavideniz.com.tr\/pt-pt\/wp-json\/wp\/v2\/pages\/78089","targetHints":{"allow":["GET"]}}],"collection":[{"href":"https:\/\/mavideniz.com.tr\/pt-pt\/wp-json\/wp\/v2\/pages"}],"about":[{"href":"https:\/\/mavideniz.com.tr\/pt-pt\/wp-json\/wp\/v2\/types\/page"}],"author":[{"embeddable":true,"href":"https:\/\/mavideniz.com.tr\/pt-pt\/wp-json\/wp\/v2\/users\/1"}],"replies":[{"embeddable":true,"href":"https:\/\/mavideniz.com.tr\/pt-pt\/wp-json\/wp\/v2\/comments?post=78089"}],"version-history":[{"count":0,"href":"https:\/\/mavideniz.com.tr\/pt-pt\/wp-json\/wp\/v2\/pages\/78089\/revisions"}],"up":[{"embeddable":true,"href":"https:\/\/mavideniz.com.tr\/pt-pt\/wp-json\/wp\/v2\/pages\/78076"}],"wp:attachment":[{"href":"https:\/\/mavideniz.com.tr\/pt-pt\/wp-json\/wp\/v2\/media?parent=78089"}],"curies":[{"name":"wp","href":"https:\/\/api.w.org\/{rel}","templated":true}]}}