{"id":78093,"date":"2025-05-03T21:49:48","date_gmt":"2025-05-03T21:49:48","guid":{"rendered":"https:\/\/mavideniz.com.tr\/?page_id=78093"},"modified":"2025-10-05T00:07:20","modified_gmt":"2025-10-05T00:07:20","slug":"deteccao-de-derramamento-de-oleo-monitoramento","status":"publish","type":"page","link":"https:\/\/mavideniz.com.tr\/pt-pt\/produtos-industriais\/deteccao-de-derramamento-monitoramento\/deteccao-de-derramamento-de-oleo-monitoramento\/","title":{"rendered":"Detec\u00e7\u00e3o de derramamento de \u00f3leo + monitoramento"},"content":{"rendered":"\n<p>Sistema de detec\u00e7\u00e3o de derramamento de \u00f3leo projetado para detectar o derramamento de \u00f3leo e alertar em tempo real. O sistema de detec\u00e7\u00e3o de derramamento de \u00f3leo possui algoritmos avan\u00e7ados de software que detectam vazamentos de \u00f3leo sem um alarme falso e t\u00eam alta sensibilidade (sensibilidade de 1 m\u00edcron) e seletividade da distin\u00e7\u00e3o espectral de componentes individuais dentro de um conglomerado complicado de subst\u00e2ncias org\u00e2nicas.<\/p>\n<p>O sistema de detec\u00e7\u00e3o de derramamento de \u00f3leo \u00e9 certificado IP68 detector de \u00f3leo Ex d sem contato, usando o m\u00e9todo de fluoresc\u00eancia UV, adequado para \u00e1guas residuais, aeroporto, boia, marina de navio, porto, aquicultura, ind\u00fastria, refinaria de petr\u00f3leo, hidrel\u00e9trica, plataforma de petr\u00f3leo, terminal de petr\u00f3leo, usina de energia e \u00e1reas perigosas.<\/p>\n<p>O sistema de detec\u00e7\u00e3o de derramamento de \u00f3leo \u00e9 baseado na t\u00e9cnica de fluoresc\u00eancia, funciona como um m\u00e9todo de triagem r\u00e1pida da superf\u00edcie da \u00e1gua e consiste em um LED UV pulsado, telesc\u00f3pio receptor, controle de dados e eletr\u00f4nica de processamento. Um feixe de LED pulsado excita as mol\u00e9culas de \u00f3leo que aparecem na \u00e1rea de \u00e1gua estudada e induzem sua fluoresc\u00eancia. O telesc\u00f3pio coleta o sinal de retorno resultante para processamento adicional. O software controlador anal\u00edtico integrado analisa imediatamente o sinal recebido. O processamento de dados e a entrega de resultados s\u00e3o realizados em tempo real.<\/p>\n<p>O sistema de detec\u00e7\u00e3o de derramamento de \u00f3leo detecta e alerta voc\u00ea sobre derramamentos de \u00f3leo desprevenidos. Fornece monitoramento de \u00e1gua industrial e ambiental 24 horas por dia, 7 dias por semana, em pontos de descarga de efluentes ou de entrada de afluentes.<\/p>\n<p>[id de wptm=154]<\/p>\n","protected":false},"excerpt":{"rendered":"<p>Sistema de detec\u00e7\u00e3o de derramamento de \u00f3leo projetado para detectar o derramamento de \u00f3leo e alertar em tempo real. O [&hellip;]<\/p>\n","protected":false},"author":1,"featured_media":0,"parent":78091,"menu_order":0,"comment_status":"closed","ping_status":"closed","template":"","meta":{"site-sidebar-layout":"default","site-content-layout":"","ast-site-content-layout":"default","site-content-style":"default","site-sidebar-style":"default","ast-global-header-display":"","ast-banner-title-visibility":"","ast-main-header-display":"","ast-hfb-above-header-display":"","ast-hfb-below-header-display":"","ast-hfb-mobile-header-display":"","site-post-title":"","ast-breadcrumbs-content":"","ast-featured-img":"","footer-sml-layout":"","ast-disable-related-posts":"","theme-transparent-header-meta":"","adv-header-id-meta":"","stick-header-meta":"","header-above-stick-meta":"","header-main-stick-meta":"","header-below-stick-meta":"","astra-migrate-meta-layouts":"default","ast-page-background-enabled":"default","ast-page-background-meta":{"desktop":{"background-color":"var(--ast-global-color-5)","background-image":"","background-repeat":"repeat","background-position":"center center","background-size":"auto","background-attachment":"scroll","background-type":"","background-media":"","overlay-type":"","overlay-color":"","overlay-opacity":"","overlay-gradient":""},"tablet":{"background-color":"","background-image":"","background-repeat":"repeat","background-position":"center center","background-size":"auto","background-attachment":"scroll","background-type":"","background-media":"","overlay-type":"","overlay-color":"","overlay-opacity":"","overlay-gradient":""},"mobile":{"background-color":"","background-image":"","background-repeat":"repeat","background-position":"center center","background-size":"auto","background-attachment":"scroll","background-type":"","background-media":"","overlay-type":"","overlay-color":"","overlay-opacity":"","overlay-gradient":""}},"ast-content-background-meta":{"desktop":{"background-color":"var(--ast-global-color-4)","background-image":"","background-repeat":"repeat","background-position":"center center","background-size":"auto","background-attachment":"scroll","background-type":"","background-media":"","overlay-type":"","overlay-color":"","overlay-opacity":"","overlay-gradient":""},"tablet":{"background-color":"var(--ast-global-color-4)","background-image":"","background-repeat":"repeat","background-position":"center center","background-size":"auto","background-attachment":"scroll","background-type":"","background-media":"","overlay-type":"","overlay-color":"","overlay-opacity":"","overlay-gradient":""},"mobile":{"background-color":"var(--ast-global-color-4)","background-image":"","background-repeat":"repeat","background-position":"center center","background-size":"auto","background-attachment":"scroll","background-type":"","background-media":"","overlay-type":"","overlay-color":"","overlay-opacity":"","overlay-gradient":""}},"footnotes":""},"class_list":["post-78093","page","type-page","status-publish","hentry"],"_links":{"self":[{"href":"https:\/\/mavideniz.com.tr\/pt-pt\/wp-json\/wp\/v2\/pages\/78093","targetHints":{"allow":["GET"]}}],"collection":[{"href":"https:\/\/mavideniz.com.tr\/pt-pt\/wp-json\/wp\/v2\/pages"}],"about":[{"href":"https:\/\/mavideniz.com.tr\/pt-pt\/wp-json\/wp\/v2\/types\/page"}],"author":[{"embeddable":true,"href":"https:\/\/mavideniz.com.tr\/pt-pt\/wp-json\/wp\/v2\/users\/1"}],"replies":[{"embeddable":true,"href":"https:\/\/mavideniz.com.tr\/pt-pt\/wp-json\/wp\/v2\/comments?post=78093"}],"version-history":[{"count":0,"href":"https:\/\/mavideniz.com.tr\/pt-pt\/wp-json\/wp\/v2\/pages\/78093\/revisions"}],"up":[{"embeddable":true,"href":"https:\/\/mavideniz.com.tr\/pt-pt\/wp-json\/wp\/v2\/pages\/78091"}],"wp:attachment":[{"href":"https:\/\/mavideniz.com.tr\/pt-pt\/wp-json\/wp\/v2\/media?parent=78093"}],"curies":[{"name":"wp","href":"https:\/\/api.w.org\/{rel}","templated":true}]}}