{"id":78098,"date":"2025-05-03T21:51:55","date_gmt":"2025-05-03T21:51:55","guid":{"rendered":"https:\/\/mavideniz.com.tr\/?page_id=78098"},"modified":"2025-10-05T00:07:20","modified_gmt":"2025-10-05T00:07:20","slug":"recipiente-de-resposta-a-derramamento-de-oleo","status":"publish","type":"page","link":"https:\/\/mavideniz.com.tr\/pt-pt\/produtos-industriais\/recipiente-de-resposta-a-derramamento-trailer\/recipiente-de-resposta-a-derramamento-de-oleo\/","title":{"rendered":"Recipiente de Resposta a Derramamento de \u00d3leo"},"content":{"rendered":"\n<p>Os sistemas de cont\u00eaineres Mavi Deniz s\u00e3o autossuficientes, compactos, facilmente transport\u00e1veis e f\u00e1ceis de operar o cont\u00eainer de resposta a derramamento de \u00f3leo + pacotes + equipamentos + sistemas.<\/p>\n<p>Cont\u00eainer de resposta a derramamento projetado com uma porta de abertura completa nas laterais ou extremidades, r\u00edgida ou cortina e suportes de eleva\u00e7\u00e3o para manuseio com guindaste ou empilhadeira. Os cantos ISO s\u00e3o padr\u00e3o.<\/p>\n<p>Mavi Deniz Cont\u00eainer de implanta\u00e7\u00e3o r\u00e1pida para espuma cil\u00edndrica ou lan\u00e7a de flutua\u00e7\u00e3o sim\u00e9trica. O boom fica pendurado em corredores montados no teto, o que reduz significativamente o tempo de implanta\u00e7\u00e3o do boom.<\/p>\n<p>O equipamento pode ser instalado diretamente do contentor na doca ou ao longo do navio. Os cont\u00eaineres fornecem acesso total ao equipamento para implanta\u00e7\u00e3o f\u00e1cil e r\u00e1pida e manuten\u00e7\u00e3o de rotina.<\/p>\n<p>Os pacotes em cont\u00eaineres podem ser adaptados para acomodar suas necessidades espec\u00edficas, seja para opera\u00e7\u00e3o no exterior, dentro de um porto ou porto, gasoduto\/interior ou resposta a derramamento de rio.<\/p>\n<p><strong>Pacotes padr\u00e3o principais<\/strong><\/p>\n<ul>\n<li>Escumadeira (Offshore, Inland, Coastal)<\/li>\n<li>Boias de petr\u00f3leo (offshore, interior, costeira ou r\u00e1pida implanta\u00e7\u00e3o<\/li>\n<li>Limpeza de praia \/ litoral a \u00f3leo<\/li>\n<li>Equipamento De Resposta A Derramamentos De Petr\u00f3leo (N\u00edvel 1 \/ N\u00edvel 2 \/ N\u00edvel 3)<\/li>\n<\/ul>\n<p><strong>Opcional<\/strong><\/p>\n<ul>\n<li>Unidade de prateleira com eletricidade<\/li>\n<li>Garmentainers<\/li>\n<li>Cabide\/Trilhos<\/li>\n<li>Porta de abertura lateral<\/li>\n<li>Porta dupla<\/li>\n<li>Todos os lados abertos<\/li>\n<li>Cont\u00eainer superior aberto de meia altura<\/li>\n<li>Tipo aberto<\/li>\n<li>Achatamento<\/li>\n<li>Contentores de Tamanho N\u00e3o Padr\u00e3o<\/li>\n<\/ul>\n<p>[id de wptm=106]<\/p>\n","protected":false},"excerpt":{"rendered":"<p>Os sistemas de cont\u00eaineres Mavi Deniz s\u00e3o autossuficientes, compactos, facilmente transport\u00e1veis e f\u00e1ceis de operar o cont\u00eainer de resposta a [&hellip;]<\/p>\n","protected":false},"author":1,"featured_media":0,"parent":78095,"menu_order":0,"comment_status":"closed","ping_status":"closed","template":"","meta":{"site-sidebar-layout":"default","site-content-layout":"","ast-site-content-layout":"default","site-content-style":"default","site-sidebar-style":"default","ast-global-header-display":"","ast-banner-title-visibility":"","ast-main-header-display":"","ast-hfb-above-header-display":"","ast-hfb-below-header-display":"","ast-hfb-mobile-header-display":"","site-post-title":"","ast-breadcrumbs-content":"","ast-featured-img":"","footer-sml-layout":"","ast-disable-related-posts":"","theme-transparent-header-meta":"","adv-header-id-meta":"","stick-header-meta":"","header-above-stick-meta":"","header-main-stick-meta":"","header-below-stick-meta":"","astra-migrate-meta-layouts":"default","ast-page-background-enabled":"default","ast-page-background-meta":{"desktop":{"background-color":"var(--ast-global-color-5)","background-image":"","background-repeat":"repeat","background-position":"center center","background-size":"auto","background-attachment":"scroll","background-type":"","background-media":"","overlay-type":"","overlay-color":"","overlay-opacity":"","overlay-gradient":""},"tablet":{"background-color":"","background-image":"","background-repeat":"repeat","background-position":"center center","background-size":"auto","background-attachment":"scroll","background-type":"","background-media":"","overlay-type":"","overlay-color":"","overlay-opacity":"","overlay-gradient":""},"mobile":{"background-color":"","background-image":"","background-repeat":"repeat","background-position":"center center","background-size":"auto","background-attachment":"scroll","background-type":"","background-media":"","overlay-type":"","overlay-color":"","overlay-opacity":"","overlay-gradient":""}},"ast-content-background-meta":{"desktop":{"background-color":"var(--ast-global-color-4)","background-image":"","background-repeat":"repeat","background-position":"center center","background-size":"auto","background-attachment":"scroll","background-type":"","background-media":"","overlay-type":"","overlay-color":"","overlay-opacity":"","overlay-gradient":""},"tablet":{"background-color":"var(--ast-global-color-4)","background-image":"","background-repeat":"repeat","background-position":"center center","background-size":"auto","background-attachment":"scroll","background-type":"","background-media":"","overlay-type":"","overlay-color":"","overlay-opacity":"","overlay-gradient":""},"mobile":{"background-color":"var(--ast-global-color-4)","background-image":"","background-repeat":"repeat","background-position":"center center","background-size":"auto","background-attachment":"scroll","background-type":"","background-media":"","overlay-type":"","overlay-color":"","overlay-opacity":"","overlay-gradient":""}},"footnotes":""},"class_list":["post-78098","page","type-page","status-publish","hentry"],"_links":{"self":[{"href":"https:\/\/mavideniz.com.tr\/pt-pt\/wp-json\/wp\/v2\/pages\/78098","targetHints":{"allow":["GET"]}}],"collection":[{"href":"https:\/\/mavideniz.com.tr\/pt-pt\/wp-json\/wp\/v2\/pages"}],"about":[{"href":"https:\/\/mavideniz.com.tr\/pt-pt\/wp-json\/wp\/v2\/types\/page"}],"author":[{"embeddable":true,"href":"https:\/\/mavideniz.com.tr\/pt-pt\/wp-json\/wp\/v2\/users\/1"}],"replies":[{"embeddable":true,"href":"https:\/\/mavideniz.com.tr\/pt-pt\/wp-json\/wp\/v2\/comments?post=78098"}],"version-history":[{"count":0,"href":"https:\/\/mavideniz.com.tr\/pt-pt\/wp-json\/wp\/v2\/pages\/78098\/revisions"}],"up":[{"embeddable":true,"href":"https:\/\/mavideniz.com.tr\/pt-pt\/wp-json\/wp\/v2\/pages\/78095"}],"wp:attachment":[{"href":"https:\/\/mavideniz.com.tr\/pt-pt\/wp-json\/wp\/v2\/media?parent=78098"}],"curies":[{"name":"wp","href":"https:\/\/api.w.org\/{rel}","templated":true}]}}