{"id":78099,"date":"2025-05-03T21:51:38","date_gmt":"2025-05-03T21:51:38","guid":{"rendered":"https:\/\/mavideniz.com.tr\/?page_id=78099"},"modified":"2025-10-05T00:07:20","modified_gmt":"2025-10-05T00:07:20","slug":"trailer-de-resposta-a-derramamentos","status":"publish","type":"page","link":"https:\/\/mavideniz.com.tr\/pt-pt\/produtos-industriais\/recipiente-de-resposta-a-derramamento-trailer\/trailer-de-resposta-a-derramamentos\/","title":{"rendered":"Trailer de Resposta a Derramamentos"},"content":{"rendered":"\n<p>Reboque de resposta a derramamentos projetado para conten\u00e7\u00e3o r\u00e1pida de derramamentos e vazamentos ao redor do local. O reboque de resposta a derrames consiste em equipamentos que podem ser utilizados para controlar derrames de repara\u00e7\u00e3o, resposta a emerg\u00eancias, repara\u00e7\u00e3o ambiental, consolida\u00e7\u00e3o\/elimina\u00e7\u00e3o de res\u00edduos, limpeza de tanques e outros servi\u00e7os de tanques, limpeza industrial de linhas de manuten\u00e7\u00e3o, e tamb\u00e9m \u00e9 adequado para opera\u00e7\u00f5es de terra, \u00e1guas interiores, \u00e1guas costeiras, portos ou vazamentos de portos.<\/p>\n<p>O Spill Response Trailer pode ser aberto, coberto por lona ou totalmente fechado, e unidades Custom Trailer s\u00e3o poss\u00edveis. Os trailers de resposta a derramamento s\u00e3o personalizados para se adequar ao seu aplicativo, local e ambiente.<\/p>\n<p><strong>Spill Response Trailer pode equipar com:<\/strong><\/p>\n<ul>\n<li>Equipamento para transfer\u00eancia e bombagem de produtos qu\u00edmicos<\/li>\n<li>AbSorvente<\/li>\n<li>Escumadeira a \u00f3leo<\/li>\n<li>Hazmat<\/li>\n<li>Mangueira<\/li>\n<li>Bomba<\/li>\n<li>Tanque de armazenamento de derramamento<\/li>\n<li>Equipamento de monitoriza\u00e7\u00e3o do ar<\/li>\n<li>Equipamento de descontamina\u00e7\u00e3o<\/li>\n<li>Contentores para a recolha de res\u00edduos<\/li>\n<li>Materiais para tampar, aplicar remendo e tampar recipientes com fugas<\/li>\n<li>Materiais para neutraliza\u00e7\u00e3o ou absor\u00e7\u00e3o de derrames<\/li>\n<li>Conten\u00e7\u00e3o Boom, \u00e2ncora, acess\u00f3rios da lan\u00e7a<\/li>\n<li>Equipamento de prote\u00e7\u00e3o individual (EPI)<\/li>\n<li>Kit de primeiros socorros<\/li>\n<li>Pacote de energia<\/li>\n<li>Sistema Dispersante<\/li>\n<li>Sistema de v\u00e1cuo<\/li>\n<li>Incinerador<\/li>\n<li>Sistema de ilumina\u00e7\u00e3o exterior<\/li>\n<\/ul>\n","protected":false},"excerpt":{"rendered":"<p>Reboque de resposta a derramamentos projetado para conten\u00e7\u00e3o r\u00e1pida de derramamentos e vazamentos ao redor do local. O reboque de [&hellip;]<\/p>\n","protected":false},"author":1,"featured_media":0,"parent":78095,"menu_order":0,"comment_status":"closed","ping_status":"closed","template":"","meta":{"site-sidebar-layout":"default","site-content-layout":"","ast-site-content-layout":"default","site-content-style":"default","site-sidebar-style":"default","ast-global-header-display":"","ast-banner-title-visibility":"","ast-main-header-display":"","ast-hfb-above-header-display":"","ast-hfb-below-header-display":"","ast-hfb-mobile-header-display":"","site-post-title":"","ast-breadcrumbs-content":"","ast-featured-img":"","footer-sml-layout":"","ast-disable-related-posts":"","theme-transparent-header-meta":"","adv-header-id-meta":"","stick-header-meta":"","header-above-stick-meta":"","header-main-stick-meta":"","header-below-stick-meta":"","astra-migrate-meta-layouts":"default","ast-page-background-enabled":"default","ast-page-background-meta":{"desktop":{"background-color":"var(--ast-global-color-5)","background-image":"","background-repeat":"repeat","background-position":"center center","background-size":"auto","background-attachment":"scroll","background-type":"","background-media":"","overlay-type":"","overlay-color":"","overlay-opacity":"","overlay-gradient":""},"tablet":{"background-color":"","background-image":"","background-repeat":"repeat","background-position":"center center","background-size":"auto","background-attachment":"scroll","background-type":"","background-media":"","overlay-type":"","overlay-color":"","overlay-opacity":"","overlay-gradient":""},"mobile":{"background-color":"","background-image":"","background-repeat":"repeat","background-position":"center center","background-size":"auto","background-attachment":"scroll","background-type":"","background-media":"","overlay-type":"","overlay-color":"","overlay-opacity":"","overlay-gradient":""}},"ast-content-background-meta":{"desktop":{"background-color":"var(--ast-global-color-4)","background-image":"","background-repeat":"repeat","background-position":"center center","background-size":"auto","background-attachment":"scroll","background-type":"","background-media":"","overlay-type":"","overlay-color":"","overlay-opacity":"","overlay-gradient":""},"tablet":{"background-color":"var(--ast-global-color-4)","background-image":"","background-repeat":"repeat","background-position":"center center","background-size":"auto","background-attachment":"scroll","background-type":"","background-media":"","overlay-type":"","overlay-color":"","overlay-opacity":"","overlay-gradient":""},"mobile":{"background-color":"var(--ast-global-color-4)","background-image":"","background-repeat":"repeat","background-position":"center center","background-size":"auto","background-attachment":"scroll","background-type":"","background-media":"","overlay-type":"","overlay-color":"","overlay-opacity":"","overlay-gradient":""}},"footnotes":""},"class_list":["post-78099","page","type-page","status-publish","hentry"],"_links":{"self":[{"href":"https:\/\/mavideniz.com.tr\/pt-pt\/wp-json\/wp\/v2\/pages\/78099","targetHints":{"allow":["GET"]}}],"collection":[{"href":"https:\/\/mavideniz.com.tr\/pt-pt\/wp-json\/wp\/v2\/pages"}],"about":[{"href":"https:\/\/mavideniz.com.tr\/pt-pt\/wp-json\/wp\/v2\/types\/page"}],"author":[{"embeddable":true,"href":"https:\/\/mavideniz.com.tr\/pt-pt\/wp-json\/wp\/v2\/users\/1"}],"replies":[{"embeddable":true,"href":"https:\/\/mavideniz.com.tr\/pt-pt\/wp-json\/wp\/v2\/comments?post=78099"}],"version-history":[{"count":0,"href":"https:\/\/mavideniz.com.tr\/pt-pt\/wp-json\/wp\/v2\/pages\/78099\/revisions"}],"up":[{"embeddable":true,"href":"https:\/\/mavideniz.com.tr\/pt-pt\/wp-json\/wp\/v2\/pages\/78095"}],"wp:attachment":[{"href":"https:\/\/mavideniz.com.tr\/pt-pt\/wp-json\/wp\/v2\/media?parent=78099"}],"curies":[{"name":"wp","href":"https:\/\/api.w.org\/{rel}","templated":true}]}}