{"id":78105,"date":"2025-05-03T21:54:15","date_gmt":"2025-05-03T21:54:15","guid":{"rendered":"https:\/\/mavideniz.com.tr\/?page_id=78105"},"modified":"2025-10-05T00:07:20","modified_gmt":"2025-10-05T00:07:20","slug":"sistema-de-pulverizacao-aerotransportada","status":"publish","type":"page","link":"https:\/\/mavideniz.com.tr\/pt-pt\/produtos-industriais\/sistema-de-pulverizacao-maritimo-agricultura\/sistema-de-pulverizacao-aerotransportada\/","title":{"rendered":"Sistema de Pulveriza\u00e7\u00e3o Aerotransportada"},"content":{"rendered":"\n<p>A MAVI DENIZ projetou um Sistema de Spray A\u00e9reo para controlar mosquitos, gafanhotos e gafanhotos e tratar inc\u00eandios florestais com \u00e1gua ou produtos qu\u00edmicos extintores ou a aplica\u00e7\u00e3o de fertilizantes l\u00edquidos e pesticidas, culturas, vegeta\u00e7\u00e3o terrestre e tamb\u00e9m opera\u00e7\u00f5es de derramamento de \u00f3leo em situa\u00e7\u00f5es confinadas ou inacess\u00edveis.<\/p>\n<p>A principal vantagem \u00e9 que a velocidade \u00e9 um fator essencial para a opera\u00e7\u00e3o, especialmente em florestas e grandes \u00e1reas de cultivo, e o acesso ao campo \u00e9 fundamental para um tratamento bem-sucedido.<\/p>\n<p>Opera\u00e7\u00f5es de Derrame de Petr\u00f3leo oferecidas pela pulveriza\u00e7\u00e3o a\u00e9rea de dispersantes (com controle razo\u00e1vel e resultados de avalia\u00e7\u00e3o s\u00e3o a resposta r\u00e1pida, altas taxas de tratamento, uso \u00f3timo do produto, independentemente do estado do mar), muitos sistemas de pulveriza\u00e7\u00e3o desenvolvidos para uso com aeronaves de asa fixa e rotativa ( helic\u00f3ptero ou avi\u00e3o ).<\/p>\n<p>As unidades existentes podem ser do tipo utilizado pela aeronave de conveni\u00eancia ou instaladas de forma permanente. Sistemas de pulveriza\u00e7\u00e3o padr\u00e3o de aeronaves de pulveriza\u00e7\u00e3o de culturas, amplamente utilizados na agricultura, podem ser adaptados para dispersantes de pulveriza\u00e7\u00e3o.<\/p>\n<p>A pulveriza\u00e7\u00e3o a\u00e9rea \u00e9 apenas uma parte da solu\u00e7\u00e3o para controle de mosquitos, mas \u00e9 o \u00fanico m\u00e9todo que pode reduzir rapidamente o n\u00famero de espalhamentos em uma grande \u00e1rea. Produtos qu\u00edmicos usados n\u00e3o s\u00e3o t\u00f3xicos para as pessoas. N\u00e3o se demonstrou que isso deixasse as pessoas doentes. Quando usado conforme indicado, pode ser aplicado com seguran\u00e7a na \u00e1gua parada, onde os mosquitos p\u00f5em ovos sem causar danos \u00e0s colheitas de alimentos ou ao abastecimento de \u00e1gua.<\/p>\n<p>As opera\u00e7\u00f5es de pulveriza\u00e7\u00e3o contra pragas, gafanhotos e gafanhotos migrat\u00f3rios t\u00eam usado uma variedade de pesticidas tradicionais. Quando os produtos qu\u00edmicos s\u00e3o utilizados corretamente na pulveriza\u00e7\u00e3o a\u00e9rea, a pulveriza\u00e7\u00e3o proporciona uma morte r\u00e1pida. A pulveriza\u00e7\u00e3o a\u00e9rea n\u00e3o causa danos a longo prazo ao ambiente, \u00e0s aves, a outros animais ou ao ecossistema local, mesmo que a pulveriza\u00e7\u00e3o ocorra mais de uma vez.<\/p>\n<p>Apenas dispersantes concentrados s\u00e3o adequados para uso com sistemas de pulveriza\u00e7\u00e3o a\u00e9rea.<\/p>\n<p>Os sistemas de pulveriza\u00e7\u00e3o de dispersante de aeronaves s\u00e3o projetados e certificados para tipos e modelos espec\u00edficos de aeronaves.<\/p>\n<ol>\n<li><strong> Sistema de pulveriza\u00e7\u00e3o de avi\u00e3o<\/strong><\/li>\n<\/ol>\n<p><strong>Os sistemas fixos <\/strong>para aeronaves multimotor convertidas incluem o armazenamento de dispersantes, uma bomba, incluindo bra\u00e7os de pulveriza\u00e7\u00e3o de pacotes de pot\u00eancia com bicos, e um sistema de controlo \u00e0 dist\u00e2ncia.<\/p>\n<p>Como alternativa, alguns sistemas independentes (com o tanque, bomba e boias de pulveriza\u00e7\u00e3o) foram desenvolvidos para prender sob a fuselagem como um pod destac\u00e1vel (i.e., em vez do ba\u00fa de bagagem); esses sistemas permitem converter rapidamente planos regulares em aeronaves de pulveriza\u00e7\u00e3o.<\/p>\n<p><strong>Sistemas de pulveriza\u00e7\u00e3o POD <\/strong>para aeronaves pequenas; sistema de pulveriza\u00e7\u00e3o de cont\u00eainer pr\u00f3prio pode ser montado sob um pequeno plano como um POD (porta-malas de bagagem). \u00c9 r\u00e1pido e f\u00e1cil de converter em um avi\u00e3o de pulveriza\u00e7\u00e3o a partir de uma aeronave convencional, geralmente dedicado ao bom ou transporte de passageiros. A capacidade desses sistemas \u00e9 de cerca de 1,5 t de dispersante.<\/p>\n<p><strong>Sistemas de pulveriza\u00e7\u00e3o a\u00e9rea aut\u00f4nomos<\/strong> s\u00e3o constru\u00eddos para atender grandes avi\u00f5es de transporte com portas de carga traseiras para permanecer abertos durante o voo. As unidades contentorizadas compreendem um tanque, um pacote de energia, uma bomba e bra\u00e7os de pulveriza\u00e7\u00e3o retr\u00e1teis e carregam rapidamente no por\u00e3o de carga.<\/p>\n<ol start=\"2\">\n<li><strong> Sistema De Pulveriza\u00e7\u00e3o Por Helic\u00f3ptero<\/strong><\/li>\n<\/ol>\n<p><strong>Os sistemas fixos de pulveriza\u00e7\u00e3o<\/strong> para helic\u00f3pteros s\u00e3o montados sob a fuselagem e s\u00e3o constitu\u00eddos pelas mesmas partes que as aeronaves de asa fixa incorporadas na unidade.<\/p>\n<p><strong>Os baldes de pulveriza\u00e7\u00e3o de helic\u00f3pteros<\/strong> podem usar qualquer helic\u00f3ptero com um gancho de carga para cargas subsoltas. As unidades s\u00e3o aut\u00f4nomas (tanque, bomba, pacote de energia, bra\u00e7os de pulveriza\u00e7\u00e3o) e podem ser remotamente<\/p>\n<p>controladas a partir da cabina de pilotagem.<\/p>\n<p>A aplica\u00e7\u00e3o dos dispersantes a\u00e9reos depende da visibilidade sobre a \u00e1rea de manchas e depende da energia das ondas para misturar dispersantes com \u00f3leo derramado.<\/p>\n<p>A empresa tamb\u00e9m projetar\u00e1 e certificar\u00e1 o pedido de equipamentos especializados com design CAD interno.<\/p>\n<p>[id de wptm=87]<\/p>\n","protected":false},"excerpt":{"rendered":"<p>A MAVI DENIZ projetou um Sistema de Spray A\u00e9reo para controlar mosquitos, gafanhotos e gafanhotos e tratar inc\u00eandios florestais com [&hellip;]<\/p>\n","protected":false},"author":1,"featured_media":0,"parent":78103,"menu_order":0,"comment_status":"closed","ping_status":"closed","template":"","meta":{"site-sidebar-layout":"default","site-content-layout":"","ast-site-content-layout":"default","site-content-style":"default","site-sidebar-style":"default","ast-global-header-display":"","ast-banner-title-visibility":"","ast-main-header-display":"","ast-hfb-above-header-display":"","ast-hfb-below-header-display":"","ast-hfb-mobile-header-display":"","site-post-title":"","ast-breadcrumbs-content":"","ast-featured-img":"","footer-sml-layout":"","ast-disable-related-posts":"","theme-transparent-header-meta":"","adv-header-id-meta":"","stick-header-meta":"","header-above-stick-meta":"","header-main-stick-meta":"","header-below-stick-meta":"","astra-migrate-meta-layouts":"default","ast-page-background-enabled":"default","ast-page-background-meta":{"desktop":{"background-color":"var(--ast-global-color-5)","background-image":"","background-repeat":"repeat","background-position":"center center","background-size":"auto","background-attachment":"scroll","background-type":"","background-media":"","overlay-type":"","overlay-color":"","overlay-opacity":"","overlay-gradient":""},"tablet":{"background-color":"","background-image":"","background-repeat":"repeat","background-position":"center center","background-size":"auto","background-attachment":"scroll","background-type":"","background-media":"","overlay-type":"","overlay-color":"","overlay-opacity":"","overlay-gradient":""},"mobile":{"background-color":"","background-image":"","background-repeat":"repeat","background-position":"center center","background-size":"auto","background-attachment":"scroll","background-type":"","background-media":"","overlay-type":"","overlay-color":"","overlay-opacity":"","overlay-gradient":""}},"ast-content-background-meta":{"desktop":{"background-color":"var(--ast-global-color-4)","background-image":"","background-repeat":"repeat","background-position":"center center","background-size":"auto","background-attachment":"scroll","background-type":"","background-media":"","overlay-type":"","overlay-color":"","overlay-opacity":"","overlay-gradient":""},"tablet":{"background-color":"var(--ast-global-color-4)","background-image":"","background-repeat":"repeat","background-position":"center center","background-size":"auto","background-attachment":"scroll","background-type":"","background-media":"","overlay-type":"","overlay-color":"","overlay-opacity":"","overlay-gradient":""},"mobile":{"background-color":"var(--ast-global-color-4)","background-image":"","background-repeat":"repeat","background-position":"center center","background-size":"auto","background-attachment":"scroll","background-type":"","background-media":"","overlay-type":"","overlay-color":"","overlay-opacity":"","overlay-gradient":""}},"footnotes":""},"class_list":["post-78105","page","type-page","status-publish","hentry"],"_links":{"self":[{"href":"https:\/\/mavideniz.com.tr\/pt-pt\/wp-json\/wp\/v2\/pages\/78105","targetHints":{"allow":["GET"]}}],"collection":[{"href":"https:\/\/mavideniz.com.tr\/pt-pt\/wp-json\/wp\/v2\/pages"}],"about":[{"href":"https:\/\/mavideniz.com.tr\/pt-pt\/wp-json\/wp\/v2\/types\/page"}],"author":[{"embeddable":true,"href":"https:\/\/mavideniz.com.tr\/pt-pt\/wp-json\/wp\/v2\/users\/1"}],"replies":[{"embeddable":true,"href":"https:\/\/mavideniz.com.tr\/pt-pt\/wp-json\/wp\/v2\/comments?post=78105"}],"version-history":[{"count":0,"href":"https:\/\/mavideniz.com.tr\/pt-pt\/wp-json\/wp\/v2\/pages\/78105\/revisions"}],"up":[{"embeddable":true,"href":"https:\/\/mavideniz.com.tr\/pt-pt\/wp-json\/wp\/v2\/pages\/78103"}],"wp:attachment":[{"href":"https:\/\/mavideniz.com.tr\/pt-pt\/wp-json\/wp\/v2\/media?parent=78105"}],"curies":[{"name":"wp","href":"https:\/\/api.w.org\/{rel}","templated":true}]}}