{"id":78106,"date":"2025-05-03T21:54:18","date_gmt":"2025-05-03T21:54:18","guid":{"rendered":"https:\/\/mavideniz.com.tr\/?page_id=78106"},"modified":"2025-10-05T00:07:20","modified_gmt":"2025-10-05T00:07:20","slug":"sistema-de-pulverizacao-de-dispersante-marinho","status":"publish","type":"page","link":"https:\/\/mavideniz.com.tr\/pt-pt\/produtos-industriais\/sistema-de-pulverizacao-maritimo-agricultura\/sistema-de-pulverizacao-de-dispersante-marinho\/","title":{"rendered":"Sistema de Pulveriza\u00e7\u00e3o de Dispersante Marinho"},"content":{"rendered":"\n<p>A MAVI DENIZ fabrica e projeta diferentes sistemas de pulveriza\u00e7\u00e3o de dispers\u00e3o dispon\u00edveis, que v\u00e3o desde equipamentos grandes e montados permanentemente para rebocadores at\u00e9 sistemas port\u00e1teis de pulveriza\u00e7\u00e3o de dispers\u00e3o costeira para pequenas embarca\u00e7\u00f5es.<\/p>\n<p>Sistema fixo permanente de pulveriza\u00e7\u00e3o de dispers\u00e3o el\u00e9trica instalado ou sistema port\u00e1til de pulveriza\u00e7\u00e3o diesel conduzido um sistema de pulveriza\u00e7\u00e3o de dispers\u00e3o para aplica\u00e7\u00e3o de dispers\u00e3o de \u00f3leo de navios, barcos, navios de recupera\u00e7\u00e3o de petr\u00f3leo, rebocadores, navios de abastecimento offshore outros offshore.<\/p>\n<p><strong>Sistemas para pulveriza\u00e7\u00e3o de concentrado pr\u00e9-dilu\u00eddo em \u00e1gua do mar.<\/strong><\/p>\n<p>A aplica\u00e7\u00e3o do dispersante pr\u00e9-dilu\u00eddo na \u00e1gua do mar foi inventada para aplicar o dispersante concentrado (baixa dosagem de dispersante\/\u00f3leo) usando o equipamento desenvolvido inicialmente para aplicar dispersantes convencionais (alta dosagem de dispersante\/\u00f3leo).<\/p>\n<p>Com efeito, a dilui\u00e7\u00e3o permite que um aumento do caudal seja pulverizado e pulverizado com o mesmo equipamento (grandes bicos de pulveriza\u00e7\u00e3o). Esses sistemas s\u00e3o projetados para pr\u00e9-diluir o dispersante, geralmente cerca de 10% dispersante em \u00e1gua do mar.<\/p>\n<p>Este objetivo pode ser alcan\u00e7ado:<\/p>\n<p><strong>Os sistemas educadores<\/strong> s\u00e3o projetados para trabalhar com o sistema de combate a inc\u00eandios embutido no navio. O educador conectado ao lado de descarga da bomba causa uma press\u00e3o negativa no ponto de entrada de dispersante, sugando-o para uma linha de descarga. O dispersante dilu\u00eddo \u00e9 aplicado por um monitor de inc\u00eandio ou atrav\u00e9s de agulhetas montadas em bra\u00e7os pulverizadores ligados ao lado do navio.<\/p>\n<p><strong>Os sistemas de inje\u00e7\u00e3o<\/strong> consistem em duas bombas: uma para \u00e1gua e outra, semelhante \u00e0s bombas de alimenta\u00e7\u00e3o qu\u00edmicas com caudais vari\u00e1veis, para o dispersante. O dispersante foi aplicado atrav\u00e9s de bicos montados em bra\u00e7os pulverizadores ligados ao lado do navio. Existem projetos fixos e port\u00e1teis, preferencialmente instalados na proa da embarca\u00e7\u00e3o para beneficiar da energia de mistura da onda proa.<\/p>\n<p><strong>Sistemas para pulveriza\u00e7\u00e3o de dispersante puro<\/strong><\/p>\n<p>Os m\u00e9todos de pulveriza\u00e7\u00e3o de concentrados limpos s\u00e3o concebidos explicitamente para a aplica\u00e7\u00e3o de dispersante concentrado n\u00e3o dilu\u00eddo.<\/p>\n<p>Estas unidades s\u00e3o normalmente montadas em arco, t\u00eam uma bomba com uma taxa de fluxo vari\u00e1vel, e o dispersante tamb\u00e9m descarrega atrav\u00e9s de bicos montados em bra\u00e7os de pulveriza\u00e7\u00e3o. Estes s\u00e3o frequentemente mais longos do que os componentes montados na popa, com uma maior taxa de encontro do \u00f3leo. A energia de mistura \u00e9 fornecida pela onda de arco.<\/p>\n<p>Algumas unidades est\u00e3o equipadas com v\u00e1rios conjuntos de pulveriza\u00e7\u00e3o para aumentar a faixa de vaz\u00e3o do dispersante. Operar um ou v\u00e1rios conjuntos de pulveriza\u00e7\u00e3o pode ajustar a taxa de fluxo para lidar com diferentes situa\u00e7\u00f5es ( velocidade do navio, espessura do \u00f3leo ).<\/p>\n<p>Podem ser utilizados diferentes tipos de navios para pulverizar dispersantes e, para al\u00e9m de navios especialmente constru\u00eddos para combater a polui\u00e7\u00e3o; estes incluem rebocadores, navios auxiliares, arrast\u00f5es ou pequenos navios de pesca.<\/p>\n<p>A necessidade de operar a baixa velocidade, mantendo a manobrabilidade necess\u00e1ria, pode ser um fator limitante na sele\u00e7\u00e3o de embarca\u00e7\u00f5es. Os recipientes adequados devem tamb\u00e9m dispor de espa\u00e7o de armazenagem suficiente para os dispersantes.<\/p>\n<p>Podemos projetar o Sistema de Spray Dispersante para suas necessidades.<\/p>\n<p><strong>Opcional<\/strong><\/p>\n<ul>\n<li>Cont\u00eainer de Armazenamento<\/li>\n<li>Medidor de Fluxo<\/li>\n<li>Dispositivo de downpipe do bocal<\/li>\n<li>Reservat\u00f3rio de dispersante<\/li>\n<li>Dispersante de \u00f3leo<\/li>\n<li>Bomba Qu\u00edmica<\/li>\n<li>Pulverizar Lan\u00e7a da M\u00e3o<\/li>\n<li>Medidor de caudal dilu\u00eddo<\/li>\n<li>Bra\u00e7os De Pulveriza\u00e7\u00e3o Montados No Quadro<\/li>\n<li>Kits de reposi\u00e7\u00e3o<\/li>\n<li>Quadro com Rodas<\/li>\n<\/ul>\n<p>[id de wptm=88]<\/p>\n","protected":false},"excerpt":{"rendered":"<p>A MAVI DENIZ fabrica e projeta diferentes sistemas de pulveriza\u00e7\u00e3o de dispers\u00e3o dispon\u00edveis, que v\u00e3o desde equipamentos grandes e montados [&hellip;]<\/p>\n","protected":false},"author":1,"featured_media":0,"parent":78103,"menu_order":0,"comment_status":"closed","ping_status":"closed","template":"","meta":{"site-sidebar-layout":"default","site-content-layout":"","ast-site-content-layout":"default","site-content-style":"default","site-sidebar-style":"default","ast-global-header-display":"","ast-banner-title-visibility":"","ast-main-header-display":"","ast-hfb-above-header-display":"","ast-hfb-below-header-display":"","ast-hfb-mobile-header-display":"","site-post-title":"","ast-breadcrumbs-content":"","ast-featured-img":"","footer-sml-layout":"","ast-disable-related-posts":"","theme-transparent-header-meta":"","adv-header-id-meta":"","stick-header-meta":"","header-above-stick-meta":"","header-main-stick-meta":"","header-below-stick-meta":"","astra-migrate-meta-layouts":"default","ast-page-background-enabled":"default","ast-page-background-meta":{"desktop":{"background-color":"var(--ast-global-color-5)","background-image":"","background-repeat":"repeat","background-position":"center center","background-size":"auto","background-attachment":"scroll","background-type":"","background-media":"","overlay-type":"","overlay-color":"","overlay-opacity":"","overlay-gradient":""},"tablet":{"background-color":"","background-image":"","background-repeat":"repeat","background-position":"center center","background-size":"auto","background-attachment":"scroll","background-type":"","background-media":"","overlay-type":"","overlay-color":"","overlay-opacity":"","overlay-gradient":""},"mobile":{"background-color":"","background-image":"","background-repeat":"repeat","background-position":"center center","background-size":"auto","background-attachment":"scroll","background-type":"","background-media":"","overlay-type":"","overlay-color":"","overlay-opacity":"","overlay-gradient":""}},"ast-content-background-meta":{"desktop":{"background-color":"var(--ast-global-color-4)","background-image":"","background-repeat":"repeat","background-position":"center center","background-size":"auto","background-attachment":"scroll","background-type":"","background-media":"","overlay-type":"","overlay-color":"","overlay-opacity":"","overlay-gradient":""},"tablet":{"background-color":"var(--ast-global-color-4)","background-image":"","background-repeat":"repeat","background-position":"center center","background-size":"auto","background-attachment":"scroll","background-type":"","background-media":"","overlay-type":"","overlay-color":"","overlay-opacity":"","overlay-gradient":""},"mobile":{"background-color":"var(--ast-global-color-4)","background-image":"","background-repeat":"repeat","background-position":"center center","background-size":"auto","background-attachment":"scroll","background-type":"","background-media":"","overlay-type":"","overlay-color":"","overlay-opacity":"","overlay-gradient":""}},"footnotes":""},"class_list":["post-78106","page","type-page","status-publish","hentry"],"_links":{"self":[{"href":"https:\/\/mavideniz.com.tr\/pt-pt\/wp-json\/wp\/v2\/pages\/78106","targetHints":{"allow":["GET"]}}],"collection":[{"href":"https:\/\/mavideniz.com.tr\/pt-pt\/wp-json\/wp\/v2\/pages"}],"about":[{"href":"https:\/\/mavideniz.com.tr\/pt-pt\/wp-json\/wp\/v2\/types\/page"}],"author":[{"embeddable":true,"href":"https:\/\/mavideniz.com.tr\/pt-pt\/wp-json\/wp\/v2\/users\/1"}],"replies":[{"embeddable":true,"href":"https:\/\/mavideniz.com.tr\/pt-pt\/wp-json\/wp\/v2\/comments?post=78106"}],"version-history":[{"count":0,"href":"https:\/\/mavideniz.com.tr\/pt-pt\/wp-json\/wp\/v2\/pages\/78106\/revisions"}],"up":[{"embeddable":true,"href":"https:\/\/mavideniz.com.tr\/pt-pt\/wp-json\/wp\/v2\/pages\/78103"}],"wp:attachment":[{"href":"https:\/\/mavideniz.com.tr\/pt-pt\/wp-json\/wp\/v2\/media?parent=78106"}],"curies":[{"name":"wp","href":"https:\/\/api.w.org\/{rel}","templated":true}]}}