{"id":78107,"date":"2025-05-03T21:53:39","date_gmt":"2025-05-03T21:53:39","guid":{"rendered":"https:\/\/mavideniz.com.tr\/?page_id=78107"},"modified":"2025-10-05T00:07:20","modified_gmt":"2025-10-05T00:07:20","slug":"sistema-de-pulverizacao-portatil-pulverizador-trolley-pulverizador-backpack","status":"publish","type":"page","link":"https:\/\/mavideniz.com.tr\/pt-pt\/produtos-industriais\/sistema-de-pulverizacao-maritimo-agricultura\/sistema-de-pulverizacao-portatil-pulverizador-trolley-pulverizador-backpack\/","title":{"rendered":"Sistema de Pulveriza\u00e7\u00e3o Port\u00e1til &#8211; Pulverizador Trolley + Pulverizador Backpack"},"content":{"rendered":"\n<p>Trolley Spray + Backpack Spray s\u00e3o sistemas de pulveriza\u00e7\u00e3o port\u00e1teis projetados para fornecer excelente cobertura de pulveriza\u00e7\u00e3o, leve, compacto e opera\u00e7\u00f5es de implanta\u00e7\u00e3o r\u00e1pida.<\/p>\n<p>Uma mochila Spray pode carregar nas costas para pulverizar produtos qu\u00edmicos em locais inacess\u00edveis, como praias, costas rochosas e paredes do porto. O pulverizador de mochila \u00e9 uma unidade de aplica\u00e7\u00e3o qu\u00edmica econ\u00f4mica projetada para aplicar pequenas quantidades de dispersante durante os est\u00e1gios finais de limpeza de derramamento de \u00f3leo.<\/p>\n<p>O pulverizador de carrinho para servi\u00e7o pesado equipado com rodas de carrinho e uma al\u00e7a ajust\u00e1vel torna-o perfeito para uso quando voc\u00ea n\u00e3o pode ou n\u00e3o est\u00e1 disposto a transportar ou levantar cargas pesadas. O carrinho \u00e9 altamente manobr\u00e1vel e f\u00e1cil de girar em torno da \u00e1rea de opera\u00e7\u00e3o. Pulverizadores de troleicarro permitem pulverizar produtos qu\u00edmicos em locais inacess\u00edveis, como praias, costas rochosas e paredes do porto \u2014 Pulverizador de mochila.<\/p>\n<p>O pulverizador de mochila e pulverizador de carrinho \u00e9 uma unidade de aplica\u00e7\u00e3o qu\u00edmica econ\u00f4mica projetada para aplicar pequenos dispersantes grandes durante as fases finais das opera\u00e7\u00f5es de limpeza de derramamento de \u00f3leo.<\/p>\n<p>[id de wptm=89]<\/p>\n","protected":false},"excerpt":{"rendered":"<p>Trolley Spray + Backpack Spray s\u00e3o sistemas de pulveriza\u00e7\u00e3o port\u00e1teis projetados para fornecer excelente cobertura de pulveriza\u00e7\u00e3o, leve, compacto e [&hellip;]<\/p>\n","protected":false},"author":1,"featured_media":0,"parent":78103,"menu_order":0,"comment_status":"closed","ping_status":"closed","template":"","meta":{"site-sidebar-layout":"default","site-content-layout":"","ast-site-content-layout":"default","site-content-style":"default","site-sidebar-style":"default","ast-global-header-display":"","ast-banner-title-visibility":"","ast-main-header-display":"","ast-hfb-above-header-display":"","ast-hfb-below-header-display":"","ast-hfb-mobile-header-display":"","site-post-title":"","ast-breadcrumbs-content":"","ast-featured-img":"","footer-sml-layout":"","ast-disable-related-posts":"","theme-transparent-header-meta":"","adv-header-id-meta":"","stick-header-meta":"","header-above-stick-meta":"","header-main-stick-meta":"","header-below-stick-meta":"","astra-migrate-meta-layouts":"default","ast-page-background-enabled":"default","ast-page-background-meta":{"desktop":{"background-color":"var(--ast-global-color-5)","background-image":"","background-repeat":"repeat","background-position":"center center","background-size":"auto","background-attachment":"scroll","background-type":"","background-media":"","overlay-type":"","overlay-color":"","overlay-opacity":"","overlay-gradient":""},"tablet":{"background-color":"","background-image":"","background-repeat":"repeat","background-position":"center center","background-size":"auto","background-attachment":"scroll","background-type":"","background-media":"","overlay-type":"","overlay-color":"","overlay-opacity":"","overlay-gradient":""},"mobile":{"background-color":"","background-image":"","background-repeat":"repeat","background-position":"center center","background-size":"auto","background-attachment":"scroll","background-type":"","background-media":"","overlay-type":"","overlay-color":"","overlay-opacity":"","overlay-gradient":""}},"ast-content-background-meta":{"desktop":{"background-color":"var(--ast-global-color-4)","background-image":"","background-repeat":"repeat","background-position":"center center","background-size":"auto","background-attachment":"scroll","background-type":"","background-media":"","overlay-type":"","overlay-color":"","overlay-opacity":"","overlay-gradient":""},"tablet":{"background-color":"var(--ast-global-color-4)","background-image":"","background-repeat":"repeat","background-position":"center center","background-size":"auto","background-attachment":"scroll","background-type":"","background-media":"","overlay-type":"","overlay-color":"","overlay-opacity":"","overlay-gradient":""},"mobile":{"background-color":"var(--ast-global-color-4)","background-image":"","background-repeat":"repeat","background-position":"center center","background-size":"auto","background-attachment":"scroll","background-type":"","background-media":"","overlay-type":"","overlay-color":"","overlay-opacity":"","overlay-gradient":""}},"footnotes":""},"class_list":["post-78107","page","type-page","status-publish","hentry"],"_links":{"self":[{"href":"https:\/\/mavideniz.com.tr\/pt-pt\/wp-json\/wp\/v2\/pages\/78107","targetHints":{"allow":["GET"]}}],"collection":[{"href":"https:\/\/mavideniz.com.tr\/pt-pt\/wp-json\/wp\/v2\/pages"}],"about":[{"href":"https:\/\/mavideniz.com.tr\/pt-pt\/wp-json\/wp\/v2\/types\/page"}],"author":[{"embeddable":true,"href":"https:\/\/mavideniz.com.tr\/pt-pt\/wp-json\/wp\/v2\/users\/1"}],"replies":[{"embeddable":true,"href":"https:\/\/mavideniz.com.tr\/pt-pt\/wp-json\/wp\/v2\/comments?post=78107"}],"version-history":[{"count":0,"href":"https:\/\/mavideniz.com.tr\/pt-pt\/wp-json\/wp\/v2\/pages\/78107\/revisions"}],"up":[{"embeddable":true,"href":"https:\/\/mavideniz.com.tr\/pt-pt\/wp-json\/wp\/v2\/pages\/78103"}],"wp:attachment":[{"href":"https:\/\/mavideniz.com.tr\/pt-pt\/wp-json\/wp\/v2\/media?parent=78107"}],"curies":[{"name":"wp","href":"https:\/\/api.w.org\/{rel}","templated":true}]}}