{"id":78117,"date":"2025-05-03T21:57:51","date_gmt":"2025-05-03T21:57:51","guid":{"rendered":"https:\/\/mavideniz.com.tr\/?page_id=78117"},"modified":"2025-10-05T00:07:19","modified_gmt":"2025-10-05T00:07:19","slug":"tanque-de-armazenamento-de-emergencia","status":"publish","type":"page","link":"https:\/\/mavideniz.com.tr\/pt-pt\/produtos-industriais\/tanques-de-armazenamento-temporario\/tanque-de-armazenamento-de-emergencia\/","title":{"rendered":"Tanque de Armazenamento de Emerg\u00eancia"},"content":{"rendered":"\n<p>O armazenamento de emerg\u00eancia da Mavi Deniz foi projetado para l\u00edquidos recuperados para opera\u00e7\u00f5es em limpeza de polui\u00e7\u00e3o e tratamento no local, conten\u00e7\u00e3o de efluentes, armazenamento e tratamento de \u00e1gua, dessulsifica\u00e7\u00e3o de res\u00edduos oleosos, provis\u00e3o de fogo, tanque de demonstra\u00e7\u00e3o\/mistura de laborat\u00f3rio, tanque de teste para equipamentos flutuantes, separa\u00e7\u00e3o de \u00e1gua de \u00f3leo, lavagem de equipamentos, armazenamento tempor\u00e1rio de l\u00edquidos.<\/p>\n<p>Dep\u00f3sito de armazenamento de \u00f3leo de emerg\u00eancia Dispon\u00edvel em v\u00e1rios tamanhos, os tanques de armazenamento s\u00e3o leves, port\u00e1teis e rapidamente montados sem ferramentas. Os tanques de armazenamento de emerg\u00eancia de \u00f3leo s\u00e3o adequados para armazenar temporariamente muitos l\u00edquidos, incluindo \u00f3leos, produtos qu\u00edmicos e \u00e1guas residuais.<\/p>\n<p>O tanque do Mavi Deniz \u00e9 um tanque de armazenamento tempor\u00e1rio que armazena res\u00edduos de derramamento de petr\u00f3leo, materiais perigosos ou l\u00edquidos como l\u00edquidos corrosivos, \u00e1cidos, \u00f3leos e \u00e1gua. O tanque de armazenamento de emerg\u00eancia \u00e9 leve, facilmente transport\u00e1vel para o local e pode ser montado rapidamente sem ferramentas. Dispon\u00edvel em 8 tamanhos para volumes variando de 1.500 litros para conter 20.000 litros.<\/p>\n<p><strong>Recursos<\/strong><\/p>\n<ul>\n<li>Constru\u00e7\u00e3o de estrutura de tubula\u00e7\u00e3o de alum\u00ednio<\/li>\n<li>Um perfil suave facilita a limpeza.<\/li>\n<li>Padr\u00e3o de tecido de PVC de alta resist\u00eancia, outros dispon\u00edveis<\/li>\n<li>Uma pessoa pode configurar um tanque de armazenamento de emerg\u00eancia; nenhuma ferramenta \u00e9 necess\u00e1ria.<\/li>\n<li>Acess\u00f3rios opcionais, incluindo forros, pano de ch\u00e3o, coberturas, aberturas, acess\u00f3rios de drenagem, kits de reparo, pe\u00e7as de reposi\u00e7\u00e3o e uma bolsa de transporte para f\u00e1cil transporte<\/li>\n<\/ul>\n<p>[id de wptm=99]<\/p>\n","protected":false},"excerpt":{"rendered":"<p>O armazenamento de emerg\u00eancia da Mavi Deniz foi projetado para l\u00edquidos recuperados para opera\u00e7\u00f5es em limpeza de polui\u00e7\u00e3o e tratamento [&hellip;]<\/p>\n","protected":false},"author":1,"featured_media":0,"parent":78111,"menu_order":0,"comment_status":"closed","ping_status":"closed","template":"","meta":{"site-sidebar-layout":"default","site-content-layout":"","ast-site-content-layout":"default","site-content-style":"default","site-sidebar-style":"default","ast-global-header-display":"","ast-banner-title-visibility":"","ast-main-header-display":"","ast-hfb-above-header-display":"","ast-hfb-below-header-display":"","ast-hfb-mobile-header-display":"","site-post-title":"","ast-breadcrumbs-content":"","ast-featured-img":"","footer-sml-layout":"","ast-disable-related-posts":"","theme-transparent-header-meta":"","adv-header-id-meta":"","stick-header-meta":"","header-above-stick-meta":"","header-main-stick-meta":"","header-below-stick-meta":"","astra-migrate-meta-layouts":"default","ast-page-background-enabled":"default","ast-page-background-meta":{"desktop":{"background-color":"var(--ast-global-color-5)","background-image":"","background-repeat":"repeat","background-position":"center center","background-size":"auto","background-attachment":"scroll","background-type":"","background-media":"","overlay-type":"","overlay-color":"","overlay-opacity":"","overlay-gradient":""},"tablet":{"background-color":"","background-image":"","background-repeat":"repeat","background-position":"center center","background-size":"auto","background-attachment":"scroll","background-type":"","background-media":"","overlay-type":"","overlay-color":"","overlay-opacity":"","overlay-gradient":""},"mobile":{"background-color":"","background-image":"","background-repeat":"repeat","background-position":"center center","background-size":"auto","background-attachment":"scroll","background-type":"","background-media":"","overlay-type":"","overlay-color":"","overlay-opacity":"","overlay-gradient":""}},"ast-content-background-meta":{"desktop":{"background-color":"var(--ast-global-color-4)","background-image":"","background-repeat":"repeat","background-position":"center center","background-size":"auto","background-attachment":"scroll","background-type":"","background-media":"","overlay-type":"","overlay-color":"","overlay-opacity":"","overlay-gradient":""},"tablet":{"background-color":"var(--ast-global-color-4)","background-image":"","background-repeat":"repeat","background-position":"center center","background-size":"auto","background-attachment":"scroll","background-type":"","background-media":"","overlay-type":"","overlay-color":"","overlay-opacity":"","overlay-gradient":""},"mobile":{"background-color":"var(--ast-global-color-4)","background-image":"","background-repeat":"repeat","background-position":"center center","background-size":"auto","background-attachment":"scroll","background-type":"","background-media":"","overlay-type":"","overlay-color":"","overlay-opacity":"","overlay-gradient":""}},"footnotes":""},"class_list":["post-78117","page","type-page","status-publish","hentry"],"_links":{"self":[{"href":"https:\/\/mavideniz.com.tr\/pt-pt\/wp-json\/wp\/v2\/pages\/78117","targetHints":{"allow":["GET"]}}],"collection":[{"href":"https:\/\/mavideniz.com.tr\/pt-pt\/wp-json\/wp\/v2\/pages"}],"about":[{"href":"https:\/\/mavideniz.com.tr\/pt-pt\/wp-json\/wp\/v2\/types\/page"}],"author":[{"embeddable":true,"href":"https:\/\/mavideniz.com.tr\/pt-pt\/wp-json\/wp\/v2\/users\/1"}],"replies":[{"embeddable":true,"href":"https:\/\/mavideniz.com.tr\/pt-pt\/wp-json\/wp\/v2\/comments?post=78117"}],"version-history":[{"count":0,"href":"https:\/\/mavideniz.com.tr\/pt-pt\/wp-json\/wp\/v2\/pages\/78117\/revisions"}],"up":[{"embeddable":true,"href":"https:\/\/mavideniz.com.tr\/pt-pt\/wp-json\/wp\/v2\/pages\/78111"}],"wp:attachment":[{"href":"https:\/\/mavideniz.com.tr\/pt-pt\/wp-json\/wp\/v2\/media?parent=78117"}],"curies":[{"name":"wp","href":"https:\/\/api.w.org\/{rel}","templated":true}]}}