{"id":78118,"date":"2025-05-03T21:57:35","date_gmt":"2025-05-03T21:57:35","guid":{"rendered":"https:\/\/mavideniz.com.tr\/?page_id=78118"},"modified":"2025-10-05T00:07:19","modified_gmt":"2025-10-05T00:07:19","slug":"tanque-de-armazenamento-flutuante","status":"publish","type":"page","link":"https:\/\/mavideniz.com.tr\/pt-pt\/produtos-industriais\/tanques-de-armazenamento-temporario\/tanque-de-armazenamento-flutuante\/","title":{"rendered":"Tanque de Armazenamento Flutuante"},"content":{"rendered":"\n<p>O tanque de armazenamento flutuante Mavi Deniz foi projetado para armazenar e transportar temporariamente l\u00edquidos recuperados para opera\u00e7\u00f5es em recupera\u00e7\u00e3o de derramamento de petr\u00f3leo, servi\u00e7o de tubula\u00e7\u00e3o e plataforma offshore, transfer\u00eancia de l\u00edquidos a granel, armazenamento e transporte de \u00e1gua port\u00e1til, esgoto, esgoto e transporte de \u00e1guas residuais.<\/p>\n<p>Utiliza\u00e7\u00e3o para armazenamento tempor\u00e1rio de l\u00edquidos. Adequado para descontamina\u00e7\u00e3o de equipamentos, pessoal e animais.<\/p>\n<p>Um tanque de armazenamento flutuante \u00e9 ideal para decanta\u00e7\u00e3o de \u00e1gua durante as opera\u00e7\u00f5es de desnata\u00e7\u00e3o e limpeza de derramamento de \u00f3leo.<\/p>\n<p>O tanque de armazenamento flutuante reboc\u00e1vel Mavi Deniz usa um porto ou porto para armazenar temporariamente combust\u00edveis de \u00f3leo leve que um skimmer recuperou. O \u00f3leo recuperado durante as opera\u00e7\u00f5es de desnata\u00e7\u00e3o pode bombear para o tanque de armazenamento de \u00f3leo reboc\u00e1vel, que pode ent\u00e3o ser ancorado at\u00e9 que seja conveniente esvaziar ou rebocar imediatamente para um local de descarte de \u00f3leo.<\/p>\n<p>Um tanque de armazenamento flutuante Pode ser usado na terra para o armazenamento tempor\u00e1rio da terra seca ou na \u00e1gua.<\/p>\n<p>O tanque de armazenamento pode ser rebocado vazio ou cheio por barcos. Dispon\u00edvel em uma variedade de tamanhos e capacidades.<\/p>\n<p><strong>Recursos<\/strong><\/p>\n<ul>\n<li>RF Soldada a partir de tecidos revestidos de alta resist\u00eancia<\/li>\n<li>Dispon\u00edvel em tamanhos de 1 m3 a 250 m3<\/li>\n<li>Rebocados por embarca\u00e7\u00f5es, vazios ou em carga<\/li>\n<li>Totalmente flex\u00edvel para f\u00e1cil armazenamento<\/li>\n<li>Cont\u00eaineres de madeira ou alum\u00ednio est\u00e3o dispon\u00edveis<\/li>\n<li>Acess\u00f3rios opcionais, incluindo reservat\u00f3rio de armazenamento, mangueiras, bombas de ar, bombas de recupera\u00e7\u00e3o e de descarga<\/li>\n<\/ul>\n<p>[id de wptm=100]<\/p>\n","protected":false},"excerpt":{"rendered":"<p>O tanque de armazenamento flutuante Mavi Deniz foi projetado para armazenar e transportar temporariamente l\u00edquidos recuperados para opera\u00e7\u00f5es em recupera\u00e7\u00e3o [&hellip;]<\/p>\n","protected":false},"author":1,"featured_media":0,"parent":78111,"menu_order":0,"comment_status":"closed","ping_status":"closed","template":"","meta":{"site-sidebar-layout":"default","site-content-layout":"","ast-site-content-layout":"default","site-content-style":"default","site-sidebar-style":"default","ast-global-header-display":"","ast-banner-title-visibility":"","ast-main-header-display":"","ast-hfb-above-header-display":"","ast-hfb-below-header-display":"","ast-hfb-mobile-header-display":"","site-post-title":"","ast-breadcrumbs-content":"","ast-featured-img":"","footer-sml-layout":"","ast-disable-related-posts":"","theme-transparent-header-meta":"","adv-header-id-meta":"","stick-header-meta":"","header-above-stick-meta":"","header-main-stick-meta":"","header-below-stick-meta":"","astra-migrate-meta-layouts":"default","ast-page-background-enabled":"default","ast-page-background-meta":{"desktop":{"background-color":"var(--ast-global-color-5)","background-image":"","background-repeat":"repeat","background-position":"center center","background-size":"auto","background-attachment":"scroll","background-type":"","background-media":"","overlay-type":"","overlay-color":"","overlay-opacity":"","overlay-gradient":""},"tablet":{"background-color":"","background-image":"","background-repeat":"repeat","background-position":"center center","background-size":"auto","background-attachment":"scroll","background-type":"","background-media":"","overlay-type":"","overlay-color":"","overlay-opacity":"","overlay-gradient":""},"mobile":{"background-color":"","background-image":"","background-repeat":"repeat","background-position":"center center","background-size":"auto","background-attachment":"scroll","background-type":"","background-media":"","overlay-type":"","overlay-color":"","overlay-opacity":"","overlay-gradient":""}},"ast-content-background-meta":{"desktop":{"background-color":"var(--ast-global-color-4)","background-image":"","background-repeat":"repeat","background-position":"center center","background-size":"auto","background-attachment":"scroll","background-type":"","background-media":"","overlay-type":"","overlay-color":"","overlay-opacity":"","overlay-gradient":""},"tablet":{"background-color":"var(--ast-global-color-4)","background-image":"","background-repeat":"repeat","background-position":"center center","background-size":"auto","background-attachment":"scroll","background-type":"","background-media":"","overlay-type":"","overlay-color":"","overlay-opacity":"","overlay-gradient":""},"mobile":{"background-color":"var(--ast-global-color-4)","background-image":"","background-repeat":"repeat","background-position":"center center","background-size":"auto","background-attachment":"scroll","background-type":"","background-media":"","overlay-type":"","overlay-color":"","overlay-opacity":"","overlay-gradient":""}},"footnotes":""},"class_list":["post-78118","page","type-page","status-publish","hentry"],"_links":{"self":[{"href":"https:\/\/mavideniz.com.tr\/pt-pt\/wp-json\/wp\/v2\/pages\/78118","targetHints":{"allow":["GET"]}}],"collection":[{"href":"https:\/\/mavideniz.com.tr\/pt-pt\/wp-json\/wp\/v2\/pages"}],"about":[{"href":"https:\/\/mavideniz.com.tr\/pt-pt\/wp-json\/wp\/v2\/types\/page"}],"author":[{"embeddable":true,"href":"https:\/\/mavideniz.com.tr\/pt-pt\/wp-json\/wp\/v2\/users\/1"}],"replies":[{"embeddable":true,"href":"https:\/\/mavideniz.com.tr\/pt-pt\/wp-json\/wp\/v2\/comments?post=78118"}],"version-history":[{"count":0,"href":"https:\/\/mavideniz.com.tr\/pt-pt\/wp-json\/wp\/v2\/pages\/78118\/revisions"}],"up":[{"embeddable":true,"href":"https:\/\/mavideniz.com.tr\/pt-pt\/wp-json\/wp\/v2\/pages\/78111"}],"wp:attachment":[{"href":"https:\/\/mavideniz.com.tr\/pt-pt\/wp-json\/wp\/v2\/media?parent=78118"}],"curies":[{"name":"wp","href":"https:\/\/api.w.org\/{rel}","templated":true}]}}