{"id":78119,"date":"2025-05-03T21:57:58","date_gmt":"2025-05-03T21:57:58","guid":{"rendered":"https:\/\/mavideniz.com.tr\/?page_id=78119"},"modified":"2025-10-05T00:07:18","modified_gmt":"2025-10-05T00:07:18","slug":"tanque-de-travesseiro-de-armazenamento-de-liquido","status":"publish","type":"page","link":"https:\/\/mavideniz.com.tr\/pt-pt\/produtos-industriais\/tanques-de-armazenamento-temporario\/tanque-de-travesseiro-de-armazenamento-de-liquido\/","title":{"rendered":"Tanque de travesseiro de armazenamento de l\u00edquido"},"content":{"rendered":"\n<p>Mavi Deniz Pillow Tank \u00e9 projetado para acomodar armazenamento l\u00edquido port\u00e1til e n\u00e3o-port\u00e1til. O tanque de travesseiro pode usar em opera\u00e7\u00f5es de recupera\u00e7\u00e3o de derramamento de \u00f3leo, armazenamento remoto, combate a inc\u00eandios, opera\u00e7\u00f5es militares, projetos de remedia\u00e7\u00e3o, tanque de \u00e1gua pot\u00e1vel, tanques de \u00e1gua cinza, transporte l\u00edquido, tanque de \u00e1gua port\u00e1til, combust\u00edvel diesel, combust\u00edvel a jato, \u00e1gua residual, armazenamento de esgoto, distribui\u00e7\u00e3o de suco de frutas, armazenamento qu\u00edmico.<\/p>\n<p>Os tanques de travesseiro s\u00e3o fabricados com soldas de alta frequ\u00eancia. Dispon\u00edvel em v\u00e1rios tamanhos, os tanques de armazenamento s\u00e3o leves, port\u00e1teis e rapidamente montados sem ferramentas.<\/p>\n<p>Um tanque de travesseiro dobr\u00e1vel fornece armazenamento tempor\u00e1rio de l\u00edquidos, bem como armazenamento de l\u00edquidos a longo prazo.<\/p>\n<p>Nosso tanque de travesseiro \u00e9 port\u00e1til e pode ser usado para \u00e1gua pot\u00e1vel, sucos de frutas, \u00e1guas residuais, produtos qu\u00edmicos e \u00f3leos.<\/p>\n<p>O uso vers\u00e1til inclui opera\u00e7\u00f5es em terra e conveses de navios. Os tanques padr\u00e3o fabricam com tecido dur\u00e1vel que fornece luz ultravioleta, qu\u00edmica e resist\u00eancia \u00e0 abras\u00e3o.<\/p>\n<p>Tamanhos menores s\u00e3o quadrados, enquanto maiores s\u00e3o retangulares O tanque de travesseiro transport\u00e1vel \u00e9 projetado com al\u00e7as para v\u00e1rias aplica\u00e7\u00f5es de carga, incluindo caminh\u00f5es, reboques, barcos e avi\u00f5es.<\/p>\n<p>Tamanhos padr\u00e3o &#8211; de 0,5 at\u00e9 3.780 m3.<\/p>\n<p><strong>Recursos<\/strong><\/p>\n<ul>\n<li>Manuten\u00e7\u00e3o simples, longa vida \u00fatil<\/li>\n<li>Dispon\u00edvel em tecidos de uretano, borracha ou vinil<\/li>\n<li>Para configura\u00e7\u00e3o, nenhuma ferramenta \u00e9 necess\u00e1ria.<\/li>\n<li>Armazenamento l\u00edquido de grande capacidade<\/li>\n<li>Trabalho pesado<\/li>\n<li>Resist\u00eancia aos UV<\/li>\n<li>Durabilidade at\u00e9 20 anos<\/li>\n<li>Acess\u00f3rios opcionais, incluindo kits de reparo, pe\u00e7as sobressalentes e uma bolsa de transporte para f\u00e1cil transporte<\/li>\n<li>Recolh\u00edvel + armazen\u00e1vel + port\u00e1til + f\u00e1cil de implantar<\/li>\n<\/ul>\n<p>[id de wptm=101]<\/p>\n","protected":false},"excerpt":{"rendered":"<p>Mavi Deniz Pillow Tank \u00e9 projetado para acomodar armazenamento l\u00edquido port\u00e1til e n\u00e3o-port\u00e1til. O tanque de travesseiro pode usar em [&hellip;]<\/p>\n","protected":false},"author":1,"featured_media":0,"parent":78111,"menu_order":0,"comment_status":"closed","ping_status":"closed","template":"","meta":{"site-sidebar-layout":"default","site-content-layout":"","ast-site-content-layout":"default","site-content-style":"default","site-sidebar-style":"default","ast-global-header-display":"","ast-banner-title-visibility":"","ast-main-header-display":"","ast-hfb-above-header-display":"","ast-hfb-below-header-display":"","ast-hfb-mobile-header-display":"","site-post-title":"","ast-breadcrumbs-content":"","ast-featured-img":"","footer-sml-layout":"","ast-disable-related-posts":"","theme-transparent-header-meta":"","adv-header-id-meta":"","stick-header-meta":"","header-above-stick-meta":"","header-main-stick-meta":"","header-below-stick-meta":"","astra-migrate-meta-layouts":"default","ast-page-background-enabled":"default","ast-page-background-meta":{"desktop":{"background-color":"var(--ast-global-color-5)","background-image":"","background-repeat":"repeat","background-position":"center center","background-size":"auto","background-attachment":"scroll","background-type":"","background-media":"","overlay-type":"","overlay-color":"","overlay-opacity":"","overlay-gradient":""},"tablet":{"background-color":"","background-image":"","background-repeat":"repeat","background-position":"center center","background-size":"auto","background-attachment":"scroll","background-type":"","background-media":"","overlay-type":"","overlay-color":"","overlay-opacity":"","overlay-gradient":""},"mobile":{"background-color":"","background-image":"","background-repeat":"repeat","background-position":"center center","background-size":"auto","background-attachment":"scroll","background-type":"","background-media":"","overlay-type":"","overlay-color":"","overlay-opacity":"","overlay-gradient":""}},"ast-content-background-meta":{"desktop":{"background-color":"var(--ast-global-color-4)","background-image":"","background-repeat":"repeat","background-position":"center center","background-size":"auto","background-attachment":"scroll","background-type":"","background-media":"","overlay-type":"","overlay-color":"","overlay-opacity":"","overlay-gradient":""},"tablet":{"background-color":"var(--ast-global-color-4)","background-image":"","background-repeat":"repeat","background-position":"center center","background-size":"auto","background-attachment":"scroll","background-type":"","background-media":"","overlay-type":"","overlay-color":"","overlay-opacity":"","overlay-gradient":""},"mobile":{"background-color":"var(--ast-global-color-4)","background-image":"","background-repeat":"repeat","background-position":"center center","background-size":"auto","background-attachment":"scroll","background-type":"","background-media":"","overlay-type":"","overlay-color":"","overlay-opacity":"","overlay-gradient":""}},"footnotes":""},"class_list":["post-78119","page","type-page","status-publish","hentry"],"_links":{"self":[{"href":"https:\/\/mavideniz.com.tr\/pt-pt\/wp-json\/wp\/v2\/pages\/78119","targetHints":{"allow":["GET"]}}],"collection":[{"href":"https:\/\/mavideniz.com.tr\/pt-pt\/wp-json\/wp\/v2\/pages"}],"about":[{"href":"https:\/\/mavideniz.com.tr\/pt-pt\/wp-json\/wp\/v2\/types\/page"}],"author":[{"embeddable":true,"href":"https:\/\/mavideniz.com.tr\/pt-pt\/wp-json\/wp\/v2\/users\/1"}],"replies":[{"embeddable":true,"href":"https:\/\/mavideniz.com.tr\/pt-pt\/wp-json\/wp\/v2\/comments?post=78119"}],"version-history":[{"count":0,"href":"https:\/\/mavideniz.com.tr\/pt-pt\/wp-json\/wp\/v2\/pages\/78119\/revisions"}],"up":[{"embeddable":true,"href":"https:\/\/mavideniz.com.tr\/pt-pt\/wp-json\/wp\/v2\/pages\/78111"}],"wp:attachment":[{"href":"https:\/\/mavideniz.com.tr\/pt-pt\/wp-json\/wp\/v2\/media?parent=78119"}],"curies":[{"name":"wp","href":"https:\/\/api.w.org\/{rel}","templated":true}]}}