{"id":78120,"date":"2025-05-03T21:57:02","date_gmt":"2025-05-03T21:57:02","guid":{"rendered":"https:\/\/mavideniz.com.tr\/?page_id=78120"},"modified":"2025-10-05T00:07:19","modified_gmt":"2025-10-05T00:07:19","slug":"tanque-automontavel","status":"publish","type":"page","link":"https:\/\/mavideniz.com.tr\/pt-pt\/produtos-industriais\/tanques-de-armazenamento-temporario\/tanque-automontavel\/","title":{"rendered":"Tanque Automont\u00e1vel"},"content":{"rendered":"\n<p>O tanque autoerguedor da Mavi Deniz foi projetado para o armazenamento tempor\u00e1rio de l\u00edquidos recuperados para opera\u00e7\u00f5es em resposta a derramamentos, armazenamento de \u00e1gua em constru\u00e7\u00f5es e locais remotos, combate a inc\u00eandios, coleta de \u00e1gua da chuva, irriga\u00e7\u00e3o por gotejamento, separa\u00e7\u00e3o de \u00e1gua a \u00f3leo, armazenamento l\u00edquido tempor\u00e1rio de gasolina\/diesel\/ \u00f3leos comest\u00edveis\/produtos qu\u00edmicos.<\/p>\n<p>Dispon\u00edvel em v\u00e1rios tamanhos, os tanques de armazenamento s\u00e3o leves, port\u00e1teis e rapidamente montados sem ferramentas.<\/p>\n<p>Mavi Deniz Self Tank \u00e9 um tanque dobr\u00e1vel autoerguido que armazena petr\u00f3leo, \u00e1gua e outros l\u00edquidos.<\/p>\n<p>O Tanque AutoErecting est\u00e1 pronto para ser implantado a qualquer momento, como eles se mant\u00eam sem um quadro devido ao colar flutuante, que sobe como o Tanque \u00e9 preenchido. Eles incluem al\u00e7as na parte inferior, permitindo que a base do tanque seja posicionada como desejado.<\/p>\n<p>O tanque autoerguido \u00e9 feito de material flex\u00edvel e resistente ao \u00f3leo. Seu design, tecido e processo de fabrica\u00e7\u00e3o os tornam resistentes e adequados para uso intensivo.<\/p>\n<p>As cisternas de autorretifica\u00e7\u00e3o podem ser dobradas para facilitar o transporte e o armazenamento. Eles fornecem em um saco com al\u00e7as, tornando-os f\u00e1ceis de carregar e implantar. Os tamanhos padr\u00e3o est\u00e3o dispon\u00edveis de 3 m3 a 370 m3.<\/p>\n<p><strong>Recursos<\/strong><\/p>\n<ul>\n<li>Facilmente transport\u00e1vel<\/li>\n<li>Nenhuma configura\u00e7\u00e3o de estrutura, nenhuma montagem necess\u00e1ria<\/li>\n<li>Alta resist\u00eancia dur\u00e1vel PVC \/ tecido de borracha<\/li>\n<li>Muito leve, mas robusto<\/li>\n<li>Esses reservat\u00f3rios s\u00e3o mais resistentes e mais vers\u00e1teis do que os tanques de tecido de estrutura de alum\u00ednio.<\/li>\n<li>Acess\u00f3rios opcionais, incluindo forros, pano de ch\u00e3o, coberturas, aberturas, acess\u00f3rios de drenagem, kits de reparo, pe\u00e7as de reposi\u00e7\u00e3o e uma bolsa de transporte para f\u00e1cil transporte<\/li>\n<\/ul>\n<p>[id de wptm=102]<\/p>\n","protected":false},"excerpt":{"rendered":"<p>O tanque autoerguedor da Mavi Deniz foi projetado para o armazenamento tempor\u00e1rio de l\u00edquidos recuperados para opera\u00e7\u00f5es em resposta a [&hellip;]<\/p>\n","protected":false},"author":1,"featured_media":0,"parent":78111,"menu_order":0,"comment_status":"closed","ping_status":"closed","template":"","meta":{"site-sidebar-layout":"default","site-content-layout":"","ast-site-content-layout":"default","site-content-style":"default","site-sidebar-style":"default","ast-global-header-display":"","ast-banner-title-visibility":"","ast-main-header-display":"","ast-hfb-above-header-display":"","ast-hfb-below-header-display":"","ast-hfb-mobile-header-display":"","site-post-title":"","ast-breadcrumbs-content":"","ast-featured-img":"","footer-sml-layout":"","ast-disable-related-posts":"","theme-transparent-header-meta":"","adv-header-id-meta":"","stick-header-meta":"","header-above-stick-meta":"","header-main-stick-meta":"","header-below-stick-meta":"","astra-migrate-meta-layouts":"default","ast-page-background-enabled":"default","ast-page-background-meta":{"desktop":{"background-color":"var(--ast-global-color-5)","background-image":"","background-repeat":"repeat","background-position":"center center","background-size":"auto","background-attachment":"scroll","background-type":"","background-media":"","overlay-type":"","overlay-color":"","overlay-opacity":"","overlay-gradient":""},"tablet":{"background-color":"","background-image":"","background-repeat":"repeat","background-position":"center center","background-size":"auto","background-attachment":"scroll","background-type":"","background-media":"","overlay-type":"","overlay-color":"","overlay-opacity":"","overlay-gradient":""},"mobile":{"background-color":"","background-image":"","background-repeat":"repeat","background-position":"center center","background-size":"auto","background-attachment":"scroll","background-type":"","background-media":"","overlay-type":"","overlay-color":"","overlay-opacity":"","overlay-gradient":""}},"ast-content-background-meta":{"desktop":{"background-color":"var(--ast-global-color-4)","background-image":"","background-repeat":"repeat","background-position":"center center","background-size":"auto","background-attachment":"scroll","background-type":"","background-media":"","overlay-type":"","overlay-color":"","overlay-opacity":"","overlay-gradient":""},"tablet":{"background-color":"var(--ast-global-color-4)","background-image":"","background-repeat":"repeat","background-position":"center center","background-size":"auto","background-attachment":"scroll","background-type":"","background-media":"","overlay-type":"","overlay-color":"","overlay-opacity":"","overlay-gradient":""},"mobile":{"background-color":"var(--ast-global-color-4)","background-image":"","background-repeat":"repeat","background-position":"center center","background-size":"auto","background-attachment":"scroll","background-type":"","background-media":"","overlay-type":"","overlay-color":"","overlay-opacity":"","overlay-gradient":""}},"footnotes":""},"class_list":["post-78120","page","type-page","status-publish","hentry"],"_links":{"self":[{"href":"https:\/\/mavideniz.com.tr\/pt-pt\/wp-json\/wp\/v2\/pages\/78120","targetHints":{"allow":["GET"]}}],"collection":[{"href":"https:\/\/mavideniz.com.tr\/pt-pt\/wp-json\/wp\/v2\/pages"}],"about":[{"href":"https:\/\/mavideniz.com.tr\/pt-pt\/wp-json\/wp\/v2\/types\/page"}],"author":[{"embeddable":true,"href":"https:\/\/mavideniz.com.tr\/pt-pt\/wp-json\/wp\/v2\/users\/1"}],"replies":[{"embeddable":true,"href":"https:\/\/mavideniz.com.tr\/pt-pt\/wp-json\/wp\/v2\/comments?post=78120"}],"version-history":[{"count":0,"href":"https:\/\/mavideniz.com.tr\/pt-pt\/wp-json\/wp\/v2\/pages\/78120\/revisions"}],"up":[{"embeddable":true,"href":"https:\/\/mavideniz.com.tr\/pt-pt\/wp-json\/wp\/v2\/pages\/78111"}],"wp:attachment":[{"href":"https:\/\/mavideniz.com.tr\/pt-pt\/wp-json\/wp\/v2\/media?parent=78120"}],"curies":[{"name":"wp","href":"https:\/\/api.w.org\/{rel}","templated":true}]}}