{"id":78127,"date":"2025-05-03T21:59:42","date_gmt":"2025-05-03T21:59:42","guid":{"rendered":"https:\/\/mavideniz.com.tr\/?page_id=78127"},"modified":"2025-10-05T00:07:18","modified_gmt":"2025-10-05T00:07:18","slug":"sistema-de-vacuo-portatil","status":"publish","type":"page","link":"https:\/\/mavideniz.com.tr\/pt-pt\/produtos-industriais\/tanque-de-vacuo-reboque\/sistema-de-vacuo-portatil\/","title":{"rendered":"Sistema de V\u00e1cuo Port\u00e1til"},"content":{"rendered":"\n<p>O Mavi Deniz Mini Vac Portable Vacuum System remove l\u00edquidos, s\u00f3lidos e lamas da terra ou do mar. O mini sistema de v\u00e1cuo \u00e9 um m\u00e9todo inovador e comprovado de recupera\u00e7\u00e3o de derramamento de \u00f3leo com unidades m\u00f3veis altamente eficientes. O sistema port\u00e1til de v\u00e1cuo \u00e9 projetado para atender \u00e0 necessidade de grandes e pequenos vazamentos de material. O mini sistema de v\u00e1cuo \u00e9 usado para recuperar o \u00f3leo encalhado de praias, valas, estradas e ch\u00e3o, e depois disso, o \u00f3leo \u00e9 sugado para o tanque ou tambor com rodas.<\/p>\n<p><strong>Mini Vac &#8211; Sistema port\u00e1til a v\u00e1cuo<\/strong><\/p>\n<ul>\n<li>Coloca\u00e7\u00e3o entre a cabe\u00e7a de su\u00e7\u00e3o e o caminh\u00e3o<\/li>\n<li>Os materiais \u00famidos ou secos s\u00e3o desviados para um tambor de 208 litros.<\/li>\n<li>Intercepta detritos<\/li>\n<li>Economiza a contamina\u00e7\u00e3o do caminh\u00e3o a v\u00e1cuo<\/li>\n<li>Reduz os custos de descontamina\u00e7\u00e3o<\/li>\n<\/ul>\n<p>O sistema Mini Vac \u00e9 um sistema modular exclusivo para a limpeza de grandes vazamentos de petr\u00f3leo. MiniVac \u00e9 projetado para recuperar todos os tipos de l\u00edquidos, incluindo \u00f3leos altamente viscosos e res\u00edduos s\u00f3lidos, a 5 cm. O sistema de v\u00e1cuo port\u00e1til Mini Vac fornece desempenho de transporte de ar de alta velocidade para a remo\u00e7\u00e3o de l\u00edquidos, ervas daninhas, \u00f3leos espessos, \u00f3leo hidr\u00e1ulico, lamas, solventes de lamas, res\u00edduos perigosos e detritos s\u00f3lidos (rochas, cimento, pintura em p\u00f3, areia, vidro, madeiras e folhas) de locais industriais, dutos, praias, locais de perfura\u00e7\u00e3o, drenos, rodovias, etc. O sistema Mini Vac \u00e9 leve, superando problemas de mobilidade em costas rochosas e outras \u00e1reas inst\u00e1veis onde os escumadeiras de \u00f3leo n\u00e3o funcionariam, absorventes e m\u00e3o de obra seriam dispendiosos de recuperar. Mavi Deniz Mini Vac Portable Vacuum System garante servi\u00e7o de entrega mundial e pe\u00e7as de reposi\u00e7\u00e3o a curto prazo. Centenas de clientes satisfeitos usam unidades Mini Vac em todo o mundo para aspirar uma ampla gama de materiais de res\u00edduos l\u00edquidos e s\u00f3lidos em mais de vinte pa\u00edses.<\/p>\n<p><strong>RECURSOS<\/strong><\/p>\n<ul>\n<li>Sistema de v\u00e1cuo port\u00e1til \u00e9 leve<\/li>\n<li>Sistema de v\u00e1cuo port\u00e1til \u00e9 simples de usar para opera\u00e7\u00e3o em uma pessoa<\/li>\n<li>Sistema de v\u00e1cuo port\u00e1til Converte qualquer tambor aberto de 208 litros no recipiente de armazenamento<\/li>\n<li>O desligamento autom\u00e1tico evita a sobrecarga do tambor<\/li>\n<li>Preenche os tambores<\/li>\n<li>Menos fr\u00e1gil que cabe\u00e7as de v\u00e1cuo com flutuadores que penduram abaixo<\/li>\n<li>A quantidade de v\u00e1cuo desenhado no tambor pode controlar<\/li>\n<li>Sistema de v\u00e1cuo port\u00e1til pode combinar com qualquer fonte de v\u00e1cuo<\/li>\n<\/ul>\n<p><strong>Opcional<\/strong><\/p>\n<ul>\n<li>Cont\u00eainer de Armazenamento<\/li>\n<li>Tremonha a v\u00e1cuo<\/li>\n<li>Lavadora de alta press\u00e3o<\/li>\n<li>Pe\u00e7a de substitui\u00e7\u00e3o<\/li>\n<\/ul>\n<p>[id de wptm=109]<\/p>\n","protected":false},"excerpt":{"rendered":"<p>O Mavi Deniz Mini Vac Portable Vacuum System remove l\u00edquidos, s\u00f3lidos e lamas da terra ou do mar. O mini [&hellip;]<\/p>\n","protected":false},"author":1,"featured_media":0,"parent":78125,"menu_order":0,"comment_status":"closed","ping_status":"closed","template":"","meta":{"site-sidebar-layout":"default","site-content-layout":"","ast-site-content-layout":"default","site-content-style":"default","site-sidebar-style":"default","ast-global-header-display":"","ast-banner-title-visibility":"","ast-main-header-display":"","ast-hfb-above-header-display":"","ast-hfb-below-header-display":"","ast-hfb-mobile-header-display":"","site-post-title":"","ast-breadcrumbs-content":"","ast-featured-img":"","footer-sml-layout":"","ast-disable-related-posts":"","theme-transparent-header-meta":"","adv-header-id-meta":"","stick-header-meta":"","header-above-stick-meta":"","header-main-stick-meta":"","header-below-stick-meta":"","astra-migrate-meta-layouts":"default","ast-page-background-enabled":"default","ast-page-background-meta":{"desktop":{"background-color":"var(--ast-global-color-5)","background-image":"","background-repeat":"repeat","background-position":"center center","background-size":"auto","background-attachment":"scroll","background-type":"","background-media":"","overlay-type":"","overlay-color":"","overlay-opacity":"","overlay-gradient":""},"tablet":{"background-color":"","background-image":"","background-repeat":"repeat","background-position":"center center","background-size":"auto","background-attachment":"scroll","background-type":"","background-media":"","overlay-type":"","overlay-color":"","overlay-opacity":"","overlay-gradient":""},"mobile":{"background-color":"","background-image":"","background-repeat":"repeat","background-position":"center center","background-size":"auto","background-attachment":"scroll","background-type":"","background-media":"","overlay-type":"","overlay-color":"","overlay-opacity":"","overlay-gradient":""}},"ast-content-background-meta":{"desktop":{"background-color":"var(--ast-global-color-4)","background-image":"","background-repeat":"repeat","background-position":"center center","background-size":"auto","background-attachment":"scroll","background-type":"","background-media":"","overlay-type":"","overlay-color":"","overlay-opacity":"","overlay-gradient":""},"tablet":{"background-color":"var(--ast-global-color-4)","background-image":"","background-repeat":"repeat","background-position":"center center","background-size":"auto","background-attachment":"scroll","background-type":"","background-media":"","overlay-type":"","overlay-color":"","overlay-opacity":"","overlay-gradient":""},"mobile":{"background-color":"var(--ast-global-color-4)","background-image":"","background-repeat":"repeat","background-position":"center center","background-size":"auto","background-attachment":"scroll","background-type":"","background-media":"","overlay-type":"","overlay-color":"","overlay-opacity":"","overlay-gradient":""}},"footnotes":""},"class_list":["post-78127","page","type-page","status-publish","hentry"],"_links":{"self":[{"href":"https:\/\/mavideniz.com.tr\/pt-pt\/wp-json\/wp\/v2\/pages\/78127","targetHints":{"allow":["GET"]}}],"collection":[{"href":"https:\/\/mavideniz.com.tr\/pt-pt\/wp-json\/wp\/v2\/pages"}],"about":[{"href":"https:\/\/mavideniz.com.tr\/pt-pt\/wp-json\/wp\/v2\/types\/page"}],"author":[{"embeddable":true,"href":"https:\/\/mavideniz.com.tr\/pt-pt\/wp-json\/wp\/v2\/users\/1"}],"replies":[{"embeddable":true,"href":"https:\/\/mavideniz.com.tr\/pt-pt\/wp-json\/wp\/v2\/comments?post=78127"}],"version-history":[{"count":0,"href":"https:\/\/mavideniz.com.tr\/pt-pt\/wp-json\/wp\/v2\/pages\/78127\/revisions"}],"up":[{"embeddable":true,"href":"https:\/\/mavideniz.com.tr\/pt-pt\/wp-json\/wp\/v2\/pages\/78125"}],"wp:attachment":[{"href":"https:\/\/mavideniz.com.tr\/pt-pt\/wp-json\/wp\/v2\/media?parent=78127"}],"curies":[{"name":"wp","href":"https:\/\/api.w.org\/{rel}","templated":true}]}}