{"id":78128,"date":"2025-05-03T22:00:00","date_gmt":"2025-05-03T22:00:00","guid":{"rendered":"https:\/\/mavideniz.com.tr\/?page_id=78128"},"modified":"2025-10-05T00:07:18","modified_gmt":"2025-10-05T00:07:18","slug":"sistema-de-vacuo-montado-em-reboque","status":"publish","type":"page","link":"https:\/\/mavideniz.com.tr\/pt-pt\/produtos-industriais\/tanque-de-vacuo-reboque\/sistema-de-vacuo-montado-em-reboque\/","title":{"rendered":"Sistema de v\u00e1cuo montado em reboque"},"content":{"rendered":"\n<p>Mavi-Vac, Trailer Mounted Vacuum System, \u00e9 projetado para remover detritos, \u00f3leo viscoso, l\u00edquidos, lama e \u00e1guas residuais de praias, terra ou \u00e1gua. O sistema de v\u00e1cuo montado no reboque pode operar com outras bombas de v\u00e1cuo adequadas. O sistema de v\u00e1cuo montado em reboques pode normalmente se recuperar; \u00f3leos, l\u00edquidos, lodo, \u00e1guas residuais, lama, areia, cascalho, lascas de madeira e p\u00f3s.<\/p>\n<p><strong>Recursos<\/strong><\/p>\n<ul>\n<li>Transporte e elimina\u00e7\u00e3o de \u00f3leos\/l\u00edquidos recuperados<\/li>\n<li>O sistema de v\u00e1cuo montado no reboque \u00e9 adequado para uso em \u00e1reas remotas.<\/li>\n<li>O sistema de v\u00e1cuo montado no reboque \u00e9 ideal para su\u00e7\u00e3o longa e opera\u00e7\u00f5es dif\u00edceis de recupera\u00e7\u00e3o de derramamentos.<\/li>\n<li>O sistema de v\u00e1cuo montado no reboque \u00e9 menos dispendioso do que os caminh\u00f5es a v\u00e1cuo.<\/li>\n<li>Sistema de v\u00e1cuo de reboque projetado para suportar condi\u00e7\u00f5es dif\u00edceis em locais remotos.<\/li>\n<li>O Sistema de V\u00e1cuo caber\u00e1 em cont\u00eaineres de transporte padr\u00e3o.<\/li>\n<li>Sistema de v\u00e1cuo aprovado para reboque em estrada.<\/li>\n<li>Dispositivos de seguran\u00e7a, incluindo trav\u00f5es de sobretens\u00e3o para reboque em estrada ou todo-o-terreno.<\/li>\n<li>Vara de su\u00e7\u00e3o resistente.<\/li>\n<li>Tanque de a\u00e7o de 1\/4&#8243; com capacidade de 1000 gal\u00f5es<\/li>\n<li>Para-lamas s\u00f3lidas, soldados, de comprimento inteiro<\/li>\n<li>Desligamento prim\u00e1rio no tanque<\/li>\n<li>Bomba de v\u00e1cuo equipada com silenciador de escape<\/li>\n<li>Despejo hidr\u00e1ulico<\/li>\n<li>Transmiss\u00e3o a diesel<\/li>\n<li>500 mbar de v\u00e1cuo<\/li>\n<li>Tomadas estabilizadoras para a retaguarda do reboque<\/li>\n<li>Porta traseira com abertura total<\/li>\n<li>Jateado e ep\u00f3xi pintado<\/li>\n<li>v\u00e1lvula de descarga de 150 mm<\/li>\n<li>75mm vara de su\u00e7\u00e3o<\/li>\n<li>Mangueira de 3 ou 4 polegadas x 18m<\/li>\n<\/ul>\n<p><strong>Opcional<\/strong><\/p>\n<ul>\n<li>Portas de abertura traseiras (36&#8243; ou completas)<\/li>\n<li>Reservat\u00f3rio de \u00e1gua (amov\u00edvel)<\/li>\n<li>Lava-cargas de alta press\u00e3o<\/li>\n<li>Escumadeiras a \u00f3leo<\/li>\n<li>Bombas de transfer\u00eancia<\/li>\n<li>Separador cicl\u00f4nico com filtros<\/li>\n<li>tremonha de v\u00e1cuo<\/li>\n<\/ul>\n<p>[id de wptm=110]<\/p>\n","protected":false},"excerpt":{"rendered":"<p>Mavi-Vac, Trailer Mounted Vacuum System, \u00e9 projetado para remover detritos, \u00f3leo viscoso, l\u00edquidos, lama e \u00e1guas residuais de praias, terra [&hellip;]<\/p>\n","protected":false},"author":1,"featured_media":0,"parent":78125,"menu_order":0,"comment_status":"closed","ping_status":"closed","template":"","meta":{"site-sidebar-layout":"default","site-content-layout":"","ast-site-content-layout":"default","site-content-style":"default","site-sidebar-style":"default","ast-global-header-display":"","ast-banner-title-visibility":"","ast-main-header-display":"","ast-hfb-above-header-display":"","ast-hfb-below-header-display":"","ast-hfb-mobile-header-display":"","site-post-title":"","ast-breadcrumbs-content":"","ast-featured-img":"","footer-sml-layout":"","ast-disable-related-posts":"","theme-transparent-header-meta":"","adv-header-id-meta":"","stick-header-meta":"","header-above-stick-meta":"","header-main-stick-meta":"","header-below-stick-meta":"","astra-migrate-meta-layouts":"default","ast-page-background-enabled":"default","ast-page-background-meta":{"desktop":{"background-color":"var(--ast-global-color-5)","background-image":"","background-repeat":"repeat","background-position":"center center","background-size":"auto","background-attachment":"scroll","background-type":"","background-media":"","overlay-type":"","overlay-color":"","overlay-opacity":"","overlay-gradient":""},"tablet":{"background-color":"","background-image":"","background-repeat":"repeat","background-position":"center center","background-size":"auto","background-attachment":"scroll","background-type":"","background-media":"","overlay-type":"","overlay-color":"","overlay-opacity":"","overlay-gradient":""},"mobile":{"background-color":"","background-image":"","background-repeat":"repeat","background-position":"center center","background-size":"auto","background-attachment":"scroll","background-type":"","background-media":"","overlay-type":"","overlay-color":"","overlay-opacity":"","overlay-gradient":""}},"ast-content-background-meta":{"desktop":{"background-color":"var(--ast-global-color-4)","background-image":"","background-repeat":"repeat","background-position":"center center","background-size":"auto","background-attachment":"scroll","background-type":"","background-media":"","overlay-type":"","overlay-color":"","overlay-opacity":"","overlay-gradient":""},"tablet":{"background-color":"var(--ast-global-color-4)","background-image":"","background-repeat":"repeat","background-position":"center center","background-size":"auto","background-attachment":"scroll","background-type":"","background-media":"","overlay-type":"","overlay-color":"","overlay-opacity":"","overlay-gradient":""},"mobile":{"background-color":"var(--ast-global-color-4)","background-image":"","background-repeat":"repeat","background-position":"center center","background-size":"auto","background-attachment":"scroll","background-type":"","background-media":"","overlay-type":"","overlay-color":"","overlay-opacity":"","overlay-gradient":""}},"footnotes":""},"class_list":["post-78128","page","type-page","status-publish","hentry"],"_links":{"self":[{"href":"https:\/\/mavideniz.com.tr\/pt-pt\/wp-json\/wp\/v2\/pages\/78128","targetHints":{"allow":["GET"]}}],"collection":[{"href":"https:\/\/mavideniz.com.tr\/pt-pt\/wp-json\/wp\/v2\/pages"}],"about":[{"href":"https:\/\/mavideniz.com.tr\/pt-pt\/wp-json\/wp\/v2\/types\/page"}],"author":[{"embeddable":true,"href":"https:\/\/mavideniz.com.tr\/pt-pt\/wp-json\/wp\/v2\/users\/1"}],"replies":[{"embeddable":true,"href":"https:\/\/mavideniz.com.tr\/pt-pt\/wp-json\/wp\/v2\/comments?post=78128"}],"version-history":[{"count":0,"href":"https:\/\/mavideniz.com.tr\/pt-pt\/wp-json\/wp\/v2\/pages\/78128\/revisions"}],"up":[{"embeddable":true,"href":"https:\/\/mavideniz.com.tr\/pt-pt\/wp-json\/wp\/v2\/pages\/78125"}],"wp:attachment":[{"href":"https:\/\/mavideniz.com.tr\/pt-pt\/wp-json\/wp\/v2\/media?parent=78128"}],"curies":[{"name":"wp","href":"https:\/\/api.w.org\/{rel}","templated":true}]}}