{"id":78140,"date":"2025-05-04T12:54:47","date_gmt":"2025-05-04T12:54:47","guid":{"rendered":"https:\/\/mavideniz.com.tr\/?page_id=78140"},"modified":"2025-05-04T12:54:48","modified_gmt":"2025-05-04T12:54:48","slug":"torne-se-um-revendedor-ou-distribuidor","status":"publish","type":"page","link":"https:\/\/mavideniz.com.tr\/pt-pt\/referencia-mundial-docx\/torne-se-um-revendedor-ou-distribuidor\/","title":{"rendered":"Torne-se um revendedor ou distribuidor"},"content":{"rendered":"<p>Como um Mavi Deniz DEALER ou DISTRIBUIDOR, voc\u00ea vai colocar o seu nome comercial ao lado de um l\u00edder mundial. A Mavi Deniz tem avan\u00e7ado continuamente o padr\u00e3o em Produtos de Resposta \u00e0 Polui\u00e7\u00e3o, M\u00e1quinas, Equipamentos e Navios Marinhos.<\/p>\n<p>Desde 1993, Mavi Deniz trabalhou com mais de 85 pa\u00edses. Com o apoio dos nossos parceiros e representantes globais.<\/p>\n<p>SE VOC\u00ca EST\u00c1 INTERESSADO EM SE TORNAR UM MAVI DENIZ INTERNATIONAL DEALER \/ DISTRIBUIDOR<\/p>\n<p><strong>Envie as informa\u00e7\u00f5es para: erdinc@mavideniz.com.tr para todas as consultas de revendedores\/distribuidores ou preencha o formul\u00e1rio<\/strong><\/p>\n<p><strong>As informa\u00e7\u00f5es de contato devem incluir:<\/strong><\/p>\n<ul>\n<li>Nome completo<\/li>\n<li>Nome do Neg\u00f3cio<\/li>\n<li>Endere\u00e7o f\u00edsico ou endere\u00e7o para correspond\u00eancia<\/li>\n<li>N\u00famero de telefone<\/li>\n<li>Endere\u00e7o de e-mail<\/li>\n<li>Produtos interessados em vender<\/li>\n<li>O local exato em que voc\u00ea est\u00e1 interessado (incluindo o nome do munic\u00edpio).<\/li>\n<li>Conte-nos sobre sua experi\u00eancia e habilidades empresariais e se voc\u00ea j\u00e1 possui e opera uma empresa existente.<\/li>\n<\/ul>\n<p>Entre em contato conosco para saber mais sobre as opera\u00e7\u00f5es em todo o mundo e discutir a adequa\u00e7\u00e3o de Mavideniz para seus projetos.<\/p>\n<form action=\"https:\/\/mavideniz.com.tr\/pt-pt\/wp-json\/ws-form\/v1\/submit\" class=\"wsf-form wsf-form-canvas\" id=\"ws-form-1\" data-id=\"3\" method=\"POST\" data-instance-id=\"1\" data-wsf-style-id=\"1\"><\/form>\n","protected":false},"excerpt":{"rendered":"<p>Como um Mavi Deniz DEALER ou DISTRIBUIDOR, voc\u00ea vai colocar o seu nome comercial ao lado de um l\u00edder mundial. [&hellip;]<\/p>\n","protected":false},"author":1,"featured_media":0,"parent":78138,"menu_order":0,"comment_status":"closed","ping_status":"closed","template":"","meta":{"site-sidebar-layout":"default","site-content-layout":"","ast-site-content-layout":"default","site-content-style":"default","site-sidebar-style":"default","ast-global-header-display":"","ast-banner-title-visibility":"","ast-main-header-display":"","ast-hfb-above-header-display":"","ast-hfb-below-header-display":"","ast-hfb-mobile-header-display":"","site-post-title":"","ast-breadcrumbs-content":"","ast-featured-img":"","footer-sml-layout":"","ast-disable-related-posts":"","theme-transparent-header-meta":"","adv-header-id-meta":"","stick-header-meta":"","header-above-stick-meta":"","header-main-stick-meta":"","header-below-stick-meta":"","astra-migrate-meta-layouts":"default","ast-page-background-enabled":"default","ast-page-background-meta":{"desktop":{"background-color":"var(--ast-global-color-5)","background-image":"","background-repeat":"repeat","background-position":"center center","background-size":"auto","background-attachment":"scroll","background-type":"","background-media":"","overlay-type":"","overlay-color":"","overlay-opacity":"","overlay-gradient":""},"tablet":{"background-color":"","background-image":"","background-repeat":"repeat","background-position":"center center","background-size":"auto","background-attachment":"scroll","background-type":"","background-media":"","overlay-type":"","overlay-color":"","overlay-opacity":"","overlay-gradient":""},"mobile":{"background-color":"","background-image":"","background-repeat":"repeat","background-position":"center center","background-size":"auto","background-attachment":"scroll","background-type":"","background-media":"","overlay-type":"","overlay-color":"","overlay-opacity":"","overlay-gradient":""}},"ast-content-background-meta":{"desktop":{"background-color":"var(--ast-global-color-4)","background-image":"","background-repeat":"repeat","background-position":"center center","background-size":"auto","background-attachment":"scroll","background-type":"","background-media":"","overlay-type":"","overlay-color":"","overlay-opacity":"","overlay-gradient":""},"tablet":{"background-color":"var(--ast-global-color-4)","background-image":"","background-repeat":"repeat","background-position":"center center","background-size":"auto","background-attachment":"scroll","background-type":"","background-media":"","overlay-type":"","overlay-color":"","overlay-opacity":"","overlay-gradient":""},"mobile":{"background-color":"var(--ast-global-color-4)","background-image":"","background-repeat":"repeat","background-position":"center center","background-size":"auto","background-attachment":"scroll","background-type":"","background-media":"","overlay-type":"","overlay-color":"","overlay-opacity":"","overlay-gradient":""}},"footnotes":""},"class_list":["post-78140","page","type-page","status-publish","hentry"],"_links":{"self":[{"href":"https:\/\/mavideniz.com.tr\/pt-pt\/wp-json\/wp\/v2\/pages\/78140","targetHints":{"allow":["GET"]}}],"collection":[{"href":"https:\/\/mavideniz.com.tr\/pt-pt\/wp-json\/wp\/v2\/pages"}],"about":[{"href":"https:\/\/mavideniz.com.tr\/pt-pt\/wp-json\/wp\/v2\/types\/page"}],"author":[{"embeddable":true,"href":"https:\/\/mavideniz.com.tr\/pt-pt\/wp-json\/wp\/v2\/users\/1"}],"replies":[{"embeddable":true,"href":"https:\/\/mavideniz.com.tr\/pt-pt\/wp-json\/wp\/v2\/comments?post=78140"}],"version-history":[{"count":0,"href":"https:\/\/mavideniz.com.tr\/pt-pt\/wp-json\/wp\/v2\/pages\/78140\/revisions"}],"up":[{"embeddable":true,"href":"https:\/\/mavideniz.com.tr\/pt-pt\/wp-json\/wp\/v2\/pages\/78138"}],"wp:attachment":[{"href":"https:\/\/mavideniz.com.tr\/pt-pt\/wp-json\/wp\/v2\/media?parent=78140"}],"curies":[{"name":"wp","href":"https:\/\/api.w.org\/{rel}","templated":true}]}}